{"id":40929,"date":"2024-01-22T08:55:46","date_gmt":"2024-01-22T08:55:46","guid":{"rendered":"https:\/\/www.ping.fm\/data-recovery-software\/recover-deleted-photos-iphone\/"},"modified":"2024-04-15T18:41:23","modified_gmt":"2024-04-15T18:41:23","slug":"recover-deleted-photos-iphone","status":"publish","type":"page","link":"https:\/\/datarecovery.ping.fm\/de\/recover-deleted-photos-iphone\/","title":{"rendered":"Wie man endg\u00fcltig gel\u00f6schte Fotos von einem iPhone wiederherstellt"},"content":{"rendered":"<section>\n<h1>So stellen Sie dauerhaft gel\u00f6schte Fotos von einem iPhone wieder her<\/h1>\n<div class=\"inbrief\">\n<div>              <img decoding=\"async\" class=\"lazyload\"  srcset=\"data:image\/png;base64,iVBORw0KGgoAAAANSUhEUgAABLAAAAKkAQMAAAAqeFQ7AAAAA3NCSVQICAjb4U\/gAAAABlBMVEX\/\/\/\/\/\/\/9VfPVsAAAAAnRSTlMA\/1uRIrUAAAAJcEhZcwAACxIAAAsSAdLdfvwAAAAcdEVYdFNvZnR3YXJlAEFkb2JlIEZpcmV3b3JrcyBDUzbovLKMAAAAFnRFWHRDcmVhdGlvbiBUaW1lADAxLzI5LzE536V52wAAAHpJREFUeJztwQENAAAAwqD3T20ON6AAAAAAAAAAAAAAAAAAAAAAAAAAAAAAAAAAAAAAAAAAAAAAAAAAAAAAAAAAAAAAAAAAAAAAAAAAAAAAAAAAAAAAAAAAAAAAAAAAAAAAAAAAAAAAAAAAAAAAAAAAAAAAAAAAAIAHA47LAAHp9LjEAAAAAElFTkSuQmCC\" src=\"https:\/\/www.ping.fm\/data-recovery-software\/wp-content\/uploads\/ai\/How-to-Recover-Permanently-Deleted-Photos-from-an-iPhone-German.jpg\" data-srcset=\"https:\/\/www.ping.fm\/data-recovery-software\/wp-content\/uploads\/ai\/How-to-Recover-Permanently-Deleted-Photos-from-an-iPhone-German.jpg\" data-lazy-type=\"image\" data-original=\"https:\/\/www.ping.fm\/data-recovery-software\/wp-content\/uploads\/ai\/How-to-Recover-Permanently-Deleted-Photos-from-an-iPhone-German.jpg\" alt=\"How to Recover Permanently Deleted Photos from an iPhone\" title=\"How to Recover Permanently Deleted Photos from an iPhone\" width=\"1280\" height=\"720\">              <\/p>\n<p>In der digitalen \u00c4ra dienen unsere iPhones als Tresore f\u00fcr unz\u00e4hlige Erinnerungen in Form von Fotos. Was passiert jedoch, wenn diese kostbaren Schnappsch\u00fcsse scheinbar f\u00fcr immer verloren sind? Falls Sie Ihre geliebten Bilder aus Versehen gel\u00f6scht haben, verzweifeln Sie nicht. Es gibt mehrere Methoden, um verlorene Bilder zur\u00fcckzuholen, selbst nachdem sie dauerhaft von Ihrem iPhone gel\u00f6scht wurden. In dieser Anleitung werde ich Sie durch meine pers\u00f6nliche Reise f\u00fchren, um dauerhaft gel\u00f6schte Fotos wiederherzustellen, und die Strategien teilen, die mir zum Erfolg verholfen haben. Um Ihnen weiter zu helfen, empfehle ich die Lekt\u00fcre dar\u00fcber, wie ein \u00e4hnliches Problem angegangen wird, wenn <a href=\"https:\/\/applesn.info\/2023\/11\/03\/how-to-fix-photos-disappeared-from-an-iphone-camera-roll\/\" rel=\"dofollow external noopener noreferrer\" target=\"_blank\" data-wpel-link=\"external\">Fotos aus dem iPhone-Kameraroll verschwinden<\/a>, was einige L\u00f6sungen beschreibt, die Sie versuchen k\u00f6nnen, wenn Ihre Bilder aus dem Kameraroll verschwinden.<\/p>\n<\/div>\n<\/div>\n<\/section>\n<section>\n<div>\n<div>1<\/div>\n<h2>H\u00e4ufige Szenarien:<\/h2>\n<\/div>\n<h3>Zuf\u00e4lliges L\u00f6schen &#128465;<\/h3>\n<ul>\n<li>W\u00e4hrend ich versuchte, Platz auf meinem iPhone zu schaffen, w\u00e4hlte ich versehentlich einige wichtige Fotos aus dem Album &#8222;Zuletzt gel\u00f6scht&#8220; aus und l\u00f6schte sie, was die L\u00f6schung dauerhaft machte.<\/li>\n<li>Bei einem routinem\u00e4\u00dfigen Aufr\u00e4umen best\u00e4tigte ich versehentlich das L\u00f6schen eines ganzen Albums, das Bilder enthielt, die ich behalten wollte.<\/li>\n<li>Mein Kind erhielt Zugriff auf mein iPhone und l\u00f6schte versehentlich einige Familienfotos, die nirgendwo anders gesichert waren.<\/li>\n<\/ul>\n<h3>Software-Update schiefgelaufen &#128295;<\/h3>\n<ul>\n<li>Ich aktualisierte mein iPhone auf die neueste iOS-Version, nur um festzustellen, dass einige meiner Fotos nach Abschluss des Updates fehlten.<\/li>\n<li>Beim Jailbreaking meines iPhones ging etwas schief, was zum Verlust mehrerer Fotoalben f\u00fchrte.<\/li>\n<\/ul>\n<h3>Technische Pannen &#128736;<\/h3>\n<ul>\n<li>Mein iPhone erlitt einen schweren Absturz und nach dem Neustart bemerkte ich, dass einige meiner Fotos nicht mehr in der Fotobibliothek waren.<\/li>\n<li>Ich hatte Synchronisierungsprobleme zwischen meinem iPhone und iCloud, was zu Inkonsistenzen in meinen Fotoalben f\u00fchrte, einschlie\u00dflich dem Verschwinden bestimmter Bilder.<\/li>\n<li>Hardware-Ausf\u00e4lle, wie ein defekter Speicherchip, f\u00fchrten zur Besch\u00e4digung und dem anschlie\u00dfenden Verlust meiner wertvollen Fotos.<\/li>\n<\/ul>\n<\/section>\n<section class=\"stepByStep\">\n<div>\n<div>2<\/div>\n<h2>Schritt-f\u00fcr-Schritt-Anleitung. Dauerhaft gel\u00f6schte Fotos iPhone wiederherstellen:<\/h2>\n<\/div>\n<h3>Methode 1: Wiederherstellung aus &#8222;Zuletzt gel\u00f6scht&#8220; &#128338;<\/h3>\n<ul>\n<li>\u00d6ffnen Sie die <b>Fotos<\/b>-App auf Ihrem iPhone.<\/li>\n<li>Scrollen Sie nach unten und tippen Sie auf den Tab <b>Alben<\/b>.<\/li>\n<li>Suchen Sie das Album <b>Zuletzt gel\u00f6scht<\/b> und \u00f6ffnen Sie es.<\/li>\n<li>W\u00e4hlen Sie die <b>Fotos<\/b> aus, die Sie wiederherstellen m\u00f6chten, und tippen Sie auf <b>Wiederherstellen<\/b>.<\/li>\n<li>Best\u00e4tigen Sie, dass Sie die ausgew\u00e4hlten Fotos wiederherstellen m\u00f6chten.<\/li>\n<\/ul>\n<p><b>Hinweis:<\/b> Diese Methode ist nur wirksam, wenn die Fotos innerhalb der letzten 30 Tage gel\u00f6scht und nicht aus dem Album &#8222;Zuletzt gel\u00f6scht&#8220; entfernt wurden.<\/p>\n<p><b>Fazit:<\/b> Die Wiederherstellung von Fotos aus dem Album &#8222;Zuletzt gel\u00f6scht&#8220; ist die erste Ma\u00dfnahme und ist erstaunlich einfach, wenn die Fotos k\u00fcrzlich gel\u00f6scht wurden.<\/p>\n<h3>Methode 2: Wiederherstellen aus einem iCloud-Backup &#128190;<\/h3>\n<ul>\n<li>Stellen Sie vor dem Fortfahren sicher, dass Sie ein <b>iCloud-Backup<\/b> haben, das vor dem L\u00f6schen der Fotos erstellt wurde.<\/li>\n<li>Besuchen Sie <a href=\"https:\/\/www.icloud.com\/\" rel=\"nofollow external noopener noreferrer\" target=\"_blank\" data-wpel-link=\"external\">iCloud.com<\/a> auf einem Computer und melden Sie sich mit Ihren Apple-ID-Anmeldeinformationen an.<\/li>\n<li>Navigieren Sie zu <b>Fotos<\/b> und \u00fcberpr\u00fcfen Sie, ob Ihre gel\u00f6schten Fotos online verf\u00fcgbar sind.<\/li>\n<li>Wenn Ihre Fotos nicht auf iCloud.com sind, m\u00fcssen Sie m\u00f6glicherweise eine vollst\u00e4ndige Wiederherstellung durchf\u00fchren. Gehen Sie auf Ihrem iPhone zu <b>Einstellungen<\/b> > Allgemein > Zur\u00fccksetzen > <b>Inhalt &#038; Einstellungen l\u00f6schen<\/b>.<\/li>\n<li>Nachdem Ihr iPhone neu startet, folgen Sie den Bildschirmanweisungen, um <b>aus iCloud-Backup wiederherstellen<\/b> w\u00e4hrend des Einrichtungsprozesses. W\u00e4hlen Sie ein Backup, das die verlorenen Fotos enth\u00e4lt.<\/li>\n<\/ul>\n<p><b>Hinweis:<\/b> Die Wiederherstellung aus einem iCloud-Backup ersetzt alle aktuellen Daten auf Ihrem iPhone durch die Daten aus dem Backup, seien Sie also vorsichtig.<\/p>\n<p><b>Fazit:<\/b> Wenn die Fotos, die Sie wiederherstellen m\u00f6chten, in einem zuvor erstellten iCloud-Backup enthalten sind, kann diese Methode sehr effektiv sein, allerdings mit dem Risiko der Datenersetzung.<\/p>\n<h3>Methode 3: Wiederherstellung aus einem iTunes\/Finder-Backup &#128421;<\/h3>\n<ul>\n<li>Schlie\u00dfen Sie Ihr iPhone an einen Computer an, auf dem Sie zuvor ein Backup mit <b>iTunes<\/b> (unter macOS Mojave oder fr\u00fcher\/Windows) oder <b>Finder<\/b> (unter macOS Catalina oder sp\u00e4ter) durchgef\u00fchrt haben.<\/li>\n<li>\u00d6ffnen Sie iTunes oder Finder, je nach Ihrem Betriebssystem.<\/li>\n<li>W\u00e4hlen Sie Ihr Ger\u00e4t aus, wenn es in der Software erscheint.<\/li>\n<li>W\u00e4hlen Sie <b>Backup wiederherstellen<\/b> und w\u00e4hlen Sie das relevanteste Backup aus, das Ihre verlorenen Fotos enth\u00e4lt.<\/li>\n<li>Klicken Sie auf <b>Wiederherstellen<\/b> und warten Sie, bis der Vorgang abgeschlossen ist.<\/li>\n<\/ul>\n<p><b>Hinweis:<\/b> \u00c4hnlich wie bei der iCloud-Wiederherstellungsmethode werden die Daten auf Ihrem iPhone durch den Inhalt des ausgew\u00e4hlten Backups ersetzt.<\/p>\n<p><b>Fazit:<\/b> Wenn Sie regelm\u00e4\u00dfig mit iTunes oder Finder sichern, kann diese Methode ein Lebensretter sein und Ihr iPhone vollst\u00e4ndig wiederherstellen, einschlie\u00dflich Ihrer versehentlich gel\u00f6schten Fotos.<\/p>\n<h3>Methode 4: Verwendung von Software zur Datenwiederherstellung von Drittanbietern &#128736;<\/h3>\n<ul>\n<li>Laden Sie eine seri\u00f6se <b>Datenwiederherstellungssoftware<\/b> eines Drittanbieters auf Ihren Computer herunter und installieren Sie diese.<\/li>\n<li>Schlie\u00dfen Sie Ihr iPhone an den Computer an und starten Sie die Wiederherstellungssoftware.<\/li>\n<li>Befolgen Sie die Anweisungen auf dem Bildschirm, um Ihr iPhone nach wiederherstellbaren Fotos zu durchsuchen.<\/li>\n<li>Vorschau der gefundenen Fotos, Auswahl der Fotos, die Sie wiederherstellen m\u00f6chten, und Fortsetzung des Wiederherstellungsprozesses.<\/li>\n<li>Speichern Sie die wiederhergestellten Fotos auf Ihrem Computer.<\/li>\n<\/ul>\n<p><b>Hinweis:<\/b> Nicht alle Software von Drittanbietern kann eine Wiederherstellung garantieren und f\u00fcr volle Funktionalit\u00e4t kann ein Kauf erforderlich sein.<\/p>\n<p><b>Fazit:<\/b> Software zur Datenwiederherstellung von Drittanbietern kann eine leistungsf\u00e4hige Option sein, die Fotos wiederherstellen kann, die andere Methoden nicht k\u00f6nnen, wenn auch oft gegen Kosten.<\/p>\n<h3>Methode 5: \u00dcberpr\u00fcfung anderer Ger\u00e4te, die mit iCloud synchronisiert sind &#128260;<\/h3>\n<ul>\n<li>Wenn Sie andere Ger\u00e4te (wie ein iPad oder Mac) haben, die mit demselben iCloud-Konto synchronisiert sind, \u00f6ffnen Sie die <b>Fotos<\/b>-App auf diesen Ger\u00e4ten.<\/li>\n<li>Suchen Sie die gel\u00f6schten Fotos im Album <b>Zuletzt gel\u00f6scht<\/b> oder in der Hau ptfotobibliothek.<\/li>\n<li>Wenn gefunden, k\u00f6nnen Sie sie \u00fcber <b>AirDrop<\/b>, E-Mail oder \u00fcber iCloud Fotofreigabe zur\u00fcck auf Ihr iPhone \u00fcbertragen.<\/li>\n<\/ul>\n<p><b>Hinweis:<\/b> Diese Methode funktioniert nur, wenn die Fotos nicht von den synchronisierten Ger\u00e4ten oder iCloud selbst gel\u00f6scht wurden.<\/p>\n<p><b>Fazit:<\/b> Andere Ger\u00e4te, die mit Ihrem iCloud-Konto synchronisiert sind, k\u00f6nnen unerwartet den Tag retten und bieten eine einfache M\u00f6glichkeit, Ihre verlorenen Erinnerungen wiederherzustellen.<\/p>\n<\/section>\n<section>\n<div>\n<div>3<\/div>\n<h2>Zu sehendes Youtube-Video<\/h2>\n<\/div>\n<div class=\"iframe\"><span class=\"lazyload\" data-original_content=\"PGlmcmFtZSB3aWR0aD0iNDIwIiBoZWlnaHQ9IjMxNSIgc3JjPSIvL3d3dy55b3V0dWJlLmNvbS9lbWJlZC84WF80bHdPMUZjMCIgZnJhbWVib3JkZXI9IjAiIGFsbG93ZnVsbHNjcmVlbj48L2lmcmFtZT4=\"><\/span><\/div>\n<\/section>\n<p>&#13;                          <\/p>\n<section>\n<div>\n<div>4<\/div>\n<h2>Vorsichtsma\u00dfnahmen und Tipps:<\/h2>\n<\/div>\n<h3>Backup-Strategien zur Vermeidung von Datenverlust &#128737;<\/h3>\n<ul>\n<li>Sichern Sie Ihr iPhone regelm\u00e4\u00dfig in iCloud oder auf einem Computer, um sich vor versehentlichem L\u00f6schen zu sch\u00fctzen.<\/li>\n<li>Erw\u00e4gen Sie zus\u00e4tzliche Cloud-Dienste wie Google Fotos oder Dropbox f\u00fcr eine weitere Redundanz.<\/li>\n<li>Aktivieren Sie <b>iCloud-Fotos<\/b>, um Ihre gesamte Fotobibliothek sicher gespeichert und auf all Ihren Ger\u00e4ten aktuell zu halten.<\/li>\n<li>Seien Sie achtsam, wenn Sie Ihr iPhone Kindern oder anderen geben, die versehentlich Inhalte l\u00f6schen k\u00f6nnten.<\/li>\n<\/ul>\n<\/section>\n<p>&#13;                          <\/p>\n<section>\n<div>\n<div>5<\/div>\n<h2>Einblicke in die Datenwiederherstellung<\/h2>\n<\/div>\n<p>Der Verlust von Fotos auf einem iPhone kann ein unglaublich stressiges Ereignis sein, besonders wenn die gel\u00f6schten Fotos sentimentalen Wert haben. Abgesehen von den Methoden, die ich umrissen habe, ist es wichtig, die technische Seite der Datenwiederherstellung zu verstehen. Wenn Sie ein Foto von Ihrem iPhone l\u00f6schen, wird es nicht sofort aus dem Speicher des Ger\u00e4ts entfernt. Stattdessen wird der belegte Speicherplatz als verf\u00fcgbar gekennzeichnet, um von neuen Daten \u00fcberschrieben zu werden. Das bedeutet, dass schnelles Handeln f\u00fcr die Wiederherstellung entscheidend ist, idealerweise bevor neue Fotos aufgenommen oder Apps heruntergeladen werden, die die &#8222;gel\u00f6schten&#8220; Bilder \u00fcberschreiben k\u00f6nnten.<\/p>\n<p>Dar\u00fcber hinaus k\u00f6nnen manchmal legale Software wie das Digital Forensics Framework oder Open-Source-Tools wie Photorec f\u00fcr die Fotowiederherstellung verwendet werden, obwohl diese Techniken in der Regel ein h\u00f6heres Ma\u00df an technischen F\u00e4higkeiten erfordern und ihre eigenen Risiken bergen. Es ist am besten, professionelle Dienste zu nutzen, wenn dieser Weg in Betracht gezogen wird.<\/p>\n<p>Zuletzt, denken Sie daran, dass die Vermeidung von Datenverlust immer einfacher ist als die Wiederherstellung. Gute digitale Hygiene zu praktizieren, Ihre Daten regelm\u00e4\u00dfig zu sichern und auf die physische Sicherheit Ihres Ger\u00e4ts zu achten, sind die besten Strategien, um Ihre Daten sicher zu halten.<\/p>\n<\/section>\n<section>\n<h2>Fazit:<\/h2>\n<div class=\"nonp\">\n<p>Zum Abschluss meines detaillierten Ratgebers zur Wiederherstellung dauerhaft gel\u00f6schter Fotos von einem iPhone ist klar, dass es mehrere M\u00f6glichkeiten gibt. Ob Sie eingebaute Wiederherstellungsoptionen nutzen, auf Backups vertrauen oder auf Drittanbieter-Software zur\u00fcckgreifen, die Chancen stehen gut, Ihre wertvollen Fotos zur\u00fcckzubekommen. Doch Vorsorge ist besser als Nachsorge. Regelm\u00e4\u00dfige Backups und sorgsamer Umgang mit Ihrem iPhone k\u00f6nnen helfen, das Szenario eines Fotoverlusts zu vermeiden. Denken Sie daran, dass schnelles und informiertes Handeln im Falle einer unerwarteten L\u00f6schung den Unterschied zwischen Kummer und Erleichterung bedeuten kann.<\/p>\n<\/div>\n<\/section>\n","protected":false},"excerpt":{"rendered":"<p>So stellen Sie dauerhaft gel\u00f6schte Fotos von einem iPhone wieder her In der digitalen \u00c4ra dienen unsere iPhones als Tresore f\u00fcr unz\u00e4hlige Erinnerungen in Form von Fotos. Was passiert jedoch, wenn diese kostbaren Schnappsch\u00fcsse scheinbar f\u00fcr immer verloren sind? Falls Sie Ihre geliebten Bilder aus Versehen gel\u00f6scht haben, verzweifeln Sie nicht. Es gibt mehrere Methoden, [&hellip;]<\/p>\n","protected":false},"author":0,"featured_media":40930,"parent":0,"menu_order":0,"comment_status":"closed","ping_status":"closed","template":"chromecast.php","meta":{"_stopmodifiedupdate":false,"_modified_date":"","_lmt_disableupdate":"","_lmt_disable":""},"acf":[],"yoast_head":"<!-- This site is optimized with the Yoast SEO plugin v20.9 - https:\/\/yoast.com\/wordpress\/plugins\/seo\/ -->\n<title>Wie man endg\u00fcltig gel\u00f6schte Fotos von einem iPhone wiederherstellt | 2024<\/title>\n<meta name=\"robots\" content=\"index, follow, max-snippet:-1, max-image-preview:large, max-video-preview:-1\" \/>\n<link rel=\"canonical\" href=\"https:\/\/datarecovery.ping.fm\/de\/recover-deleted-photos-iphone\/\" \/>\n<meta property=\"og:locale\" content=\"de_DE\" \/>\n<meta property=\"og:type\" content=\"article\" \/>\n<meta property=\"og:title\" content=\"Wie man endg\u00fcltig gel\u00f6schte Fotos von einem iPhone wiederherstellt | 2024\" \/>\n<meta property=\"og:description\" content=\"So stellen Sie dauerhaft gel\u00f6schte Fotos von einem iPhone wieder her In der digitalen \u00c4ra dienen unsere iPhones als Tresore f\u00fcr unz\u00e4hlige Erinnerungen in Form von Fotos. Was passiert jedoch, wenn diese kostbaren Schnappsch\u00fcsse scheinbar f\u00fcr immer verloren sind? Falls Sie Ihre geliebten Bilder aus Versehen gel\u00f6scht haben, verzweifeln Sie nicht. Es gibt mehrere Methoden, [&hellip;]\" \/>\n<meta property=\"og:url\" content=\"https:\/\/datarecovery.ping.fm\/de\/recover-deleted-photos-iphone\/\" \/>\n<meta property=\"og:site_name\" content=\"Datenwiederherstellungssoftware\" \/>\n<meta property=\"article:modified_time\" content=\"2024-04-15T18:41:23+00:00\" \/>\n<meta property=\"og:image\" content=\"https:\/\/datarecovery.ping.fm\/wp-content\/uploads\/2024\/04\/How-to-Recover-Permanently-Deleted-Photos-from-an-iPhone-German.jpg\" \/>\n\t<meta property=\"og:image:width\" content=\"1280\" \/>\n\t<meta property=\"og:image:height\" content=\"731\" \/>\n\t<meta property=\"og:image:type\" content=\"image\/jpeg\" \/>\n<meta name=\"twitter:card\" content=\"summary_large_image\" \/>\n<meta name=\"twitter:label1\" content=\"Est. reading time\" \/>\n\t<meta name=\"twitter:data1\" content=\"7 Minuten\" \/>\n<script type=\"application\/ld+json\" class=\"yoast-schema-graph\">{\"@context\":\"https:\/\/schema.org\",\"@graph\":[{\"@type\":\"WebPage\",\"@id\":\"https:\/\/datarecovery.ping.fm\/de\/recover-deleted-photos-iphone\/\",\"url\":\"https:\/\/datarecovery.ping.fm\/de\/recover-deleted-photos-iphone\/\",\"name\":\"Wie man endg\u00fcltig gel\u00f6schte Fotos von einem iPhone wiederherstellt | 2024\",\"isPartOf\":{\"@id\":\"https:\/\/datarecovery.ping.fm\/de\/#website\"},\"datePublished\":\"2024-01-22T08:55:46+00:00\",\"dateModified\":\"2024-04-15T18:41:23+00:00\",\"breadcrumb\":{\"@id\":\"https:\/\/datarecovery.ping.fm\/de\/recover-deleted-photos-iphone\/#breadcrumb\"},\"inLanguage\":\"de-DE\",\"potentialAction\":[{\"@type\":\"ReadAction\",\"target\":[\"https:\/\/datarecovery.ping.fm\/de\/recover-deleted-photos-iphone\/\"]}]},{\"@type\":\"BreadcrumbList\",\"@id\":\"https:\/\/datarecovery.ping.fm\/de\/recover-deleted-photos-iphone\/#breadcrumb\",\"itemListElement\":[{\"@type\":\"ListItem\",\"position\":1,\"name\":\"Home\",\"item\":\"https:\/\/datarecovery.ping.fm\/de\/\"},{\"@type\":\"ListItem\",\"position\":2,\"name\":\"Wie man endg\u00fcltig gel\u00f6schte Fotos von einem iPhone wiederherstellt\"}]},{\"@type\":\"WebSite\",\"@id\":\"https:\/\/datarecovery.ping.fm\/de\/#website\",\"url\":\"https:\/\/datarecovery.ping.fm\/de\/\",\"name\":\"Datenwiederherstellungssoftware\",\"description\":\"\",\"potentialAction\":[{\"@type\":\"SearchAction\",\"target\":{\"@type\":\"EntryPoint\",\"urlTemplate\":\"https:\/\/datarecovery.ping.fm\/de\/?s={search_term_string}\"},\"query-input\":\"required name=search_term_string\"}],\"inLanguage\":\"de-DE\"}]}<\/script>\n<!-- \/ Yoast SEO plugin. -->","yoast_head_json":{"title":"Wie man endg\u00fcltig gel\u00f6schte Fotos von einem iPhone wiederherstellt | 2024","robots":{"index":"index","follow":"follow","max-snippet":"max-snippet:-1","max-image-preview":"max-image-preview:large","max-video-preview":"max-video-preview:-1"},"canonical":"https:\/\/datarecovery.ping.fm\/de\/recover-deleted-photos-iphone\/","og_locale":"de_DE","og_type":"article","og_title":"Wie man endg\u00fcltig gel\u00f6schte Fotos von einem iPhone wiederherstellt | 2024","og_description":"So stellen Sie dauerhaft gel\u00f6schte Fotos von einem iPhone wieder her In der digitalen \u00c4ra dienen unsere iPhones als Tresore f\u00fcr unz\u00e4hlige Erinnerungen in Form von Fotos. Was passiert jedoch, wenn diese kostbaren Schnappsch\u00fcsse scheinbar f\u00fcr immer verloren sind? Falls Sie Ihre geliebten Bilder aus Versehen gel\u00f6scht haben, verzweifeln Sie nicht. Es gibt mehrere Methoden, [&hellip;]","og_url":"https:\/\/datarecovery.ping.fm\/de\/recover-deleted-photos-iphone\/","og_site_name":"Datenwiederherstellungssoftware","article_modified_time":"2024-04-15T18:41:23+00:00","og_image":[{"width":1280,"height":731,"url":"https:\/\/datarecovery.ping.fm\/wp-content\/uploads\/2024\/04\/How-to-Recover-Permanently-Deleted-Photos-from-an-iPhone-German.jpg","type":"image\/jpeg"}],"twitter_card":"summary_large_image","twitter_misc":{"Est. reading time":"7 Minuten"},"schema":{"@context":"https:\/\/schema.org","@graph":[{"@type":"WebPage","@id":"https:\/\/datarecovery.ping.fm\/de\/recover-deleted-photos-iphone\/","url":"https:\/\/datarecovery.ping.fm\/de\/recover-deleted-photos-iphone\/","name":"Wie man endg\u00fcltig gel\u00f6schte Fotos von einem iPhone wiederherstellt | 2024","isPartOf":{"@id":"https:\/\/datarecovery.ping.fm\/de\/#website"},"datePublished":"2024-01-22T08:55:46+00:00","dateModified":"2024-04-15T18:41:23+00:00","breadcrumb":{"@id":"https:\/\/datarecovery.ping.fm\/de\/recover-deleted-photos-iphone\/#breadcrumb"},"inLanguage":"de-DE","potentialAction":[{"@type":"ReadAction","target":["https:\/\/datarecovery.ping.fm\/de\/recover-deleted-photos-iphone\/"]}]},{"@type":"BreadcrumbList","@id":"https:\/\/datarecovery.ping.fm\/de\/recover-deleted-photos-iphone\/#breadcrumb","itemListElement":[{"@type":"ListItem","position":1,"name":"Home","item":"https:\/\/datarecovery.ping.fm\/de\/"},{"@type":"ListItem","position":2,"name":"Wie man endg\u00fcltig gel\u00f6schte Fotos von einem iPhone wiederherstellt"}]},{"@type":"WebSite","@id":"https:\/\/datarecovery.ping.fm\/de\/#website","url":"https:\/\/datarecovery.ping.fm\/de\/","name":"Datenwiederherstellungssoftware","description":"","potentialAction":[{"@type":"SearchAction","target":{"@type":"EntryPoint","urlTemplate":"https:\/\/datarecovery.ping.fm\/de\/?s={search_term_string}"},"query-input":"required name=search_term_string"}],"inLanguage":"de-DE"}]}},"_links":{"self":[{"href":"https:\/\/datarecovery.ping.fm\/de\/wp-json\/wp\/v2\/pages\/40929"}],"collection":[{"href":"https:\/\/datarecovery.ping.fm\/de\/wp-json\/wp\/v2\/pages"}],"about":[{"href":"https:\/\/datarecovery.ping.fm\/de\/wp-json\/wp\/v2\/types\/page"}],"replies":[{"embeddable":true,"href":"https:\/\/datarecovery.ping.fm\/de\/wp-json\/wp\/v2\/comments?post=40929"}],"version-history":[{"count":0,"href":"https:\/\/datarecovery.ping.fm\/de\/wp-json\/wp\/v2\/pages\/40929\/revisions"}],"wp:featuredmedia":[{"embeddable":true,"href":"https:\/\/datarecovery.ping.fm\/de\/wp-json\/wp\/v2\/media\/40930"}],"wp:attachment":[{"href":"https:\/\/datarecovery.ping.fm\/de\/wp-json\/wp\/v2\/media?parent=40929"}],"curies":[{"name":"wp","href":"https:\/\/api.w.org\/{rel}","templated":true}]}}