{"id":37334,"date":"2024-01-22T21:44:04","date_gmt":"2024-01-22T21:44:04","guid":{"rendered":"https:\/\/www.ping.fm\/data-recovery-software\/best-iphone-cleaners\/"},"modified":"2024-03-27T22:24:54","modified_gmt":"2024-03-27T22:24:54","slug":"best-iphone-cleaners","status":"publish","type":"page","link":"https:\/\/datarecovery.ping.fm\/de\/best-iphone-cleaners\/","title":{"rendered":"Beste Reinigungs-Apps f\u00fcr iPhone"},"content":{"rendered":"<section>\n<h1>Beste iPhone-Reinigungs-Apps<\/h1>\n<div class=\"inbrief\">\n<div>                     <img src=\"https:\/\/www.ping.fm\/data-recovery-software\/wp-content\/uploads\/ai\/FREE-iPhone-Cleaner-Apps-German.jpg\" alt=\"KOSTENLOSE iPhone-Reinigungs-Apps\" title=\"KOSTENLOSE iPhone-Reinigungs-Apps\" width=\"1280\" height=\"720\">                     <\/p>\n<p>Als engagierter iPhone-Nutzer ist es f\u00fcr mich von gr\u00f6\u00dfter Bedeutung, dass mein Ger\u00e4t \u00fcber ausreichend Speicherplatz verf\u00fcgt und effizient l\u00e4uft. Um dies zu gew\u00e4hrleisten, habe ich verschiedene <b>kostenlose iPhone-Reinigungs-Apps<\/b> getestet, die den Anspruch haben, mein Ger\u00e4t von unn\u00f6tigem Ballast zu befreien und die Leistung zu verbessern. Dazu geh\u00f6rten Apps wie <a href='https:\/\/apps.apple.com\/us\/app\/cleaner-kit-clean-up-storage\/id1194582243' rel=\"nofollow noopener\" target='_blank'>Cleaner Kit<\/a>, <a href='https:\/\/apps.apple.com\/us\/app\/cleaner-guru-cleaning-app\/id1476380919' rel=\"nofollow noopener\" target='_blank'>Cleaner Guru<\/a>, <a href='https:\/\/apps.apple.com\/us\/app\/cleanup-phone-storage-cleaner\/id1510944943' rel=\"nofollow noopener\" target='_blank'>Cleanup: Phone Storage Cleaner<\/a> und <a href='https:\/\/apps.apple.com\/ie\/app\/cleanmy-phone-careful-cleaner\/id1277110040' rel=\"nofollow noopener\" target='_blank'>CleanMy<\/a>. Begleiten Sie mich, wenn ich pers\u00f6nliche Einblicke in die Leistung, Vor- und Nachteile jeder App teile und dabei auf Werbesprache verzichte.<\/p>\n<\/div>\n<\/div>\n<\/section>\n<section>\n<div class=\"medal\">\n<div>&#129351;<\/div>\n<\/div>\n<h2><a href='https:\/\/apps.apple.com\/us\/app\/cleaner-kit-clean-up-storage\/id1194582243' rel=\"nofollow noopener\" target='_blank'>Cleaner Kit: Speicher bereinigen<\/a><\/h2>\n<p><img src=\"https:\/\/www.ping.fm\/data-recovery-software\/wp-content\/uploads\/ai\/https---apps-apple-com-us-app-cleaner-kit-clean-up-storage-id1194582243German.jpg\"><\/p>\n<p>Die App <b>Cleaner Kit<\/b> verspricht eine umfassende Reinigung des iPhone-Speichers. Mit ihrer benutzerfreundlichen Oberfl\u00e4che will sie den Prozess des L\u00f6schens von \u00fcberfl\u00fcssigen Dateien und dem Leeren von Caches vereinfachen.<\/p>\n<p><a href='https:\/\/apps.apple.com\/us\/app\/cleaner-kit-clean-up-storage\/id1194582243' rel=\"nofollow noopener\" target='_blank' class='ofWSite'>Offizielle Webseite<\/a><\/p>\n<h3 class='prosTitle'>Vorteile<\/h3>\n<ul class='listpc pros'>\n<li>Intuitive Benutzeroberfl\u00e4che<\/li>\n<li>Effiziente Entfernung von Junk-Dateien<\/li>\n<\/ul>\n<h3 class='consTitle'>Nachteile<\/h3>\n<ul class='listpc cons'>\n<li>Eingeschr\u00e4nkte Funktionalit\u00e4t in der kostenlosen Version<\/li>\n<li>Potential zum L\u00f6schen wichtiger Daten, wenn man nicht vorsichtig ist<\/li>\n<\/ul>\n<\/section>\n<section>\n<div class=\"medal\">\n<div>&#129352;<\/div>\n<\/div>\n<h2><a href='https:\/\/apps.apple.com\/us\/app\/cleaner-guru-cleaning-app\/id1476380919' rel=\"nofollow noopener\" target='_blank'>Cleaner Guru: Reinigungs-App<\/a><\/h2>\n<p><img src=\"https:\/\/www.ping.fm\/data-recovery-software\/wp-content\/uploads\/ai\/https---apps-apple-com-us-app-cleaner-guru-cleaning-app-id1476380919German.jpg\"><\/p>\n<p><b>Cleaner Guru<\/b> pr\u00e4sentiert sich als intelligente L\u00f6sung, um Ihr iPhone aufzur\u00e4umen. Es bietet eine Mischung aus Reinigungsfunktionen, wie das Identifizieren von doppelten Fotos und das Sortieren gro\u00dfer Dateien.<\/p>\n<p><a href='https:\/\/apps.apple.com\/us\/app\/cleaner-guru-cleaning-app\/id1476380919' rel=\"nofollow noopener\" target='_blank' class='ofWSite'>Offizielle Webseite<\/a><\/p>\n<h3 class='prosTitle'>Vorteile<\/h3>\n<ul class='listpc pros'>\n<li>Erkennung von Duplikaten und gro\u00dfen Dateien<\/li>\n<li>Einfache Kategorisierung von Dateien<\/li>\n<\/ul>\n<h3 class='consTitle'>Nachteile<\/h3>\n<ul class='listpc cons'>\n<li>Kann gelegentlich Nicht-Duplikate als Duplikate erkennen<\/li>\n<li>Anzeigen in der kostenlosen Version k\u00f6nnen st\u00f6rend sein<\/li>\n<\/ul>\n<\/section>\n<section>\n<div class=\"medal\">\n<div>&#129353;<\/div>\n<\/div>\n<h2><a href='https:\/\/apps.apple.com\/us\/app\/cleanup-phone-storage-cleaner\/id1510944943' rel=\"nofollow noopener\" target='_blank'>Cleanup: Phone Storage Cleaner<\/a><\/h2>\n<p><img src=\"https:\/\/www.ping.fm\/data-recovery-software\/wp-content\/uploads\/ai\/https---apps-apple-com-us-app-cleanup-phone-storage-cleaner-id1510944943German.jpg\"><\/p>\n<p>Mit einem Fokus auf Einfachheit und Effektivit\u00e4t dient <b>Cleanup: Phone Storage Cleaner<\/b> als Werkzeug, um unn\u00f6tige Daten einschlie\u00dflich tempor\u00e4rer Dateien schnell zu beseitigen und organisiert Ihre Fotobibliothek, indem es doppelte Bilder entfernt.<\/p>\n<p><a href='https:\/\/apps.apple.com\/us\/app\/cleanup-phone-storage-cleaner\/id1510944943' rel=\"nofollow noopener\" target='_blank' class='ofWSite'>Offizielle Website<\/a><\/p>\n<h3 class='prosTitle'>Vorteile<\/h3>\n<ul class='listpc pros'>\n<li>Strukturierte Fotobereinigung<\/li>\n<li>Benutzerzentrierte Schnittstelle<\/li>\n<\/ul>\n<h3 class='consTitle'>Nachteile<\/h3>\n<ul class='listpc cons'>\n<li>Grundlegende Funktionen in der kostenlosen Version<\/li>\n<li>Automatische Reinigung k\u00f6nnte gew\u00fcnschte Dateien entfernen<\/li>\n<\/ul>\n<\/section>\n<section>\n<div class=\"no-medal\">\n<div>4<\/div>\n<\/div>\n<h2><a href='https:\/\/apps.apple.com\/ie\/app\/cleanmy-phone-careful-cleaner\/id1277110040' rel=\"nofollow noopener\" target='_blank'>CleanMy: Sorgf\u00e4ltiger Reiniger<\/a><\/h2>\n<p><img src=\"https:\/\/www.ping.fm\/data-recovery-software\/wp-content\/uploads\/ai\/https---apps-apple-com-ie-app-cleanmy-phone-careful-cleaner-id1277110040German.jpg\"><\/p>\n<p>Die <b>CleanMy<\/b> App ist ein detailorientierter Reiniger, der \u00fcber generische Reinigungsaufgaben hinausgeht. Sie bietet eine sorgf\u00e4ltige Scannung Ihres Ger\u00e4tes, um sicherzustellen, dass nichts Unn\u00f6tiges wertvollen Speicherplatz belegt.<\/p>\n<p><a href='https:\/\/apps.apple.com\/ie\/app\/cleanmy-phone-careful-cleaner\/id1277110040' rel=\"nofollow noopener\" target='_blank' class='ofWSite'>Offizielle Website<\/a><\/p>\n<h3 class='prosTitle'>Vorteile<\/h3>\n<ul class='listpc pros'>\n<li>Detaillierte Scannung und Reinigung<\/li>\n<li>Hilfreicher Kundensupport<\/li>\n<\/ul>\n<h3 class='consTitle'>Nachteile<\/h3>\n<ul class='listpc cons'>\n<li>Schnittstelle k\u00f6nnte f\u00fcr neue Benutzer \u00fcberw\u00e4ltigend sein<\/li>\n<li>Beschr\u00e4nkungen der Testversion k\u00f6nnten eine vollst\u00e4ndige Bewertung behindern<\/li>\n<\/ul>\n<\/section>\n<section>\n<h2>Youtube-Video zum Ansehen<\/h2>\n<div class=\"nonp iframe\"><iframe width=\"420\" height=\"315\" src=\"\/\/www.youtube.com\/embed\/iLmIRZypAIs\" frameborder=\"0\" allowfullscreen><\/iframe><\/div>\n<\/section>\n<section>\n<h2>Fazit:<\/h2>\n<div class=\"nonp\">Die Pflege Ihres iPhones beschr\u00e4nkt sich nicht nur auf das Freir\u00e4umen von Speicherplatz; es geht um einen umfassenden Ansatz im Umgang mit dem Ger\u00e4t. Regelm\u00e4\u00dfige Updates, bewusste App-Installationen und vorsichtiger Datenverbrauch k\u00f6nnen dazu beitragen, Unordnung gar nicht erst entstehen zu lassen. F\u00fcr weitere Informationen zur Wartung des iPhones besuchen Sie die <a href='https:\/\/support.apple.com\/de-de\/HT201232' rel=\"nofollow noopener\" target='_blank'>offizielle Apple-Supportseite<\/a> oder schauen Sie auf Tech-Foren wie <a href='https:\/\/discussions.apple.com\/welcome' rel=\"nofollow noopener\" target='_blank'>Apple Discussions<\/a> vorbei, wo Sie Tipps mit anderen Nutzern austauschen k\u00f6nnen.<\/div>\n<\/section>\n","protected":false},"excerpt":{"rendered":"<p>Beste iPhone-Reinigungs-Apps Als engagierter iPhone-Nutzer ist es f\u00fcr mich von gr\u00f6\u00dfter Bedeutung, dass mein Ger\u00e4t \u00fcber ausreichend Speicherplatz verf\u00fcgt und effizient l\u00e4uft. Um dies zu gew\u00e4hrleisten, habe ich verschiedene kostenlose iPhone-Reinigungs-Apps getestet, die den Anspruch haben, mein Ger\u00e4t von unn\u00f6tigem Ballast zu befreien und die Leistung zu verbessern. Dazu geh\u00f6rten Apps wie Cleaner Kit, Cleaner [&hellip;]<\/p>\n","protected":false},"author":0,"featured_media":0,"parent":0,"menu_order":0,"comment_status":"closed","ping_status":"closed","template":"chromecast.php","meta":{"_stopmodifiedupdate":false,"_modified_date":"","_lmt_disableupdate":"yes","_lmt_disable":""},"acf":[],"yoast_head":"<!-- This site is optimized with the Yoast SEO plugin v20.9 - https:\/\/yoast.com\/wordpress\/plugins\/seo\/ -->\n<title>Kostenlose iPhone-Reinigungsapps im Jahr 2024. Vor- und Nachteile<\/title>\n<meta name=\"robots\" content=\"index, follow, max-snippet:-1, max-image-preview:large, max-video-preview:-1\" \/>\n<link rel=\"canonical\" href=\"https:\/\/datarecovery.ping.fm\/de\/best-iphone-cleaners\/\" \/>\n<meta property=\"og:locale\" content=\"de_DE\" \/>\n<meta property=\"og:type\" content=\"article\" \/>\n<meta property=\"og:title\" content=\"Kostenlose iPhone-Reinigungsapps im Jahr 2024. Vor- und Nachteile\" \/>\n<meta property=\"og:description\" content=\"Beste iPhone-Reinigungs-Apps Als engagierter iPhone-Nutzer ist es f\u00fcr mich von gr\u00f6\u00dfter Bedeutung, dass mein Ger\u00e4t \u00fcber ausreichend Speicherplatz verf\u00fcgt und effizient l\u00e4uft. Um dies zu gew\u00e4hrleisten, habe ich verschiedene kostenlose iPhone-Reinigungs-Apps getestet, die den Anspruch haben, mein Ger\u00e4t von unn\u00f6tigem Ballast zu befreien und die Leistung zu verbessern. Dazu geh\u00f6rten Apps wie Cleaner Kit, Cleaner [&hellip;]\" \/>\n<meta property=\"og:url\" content=\"https:\/\/datarecovery.ping.fm\/de\/best-iphone-cleaners\/\" \/>\n<meta property=\"og:site_name\" content=\"Datenwiederherstellungssoftware\" \/>\n<meta property=\"article:modified_time\" content=\"2024-03-27T22:24:54+00:00\" \/>\n<meta property=\"og:image\" content=\"https:\/\/www.ping.fm\/data-recovery-software\/wp-content\/uploads\/ai\/FREE-iPhone-Cleaner-Apps-German.jpg\" \/>\n<meta name=\"twitter:card\" content=\"summary_large_image\" \/>\n<meta name=\"twitter:label1\" content=\"Est. reading time\" \/>\n\t<meta name=\"twitter:data1\" content=\"2 Minuten\" \/>\n<script type=\"application\/ld+json\" class=\"yoast-schema-graph\">{\"@context\":\"https:\/\/schema.org\",\"@graph\":[{\"@type\":\"WebPage\",\"@id\":\"https:\/\/datarecovery.ping.fm\/de\/best-iphone-cleaners\/\",\"url\":\"https:\/\/datarecovery.ping.fm\/de\/best-iphone-cleaners\/\",\"name\":\"Kostenlose iPhone-Reinigungsapps im Jahr 2024. Vor- und Nachteile\",\"isPartOf\":{\"@id\":\"https:\/\/datarecovery.ping.fm\/de\/#website\"},\"datePublished\":\"2024-01-22T21:44:04+00:00\",\"dateModified\":\"2024-03-27T22:24:54+00:00\",\"breadcrumb\":{\"@id\":\"https:\/\/datarecovery.ping.fm\/de\/best-iphone-cleaners\/#breadcrumb\"},\"inLanguage\":\"de-DE\",\"potentialAction\":[{\"@type\":\"ReadAction\",\"target\":[\"https:\/\/datarecovery.ping.fm\/de\/best-iphone-cleaners\/\"]}]},{\"@type\":\"BreadcrumbList\",\"@id\":\"https:\/\/datarecovery.ping.fm\/de\/best-iphone-cleaners\/#breadcrumb\",\"itemListElement\":[{\"@type\":\"ListItem\",\"position\":1,\"name\":\"Home\",\"item\":\"https:\/\/datarecovery.ping.fm\/de\/\"},{\"@type\":\"ListItem\",\"position\":2,\"name\":\"Beste Reinigungs-Apps f\u00fcr iPhone\"}]},{\"@type\":\"WebSite\",\"@id\":\"https:\/\/datarecovery.ping.fm\/de\/#website\",\"url\":\"https:\/\/datarecovery.ping.fm\/de\/\",\"name\":\"Datenwiederherstellungssoftware\",\"description\":\"\",\"potentialAction\":[{\"@type\":\"SearchAction\",\"target\":{\"@type\":\"EntryPoint\",\"urlTemplate\":\"https:\/\/datarecovery.ping.fm\/de\/?s={search_term_string}\"},\"query-input\":\"required name=search_term_string\"}],\"inLanguage\":\"de-DE\"}]}<\/script>\n<!-- \/ Yoast SEO plugin. -->","yoast_head_json":{"title":"Kostenlose iPhone-Reinigungsapps im Jahr 2024. Vor- und Nachteile","robots":{"index":"index","follow":"follow","max-snippet":"max-snippet:-1","max-image-preview":"max-image-preview:large","max-video-preview":"max-video-preview:-1"},"canonical":"https:\/\/datarecovery.ping.fm\/de\/best-iphone-cleaners\/","og_locale":"de_DE","og_type":"article","og_title":"Kostenlose iPhone-Reinigungsapps im Jahr 2024. Vor- und Nachteile","og_description":"Beste iPhone-Reinigungs-Apps Als engagierter iPhone-Nutzer ist es f\u00fcr mich von gr\u00f6\u00dfter Bedeutung, dass mein Ger\u00e4t \u00fcber ausreichend Speicherplatz verf\u00fcgt und effizient l\u00e4uft. Um dies zu gew\u00e4hrleisten, habe ich verschiedene kostenlose iPhone-Reinigungs-Apps getestet, die den Anspruch haben, mein Ger\u00e4t von unn\u00f6tigem Ballast zu befreien und die Leistung zu verbessern. Dazu geh\u00f6rten Apps wie Cleaner Kit, Cleaner [&hellip;]","og_url":"https:\/\/datarecovery.ping.fm\/de\/best-iphone-cleaners\/","og_site_name":"Datenwiederherstellungssoftware","article_modified_time":"2024-03-27T22:24:54+00:00","og_image":[{"url":"https:\/\/www.ping.fm\/data-recovery-software\/wp-content\/uploads\/ai\/FREE-iPhone-Cleaner-Apps-German.jpg"}],"twitter_card":"summary_large_image","twitter_misc":{"Est. reading time":"2 Minuten"},"schema":{"@context":"https:\/\/schema.org","@graph":[{"@type":"WebPage","@id":"https:\/\/datarecovery.ping.fm\/de\/best-iphone-cleaners\/","url":"https:\/\/datarecovery.ping.fm\/de\/best-iphone-cleaners\/","name":"Kostenlose iPhone-Reinigungsapps im Jahr 2024. Vor- und Nachteile","isPartOf":{"@id":"https:\/\/datarecovery.ping.fm\/de\/#website"},"datePublished":"2024-01-22T21:44:04+00:00","dateModified":"2024-03-27T22:24:54+00:00","breadcrumb":{"@id":"https:\/\/datarecovery.ping.fm\/de\/best-iphone-cleaners\/#breadcrumb"},"inLanguage":"de-DE","potentialAction":[{"@type":"ReadAction","target":["https:\/\/datarecovery.ping.fm\/de\/best-iphone-cleaners\/"]}]},{"@type":"BreadcrumbList","@id":"https:\/\/datarecovery.ping.fm\/de\/best-iphone-cleaners\/#breadcrumb","itemListElement":[{"@type":"ListItem","position":1,"name":"Home","item":"https:\/\/datarecovery.ping.fm\/de\/"},{"@type":"ListItem","position":2,"name":"Beste Reinigungs-Apps f\u00fcr iPhone"}]},{"@type":"WebSite","@id":"https:\/\/datarecovery.ping.fm\/de\/#website","url":"https:\/\/datarecovery.ping.fm\/de\/","name":"Datenwiederherstellungssoftware","description":"","potentialAction":[{"@type":"SearchAction","target":{"@type":"EntryPoint","urlTemplate":"https:\/\/datarecovery.ping.fm\/de\/?s={search_term_string}"},"query-input":"required name=search_term_string"}],"inLanguage":"de-DE"}]}},"_links":{"self":[{"href":"https:\/\/datarecovery.ping.fm\/de\/wp-json\/wp\/v2\/pages\/37334"}],"collection":[{"href":"https:\/\/datarecovery.ping.fm\/de\/wp-json\/wp\/v2\/pages"}],"about":[{"href":"https:\/\/datarecovery.ping.fm\/de\/wp-json\/wp\/v2\/types\/page"}],"replies":[{"embeddable":true,"href":"https:\/\/datarecovery.ping.fm\/de\/wp-json\/wp\/v2\/comments?post=37334"}],"version-history":[{"count":1,"href":"https:\/\/datarecovery.ping.fm\/de\/wp-json\/wp\/v2\/pages\/37334\/revisions"}],"predecessor-version":[{"id":38166,"href":"https:\/\/datarecovery.ping.fm\/de\/wp-json\/wp\/v2\/pages\/37334\/revisions\/38166"}],"wp:attachment":[{"href":"https:\/\/datarecovery.ping.fm\/de\/wp-json\/wp\/v2\/media?parent=37334"}],"curies":[{"name":"wp","href":"https:\/\/api.w.org\/{rel}","templated":true}]}}