{"id":20033,"date":"2024-01-17T22:15:57","date_gmt":"2024-01-17T22:15:57","guid":{"rendered":"https:\/\/www.ping.fm\/data-recovery-software\/d-drive-missing\/"},"modified":"2024-02-19T08:16:40","modified_gmt":"2024-02-19T08:16:40","slug":"d-drive-missing","status":"publish","type":"page","link":"https:\/\/datarecovery.ping.fm\/de\/d-drive-missing\/","title":{"rendered":"Fehlendes Laufwerk D: Was tun, wenn Ihr Laufwerk D verschwunden ist?"},"content":{"rendered":"<section>\n<h1>D-Laufwerk verschwunden: Was tun, wenn Ihr D-Laufwerk verschwunden ist?<\/h1>\n<div class=\"inbrief\">\n<div>             <img src=\"https:\/\/www.ping.fm\/data-recovery-software\/wp-content\/uploads\/ai\/D-Drive-Missing-What-to-Do-if-Your-D-Drive-Disappeared--German.jpg\" alt=\"D-Laufwerk verschwunden: Was tun, wenn Ihr D-Laufwerk verschwunden ist?\" title=\"D-Laufwerk verschwunden: Was tun, wenn Ihr D-Laufwerk verschwunden ist?\" width=\"1280\" height=\"720\">             <\/p>\n<p>Das <b>D-Laufwerk<\/b> ist ein wesentlicher Bestandteil f\u00fcr viele Computerbenutzer, insbesondere f\u00fcr diejenigen, die es zur Speicherung ihrer pers\u00f6nlichen Dateien, Spiele und Anwendungen nutzen. Der pl\u00f6tzliche Schock, dass das D-Laufwerk auf mysteri\u00f6se Weise von Ihrem Computer verschwunden ist, kann sehr beunruhigend sein. Nichtsdestotrotz besteht kein Grund zur Panik. In diesem Artikel werde ich meine pers\u00f6nlichen Erfahrungen teilen, wie ich mit einem <a href='https:\/\/www.handyrecovery.com\/d-drive-suddenly-missing\/' rel=\"dofollow noopener\" target='_blank'>verschwundenen D-Laufwerk<\/a> auf einem Windows-System umgegangen bin und wie ich erfolgreich meine Daten mit <b>Disk Drill<\/b> wiederherstellen konnte.<\/p>\n<\/div>\n<\/div>\n<\/section>\n<section>\n<div>\n<div>1<\/div>\n<h2>H\u00e4ufige Szenarien:<\/h2>\n<\/div>\n<h3>Software-Update-Fehler <\/h3>\n<ul>\n<li><b>Windows-Updates<\/b> k\u00f6nnen manchmal Systemanomalien verursachen, die dazu f\u00fchren, dass das D-Laufwerk nicht angezeigt wird.<\/li>\n<li><b>Laufwerksbuchstaben<\/b> k\u00f6nnten neu zugewiesen worden sein, wodurch das D-Laufwerk im Prozess verschwindet.<\/li>\n<\/ul>\n<h3>Partitionierungsfehler <\/h3>\n<ul>\n<li><b>Besch\u00e4digtes Laufwerk<\/b>: Die Laufwerkpartition wurde besch\u00e4digt, sodass sie f\u00fcr das System unsichtbar ist.<\/li>\n<li><b>Verlorene Partitionen<\/b>: Durch einen Systemabsturz oder unsachgem\u00e4\u00dfes Herunterfahren des Computers k\u00f6nnte eine Partition verloren gegangen sein.<\/li>\n<\/ul>\n<h3>Probleme mit der physischen Verbindung <\/h3>\n<ul>\n<li><b>Kabelprobleme<\/b>: SATA- oder Stromkabel, die mit der Festplatte verbunden sind, k\u00f6nnten locker oder besch\u00e4digt sein.<\/li>\n<li><b>BIOS-Einstellungen<\/b>: Das Laufwerk ist m\u00f6glicherweise in den BIOS-Einstellungen oder System-Setup nicht aktiviert.<\/li>\n<\/ul>\n<\/section>\n<section class=\"stepByStep\">\n<div>\n<div>2<\/div>\n<h2>Schritt-f\u00fcr-Schritt-Anleitung. D-Laufwerk verschwunden:<\/h2>\n<\/div>\n<h3>Methode 1: \u00dcberpr\u00fcfen der Datentr\u00e4gerverwaltung <\/h3>\n<ul>\n<li>\u00d6ffnen Sie die <b>Datentr\u00e4gerverwaltung<\/b>. Klicken Sie mit der rechten Maustaste auf &#8218;Dieser PC&#8216; oder &#8218;Mein Computer&#8216;, w\u00e4hlen Sie &#8218;Verwalten&#8216; und dann &#8218;Datentr\u00e4gerverwaltung&#8216;.<\/li>\n<li>Suchen Sie nach dem fehlenden D-Laufwerk. Wenn es nicht sichtbar ist, sehen Sie m\u00f6glicherweise einen nicht zugewiesenen Speicherplatz, wo das D-Laufwerk fr\u00fcher war.<\/li>\n<li>Wenn Sie das Laufwerk ohne Buchstaben finden, klicken Sie mit der rechten Maustaste darauf und w\u00e4hlen Sie &#8218;Laufwerksbuchstaben und Pfade \u00e4ndern&#8216;, um ihm einen Buchstaben zuzuweisen.<\/li>\n<\/ul>\n<p><b>Hinweis:<\/b> Seien Sie vorsichtig und formatieren Sie das Laufwerk nicht, da dies alle Daten l\u00f6scht.<\/p>\n<p><b>Fazit:<\/b> In einigen F\u00e4llen kann das erneute Zuweisen eines Laufwerkbuchstabens das D-Laufwerk wieder sichtbar machen.<\/p>\n<h3>Methode 2: Die Eingabeaufforderung verwenden <\/h3>\n<ul>\n<li>Starten Sie die <b>Eingabeaufforderung<\/b> als Administrator, indem Sie im Startmen\u00fc nach &#8218;cmd&#8216; suchen, mit der rechten Maustaste darauf klicken und &#8218;Als Administrator ausf\u00fchren&#8216; ausw\u00e4hlen.<\/li>\n<li>Tippen Sie &#8218;diskpart&#8216; ein und dr\u00fccken Sie die Eingabetaste, um auf das DiskPart-Dienstprogramm zuzugreifen.<\/li>\n<li>Tippen Sie &#8218;list volume&#8216; ein und dr\u00fccken Sie die Eingabetaste, um alle Laufwerke und ihre entsprechenden Buchstaben anzuzeigen.<\/li>\n<li>Wenn das D-Laufwerk ohne Buchstaben aufgelistet ist, verwenden Sie den Befehl &#8217;select volume D&#8216;, um es auszuw\u00e4hlen, gefolgt von &#8218;assign letter=D&#8216;, um den richtigen Buchstaben zuzuweisen.<\/li>\n<\/ul>\n<p><b>Hinweis:<\/b> &#8218;D&#8216; sollte durch die korrekte Volumennummer f\u00fcr Ihr Laufwerk ersetzt werden.<\/p>\n<p><b>Fazit:<\/b> Die Eingabeaufforderung kann helfen, Probleme mit der Darstellung des Laufwerks in Windows zu beheben und zu beheben.<\/p>\n<h3>Methode 3: BIOS\/UEFI \u00fcberpr\u00fcfen <\/h3>\n<ul>\n<li>Starten Sie Ihren Computer neu und betreten Sie die <b>BIOS\/UEFI<\/b>-Einstellungen, indem Sie eine bestimmte Taste dr\u00fccken (h\u00e4ufig F2, F10, DEL oder ESC).<\/li>\n<li>Innerhalb des BIOS\/UEFI navigieren Sie zu den &#8218;Speicher&#8216;- oder &#8218;Boot&#8216;-Einstellungen, um zu sehen, ob das D-Laufwerk erkannt und aktiviert ist.<\/li>\n<li>Wenn das Laufwerk deaktiviert ist, aktivieren Sie es mit den bereitgestellten Optionen.<\/li>\n<li>Speichern Sie die \u00c4nderungen und verlassen Sie das BIOS\/UEFI-Setup.<\/li>\n<\/ul>\n<p><b>Hinweis:<\/b> Konsultieren Sie das Handbuch Ihres Motherboards f\u00fcr spezifische Anweisungen zur Navigation im BIOS\/UEFI.<\/p>\n<p><b>Fazit:<\/b> Das Aktivieren des Laufwerks in den BIOS\/UEFI-Einstellungen kann es wieder in Windows sichtbar machen.<\/p>\n<h3>Methode 4: \u00dcberpr\u00fcfen Sie physische Verbindungen <\/h3>\n<ul>\n<li>Schalten Sie Ihren Computer aus und ziehen Sie ihn vom Stromnetz.<\/li>\n<li>\u00d6ffnen Sie das Computergeh\u00e4use und \u00fcberpr\u00fcfen Sie die <b>SATA<\/b>&#8211; und Stromkabel, um sicherzustellen, dass sie sicher mit dem D-Laufwerk verbunden sind.<\/li>\n<li>Wenn Kabel locker oder besch\u00e4digt sind, setzen Sie diese erneut ein oder ersetzen Sie sie durch neue.<\/li>\n<li>Starten Sie Ihren Computer und \u00fcberpr\u00fcfen Sie, ob das D-Laufwerk jetzt sichtbar ist.<\/li>\n<\/ul>\n<p><b>Hinweis:<\/b> Gehen Sie vorsichtig mit internen Komponenten um, um statische Sch\u00e4den zu vermeiden.<\/p>\n<p><b>Fazit:<\/b> Das Wiederherstellen sicherer physischer Verbindungen kann oft dazu f\u00fchren, dass das D-Laufwerk im System wieder sichtbar wird.<\/p>\n<h3>Methode 5: Verwenden Sie Disk Drill, um Daten wiederherzustellen <\/h3>\n<ul>\n<li>Laden Sie <b>Disk Drill<\/b> von der offiziellen Website herunter und installieren Sie es (<a href='https:\/\/www.cleverfiles.com\/' rel=\"nofollow noopener\" target='_blank'>https:\/\/www.cleverfiles.com\/<\/a>).<\/li>\n<li>Starten Sie Disk Drill und w\u00e4hlen Sie das Laufwerk aus, von dem Sie Daten wiederherstellen m\u00f6chten (in diesem Fall das D-Laufwerk oder das entsprechende, das in Disk Drill sichtbar ist).<\/li>\n<li>Klicken Sie auf &#8218;Wiederherstellen&#8216;, um einen Scan nach wiederherstellbaren Daten durchzuf\u00fchren.<\/li>\n<li>Nach dem Scan, Vorschau der Dateien, die wiederhergestellt werden k\u00f6nnen, und w\u00e4hlen Sie diejenigen aus, die Sie wiederherstellen m\u00f6chten.<\/li>\n<li>Befolgen Sie die Aufforderungen, um den Wiederherstellungsprozess abzuschlie\u00dfen und die wiederhergestellten Daten an einem sicheren Ort zu speichern (nicht auf demselben Laufwerk, von dem Sie wiederherstellen).<\/li>\n<\/ul>\n<p><b>Hinweis:<\/b> W\u00e4hlen Sie sorgf\u00e4ltig Elemente zur Wiederherstellung aus, um die Chancen auf eine erfolgreiche Datenwiederherstellung zu maximieren.<\/p>\n<p><b>Fazit:<\/b> Disk Drill ist ein leistungsstarkes Tool, das Daten wiederherstellen kann, auch wenn das Laufwerk in Windows nicht angezeigt wird.<\/p>\n<\/section>\n<section>\n<div>\n<div>3<\/div>\n<h2>Vorsichtsma\u00dfnahmen und Tipps:<\/h2>\n<\/div>\n<h3>Backup-Plan   <\/h3>\n<ul>\n<li>F\u00fchren Sie regelm\u00e4\u00dfige Backups wichtiger Daten auf <b>externen Laufwerken<\/b> oder <b>Cloud-Speichern<\/b> durch.<\/li>\n<li>Verwenden Sie <b>Imaging-Software f\u00fcr Festplatten<\/b>, um eine exakte Kopie Ihres Laufwerks f\u00fcr k\u00fcnftige Wiederherstellungen anzulegen.<\/li>\n<li>Seien Sie vorsichtig bei <b>Software-Updates<\/b> und stellen Sie sicher, dass die Systemstabilit\u00e4t gew\u00e4hrleistet ist, bevor Sie fortfahren.<\/li>\n<\/ul>\n<\/section>\n<section>\n<div>\n<div>4<\/div>\n<h2>Erweiterte L\u00f6sungen<\/h2>\n<\/div>\n<p>Wenn man mit einem <b>verschwundenen Laufwerk D<\/b> konfrontiert ist, ist es entscheidend, verschiedene Wege \u00fcber die anf\u00e4nglichen Fehlerbehebungsschritte hinaus zu erkunden. Beispielsweise kann die Verwendung von Drittanbieter-Partitionierungssoftware fortschrittlichere Optionen f\u00fcr die Diagnose und Reparatur von Festplattenproblemen bieten. <a href='https:\/\/www.partitionwizard.com\/' rel=\"nofollow noopener\" target='_blank'>MiniTool Partition Wizard<\/a> ist eine empfehlenswerte Option, die die Datentr\u00e4gerverwaltung in Windows hervorragend erg\u00e4nzt.<\/p>\n<p>Ein anderer Ansatz ist die \u00dcberpr\u00fcfung auf Hardwarefehler. Das Testen der Festplatte mit Diagnosewerkzeugen, die vom Hersteller des Laufwerks bereitgestellt werden, wie zum Beispiel <a href='https:\/\/www.seagate.com\/support\/downloads\/seatools\/' rel=\"nofollow noopener\" target='_blank'>SeaTools f\u00fcr Seagate<\/a> oder <a href='https:\/\/support.wdc.com\/downloads.aspx#WD_softwarepc' rel=\"nofollow noopener\" target='_blank'>WD Drive Utilities f\u00fcr Western Digital<\/a>, kann dabei helfen festzustellen, ob ein physisches Problem mit dem Laufwerk vorliegt.<\/p>\n<p>Es ist auch wichtig, die Auswirkungen von <b>Systemwiederherstellungen oder Zur\u00fccksetzungen<\/b> zu ber\u00fccksichtigen. Diese k\u00f6nnen unbeabsichtigt die Laufwerkpartitionen beeinflussen, daher ist es wesentlich, diese Optionen mit Vorsicht zu verwenden. Zus\u00e4tzlich sollte man das System stets durch zuverl\u00e4ssige Antivirensoftware, wie <a href='https:\/\/www.malwarebytes.com\/' rel=\"nofollow noopener\" target='_blank'>Malwarebytes<\/a>, sch\u00fctzen, um malwarebedingte Probleme, die zum Verschwinden von Laufwerken f\u00fchren k\u00f6nnen, zu verhindern.<\/p>\n<\/section>\n<section>\n<h2>Fazit:<\/h2>\n<div class=\"nonp\">\n<p>Zusammenfassend l\u00e4sst sich sagen, dass das pl\u00f6tzliche Verschwinden des <b>D-Laufwerks<\/b> auf eine Vielzahl von Ursachen zur\u00fcckgef\u00fchrt werden kann, die von einfachen Softwareproblemen bis hin zu komplexeren Hardwareproblemen reichen. Effektive Wiederherstellungs- und Schutzstrategien sind wesentlich, um das Risiko eines Datenverlusts zu minimieren. Der Einsatz einer Kombination aus integrierten Windows-Dienstprogrammen, wie <b>Datentr\u00e4gerverwaltung<\/b> und <b>Eingabeaufforderung<\/b>, zusammen mit Tools von Drittanbietern wie <b>Disk Drill<\/b>, kann sicherstellen, dass Ihre Daten sicher und wiederherstellbar bleiben. Seien Sie proaktiv, indem Sie regelm\u00e4\u00dfige Backups durchf\u00fchren und wachsam bei System- und Softwareaktualisierungen sind, um die Chancen f\u00fcr Vorf\u00e4lle des Laufwerkverschwindens zu minimieren.<\/p>\n<\/div>\n<\/section>\n","protected":false},"excerpt":{"rendered":"<p>D-Laufwerk verschwunden: Was tun, wenn Ihr D-Laufwerk verschwunden ist? Das D-Laufwerk ist ein wesentlicher Bestandteil f\u00fcr viele Computerbenutzer, insbesondere f\u00fcr diejenigen, die es zur Speicherung ihrer pers\u00f6nlichen Dateien, Spiele und Anwendungen nutzen. Der pl\u00f6tzliche Schock, dass das D-Laufwerk auf mysteri\u00f6se Weise von Ihrem Computer verschwunden ist, kann sehr beunruhigend sein. Nichtsdestotrotz besteht kein Grund zur [&hellip;]<\/p>\n","protected":false},"author":2,"featured_media":37216,"parent":0,"menu_order":0,"comment_status":"closed","ping_status":"closed","template":"chromecast.php","meta":{"_stopmodifiedupdate":false,"_modified_date":"","_lmt_disableupdate":"yes","_lmt_disable":""},"acf":[],"yoast_head":"<!-- This site is optimized with the Yoast SEO plugin v20.9 - https:\/\/yoast.com\/wordpress\/plugins\/seo\/ -->\n<title>So stellen Sie ein fehlendes D-Laufwerk auf Ihrem Computer wieder her<\/title>\n<meta name=\"robots\" content=\"index, follow, max-snippet:-1, max-image-preview:large, max-video-preview:-1\" \/>\n<link rel=\"canonical\" href=\"https:\/\/datarecovery.ping.fm\/de\/d-drive-missing\/\" \/>\n<meta property=\"og:locale\" content=\"de_DE\" \/>\n<meta property=\"og:type\" content=\"article\" \/>\n<meta property=\"og:title\" content=\"So stellen Sie ein fehlendes D-Laufwerk auf Ihrem Computer wieder her\" \/>\n<meta property=\"og:description\" content=\"D-Laufwerk verschwunden: Was tun, wenn Ihr D-Laufwerk verschwunden ist? Das D-Laufwerk ist ein wesentlicher Bestandteil f\u00fcr viele Computerbenutzer, insbesondere f\u00fcr diejenigen, die es zur Speicherung ihrer pers\u00f6nlichen Dateien, Spiele und Anwendungen nutzen. Der pl\u00f6tzliche Schock, dass das D-Laufwerk auf mysteri\u00f6se Weise von Ihrem Computer verschwunden ist, kann sehr beunruhigend sein. Nichtsdestotrotz besteht kein Grund zur [&hellip;]\" \/>\n<meta property=\"og:url\" content=\"https:\/\/datarecovery.ping.fm\/de\/d-drive-missing\/\" \/>\n<meta property=\"og:site_name\" content=\"Datenwiederherstellungssoftware\" \/>\n<meta property=\"article:modified_time\" content=\"2024-02-19T08:16:40+00:00\" \/>\n<meta property=\"og:image\" content=\"https:\/\/datarecovery.ping.fm\/wp-content\/uploads\/2024\/03\/D-Drive-Missing-What-to-Do-if-Your-D-Drive-Disappeared-German.jpg\" \/>\n\t<meta property=\"og:image:width\" content=\"1280\" \/>\n\t<meta property=\"og:image:height\" content=\"731\" \/>\n\t<meta property=\"og:image:type\" content=\"image\/jpeg\" \/>\n<meta name=\"twitter:card\" content=\"summary_large_image\" \/>\n<meta name=\"twitter:label1\" content=\"Est. reading time\" \/>\n\t<meta name=\"twitter:data1\" content=\"6 Minuten\" \/>\n<script type=\"application\/ld+json\" class=\"yoast-schema-graph\">{\"@context\":\"https:\/\/schema.org\",\"@graph\":[{\"@type\":\"WebPage\",\"@id\":\"https:\/\/datarecovery.ping.fm\/de\/d-drive-missing\/\",\"url\":\"https:\/\/datarecovery.ping.fm\/de\/d-drive-missing\/\",\"name\":\"So stellen Sie ein fehlendes D-Laufwerk auf Ihrem Computer wieder her\",\"isPartOf\":{\"@id\":\"https:\/\/datarecovery.ping.fm\/de\/#website\"},\"datePublished\":\"2024-01-17T22:15:57+00:00\",\"dateModified\":\"2024-02-19T08:16:40+00:00\",\"breadcrumb\":{\"@id\":\"https:\/\/datarecovery.ping.fm\/de\/d-drive-missing\/#breadcrumb\"},\"inLanguage\":\"de-DE\",\"potentialAction\":[{\"@type\":\"ReadAction\",\"target\":[\"https:\/\/datarecovery.ping.fm\/de\/d-drive-missing\/\"]}]},{\"@type\":\"BreadcrumbList\",\"@id\":\"https:\/\/datarecovery.ping.fm\/de\/d-drive-missing\/#breadcrumb\",\"itemListElement\":[{\"@type\":\"ListItem\",\"position\":1,\"name\":\"Home\",\"item\":\"https:\/\/datarecovery.ping.fm\/de\/\"},{\"@type\":\"ListItem\",\"position\":2,\"name\":\"Fehlendes Laufwerk D: Was tun, wenn Ihr Laufwerk D verschwunden ist?\"}]},{\"@type\":\"WebSite\",\"@id\":\"https:\/\/datarecovery.ping.fm\/de\/#website\",\"url\":\"https:\/\/datarecovery.ping.fm\/de\/\",\"name\":\"Datenwiederherstellungssoftware\",\"description\":\"\",\"potentialAction\":[{\"@type\":\"SearchAction\",\"target\":{\"@type\":\"EntryPoint\",\"urlTemplate\":\"https:\/\/datarecovery.ping.fm\/de\/?s={search_term_string}\"},\"query-input\":\"required name=search_term_string\"}],\"inLanguage\":\"de-DE\"}]}<\/script>\n<!-- \/ Yoast SEO plugin. -->","yoast_head_json":{"title":"So stellen Sie ein fehlendes D-Laufwerk auf Ihrem Computer wieder her","robots":{"index":"index","follow":"follow","max-snippet":"max-snippet:-1","max-image-preview":"max-image-preview:large","max-video-preview":"max-video-preview:-1"},"canonical":"https:\/\/datarecovery.ping.fm\/de\/d-drive-missing\/","og_locale":"de_DE","og_type":"article","og_title":"So stellen Sie ein fehlendes D-Laufwerk auf Ihrem Computer wieder her","og_description":"D-Laufwerk verschwunden: Was tun, wenn Ihr D-Laufwerk verschwunden ist? Das D-Laufwerk ist ein wesentlicher Bestandteil f\u00fcr viele Computerbenutzer, insbesondere f\u00fcr diejenigen, die es zur Speicherung ihrer pers\u00f6nlichen Dateien, Spiele und Anwendungen nutzen. Der pl\u00f6tzliche Schock, dass das D-Laufwerk auf mysteri\u00f6se Weise von Ihrem Computer verschwunden ist, kann sehr beunruhigend sein. Nichtsdestotrotz besteht kein Grund zur [&hellip;]","og_url":"https:\/\/datarecovery.ping.fm\/de\/d-drive-missing\/","og_site_name":"Datenwiederherstellungssoftware","article_modified_time":"2024-02-19T08:16:40+00:00","og_image":[{"width":1280,"height":731,"url":"https:\/\/datarecovery.ping.fm\/wp-content\/uploads\/2024\/03\/D-Drive-Missing-What-to-Do-if-Your-D-Drive-Disappeared-German.jpg","type":"image\/jpeg"}],"twitter_card":"summary_large_image","twitter_misc":{"Est. reading time":"6 Minuten"},"schema":{"@context":"https:\/\/schema.org","@graph":[{"@type":"WebPage","@id":"https:\/\/datarecovery.ping.fm\/de\/d-drive-missing\/","url":"https:\/\/datarecovery.ping.fm\/de\/d-drive-missing\/","name":"So stellen Sie ein fehlendes D-Laufwerk auf Ihrem Computer wieder her","isPartOf":{"@id":"https:\/\/datarecovery.ping.fm\/de\/#website"},"datePublished":"2024-01-17T22:15:57+00:00","dateModified":"2024-02-19T08:16:40+00:00","breadcrumb":{"@id":"https:\/\/datarecovery.ping.fm\/de\/d-drive-missing\/#breadcrumb"},"inLanguage":"de-DE","potentialAction":[{"@type":"ReadAction","target":["https:\/\/datarecovery.ping.fm\/de\/d-drive-missing\/"]}]},{"@type":"BreadcrumbList","@id":"https:\/\/datarecovery.ping.fm\/de\/d-drive-missing\/#breadcrumb","itemListElement":[{"@type":"ListItem","position":1,"name":"Home","item":"https:\/\/datarecovery.ping.fm\/de\/"},{"@type":"ListItem","position":2,"name":"Fehlendes Laufwerk D: Was tun, wenn Ihr Laufwerk D verschwunden ist?"}]},{"@type":"WebSite","@id":"https:\/\/datarecovery.ping.fm\/de\/#website","url":"https:\/\/datarecovery.ping.fm\/de\/","name":"Datenwiederherstellungssoftware","description":"","potentialAction":[{"@type":"SearchAction","target":{"@type":"EntryPoint","urlTemplate":"https:\/\/datarecovery.ping.fm\/de\/?s={search_term_string}"},"query-input":"required name=search_term_string"}],"inLanguage":"de-DE"}]}},"_links":{"self":[{"href":"https:\/\/datarecovery.ping.fm\/de\/wp-json\/wp\/v2\/pages\/20033"}],"collection":[{"href":"https:\/\/datarecovery.ping.fm\/de\/wp-json\/wp\/v2\/pages"}],"about":[{"href":"https:\/\/datarecovery.ping.fm\/de\/wp-json\/wp\/v2\/types\/page"}],"author":[{"embeddable":true,"href":"https:\/\/datarecovery.ping.fm\/de\/wp-json\/wp\/v2\/users\/2"}],"replies":[{"embeddable":true,"href":"https:\/\/datarecovery.ping.fm\/de\/wp-json\/wp\/v2\/comments?post=20033"}],"version-history":[{"count":1,"href":"https:\/\/datarecovery.ping.fm\/de\/wp-json\/wp\/v2\/pages\/20033\/revisions"}],"predecessor-version":[{"id":37215,"href":"https:\/\/datarecovery.ping.fm\/de\/wp-json\/wp\/v2\/pages\/20033\/revisions\/37215"}],"wp:featuredmedia":[{"embeddable":true,"href":"https:\/\/datarecovery.ping.fm\/de\/wp-json\/wp\/v2\/media\/37216"}],"wp:attachment":[{"href":"https:\/\/datarecovery.ping.fm\/de\/wp-json\/wp\/v2\/media?parent=20033"}],"curies":[{"name":"wp","href":"https:\/\/api.w.org\/{rel}","templated":true}]}}