{"id":19640,"date":"2024-01-15T20:29:56","date_gmt":"2024-01-15T20:29:56","guid":{"rendered":"https:\/\/www.ping.fm\/data-recovery-software\/best-seagate-file-recovery-software\/"},"modified":"2024-02-29T18:14:47","modified_gmt":"2024-02-29T18:14:47","slug":"best-seagate-file-recovery-software","status":"publish","type":"page","link":"https:\/\/datarecovery.ping.fm\/de\/best-seagate-file-recovery-software\/","title":{"rendered":"Top 5 der besten Seagate-Dateiwiederherstellungssoftware"},"content":{"rendered":"<section>\n<h1>Top 5 Beste Seagate Datenrettungssoftware<\/h1>\n<div class=\"inbrief\">\n<div>             <img src=\"https:\/\/www.ping.fm\/data-recovery-software\/wp-content\/uploads\/ai\/Top-5-Best-Seagate-File-Recovery-Software-German.jpg\" alt=\"Top 5 Beste Seagate Datenrettungssoftware\" title=\"Top 5 Beste Seagate Datenrettungssoftware\" width=\"1280\" height=\"720\">             <\/p>\n<p>Wenn es um den Schutz unseres digitalen Lebens geht, kann die Bedeutung einer zuverl\u00e4ssigen Datenrettungsl\u00f6sung nicht genug betont werden. Als jemand, der das gef\u00fcrchtete Szenario eines Datenverlusts erlebt hat, kann ich pers\u00f6nlich f\u00fcr die Panik b\u00fcrgen, die einsetzt, wenn man erkennt, dass die eigenen wertvollen Dateien m\u00f6glicherweise f\u00fcr immer verloren sind. Aber f\u00fcrchtet euch nicht, werte Datenh\u00fcter! Ich habe mich durch die st\u00fcrmischen Gew\u00e4sser der Dateiwiederherstellung gek\u00e4mpft und bin hier, um meine Erkenntnisse \u00fcber die <b>5 besten Datenrettungssoftware-Tools<\/b> zu teilen, die speziell f\u00fcr <b>Seagate-Laufwerke<\/b> zugeschnitten sind, mit einem besonderen Hinweis auf das hauseigene Hilfsprogramm <b>Seagate SeaTools<\/b>. Ob ihr nun professionelle IT-Spezialisten seid oder einfach jemand mit einer Menge wichtiger Selfies, diese Tools bieten einen Rettungsanker, wenn eure digitale Welt unterzugehen scheint.<\/p>\n<\/div>\n<\/div>\n<\/section>\n<section>\n<div class=\"medal\">\n<div>&#129351;<\/div>\n<\/div>\n<h2><a href='https:\/\/www.cleverfiles.com\/' rel=\"nofollow noopener\" target='_blank'>Disk Drill<\/a><\/h2>\n<p><img src=\"https:\/\/www.ping.fm\/data-recovery-software\/wp-content\/uploads\/ai\/https---www-cleverfiles-com-German.jpg\"><\/p>\n<p>Als jemand, der den Schmerz verlorener Dateien gef\u00fchlt hat, kann ich <b>Disk Drill<\/b> selbstbewusst an die Spitze meiner Liste setzen. Dieses Tool geht eine pers\u00f6nliche Beziehung mit euren Daten ein und bietet eine intuitive Schnittstelle, die die Wiederherstellung f\u00fcr alle zug\u00e4nglich macht. Es schreckt auch nicht vor schwerer Arbeit zur\u00fcck und dient als digitaler Ritter f\u00fcr verschiedene Dateisysteme und Dateitypen mit seinen robusten Scan-Algorithmen.<\/p>\n<p><a href='https:\/\/www.cleverfiles.com\/' rel=\"nofollow noopener\" target='_blank' class='ofWSite'>Offizielle Website<\/a><\/p>\n<h3 class='prosTitle'>Vorteile<\/h3>\n<ul class='listpc pros'>\n<li>\u00dcberlegene Dateiwiederherstellungsalgorithmen<\/li>\n<li>Benutzerfreundliche Oberfl\u00e4che<\/li>\n<\/ul>\n<h3 class='consTitle'>Nachteile<\/h3>\n<ul class='listpc cons'>\n<li>Kostenlose Version hat begrenzte Wiederherstellungsm\u00f6glichkeiten<\/li>\n<li>Wird ressourcenintensiv bei Tiefenscans<\/li>\n<\/ul>\n<\/section>\n<section>\n<div class=\"medal\">\n<div>&#129352;<\/div>\n<\/div>\n<h2><a href='https:\/\/www.easeus.com\/datarecoverywizard\/free-data-recovery-software.htm' rel=\"nofollow noopener\" target='_blank'>EaseUS Data Recovery Wizard<\/a><\/h2>\n<p><img src=\"https:\/\/www.ping.fm\/data-recovery-software\/wp-content\/uploads\/ai\/https---www-easeus-com-datarecoverywizard-free-data-recovery-software-htmGerman.jpg\"><\/p>\n<p>Der <b>EaseUS Data Recovery Wizard<\/b> pr\u00e4sentiert sich als ein standhafter Verb\u00fcndeter im nie endenden Kampf gegen verlorene Daten. Er ist eine Anlaufstelle f\u00fcr diejenigen, die eine schnelle Wiederherstellungsoperation ben\u00f6tigen, und bietet einen unkomplizierten Prozess, der zahlreiche Verlustszenarien abdeckt.<\/p>\n<p><a href='https:\/\/www.easeus.com\/datarecoverywizard\/free-data-recovery-software.htm' rel=\"nofollow noopener\" target='_blank' class='ofWSite'>Offizielle Website<\/a><\/p>\n<h3 class='prosTitle'>Vorteile<\/h3>\n<ul class='listpc pros'>\n<li>Ruflich vertrauensw\u00fcrdig und zuverl\u00e4ssig<\/li>\n<li>Einfach zu bedienen f\u00fcr Anf\u00e4nger<\/li>\n<\/ul>\n<h3 class='consTitle'>Nachteile<\/h3>\n<ul class='listpc cons'>\n<li>Begrenzte Wiederherstellungskapazit\u00e4t in der kostenlosen Version<\/li>\n<li>Kann bei gr\u00f6\u00dferen Laufwerken langsam sein<\/li>\n<\/ul>\n<\/section>\n<section>\n<div class=\"medal\">\n<div>&#129353;<\/div>\n<\/div>\n<h2><a href='https:\/\/www.wondershare.com\/data-recovery.html' rel=\"nofollow noopener\" target='_blank'>Wondershare Recoverit<\/a><\/h2>\n<p><img src=\"https:\/\/www.ping.fm\/data-recovery-software\/wp-content\/uploads\/ai\/https---www-wondershare-com-data-recovery-htmlGerman.jpg\"><\/p>\n<p>Wondershares <b>Recoverit<\/b> bietet einen Hoffnungsschimmer, wenn Datenverzweiflung unmittelbar scheint. Dieses Juwel \u00fcberzeugt mit seinen umfassenden Wiederherstellungsl\u00f6sungen und unterst\u00fctzt \u00fcber 1000 Dateitypen &#8211; eine beeindruckende Bibliothek selbst f\u00fcr den vielf\u00e4ltigsten Dateisammler.<\/p>\n<p><a href='https:\/\/www.wondershare.com\/data-recovery.html' rel=\"nofollow noopener\" target='_blank' class='ofWSite'>Offizielle Website<\/a><\/p>\n<h3 class='prosTitle'>Vorteile<\/h3>\n<ul class='listpc pros'>\n<li>Hohe Erfolgsrate bei der Wiederherstellung<\/li>\n<li>Breite Unterst\u00fctzung von Dateitypen<\/li>\n<\/ul>\n<h3 class='consTitle'>Nachteile<\/h3>\n<ul class='listpc cons'>\n<li>Kann kostspielig sein f\u00fcr Premium-Funktionen<\/li>\n<li>Einige Benutzer berichten von einer steilen Lernkurve<\/li>\n<\/ul>\n<\/section>\n<section>\n<div class=\"no-medal\">\n<div>4<\/div>\n<\/div>\n<h2><a href='https:\/\/www.stellarinfo.com\/' rel=\"nofollow noopener\" target='_blank'>Stellar Data Recovery<\/a><\/h2>\n<p><img src=\"https:\/\/www.ping.fm\/data-recovery-software\/wp-content\/uploads\/ai\/https---www-stellarinfo-com-German.jpg\"><\/p>\n<p><b>Stellar Data Recovery<\/b> sticht aus der Masse heraus mit seinem professionellen Ansatz zur Datenwiederherstellung. Es ruht sich nicht auf seinen Lorbeeren aus und aktualisiert sich st\u00e4ndig, um neuen Bedrohungen f\u00fcr Ihre Daten zu begegnen, was es zu einer soliden Wahl f\u00fcr diejenigen macht, die auf der Suche nach anhaltendem Schutz sind.<\/p>\n<p><a href='https:\/\/www.stellarinfo.com\/' rel=\"nofollow noopener\" target='_blank' class='ofWSite'>Offizielle Website<\/a><\/p>\n<h3 class='prosTitle'>Vorteile<\/h3>\n<ul class='listpc pros'>\n<li>Vielf\u00e4ltige Wiederherstellungsoptionen<\/li>\n<li>St\u00e4ndige Softwareaktualisierungen<\/li>\n<\/ul>\n<h3 class='consTitle'>Nachteile<\/h3>\n<ul class='listpc cons'>\n<li>H\u00f6herer Preis f\u00fcr fortgeschrittene Funktionen<\/li>\n<li>Einige Benutzer berichten von langen Scanzeiten<\/li>\n<\/ul>\n<\/section>\n<section>\n<div class=\"no-medal\">\n<div>5<\/div>\n<\/div>\n<h2><a href='https:\/\/www.piriform.com\/recuva' rel=\"nofollow noopener\" target='_blank'>Recuva<\/a><\/h2>\n<p><img src=\"https:\/\/www.ping.fm\/data-recovery-software\/wp-content\/uploads\/ai\/https---www-piriform-com-recuvaGerman.jpg\"><\/p>\n<p><b>Recuva<\/b>, bekannt f\u00fcr seine Einfachheit und Wirksamkeit, wirkt wie ein Paar digitaler Brillengl\u00e4ser, um Ihre verlorenen Dateien aufzusp\u00fcren. Es ist ein preiswerter Lebensretter, speziell f\u00fcr diejenigen, die einen Ansatz ohne Schn\u00f6rkel bevorzugen, um Daten aus dem digitalen Abgrund zur\u00fcckzuholen.<\/p>\n<p><a href='https:\/\/www.piriform.com\/recuva' rel=\"nofollow noopener\" target='_blank' class='ofWSite'>Offizielle Webseite<\/a><\/p>\n<h3 class='prosTitle'>Vorteile<\/h3>\n<ul class='listpc pros'>\n<li>Benutzerfreundlich f\u00fcr Anf\u00e4nger<\/li>\n<li>G\u00fcnstig und bietet sogar eine kostenlose Version<\/li>\n<\/ul>\n<h3 class='consTitle'>Nachteile<\/h3>\n<ul class='listpc cons'>\n<li>Weniger robust im Umgang mit komplexen Szenarien<\/li>\n<li>Die Benutzeroberfl\u00e4che mag f\u00fcr einige veraltet erscheinen<\/li>\n<\/ul>\n<\/section>\n<section>\n<div class=\"no-medal\">\n<div>6<\/div>\n<\/div>\n<h2><a href='https:\/\/www.seagate.com\/services-software\/recover\/' rel=\"nofollow noopener\" target='_blank'>Seagate SeaTools<\/a><\/h2>\n<p><img src=\"https:\/\/www.ping.fm\/data-recovery-software\/wp-content\/uploads\/ai\/https---www-seagate-com-services-software-recover-German.jpg\"><\/p>\n<p>Man sollte die eigenen <b>Seagate SeaTools<\/b>, eine von Seagate selbst entwickelte Spezialsoftware, nicht \u00fcbersehen. Als Diagnosewerkzeug ist es hervorragend geeignet, Probleme zu erkennen, bevor sie dazu f\u00fchren, dass Dateien im digitalen \u00c4ther verschwinden.<\/p>\n<p><a href='https:\/\/www.seagate.com\/services-software\/recover\/' rel=\"nofollow noopener\" target='_blank' class='ofWSite'>Offizielle Webseite<\/a><\/p>\n<h3 class='prosTitle'>Vorteile<\/h3>\n<ul class='listpc pros'>\n<li>Speziell f\u00fcr Seagate-Laufwerke entworfen<\/li>\n<li>Kostenloses Diagnosetool<\/li>\n<\/ul>\n<h3 class='consTitle'>Nachteile<\/h3>\n<ul class='listpc cons'>\n<li>Haupts\u00e4chlich f\u00fcr Diagnosen, nicht f\u00fcr vollst\u00e4ndige Wiederherstellungen<\/li>\n<li>Kann f\u00fcr durchschnittliche Benutzer komplex sein<\/li>\n<\/ul>\n<\/section>\n<section>\n<h2>Schlussfolgerung:<\/h2>\n<div class=\"nonp\">\n<p>Ein tieferes Eindringen in den <b>Prozess der Datenwiederherstellung<\/b> erleuchtet uns \u00fcber den komplizierten Tanz, scheinbar verlorene Daten zu bergen. Wussten Sie, dass, wenn Sie eine Datei l\u00f6schen, diese nicht sofort entfernt wird, sondern einfach als ersetzbar im Tableau des Laufwerks markiert wird? Das hei\u00dft, solange keine neuen Daten dar\u00fcber geschrieben werden, besteht Hoffnung auf Wiederherstellung. Um die Komplexit\u00e4t dahinter zu verstehen, sollten Sie sich \u00fcber den <a href='https:\/\/thelocalne.ws\/2023\/01\/29\/how-does-data-recovery-software-work\/' rel=\"dofollow noopener\" target='_blank'>Prozess der Datenwiederherstellung<\/a> informieren, der erl\u00e4utert, wie diese praktischen Werkzeuge ihre Aufgabe der Datenrettung bew\u00e4ltigen.<\/p>\n<p>Das Geheimnis liegt in der F\u00e4higkeit der Software, nach diesen Resten zu suchen, Dateistrukturen zu durchlaufen und das zusammenzusetzen, was einst als unwiederbringlich galt. Indem sie fortschrittliche Algorithmen nutzen, vollbringen Wiederherstellungstools Kunstst\u00fccke, die an digitale Nekromantie erinnern. F\u00fcr einen tieferen Einstieg werfen Sie einen Blick auf Websites wie <a href='https:\/\/www.techradar.com\/' rel=\"nofollow noopener\" target='_blank'>TechRadar<\/a> oder <a href='https:\/\/www.lifehacker.com\/' rel=\"nofollow noopener\" target='_blank'>Lifehacker<\/a> f\u00fcr Einblicke in Technik und Anleitungen.<\/p>\n<\/div>\n<\/section>\n","protected":false},"excerpt":{"rendered":"<p>Top 5 Beste Seagate Datenrettungssoftware Wenn es um den Schutz unseres digitalen Lebens geht, kann die Bedeutung einer zuverl\u00e4ssigen Datenrettungsl\u00f6sung nicht genug betont werden. Als jemand, der das gef\u00fcrchtete Szenario eines Datenverlusts erlebt hat, kann ich pers\u00f6nlich f\u00fcr die Panik b\u00fcrgen, die einsetzt, wenn man erkennt, dass die eigenen wertvollen Dateien m\u00f6glicherweise f\u00fcr immer verloren [&hellip;]<\/p>\n","protected":false},"author":2,"featured_media":37180,"parent":0,"menu_order":0,"comment_status":"closed","ping_status":"closed","template":"chromecast.php","meta":{"_stopmodifiedupdate":false,"_modified_date":"","_lmt_disableupdate":"yes","_lmt_disable":""},"acf":[],"yoast_head":"<!-- This site is optimized with the Yoast SEO plugin v20.9 - https:\/\/yoast.com\/wordpress\/plugins\/seo\/ -->\n<title>Top 5 der besten Seagate-Dateiwiederherstellungssoftware, die Sie im Jahr 2024 ausprobieren sollten<\/title>\n<meta name=\"robots\" content=\"index, follow, max-snippet:-1, max-image-preview:large, max-video-preview:-1\" \/>\n<link rel=\"canonical\" href=\"https:\/\/datarecovery.ping.fm\/de\/best-seagate-file-recovery-software\/\" \/>\n<meta property=\"og:locale\" content=\"de_DE\" \/>\n<meta property=\"og:type\" content=\"article\" \/>\n<meta property=\"og:title\" content=\"Top 5 der besten Seagate-Dateiwiederherstellungssoftware, die Sie im Jahr 2024 ausprobieren sollten\" \/>\n<meta property=\"og:description\" content=\"Top 5 Beste Seagate Datenrettungssoftware Wenn es um den Schutz unseres digitalen Lebens geht, kann die Bedeutung einer zuverl\u00e4ssigen Datenrettungsl\u00f6sung nicht genug betont werden. Als jemand, der das gef\u00fcrchtete Szenario eines Datenverlusts erlebt hat, kann ich pers\u00f6nlich f\u00fcr die Panik b\u00fcrgen, die einsetzt, wenn man erkennt, dass die eigenen wertvollen Dateien m\u00f6glicherweise f\u00fcr immer verloren [&hellip;]\" \/>\n<meta property=\"og:url\" content=\"https:\/\/datarecovery.ping.fm\/de\/best-seagate-file-recovery-software\/\" \/>\n<meta property=\"og:site_name\" content=\"Datenwiederherstellungssoftware\" \/>\n<meta property=\"article:modified_time\" content=\"2024-02-29T18:14:47+00:00\" \/>\n<meta property=\"og:image\" content=\"https:\/\/datarecovery.ping.fm\/wp-content\/uploads\/2024\/03\/Top-5-Best-Seagate-File-Recovery-Software-German.jpg\" \/>\n\t<meta property=\"og:image:width\" content=\"1280\" \/>\n\t<meta property=\"og:image:height\" content=\"731\" \/>\n\t<meta property=\"og:image:type\" content=\"image\/jpeg\" \/>\n<meta name=\"twitter:card\" content=\"summary_large_image\" \/>\n<meta name=\"twitter:label1\" content=\"Est. reading time\" \/>\n\t<meta name=\"twitter:data1\" content=\"4 Minuten\" \/>\n<script type=\"application\/ld+json\" class=\"yoast-schema-graph\">{\"@context\":\"https:\/\/schema.org\",\"@graph\":[{\"@type\":\"WebPage\",\"@id\":\"https:\/\/datarecovery.ping.fm\/de\/best-seagate-file-recovery-software\/\",\"url\":\"https:\/\/datarecovery.ping.fm\/de\/best-seagate-file-recovery-software\/\",\"name\":\"Top 5 der besten Seagate-Dateiwiederherstellungssoftware, die Sie im Jahr 2024 ausprobieren sollten\",\"isPartOf\":{\"@id\":\"https:\/\/datarecovery.ping.fm\/de\/#website\"},\"datePublished\":\"2024-01-15T20:29:56+00:00\",\"dateModified\":\"2024-02-29T18:14:47+00:00\",\"breadcrumb\":{\"@id\":\"https:\/\/datarecovery.ping.fm\/de\/best-seagate-file-recovery-software\/#breadcrumb\"},\"inLanguage\":\"de-DE\",\"potentialAction\":[{\"@type\":\"ReadAction\",\"target\":[\"https:\/\/datarecovery.ping.fm\/de\/best-seagate-file-recovery-software\/\"]}]},{\"@type\":\"BreadcrumbList\",\"@id\":\"https:\/\/datarecovery.ping.fm\/de\/best-seagate-file-recovery-software\/#breadcrumb\",\"itemListElement\":[{\"@type\":\"ListItem\",\"position\":1,\"name\":\"Home\",\"item\":\"https:\/\/datarecovery.ping.fm\/de\/\"},{\"@type\":\"ListItem\",\"position\":2,\"name\":\"Top 5 der besten Seagate-Dateiwiederherstellungssoftware\"}]},{\"@type\":\"WebSite\",\"@id\":\"https:\/\/datarecovery.ping.fm\/de\/#website\",\"url\":\"https:\/\/datarecovery.ping.fm\/de\/\",\"name\":\"Datenwiederherstellungssoftware\",\"description\":\"\",\"potentialAction\":[{\"@type\":\"SearchAction\",\"target\":{\"@type\":\"EntryPoint\",\"urlTemplate\":\"https:\/\/datarecovery.ping.fm\/de\/?s={search_term_string}\"},\"query-input\":\"required name=search_term_string\"}],\"inLanguage\":\"de-DE\"}]}<\/script>\n<!-- \/ Yoast SEO plugin. -->","yoast_head_json":{"title":"Top 5 der besten Seagate-Dateiwiederherstellungssoftware, die Sie im Jahr 2024 ausprobieren sollten","robots":{"index":"index","follow":"follow","max-snippet":"max-snippet:-1","max-image-preview":"max-image-preview:large","max-video-preview":"max-video-preview:-1"},"canonical":"https:\/\/datarecovery.ping.fm\/de\/best-seagate-file-recovery-software\/","og_locale":"de_DE","og_type":"article","og_title":"Top 5 der besten Seagate-Dateiwiederherstellungssoftware, die Sie im Jahr 2024 ausprobieren sollten","og_description":"Top 5 Beste Seagate Datenrettungssoftware Wenn es um den Schutz unseres digitalen Lebens geht, kann die Bedeutung einer zuverl\u00e4ssigen Datenrettungsl\u00f6sung nicht genug betont werden. Als jemand, der das gef\u00fcrchtete Szenario eines Datenverlusts erlebt hat, kann ich pers\u00f6nlich f\u00fcr die Panik b\u00fcrgen, die einsetzt, wenn man erkennt, dass die eigenen wertvollen Dateien m\u00f6glicherweise f\u00fcr immer verloren [&hellip;]","og_url":"https:\/\/datarecovery.ping.fm\/de\/best-seagate-file-recovery-software\/","og_site_name":"Datenwiederherstellungssoftware","article_modified_time":"2024-02-29T18:14:47+00:00","og_image":[{"width":1280,"height":731,"url":"https:\/\/datarecovery.ping.fm\/wp-content\/uploads\/2024\/03\/Top-5-Best-Seagate-File-Recovery-Software-German.jpg","type":"image\/jpeg"}],"twitter_card":"summary_large_image","twitter_misc":{"Est. reading time":"4 Minuten"},"schema":{"@context":"https:\/\/schema.org","@graph":[{"@type":"WebPage","@id":"https:\/\/datarecovery.ping.fm\/de\/best-seagate-file-recovery-software\/","url":"https:\/\/datarecovery.ping.fm\/de\/best-seagate-file-recovery-software\/","name":"Top 5 der besten Seagate-Dateiwiederherstellungssoftware, die Sie im Jahr 2024 ausprobieren sollten","isPartOf":{"@id":"https:\/\/datarecovery.ping.fm\/de\/#website"},"datePublished":"2024-01-15T20:29:56+00:00","dateModified":"2024-02-29T18:14:47+00:00","breadcrumb":{"@id":"https:\/\/datarecovery.ping.fm\/de\/best-seagate-file-recovery-software\/#breadcrumb"},"inLanguage":"de-DE","potentialAction":[{"@type":"ReadAction","target":["https:\/\/datarecovery.ping.fm\/de\/best-seagate-file-recovery-software\/"]}]},{"@type":"BreadcrumbList","@id":"https:\/\/datarecovery.ping.fm\/de\/best-seagate-file-recovery-software\/#breadcrumb","itemListElement":[{"@type":"ListItem","position":1,"name":"Home","item":"https:\/\/datarecovery.ping.fm\/de\/"},{"@type":"ListItem","position":2,"name":"Top 5 der besten Seagate-Dateiwiederherstellungssoftware"}]},{"@type":"WebSite","@id":"https:\/\/datarecovery.ping.fm\/de\/#website","url":"https:\/\/datarecovery.ping.fm\/de\/","name":"Datenwiederherstellungssoftware","description":"","potentialAction":[{"@type":"SearchAction","target":{"@type":"EntryPoint","urlTemplate":"https:\/\/datarecovery.ping.fm\/de\/?s={search_term_string}"},"query-input":"required name=search_term_string"}],"inLanguage":"de-DE"}]}},"_links":{"self":[{"href":"https:\/\/datarecovery.ping.fm\/de\/wp-json\/wp\/v2\/pages\/19640"}],"collection":[{"href":"https:\/\/datarecovery.ping.fm\/de\/wp-json\/wp\/v2\/pages"}],"about":[{"href":"https:\/\/datarecovery.ping.fm\/de\/wp-json\/wp\/v2\/types\/page"}],"author":[{"embeddable":true,"href":"https:\/\/datarecovery.ping.fm\/de\/wp-json\/wp\/v2\/users\/2"}],"replies":[{"embeddable":true,"href":"https:\/\/datarecovery.ping.fm\/de\/wp-json\/wp\/v2\/comments?post=19640"}],"version-history":[{"count":1,"href":"https:\/\/datarecovery.ping.fm\/de\/wp-json\/wp\/v2\/pages\/19640\/revisions"}],"predecessor-version":[{"id":28804,"href":"https:\/\/datarecovery.ping.fm\/de\/wp-json\/wp\/v2\/pages\/19640\/revisions\/28804"}],"wp:featuredmedia":[{"embeddable":true,"href":"https:\/\/datarecovery.ping.fm\/de\/wp-json\/wp\/v2\/media\/37180"}],"wp:attachment":[{"href":"https:\/\/datarecovery.ping.fm\/de\/wp-json\/wp\/v2\/media?parent=19640"}],"curies":[{"name":"wp","href":"https:\/\/api.w.org\/{rel}","templated":true}]}}