{"id":19443,"date":"2024-01-15T20:25:31","date_gmt":"2024-01-15T20:25:31","guid":{"rendered":"https:\/\/www.ping.fm\/data-recovery-software\/easeus-data-recovery\/"},"modified":"2024-02-29T18:14:45","modified_gmt":"2024-02-29T18:14:45","slug":"easeus-data-recovery","status":"publish","type":"page","link":"https:\/\/datarecovery.ping.fm\/de\/easeus-data-recovery\/","title":{"rendered":"Easeus Data Recovery Review (Vor- &#038; Nachteile)"},"content":{"rendered":"<section>\n<h1>Easeus Datenrettung Bewertung (Pro &#038; Contra)<\/h1>\n<div class=\"inbrief\">\n<div>&#13;             <img decoding=\"async\" class=\"lazyload\"  srcset=\"data:image\/png;base64,iVBORw0KGgoAAAANSUhEUgAABLAAAAKkAQMAAAAqeFQ7AAAAA3NCSVQICAjb4U\/gAAAABlBMVEX\/\/\/\/\/\/\/9VfPVsAAAAAnRSTlMA\/1uRIrUAAAAJcEhZcwAACxIAAAsSAdLdfvwAAAAcdEVYdFNvZnR3YXJlAEFkb2JlIEZpcmV3b3JrcyBDUzbovLKMAAAAFnRFWHRDcmVhdGlvbiBUaW1lADAxLzI5LzE536V52wAAAHpJREFUeJztwQENAAAAwqD3T20ON6AAAAAAAAAAAAAAAAAAAAAAAAAAAAAAAAAAAAAAAAAAAAAAAAAAAAAAAAAAAAAAAAAAAAAAAAAAAAAAAAAAAAAAAAAAAAAAAAAAAAAAAAAAAAAAAAAAAAAAAAAAAAAAAAAAAIAHA47LAAHp9LjEAAAAAElFTkSuQmCC\" src=\"https:\/\/www.ping.fm\/data-recovery-software\/wp-content\/uploads\/ai\/Easeus-Data-Recovery-Review-(Pros-Cons)-German.jpg\" data-srcset=\"https:\/\/www.ping.fm\/data-recovery-software\/wp-content\/uploads\/ai\/Easeus-Data-Recovery-Review-(Pros-Cons)-German.jpg\" data-lazy-type=\"image\" data-original=\"https:\/\/www.ping.fm\/data-recovery-software\/wp-content\/uploads\/ai\/Easeus-Data-Recovery-Review-(Pros-Cons)-German.jpg\" alt=\"Easeus Datenrettung Bewertung (Pro &#038; Contra)\" title=\"Easeus Datenrettung Bewertung (Pro &#038; Contra)\" width=\"1280\" height=\"720\">&#13;             <\/p>\n<p>In der heutigen digitalen Welt kann Datenverlust eine qu\u00e4lende Erfahrung sein. Ob durch versehentliches L\u00f6schen, Festplattenversagen oder einen Virusangriff, das Ergebnis ist dasselbe: Wichtige Dateien scheinen in Luft aufzugehen. Aber keine Sorge, denn Datenrettungssoftware kommt ins Spiel und verspricht einen Hoffnungsschimmer. Unter diesen hat sich EaseUS Data Recovery als gefragte L\u00f6sung herausgestellt, doch wie schneidet es im Vergleich zu anderen Optionen wie Disk Drill ab? In diesem Review werfen wir einen umfassenden Blick auf EaseUS Data Recovery und vergleichen es mit Disk Drill und zwei weiteren Datenrettungsanwendungen.<\/p>\n<\/div>\n<\/div>\n<\/section>\n<p>&#13;             <\/p>\n<section>\n<div class=\"medal\">\n<div>&#129351;<\/div>\n<\/div>\n<h2><a href=\"https:\/\/www.easeus.com\/datarecoverywizard\/free-data-recovery-software.htm\" rel=\"nofollow external noopener noreferrer\" target=\"_blank\" data-wpel-link=\"external\">EaseUS Data Recovery Wizard<\/a><\/h2>\n<p><img src=\"https:\/\/www.ping.fm\/data-recovery-software\/wp-content\/uploads\/ai\/https---www-easeus-com-datarecoverywizard-free-data-recovery-software-htmGerman.jpg\"><\/p>\n<p>Mit einer benutzerfreundlichen Oberfl\u00e4che und robusten Wiederherstellungsf\u00e4higkeiten bietet <b>EaseUS Data Recovery Wizard<\/b> einen Rettungsanker f\u00fcr verlorene Daten. Geeignet sowohl f\u00fcr Anf\u00e4nger als auch f\u00fcr Profis, stellt EaseUS sowohl Schnell- als auch Tiefenscan-Optionen f\u00fcr verschiedene Wiederherstellungsbed\u00fcrfnisse bereit.<\/p>\n<p><a href=\"https:\/\/www.easeus.com\/datarecoverywizard\/free-data-recovery-software.htm\" rel=\"nofollow external noopener noreferrer\" target=\"_blank\" class=\"ofWSite\" data-wpel-link=\"external\">Offizielle Webseite<\/a><\/p>\n<h3 class='prosTitle'>Pro<\/h3>\n<ul class='listpc pros'>\n<li>Intuitive Benutzeroberfl\u00e4che<\/li>\n<li>Bietet eine kostenlose Version f\u00fcr die vorl\u00e4ufige Datenrettung<\/li>\n<\/ul>\n<h3 class='consTitle'>Contra<\/h3>\n<ul class='listpc cons'>\n<li>Begrenzte Wiederherstellungskapazit\u00e4t in der kostenlosen Version<\/li>\n<li>Volle Wiederherstellung kann etwas kostspielig sein<\/li>\n<\/ul>\n<\/section>\n<p>&#13;             <\/p>\n<section>\n<div class=\"medal\">\n<div>&#129352;<\/div>\n<\/div>\n<h2><a href=\"https:\/\/www.cleverfiles.com\/\" rel=\"follow noopener\" target=\"_blank\" data-wpel-link=\"internal\">Disk Drill<\/a><\/h2>\n<p><img src=\"https:\/\/www.ping.fm\/data-recovery-software\/wp-content\/uploads\/ai\/https---www-cleverfiles-com-German.jpg\"><\/p>\n<p><b>Disk Drill<\/b> ist nicht nur eine Alternative zu <b>EaseUS Data Recovery<\/b> es ist ein Kraftpaket, das fortgeschrittene Techniken zur Dateiwiederherstellung zug\u00e4nglich macht. Mit mehreren Wiederherstellungsmethoden und Unterst\u00fctzung f\u00fcr verschiedene Dateisysteme zeichnet sich Disk Drill durch seine hohe Erfolgsrate aus.<\/p>\n<p><a href=\"https:\/\/www.cleverfiles.com\/\" rel=\"follow noopener\" target=\"_blank\" class=\"ofWSite\" data-wpel-link=\"internal\">Offizielle Webseite<\/a><\/p>\n<h3 class='prosTitle'>Pro<\/h3>\n<ul class='listpc pros'>\n<li>Premium-Funktionen wie SMART-\u00dcberwachung<\/li>\n<li>Recovery Vault f\u00fcr zus\u00e4tzlichen Datenschutz<\/li>\n<\/ul>\n<h3 class='consTitle'>Contra<\/h3>\n<ul class='listpc cons'>\n<li>Kostenlose Version erlaubt Wiederherstellung von bis zu 500MB<\/li>\n<li>Oberfl\u00e4che k\u00f6nnte f\u00fcr neue Nutzer \u00fcberw\u00e4ltigend sein<\/li>\n<\/ul>\n<\/section>\n<p>&#13;             <\/p>\n<section>\n<div class=\"medal\">\n<div>&#129353;<\/div>\n<\/div>\n<h2><a href=\"https:\/\/www.r-studio.com\/\" rel=\"nofollow external noopener noreferrer\" target=\"_blank\" data-wpel-link=\"external\">R-Studio Datenrettung<\/a><\/h2>\n<p><img src=\"https:\/\/www.ping.fm\/data-recovery-software\/wp-content\/uploads\/ai\/https---www-r-studio-com-German.jpg\"><\/p>\n<p>Entwickelt mit dem Fokus auf professionelle Anwender, ist <b>R-Studio Datenrettung<\/b> f\u00fcr seinen umfassenden Werkzeugkasten bekannt. Dieses Kraftpaket kann sich mit Leichtigkeit um logische Partitionsch\u00e4den und Dateikorruption k\u00fcmmern und punktet zus\u00e4tzlich mit plattform\u00fcbergreifender Kompatibilit\u00e4t.<\/p>\n<p><a href=\"https:\/\/www.r-studio.com\/\" rel=\"nofollow external noopener noreferrer\" target=\"_blank\" class=\"ofWSite\" data-wpel-link=\"external\">Offizielle Webseite<\/a><\/p>\n<h3 class='prosTitle'>Pro<\/h3>\n<ul class='listpc pros'>\n<li>Fortgeschrittene Funktionen f\u00fcr den professionellen Einsatz<\/li>\n<li>Netzwerkwiederherstellungsunterst\u00fctzung<\/li>\n<\/ul>\n<h3 class='consTitle'>Contra<\/h3>\n<ul class='listpc cons'>\n<li>H\u00f6here Einstiegsh\u00fcrde f\u00fcr Anf\u00e4nger<\/li>\n<li>Die Gestaltung k\u00f6nnte veraltet erscheinen<\/li>\n<\/ul>\n<\/section>\n<section>\n<div class=\"no-medal\">\n<div>4<\/div>\n<\/div>\n<h2>Wondershare Recoverit<\/h2>\n<p><b>Wondershare Recoverit<\/b> zielt darauf ab, ein \u00fcbersichtliches Wiederherstellungserlebnis zu bieten, mit einem Schwerpunkt auf visueller Klarheit. Die schnelle Scan-Geschwindigkeit und benutzerfreundliche Schnittstelle machen es Neulingen leicht, ohne gro\u00dfe Einarbeitungszeit mit der Wiederherstellung von Dateien zu beginnen.<\/p>\n<p>Offizielle Webseite<\/p>\n<h3 class='prosTitle'>Vorteile<\/h3>\n<ul class='listpc pros'>\n<li>Benutzerfreundliches Design<\/li>\n<li>Schnelle Scangeschwindigkeiten<\/li>\n<\/ul>\n<h3 class='consTitle'>Nachteile<\/h3>\n<ul class='listpc cons'>\n<li>Verglichen mit anderen teurer<\/li>\n<li>Kostenlose Testversion hat eingeschr\u00e4nkte Funktionen<\/li>\n<\/ul>\n<\/section>\n<section>\n<h2>Youtube-Video zum Anschauen<\/h2>\n<div class=\"nonp iframe\"><span class=\"lazyload\" data-original_content=\"PGlmcmFtZSB3aWR0aD0iNDIwIiBoZWlnaHQ9IjMxNSIgc3JjPSIvL3d3dy55b3V0dWJlLmNvbS9lbWJlZC9JR0VpenIxV1ozRSIgZnJhbWVib3JkZXI9IjAiIGFsbG93ZnVsbHNjcmVlbj48L2lmcmFtZT4=\"><\/span><\/div>\n<\/section>\n<p>&#13; <\/p>\n<section>\n<h2>Fazit:<\/h2>\n<div class=\"nonp\">\n<p>Wenn es um Datenwiederherstellungssoftware geht, sollte die oberste Priorit\u00e4t die Erfolgsquote bei der Wiederherstellung sein. Hier sticht <b>Disk Drill<\/b> hervor, oft \u00fcbertrifft es die Erwartungen der Nutzer. Seine Recovery Vault-Funktion dient als zus\u00e4tzliche Schutzschicht und hilft dabei, wichtige Dateien vor m\u00f6glichem Datenverlust zu bewahren.<\/p>\n<p>Das Sprichwort &#8222;Vorbeugen ist besser als heilen&#8220; ist besonders wahr im Bereich der Datenwiederherstellung. Anwendungen wie <a href=\"https:\/\/www.cleverfiles.com\/Disk-drill-windows.html\" rel=\"follow noopener\" target=\"_blank\" data-wpel-link=\"internal\">Disk Drill<\/a> und andere, die wir hier besprochen haben, dienen gr\u00f6\u00dftenteils als Heilmittel, bieten jedoch auch Ma\u00dfnahmen zur Vorbeugung, wie die Recovery Vault von Disk Drill. Die Implementierung solcher Funktionen ist das moderne \u00c4quivalent einer Versicherungspolice f\u00fcr Ihr digitales Leben.<\/p>\n<p>Es ist auch entscheidend, nach Software zu suchen, die eine breite Palette von Dateisystemen und Speicherger\u00e4ten unterst\u00fctzt. Die Kompatibilit\u00e4t mit den neuesten Versionen von Windows und macOS stellt sicher, dass die Software mit Ihren Bed\u00fcrfnissen wachsen kann. F\u00fcr diejenigen mit fortgeschrittenem technischem Know-how k\u00f6nnte die Netzwerkf\u00e4higkeit von R-Studio Data Recovery das zus\u00e4tzliche Ma\u00df an Flexibilit\u00e4t f\u00fcr komplexe Wiederherstellungsaufgaben bieten.<\/p>\n<p>Der Preis kann f\u00fcr viele ein entscheidendes Kriterium sein, aber es ist wichtig, den Kosten gegen den Wert der potenziell wiederhergestellten Daten abzuw\u00e4gen. W\u00e4hrend sich einige am Preis von <b>Wondershare Recoverit<\/b> sto\u00dfen k\u00f6nnten, bleibt die Frage &#8211; kann man wirklich einen Preis auf unersetzliche Erinnerungen oder wichtige Arbeitsdateien setzen?<\/p>\n<p>Dennoch ist es wichtig, vorsichtig zu sein. W\u00e4hlen Sie immer eine seri\u00f6se und sichere Wiederherstellungssoftware wie <b>Disk Drill<\/b> oder <b>EaseUS Data Recovery Wizard<\/b>, die Datensicherheit priorisieren. Nutzen Sie kostenlose Testversionen, um die Leistung zu beurteilen; ein vorl\u00e4ufiger Scan gibt oft eine gute Indikation der F\u00e4higkeiten der Software.<\/p>\n<p>Zuletzt, obwohl <b>Disk Drill<\/b> zweifelsohne ein starker Mitbewerber im Bereich der Datenwiederherstellungssoftware ist, gibt es eine weitere Software, die als <a href=\"https:\/\/disk-drill.com\" rel=\"dofollow external noopener noreferrer\" target=\"_blank\" data-wpel-link=\"external\">Alternative zur EaseUs-Datenwiederherstellung<\/a> hervorsticht und robuste Funktionalit\u00e4t mit Benutzerfreundlichkeit vereint. Es ist wesentlich, die Homepage von <b>Disk Drill<\/b> in Betracht zu ziehen und wie sie einen nutzerzentrierten Ansatz betont, indem sie intuitive Navigation neben ihren leistungsf\u00e4higen Wiederherstellungswerkzeugen bietet.<\/p>\n<\/div>\n<\/section>\n","protected":false},"excerpt":{"rendered":"<p>Easeus Datenrettung Bewertung (Pro &#038; Contra) &#13; &#13; In der heutigen digitalen Welt kann Datenverlust eine qu\u00e4lende Erfahrung sein. Ob durch versehentliches L\u00f6schen, Festplattenversagen oder einen Virusangriff, das Ergebnis ist dasselbe: Wichtige Dateien scheinen in Luft aufzugehen. Aber keine Sorge, denn Datenrettungssoftware kommt ins Spiel und verspricht einen Hoffnungsschimmer. Unter diesen hat sich EaseUS Data [&hellip;]<\/p>\n","protected":false},"author":2,"featured_media":37169,"parent":0,"menu_order":0,"comment_status":"closed","ping_status":"closed","template":"chromecast.php","meta":{"_stopmodifiedupdate":false,"_modified_date":"","_lmt_disableupdate":"yes","_lmt_disable":""},"acf":[],"yoast_head":"<!-- This site is optimized with the Yoast SEO plugin v20.9 - https:\/\/yoast.com\/wordpress\/plugins\/seo\/ -->\n<title>Rezension von Easeus Data Recovery &amp; Alternative Anwendungen in 2024 (Vor- und Nachteile)<\/title>\n<meta name=\"robots\" content=\"index, follow, max-snippet:-1, max-image-preview:large, max-video-preview:-1\" \/>\n<link rel=\"canonical\" href=\"https:\/\/datarecovery.ping.fm\/de\/easeus-data-recovery\/\" \/>\n<meta property=\"og:locale\" content=\"de_DE\" \/>\n<meta property=\"og:type\" content=\"article\" \/>\n<meta property=\"og:title\" content=\"Rezension von Easeus Data Recovery &amp; Alternative Anwendungen in 2024 (Vor- und Nachteile)\" \/>\n<meta property=\"og:description\" content=\"Easeus Datenrettung Bewertung (Pro &#038; Contra) &#013; &#013; In der heutigen digitalen Welt kann Datenverlust eine qu\u00e4lende Erfahrung sein. Ob durch versehentliches L\u00f6schen, Festplattenversagen oder einen Virusangriff, das Ergebnis ist dasselbe: Wichtige Dateien scheinen in Luft aufzugehen. Aber keine Sorge, denn Datenrettungssoftware kommt ins Spiel und verspricht einen Hoffnungsschimmer. Unter diesen hat sich EaseUS Data [&hellip;]\" \/>\n<meta property=\"og:url\" content=\"https:\/\/datarecovery.ping.fm\/de\/easeus-data-recovery\/\" \/>\n<meta property=\"og:site_name\" content=\"Datenwiederherstellungssoftware\" \/>\n<meta property=\"article:modified_time\" content=\"2024-02-29T18:14:45+00:00\" \/>\n<meta property=\"og:image\" content=\"https:\/\/datarecovery.ping.fm\/wp-content\/uploads\/2024\/03\/Easeus-Data-Recovery-Review-Pros-Cons-German.jpg\" \/>\n\t<meta property=\"og:image:width\" content=\"1280\" \/>\n\t<meta property=\"og:image:height\" content=\"731\" \/>\n\t<meta property=\"og:image:type\" content=\"image\/jpeg\" \/>\n<meta name=\"twitter:card\" content=\"summary_large_image\" \/>\n<meta name=\"twitter:label1\" content=\"Est. reading time\" \/>\n\t<meta name=\"twitter:data1\" content=\"3 Minuten\" \/>\n<script type=\"application\/ld+json\" class=\"yoast-schema-graph\">{\"@context\":\"https:\/\/schema.org\",\"@graph\":[{\"@type\":\"WebPage\",\"@id\":\"https:\/\/datarecovery.ping.fm\/de\/easeus-data-recovery\/\",\"url\":\"https:\/\/datarecovery.ping.fm\/de\/easeus-data-recovery\/\",\"name\":\"Rezension von Easeus Data Recovery & Alternative Anwendungen in 2024 (Vor- und Nachteile)\",\"isPartOf\":{\"@id\":\"https:\/\/datarecovery.ping.fm\/de\/#website\"},\"datePublished\":\"2024-01-15T20:25:31+00:00\",\"dateModified\":\"2024-02-29T18:14:45+00:00\",\"breadcrumb\":{\"@id\":\"https:\/\/datarecovery.ping.fm\/de\/easeus-data-recovery\/#breadcrumb\"},\"inLanguage\":\"de-DE\",\"potentialAction\":[{\"@type\":\"ReadAction\",\"target\":[\"https:\/\/datarecovery.ping.fm\/de\/easeus-data-recovery\/\"]}]},{\"@type\":\"BreadcrumbList\",\"@id\":\"https:\/\/datarecovery.ping.fm\/de\/easeus-data-recovery\/#breadcrumb\",\"itemListElement\":[{\"@type\":\"ListItem\",\"position\":1,\"name\":\"Home\",\"item\":\"https:\/\/datarecovery.ping.fm\/de\/\"},{\"@type\":\"ListItem\",\"position\":2,\"name\":\"Easeus Data Recovery Review (Vor- &#038; Nachteile)\"}]},{\"@type\":\"WebSite\",\"@id\":\"https:\/\/datarecovery.ping.fm\/de\/#website\",\"url\":\"https:\/\/datarecovery.ping.fm\/de\/\",\"name\":\"Datenwiederherstellungssoftware\",\"description\":\"\",\"potentialAction\":[{\"@type\":\"SearchAction\",\"target\":{\"@type\":\"EntryPoint\",\"urlTemplate\":\"https:\/\/datarecovery.ping.fm\/de\/?s={search_term_string}\"},\"query-input\":\"required name=search_term_string\"}],\"inLanguage\":\"de-DE\"}]}<\/script>\n<!-- \/ Yoast SEO plugin. -->","yoast_head_json":{"title":"Rezension von Easeus Data Recovery & Alternative Anwendungen in 2024 (Vor- und Nachteile)","robots":{"index":"index","follow":"follow","max-snippet":"max-snippet:-1","max-image-preview":"max-image-preview:large","max-video-preview":"max-video-preview:-1"},"canonical":"https:\/\/datarecovery.ping.fm\/de\/easeus-data-recovery\/","og_locale":"de_DE","og_type":"article","og_title":"Rezension von Easeus Data Recovery & Alternative Anwendungen in 2024 (Vor- und Nachteile)","og_description":"Easeus Datenrettung Bewertung (Pro &#038; Contra) &#13; &#13; In der heutigen digitalen Welt kann Datenverlust eine qu\u00e4lende Erfahrung sein. Ob durch versehentliches L\u00f6schen, Festplattenversagen oder einen Virusangriff, das Ergebnis ist dasselbe: Wichtige Dateien scheinen in Luft aufzugehen. Aber keine Sorge, denn Datenrettungssoftware kommt ins Spiel und verspricht einen Hoffnungsschimmer. Unter diesen hat sich EaseUS Data [&hellip;]","og_url":"https:\/\/datarecovery.ping.fm\/de\/easeus-data-recovery\/","og_site_name":"Datenwiederherstellungssoftware","article_modified_time":"2024-02-29T18:14:45+00:00","og_image":[{"width":1280,"height":731,"url":"https:\/\/datarecovery.ping.fm\/wp-content\/uploads\/2024\/03\/Easeus-Data-Recovery-Review-Pros-Cons-German.jpg","type":"image\/jpeg"}],"twitter_card":"summary_large_image","twitter_misc":{"Est. reading time":"3 Minuten"},"schema":{"@context":"https:\/\/schema.org","@graph":[{"@type":"WebPage","@id":"https:\/\/datarecovery.ping.fm\/de\/easeus-data-recovery\/","url":"https:\/\/datarecovery.ping.fm\/de\/easeus-data-recovery\/","name":"Rezension von Easeus Data Recovery & Alternative Anwendungen in 2024 (Vor- und Nachteile)","isPartOf":{"@id":"https:\/\/datarecovery.ping.fm\/de\/#website"},"datePublished":"2024-01-15T20:25:31+00:00","dateModified":"2024-02-29T18:14:45+00:00","breadcrumb":{"@id":"https:\/\/datarecovery.ping.fm\/de\/easeus-data-recovery\/#breadcrumb"},"inLanguage":"de-DE","potentialAction":[{"@type":"ReadAction","target":["https:\/\/datarecovery.ping.fm\/de\/easeus-data-recovery\/"]}]},{"@type":"BreadcrumbList","@id":"https:\/\/datarecovery.ping.fm\/de\/easeus-data-recovery\/#breadcrumb","itemListElement":[{"@type":"ListItem","position":1,"name":"Home","item":"https:\/\/datarecovery.ping.fm\/de\/"},{"@type":"ListItem","position":2,"name":"Easeus Data Recovery Review (Vor- &#038; Nachteile)"}]},{"@type":"WebSite","@id":"https:\/\/datarecovery.ping.fm\/de\/#website","url":"https:\/\/datarecovery.ping.fm\/de\/","name":"Datenwiederherstellungssoftware","description":"","potentialAction":[{"@type":"SearchAction","target":{"@type":"EntryPoint","urlTemplate":"https:\/\/datarecovery.ping.fm\/de\/?s={search_term_string}"},"query-input":"required name=search_term_string"}],"inLanguage":"de-DE"}]}},"_links":{"self":[{"href":"https:\/\/datarecovery.ping.fm\/de\/wp-json\/wp\/v2\/pages\/19443"}],"collection":[{"href":"https:\/\/datarecovery.ping.fm\/de\/wp-json\/wp\/v2\/pages"}],"about":[{"href":"https:\/\/datarecovery.ping.fm\/de\/wp-json\/wp\/v2\/types\/page"}],"author":[{"embeddable":true,"href":"https:\/\/datarecovery.ping.fm\/de\/wp-json\/wp\/v2\/users\/2"}],"replies":[{"embeddable":true,"href":"https:\/\/datarecovery.ping.fm\/de\/wp-json\/wp\/v2\/comments?post=19443"}],"version-history":[{"count":1,"href":"https:\/\/datarecovery.ping.fm\/de\/wp-json\/wp\/v2\/pages\/19443\/revisions"}],"predecessor-version":[{"id":28792,"href":"https:\/\/datarecovery.ping.fm\/de\/wp-json\/wp\/v2\/pages\/19443\/revisions\/28792"}],"wp:featuredmedia":[{"embeddable":true,"href":"https:\/\/datarecovery.ping.fm\/de\/wp-json\/wp\/v2\/media\/37169"}],"wp:attachment":[{"href":"https:\/\/datarecovery.ping.fm\/de\/wp-json\/wp\/v2\/media?parent=19443"}],"curies":[{"name":"wp","href":"https:\/\/api.w.org\/{rel}","templated":true}]}}