{"id":19191,"date":"2023-12-25T15:46:11","date_gmt":"2023-12-25T15:46:11","guid":{"rendered":"https:\/\/www.ping.fm\/data-recovery-software\/recover-deleted-files\/"},"modified":"2024-02-29T18:14:43","modified_gmt":"2024-02-29T18:14:43","slug":"recover-deleted-files","status":"publish","type":"page","link":"https:\/\/datarecovery.ping.fm\/de\/recover-deleted-files\/","title":{"rendered":"Beste Software zur Wiederherstellung gel\u00f6schter Dateien auf dem Mac"},"content":{"rendered":"<section>\n<h1>Top-Software zur Wiederherstellung gel\u00f6schter Dateien auf dem Mac<\/h1>\n<div class=\"inbrief\">\n<div>             <img src=\"https:\/\/www.ping.fm\/data-recovery-software\/wp-content\/uploads\/ai\/Top-Software-to-Recover-Deleted-Files-on-Mac-German.jpg\" alt=\"Top-Software zur Wiederherstellung gel\u00f6schter Dateien auf dem Mac\" title=\"Top-Software zur Wiederherstellung gel\u00f6schter Dateien auf dem Mac\" width=\"1280\" height=\"720\">             <\/p>\n<p>Hatten Sie schon einmal diesen Magen umdrehenden Moment, als Sie feststellen, dass Sie versehentlich eine Datei auf Ihrem Mac gel\u00f6scht haben, die eigentlich ziemlich wichtig war? Vielleicht war es ein gesch\u00e4tztes Foto, ein kritischer Bericht oder einfach nur einige Notizen, mit denen Sie noch nicht ganz fertig waren. Nun, das Gef\u00fchl, dass die Informationen f\u00fcr immer verloren sind, ist ganz normal, aber keine Sorge, es ist nicht das Ende der Welt. Tats\u00e4chlich k\u00f6nnen die Dateien, von denen Sie denken, dass sie verloren sind, sehr wohl wiederherstellbar sein, und das kann ich pers\u00f6nlich best\u00e4tigen. Lassen Sie mich Ihnen die besten 5 Apps vorstellen, um gel\u00f6schte Dateien auf dem Mac wiederherzustellen, einschlie\u00dflich meines pers\u00f6nlichen Favoriten, Disk Drill.<\/p>\n<\/div>\n<\/div>\n<\/section>\n<section>\n<div class=\"medal\">\n<div>&#129351;<\/div>\n<\/div>\n<h2><a href='https:\/\/www.cleverfiles.com\/disk-drill-mac.html' rel=\"nofollow noopener\" target='_blank'>Disk Drill<\/a><\/h2>\n<p><img src=\"https:\/\/www.ping.fm\/data-recovery-software\/wp-content\/uploads\/ai\/https---www-cleverfiles-com-disk-drill-mac-htmlGerman.jpg\"><\/p>\n<p>Unter meiner Auswahl an Wiederherstellungssoftware sticht <b>Disk Drill<\/b> durch seine Benutzerfreundlichkeit und leistungsstarken Scanfunktionen hervor. Es verf\u00fcgt \u00fcber eine nutzerfreundliche Oberfl\u00e4che, die es Ihnen erm\u00f6glicht, wie ein Profi durch wiederherstellbare Daten zu navigieren. Die einzigartigen Algorithmen von Disk Drill sind darauf ausgelegt, eine Vielzahl von Dateiformaten zu retten, was es zu einem vielseitigen Werkzeug f\u00fcr fast jedes unerwartete L\u00f6schszenario macht. Schlie\u00dflich wird es nicht umsonst als eine der <b>besten Apps zur Wiederherstellung gel\u00f6schter Dateien<\/b> auf dem Mac anerkannt.<\/p>\n<p><a href='https:\/\/www.cleverfiles.com\/disk-drill-mac.html' rel=\"nofollow noopener\" target='_blank' class='ofWSite'>Offizielle Webseite<\/a><\/p>\n<h3 class='prosTitle'>Vorteile<\/h3>\n<ul class='listpc pros'>\n<li>Intuitive Benutzeroberfl\u00e4che und einfach zu bedienen<\/li>\n<li>Unterst\u00fctzt verschiedene Dateisysteme<\/li>\n<li>Vorschaufunktion f\u00fcr wiederherstellbare Dateien vor der eigentlichen Wiederherstellung<\/li>\n<li>Zus\u00e4tzliche Festplattenwerkzeuge f\u00fcr Wartung und \u00dcberwachung<\/li>\n<\/ul>\n<h3 class='consTitle'>Nachteile<\/h3>\n<ul class='listpc cons'>\n<li>Kostenlose Version hat eingeschr\u00e4nkte Funktionen<\/li>\n<li>Vollst\u00e4ndige Wiederherstellung erfordert ein kostenpflichtiges Upgrade<\/li>\n<\/ul>\n<\/section>\n<section>\n<div class=\"medal\">\n<div>&#129352;<\/div>\n<\/div>\n<h2>EaseUS Data Recovery Wizard<\/h2>\n<p>Der <b>EaseUS Data Recovery Wizard<\/b> verspricht einen magischen Touch und erf\u00fcllt in vielen F\u00e4llen diesen Anspruch. Ich habe ihn als sehr effektiv empfunden, um Dateien in verschiedenen Szenarien wie versehentlichem L\u00f6schen und Partitionverlust wiederherzustellen. Sein einfacher, wizard-basierter Ansatz f\u00fchrt Sie durch den Wiederherstellungsprozess, was in stressigen Datenverlustmomenten eine gro\u00dfe Erleichterung sein kann.<\/p>\n<p>Offizielle Webseite<\/p>\n<h3 class='prosTitle'>Vorteile<\/h3>\n<ul class='listpc pros'>\n<li>Benutzerfreundliche Schnittstelle, geeignet f\u00fcr Anf\u00e4nger<\/li>\n<li>Unterst\u00fctzt bootf\u00e4hige Medien f\u00fcr den Notfallgebrauch<\/li>\n<li>Geht \u00fcber einfache Dateiwiederherstellung hinaus<\/li>\n<\/ul>\n<h3 class='consTitle'>Nachteile<\/h3>\n<ul class='listpc cons'>\n<li>Einige finden das Abonnementmodell teuer<\/li>\n<li>Scangeschwindigkeiten k\u00f6nnen je nach Festplattengr\u00f6\u00dfe langsam sein<\/li>\n<\/ul>\n<\/section>\n<section>\n<div class=\"medal\">\n<div>&#129353;<\/div>\n<\/div>\n<h2><a href='https:\/\/www.stellarinfo.com\/data-recovery-mac.php' rel=\"nofollow noopener\" target='_blank'>Stellar Data Recovery<\/a><\/h2>\n<p><img src=\"https:\/\/www.ping.fm\/data-recovery-software\/wp-content\/uploads\/ai\/https---www-stellarinfo-com-data-recovery-mac-phpGerman.jpg\"><\/p>\n<p>Wenn es um Dateiwiederherstellung geht, war <b>Stellar Data Recovery<\/b> mehr als einmal ein Lebensretter. Diese leistungsstarke Anwendung hat mir geholfen, verlorene Dokumente nach versehentlichem L\u00f6schen oder Besch\u00e4digung wiederzubeschaffen. Sie ist sowohl f\u00fcr Profis als auch f\u00fcr Gelegenheitsnutzer geeignet und bietet verschiedene Editionen basierend auf Ihren spezifischen Bed\u00fcrfnissen, was ich \u00e4u\u00dferst praktisch finde.<\/p>\n<p><a href='https:\/\/www.stellarinfo.com\/data-recovery-mac.php' rel=\"nofollow noopener\" target='_blank' class='ofWSite'>Offizielle Webseite<\/a><\/p>\n<h3 class='prosTitle'>Vorteile<\/h3>\n<ul class='listpc pros'>\n<li>Benutzerfreundliche Schnittstelle<\/li>\n<li>Kann Daten von verschl\u00fcsselten Laufwerken wiederherstellen<\/li>\n<li>Leistungsorientierte Wiederherstellung<\/li>\n<\/ul>\n<h3 class='consTitle'>Nachteile<\/h3>\n<ul class='listpc cons'>\n<li>Das vollst\u00e4ndige Funktionsspektrum kann ziemlich teuer sein<\/li>\n<li>Tiefenscans k\u00f6nnen zeitintensiv sein<\/li>\n<\/ul>\n<\/section>\n<section>\n<div class=\"no-medal\">\n<div>4<\/div>\n<\/div>\n<h2>R-Studio for Mac<\/h2>\n<p>Speziell f\u00fcr das technikaffine Publikum konzipiert, gl\u00e4nzt <b>R-Studio for Mac<\/b> besonders bei der Handhabung komplexer Datenwiederherstellungsf\u00e4lle wie RAID-Wiederherstellung. Obwohl es f\u00fcr den Durchschnittsbenutzer eine steilere Lernkurve haben mag, ist es mit fortgeschrittenen Funktionen und Anpassungsoptionen ausgestattet, in die sich Technikbegeisterte vertiefen k\u00f6nnen. Wenn Sie sich mit tiefgehender Technik wohl f\u00fchlen, k\u00f6nnte dieses Kraftpaket genau das Richtige f\u00fcr Sie sein.<\/p>\n<p>Offizielle Webseite<\/p>\n<h3 class='prosTitle'>Vorteile<\/h3>\n<ul class='listpc pros'>\n<li>Fortgeschrittene Datenwiederherstellungsfunktionen<\/li>\n<li>Unterst\u00fctzt netzwerkbasierte Wiederherstellung \u00fcber LAN<\/li>\n<li>Robuster Dateivorschauer<\/li>\n<\/ul>\n<h3 class='consTitle'>Nachteile<\/h3>\n<ul class='listpc cons'>\n<li>Schnittstelle nicht so intuitiv f\u00fcr Anf\u00e4nger<\/li>\n<li>H\u00f6herer Preisschild kann eine H\u00fcrde sein<\/li>\n<\/ul>\n<\/section>\n<section>\n<div class=\"no-medal\">\n<div>5<\/div>\n<\/div>\n<h2>Data Rescue 5 f\u00fcr Mac<\/h2>\n<p>Als Mittelweg zwischen Benutzerfreundlichkeit und leistungsstarker Funktionalit\u00e4t hat sich <b>Data Rescue 5 f\u00fcr Mac<\/b> seinen Platz im Werkzeugkasten verdient dank eines unkomplizierten Ansatzes zur Dateiwiederherstellung. Mit einer klaren und \u00fcbersichtlichen Benutzeroberfl\u00e4che bietet es einen schn\u00f6rkellosen Wiederherstellungsprozess und bewahrt dennoch professionelle Leistungsf\u00e4higkeit unter der Haube.<\/p>\n<p>Offizielle Website<\/p>\n<h3 class='prosTitle'>Vorteile<\/h3>\n<ul class='listpc pros'>\n<li>Einfache, saubere Schnittstelle<\/li>\n<li>Gr\u00fcndlicher Scan-Prozess<\/li>\n<li>Dedizierte E-Mail-Benachrichtigungen f\u00fcr Scanabschluss<\/li>\n<\/ul>\n<h3 class='consTitle'>Nachteile<\/h3>\n<ul class='listpc cons'>\n<li>Vorschaufunktion kann Gl\u00fcckssache sein<\/li>\n<li>Wiederherstellungsprozess kann manchmal langsamer sein als bei Wettbewerbern<\/li>\n<\/ul>\n<\/section>\n<section>\n<h2>Youtube-Video zum Anschauen<\/h2>\n<div class=\"nonp iframe\"><iframe width=\"420\" height=\"315\" src=\"\/\/www.youtube.com\/embed\/9aVZqFygw8I\" frameborder=\"0\" allowfullscreen><\/iframe><\/div>\n<\/section>\n<section>\n<h2>Fazit:<\/h2>\n<div class=\"nonp\">\n<p>Nun m\u00f6chte ich Ihnen einige zus\u00e4tzliche Einblicke in die Dateiwiederherstellung auf dem Mac geben. Das Verst\u00e4ndnis der Mechanismen, wie Dateil\u00f6schungen funktionieren, ist entscheidend, wenn Sie \u00fcberhaupt eine Chance haben wollen, Ihre Daten zur\u00fcckzubekommen. Wenn Dateien gel\u00f6scht werden, werden sie nicht sofort von Ihrem System entfernt. Stattdessen wird der von ihnen belegte Speicherplatz als &#8218;verf\u00fcgbar&#8216; gekennzeichnet, um von neuen Daten \u00fcberschrieben zu werden. Das bedeutet, dass die Dateien wiederherstellbar bleiben, bis dieser Platz von etwas anderem verwendet wird.<\/p>\n<p>Es ist auch klug, \u00fcber das Erstellen eines bootf\u00e4higen Wiederherstellungslaufwerks nachzudenken. Dies kann ein Lebensretter sein, insbesondere wenn Ihr Mac nach einem Datenverlust nicht mehr hochf\u00e4hrt. Wenn Sie dies im Voraus vorbereitet haben, sind Sie immer auf das Worst-Case-Szenario vorbereitet. Es gibt eine Vielzahl von Ressourcen, die Ihnen dabei helfen k\u00f6nnen, aber z\u00f6gern Sie nicht, sich mit einem Fachmann zu beraten, wenn Sie sich bei dem Prozess unsicher sind.<\/p>\n<p>Weiterhin sprechen wir \u00fcber Cloud-Speicher und regelm\u00e4\u00dfige Backups. Ja, es wird st\u00e4ndig darauf hingewiesen, aber aus gutem Grund. Dienste wie iCloud, Dropbox oder Time Machine k\u00f6nnen in Backup- und Wiederherstellungssituationen wahre Helden sein. Sie sind das Sicherheitsnetz, das Sie erst dann wirklich zu sch\u00e4tzen wissen, wenn Sie es brauchen.<\/p>\n<p>Zum Schluss achten Sie darauf, die <a href='https:\/\/www.handyrecovery.com\/best-mac-disk-repair-software\/' rel=\"dofollow noopener\" target='_blank'>beste App zur Dateiwiederherstellung<\/a> zu finden. Ein zuverl\u00e4ssiges Werkzeug hilft nicht nur bei der Wiederherstellung; es kann auch dabei helfen, die Festplattengesundheit zu diagnostizieren und zuk\u00fcnftige Missgeschicke zu verhindern. Lasst uns gemeinsam f\u00fcr das Wohl unseres Macs sorgen, genauso wie wir es mit unserer eigenen Gesundheit tun w\u00fcrden.<\/p>\n<\/div>\n<\/section>\n","protected":false},"excerpt":{"rendered":"<p>Top-Software zur Wiederherstellung gel\u00f6schter Dateien auf dem Mac Hatten Sie schon einmal diesen Magen umdrehenden Moment, als Sie feststellen, dass Sie versehentlich eine Datei auf Ihrem Mac gel\u00f6scht haben, die eigentlich ziemlich wichtig war? Vielleicht war es ein gesch\u00e4tztes Foto, ein kritischer Bericht oder einfach nur einige Notizen, mit denen Sie noch nicht ganz fertig [&hellip;]<\/p>\n","protected":false},"author":2,"featured_media":37146,"parent":0,"menu_order":0,"comment_status":"closed","ping_status":"closed","template":"chromecast.php","meta":{"_stopmodifiedupdate":false,"_modified_date":"","_lmt_disableupdate":"yes","_lmt_disable":""},"acf":[],"yoast_head":"<!-- This site is optimized with the Yoast SEO plugin v20.9 - https:\/\/yoast.com\/wordpress\/plugins\/seo\/ -->\n<title>Beste Software zur Wiederherstellung gel\u00f6schter Dateien auf einem Mac. Vor- und Nachteile. Nov 2023<\/title>\n<meta name=\"robots\" content=\"index, follow, max-snippet:-1, max-image-preview:large, max-video-preview:-1\" \/>\n<link rel=\"canonical\" href=\"https:\/\/datarecovery.ping.fm\/de\/recover-deleted-files\/\" \/>\n<meta property=\"og:locale\" content=\"de_DE\" \/>\n<meta property=\"og:type\" content=\"article\" \/>\n<meta property=\"og:title\" content=\"Beste Software zur Wiederherstellung gel\u00f6schter Dateien auf einem Mac. Vor- und Nachteile. Nov 2023\" \/>\n<meta property=\"og:description\" content=\"Top-Software zur Wiederherstellung gel\u00f6schter Dateien auf dem Mac Hatten Sie schon einmal diesen Magen umdrehenden Moment, als Sie feststellen, dass Sie versehentlich eine Datei auf Ihrem Mac gel\u00f6scht haben, die eigentlich ziemlich wichtig war? Vielleicht war es ein gesch\u00e4tztes Foto, ein kritischer Bericht oder einfach nur einige Notizen, mit denen Sie noch nicht ganz fertig [&hellip;]\" \/>\n<meta property=\"og:url\" content=\"https:\/\/datarecovery.ping.fm\/de\/recover-deleted-files\/\" \/>\n<meta property=\"og:site_name\" content=\"Datenwiederherstellungssoftware\" \/>\n<meta property=\"article:modified_time\" content=\"2024-02-29T18:14:43+00:00\" \/>\n<meta property=\"og:image\" content=\"https:\/\/datarecovery.ping.fm\/wp-content\/uploads\/2024\/03\/Top-Software-to-Recover-Deleted-Files-on-Mac-German.jpg\" \/>\n\t<meta property=\"og:image:width\" content=\"1280\" \/>\n\t<meta property=\"og:image:height\" content=\"731\" \/>\n\t<meta property=\"og:image:type\" content=\"image\/jpeg\" \/>\n<meta name=\"twitter:card\" content=\"summary_large_image\" \/>\n<meta name=\"twitter:label1\" content=\"Est. reading time\" \/>\n\t<meta name=\"twitter:data1\" content=\"4 Minuten\" \/>\n<script type=\"application\/ld+json\" class=\"yoast-schema-graph\">{\"@context\":\"https:\/\/schema.org\",\"@graph\":[{\"@type\":\"WebPage\",\"@id\":\"https:\/\/datarecovery.ping.fm\/de\/recover-deleted-files\/\",\"url\":\"https:\/\/datarecovery.ping.fm\/de\/recover-deleted-files\/\",\"name\":\"Beste Software zur Wiederherstellung gel\u00f6schter Dateien auf einem Mac. Vor- und Nachteile. Nov 2023\",\"isPartOf\":{\"@id\":\"https:\/\/datarecovery.ping.fm\/de\/#website\"},\"datePublished\":\"2023-12-25T15:46:11+00:00\",\"dateModified\":\"2024-02-29T18:14:43+00:00\",\"breadcrumb\":{\"@id\":\"https:\/\/datarecovery.ping.fm\/de\/recover-deleted-files\/#breadcrumb\"},\"inLanguage\":\"de-DE\",\"potentialAction\":[{\"@type\":\"ReadAction\",\"target\":[\"https:\/\/datarecovery.ping.fm\/de\/recover-deleted-files\/\"]}]},{\"@type\":\"BreadcrumbList\",\"@id\":\"https:\/\/datarecovery.ping.fm\/de\/recover-deleted-files\/#breadcrumb\",\"itemListElement\":[{\"@type\":\"ListItem\",\"position\":1,\"name\":\"Home\",\"item\":\"https:\/\/datarecovery.ping.fm\/de\/\"},{\"@type\":\"ListItem\",\"position\":2,\"name\":\"Beste Software zur Wiederherstellung gel\u00f6schter Dateien auf dem Mac\"}]},{\"@type\":\"WebSite\",\"@id\":\"https:\/\/datarecovery.ping.fm\/de\/#website\",\"url\":\"https:\/\/datarecovery.ping.fm\/de\/\",\"name\":\"Datenwiederherstellungssoftware\",\"description\":\"\",\"potentialAction\":[{\"@type\":\"SearchAction\",\"target\":{\"@type\":\"EntryPoint\",\"urlTemplate\":\"https:\/\/datarecovery.ping.fm\/de\/?s={search_term_string}\"},\"query-input\":\"required name=search_term_string\"}],\"inLanguage\":\"de-DE\"}]}<\/script>\n<!-- \/ Yoast SEO plugin. -->","yoast_head_json":{"title":"Beste Software zur Wiederherstellung gel\u00f6schter Dateien auf einem Mac. Vor- und Nachteile. Nov 2023","robots":{"index":"index","follow":"follow","max-snippet":"max-snippet:-1","max-image-preview":"max-image-preview:large","max-video-preview":"max-video-preview:-1"},"canonical":"https:\/\/datarecovery.ping.fm\/de\/recover-deleted-files\/","og_locale":"de_DE","og_type":"article","og_title":"Beste Software zur Wiederherstellung gel\u00f6schter Dateien auf einem Mac. Vor- und Nachteile. Nov 2023","og_description":"Top-Software zur Wiederherstellung gel\u00f6schter Dateien auf dem Mac Hatten Sie schon einmal diesen Magen umdrehenden Moment, als Sie feststellen, dass Sie versehentlich eine Datei auf Ihrem Mac gel\u00f6scht haben, die eigentlich ziemlich wichtig war? Vielleicht war es ein gesch\u00e4tztes Foto, ein kritischer Bericht oder einfach nur einige Notizen, mit denen Sie noch nicht ganz fertig [&hellip;]","og_url":"https:\/\/datarecovery.ping.fm\/de\/recover-deleted-files\/","og_site_name":"Datenwiederherstellungssoftware","article_modified_time":"2024-02-29T18:14:43+00:00","og_image":[{"width":1280,"height":731,"url":"https:\/\/datarecovery.ping.fm\/wp-content\/uploads\/2024\/03\/Top-Software-to-Recover-Deleted-Files-on-Mac-German.jpg","type":"image\/jpeg"}],"twitter_card":"summary_large_image","twitter_misc":{"Est. reading time":"4 Minuten"},"schema":{"@context":"https:\/\/schema.org","@graph":[{"@type":"WebPage","@id":"https:\/\/datarecovery.ping.fm\/de\/recover-deleted-files\/","url":"https:\/\/datarecovery.ping.fm\/de\/recover-deleted-files\/","name":"Beste Software zur Wiederherstellung gel\u00f6schter Dateien auf einem Mac. Vor- und Nachteile. Nov 2023","isPartOf":{"@id":"https:\/\/datarecovery.ping.fm\/de\/#website"},"datePublished":"2023-12-25T15:46:11+00:00","dateModified":"2024-02-29T18:14:43+00:00","breadcrumb":{"@id":"https:\/\/datarecovery.ping.fm\/de\/recover-deleted-files\/#breadcrumb"},"inLanguage":"de-DE","potentialAction":[{"@type":"ReadAction","target":["https:\/\/datarecovery.ping.fm\/de\/recover-deleted-files\/"]}]},{"@type":"BreadcrumbList","@id":"https:\/\/datarecovery.ping.fm\/de\/recover-deleted-files\/#breadcrumb","itemListElement":[{"@type":"ListItem","position":1,"name":"Home","item":"https:\/\/datarecovery.ping.fm\/de\/"},{"@type":"ListItem","position":2,"name":"Beste Software zur Wiederherstellung gel\u00f6schter Dateien auf dem Mac"}]},{"@type":"WebSite","@id":"https:\/\/datarecovery.ping.fm\/de\/#website","url":"https:\/\/datarecovery.ping.fm\/de\/","name":"Datenwiederherstellungssoftware","description":"","potentialAction":[{"@type":"SearchAction","target":{"@type":"EntryPoint","urlTemplate":"https:\/\/datarecovery.ping.fm\/de\/?s={search_term_string}"},"query-input":"required name=search_term_string"}],"inLanguage":"de-DE"}]}},"_links":{"self":[{"href":"https:\/\/datarecovery.ping.fm\/de\/wp-json\/wp\/v2\/pages\/19191"}],"collection":[{"href":"https:\/\/datarecovery.ping.fm\/de\/wp-json\/wp\/v2\/pages"}],"about":[{"href":"https:\/\/datarecovery.ping.fm\/de\/wp-json\/wp\/v2\/types\/page"}],"author":[{"embeddable":true,"href":"https:\/\/datarecovery.ping.fm\/de\/wp-json\/wp\/v2\/users\/2"}],"replies":[{"embeddable":true,"href":"https:\/\/datarecovery.ping.fm\/de\/wp-json\/wp\/v2\/comments?post=19191"}],"version-history":[{"count":1,"href":"https:\/\/datarecovery.ping.fm\/de\/wp-json\/wp\/v2\/pages\/19191\/revisions"}],"predecessor-version":[{"id":28780,"href":"https:\/\/datarecovery.ping.fm\/de\/wp-json\/wp\/v2\/pages\/19191\/revisions\/28780"}],"wp:featuredmedia":[{"embeddable":true,"href":"https:\/\/datarecovery.ping.fm\/de\/wp-json\/wp\/v2\/media\/37146"}],"wp:attachment":[{"href":"https:\/\/datarecovery.ping.fm\/de\/wp-json\/wp\/v2\/media?parent=19191"}],"curies":[{"name":"wp","href":"https:\/\/api.w.org\/{rel}","templated":true}]}}