{"id":18937,"date":"2024-01-08T12:01:16","date_gmt":"2024-01-08T12:01:16","guid":{"rendered":"https:\/\/www.ping.fm\/data-recovery-software\/sdhc-data-recovery\/"},"modified":"2024-02-16T08:53:06","modified_gmt":"2024-02-16T08:53:06","slug":"sdhc-data-recovery","status":"publish","type":"page","link":"https:\/\/datarecovery.ping.fm\/de\/sdhc-data-recovery\/","title":{"rendered":"So stellen Sie kostenlos gel\u00f6schte Dateien von einer SDHC-Karte wieder her"},"content":{"rendered":"<section>\n<h1>So stellen Sie gel\u00f6schte Dateien kostenlos von einer SDHC-Karte wieder her<\/h1>\n<div class=\"inbrief\">\n<div>             <img decoding=\"async\" class=\"lazyload\" srcset=\"data:image\/png;base64,iVBORw0KGgoAAAANSUhEUgAABLAAAAKkAQMAAAAqeFQ7AAAAA3NCSVQICAjb4U\/gAAAABlBMVEX\/\/\/\/\/\/\/9VfPVsAAAAAnRSTlMA\/1uRIrUAAAAJcEhZcwAACxIAAAsSAdLdfvwAAAAcdEVYdFNvZnR3YXJlAEFkb2JlIEZpcmV3b3JrcyBDUzbovLKMAAAAFnRFWHRDcmVhdGlvbiBUaW1lADAxLzI5LzE536V52wAAAHpJREFUeJztwQENAAAAwqD3T20ON6AAAAAAAAAAAAAAAAAAAAAAAAAAAAAAAAAAAAAAAAAAAAAAAAAAAAAAAAAAAAAAAAAAAAAAAAAAAAAAAAAAAAAAAAAAAAAAAAAAAAAAAAAAAAAAAAAAAAAAAAAAAAAAAAAAAIAHA47LAAHp9LjEAAAAAElFTkSuQmCC\" src=\"https:\/\/www.ping.fm\/data-recovery-software\/wp-content\/uploads\/ai\/How-to-Recover-Deleted-Files-from-an-SDHC-Card-for-FREE-German.jpg\" data-srcset=\"https:\/\/www.ping.fm\/data-recovery-software\/wp-content\/uploads\/ai\/How-to-Recover-Deleted-Files-from-an-SDHC-Card-for-FREE-German.jpg\" data-lazy-type=\"image\" data-original=\"https:\/\/www.ping.fm\/data-recovery-software\/wp-content\/uploads\/ai\/How-to-Recover-Deleted-Files-from-an-SDHC-Card-for-FREE-German.jpg\" alt=\"So stellen Sie gel\u00f6schte Dateien kostenlos von einer SDHC-Karte wieder her\" title=\"So stellen Sie gel\u00f6schte Dateien kostenlos von einer SDHC-Karte wieder her\" width=\"1280\" height=\"720\">             <\/p>\n<p>Wertvolle Dateien von einer SDHC-Karte zu verlieren kann eine stressige Erfahrung sein, besonders wenn sie wichtige Daten enthalten. Gl\u00fccklicherweise gibt es mehrere M\u00f6glichkeiten, gel\u00f6schte Dateien kostenlos von einer SDHC-Karte wiederherzustellen. Das Wiederherstellen gel\u00f6schter Dateien erfolgt mithilfe spezifischer Software, die Daten wiederherstellen kann, indem sie auf den zugrundeliegenden Speicher der Karte zugreift, selbst nachdem die Dateien gel\u00f6scht wurden. In dieser Anleitung gehen wir verschiedene Methoden durch, um Ihre verlorenen Daten zur\u00fcckzubekommen, ohne einen Cent auszugeben. Es ist zudem wichtig, den <a href=\"https:\/\/gamespec.tech\/how-to-check-health-of-an-sd-card-on-windows-and-mac\/\" rel=\"dofollow external noopener noreferrer\" target=\"_blank\" data-wpel-link=\"external\">Gesundheitszustand Ihrer SD-Karte<\/a> zu kennen, da dies den Erfolg der Datenwiederherstellung beeinflussen kann. Lassen Sie uns nun die verschiedenen Szenarien erkunden, in denen Sie m\u00f6glicherweise Dateien wiederherstellen m\u00fcssen, zusammen mit detaillierten Schritt-f\u00fcr-Schritt-Anleitungen f\u00fcr jede Wiederherstellungsmethode.<\/p>\n<\/div>\n<\/div>\n<\/section>\n<section>\n<div>\n<div>1<\/div>\n<h2>H\u00e4ufige Szenarien:<\/h2>\n<\/div>\n<h3>H\u00e4ufige Formatierungsfehler &#128260;<\/h3>\n<ul>\n<li>Versentliches Ausw\u00e4hlen von <b>&#8218;Formatieren&#8216;<\/b>, wenn Sie versuchen, Ihre SDHC-Karte vom Computer auszuwerfen.<\/li>\n<li>Die Fehlermeldung <b>&#8218;Karte ist nicht formatiert, jetzt formatieren?&#8216;<\/b> erhalten und versehentlich den Formatierungsvorgang best\u00e4tigen.<\/li>\n<li>Die Verwendung der SDHC-Karte zwischen verschiedenen Ger\u00e4ten und versehentliches Formatieren aufgrund einer Aufforderung durch ein Ger\u00e4t.<\/li>\n<\/ul>\n<h3>Unbeabsichtigtes L\u00f6schen &#128465;<\/h3>\n<ul>\n<li>Versehentliches W\u00e4hlen der Option <b>&#8218;Alle l\u00f6schen&#8216;<\/b> an Ihrer Kamera oder einem anderen Ger\u00e4t.<\/li>\n<li>L\u00f6schen von Dateien, w\u00e4hrend Sie auf Ihrem Computer durch die SDHC-Karte browsen, ohne deren Wichtigkeit zu realisieren.<\/li>\n<li>Verwendung des <b>&#8218;Umschalt + L\u00f6schen&#8216;<\/b>-Befehls auf einem Computer, der den Papierkorb umgeht.<\/li>\n<\/ul>\n<h3>Technische Pannen &#9881;<\/h3>\n<ul>\n<li>Korruption der SDHC-Karte, die zum Verlust der Dateistruktur und in der Folge der Dateien f\u00fchrt.<\/li>\n<li>Abruptes Entfernen der SDHC-Karte von einem Ger\u00e4t oder PC, was zu Datenverlust f\u00fchrt.<\/li>\n<li>Probleme mit Partitionierung oder Dateisystemfehlern, die zu unzug\u00e4nglichen Daten f\u00fchren.<\/li>\n<\/ul>\n<\/section>\n<section class=\"stepByStep\">\n<div>\n<div>2<\/div>\n<h2>Schritt-f\u00fcr-Schritt-Anleitung. SDHC-Karten-Wiederherstellung:<\/h2>\n<\/div>\n<h3>Methode 1: Verwenden Sie integrierte Windows-Tools &#128736;<\/h3>\n<ul>\n<li>Stecken Sie die SDHC-Karte mithilfe eines Kartenlesers in Ihren <b>PC<\/b>.<\/li>\n<li>\u00d6ffnen Sie den <b>Datei-Explorer<\/b> und navigieren Sie zu <b>&#8218;Dieser PC&#8216;<\/b>.<\/li>\n<li>Klicken Sie mit der rechten Maustaste auf Ihre SDHC-Karte und w\u00e4hlen Sie <b>&#8218;Eigenschaften&#8216;<\/b> > <b>&#8218;Vorherige Versionen&#8216;<\/b>.<\/li>\n<li>W\u00e4hlen Sie, wenn verf\u00fcgbar, eine <b>fr\u00fchere Version<\/b> des Ordners aus, in dem Ihre Datei gespeichert war, und klicken Sie auf <b>&#8218;Wiederherstellen&#8216;<\/b>.<\/li>\n<\/ul>\n<p><b>Hinweis:<\/b> Diese Methode funktioniert, wenn Sie <b>Systemwiederherstellung<\/b> aktiviert haben und die SDHC-Karte in einem Wiederherstellungspunkt enthalten wurde.<\/p>\n<p><b>Fazit:<\/b> W\u00e4hrend diese Methode f\u00fcr Vorbereitete wirksam ist, funktioniert sie m\u00f6glicherweise nicht f\u00fcr alle, da nicht jeder die Systemwiederherstellung aktiv h\u00e4lt.<\/p>\n<h3>Methode 2: Verwenden Sie Wiederherstellungssoftware &#128421;<\/h3>\n<ul>\n<li>Laden Sie eine renommierte <b>Dateiwiederherstellungssoftware<\/b> herunter und installieren Sie diese, wie z.B. <b>Recuva<\/b> von der <a href=\"https:\/\/www.ccleaner.com\/recuva\" rel=\"nofollow external noopener noreferrer\" target=\"_blank\" data-wpel-link=\"external\">offiziellen Webseite<\/a>.<\/li>\n<li>Starten Sie das Programm und w\u00e4hlen Sie die Option, <b>Dateien von Medienkarten wiederherzustellen<\/b>.<\/li>\n<li>W\u00e4hlen Sie Ihre SDHC-Karte in der Software aus und f\u00fchren Sie den <b>Scan<\/b> durch.<\/li>\n<li>W\u00e4hlen Sie nach Abschluss des Scans die Dateien aus, die Sie wiederherstellen m\u00f6chten, und klicken Sie auf <b>&#8218;Wiederherstellen&#8216;<\/b>.<\/li>\n<\/ul>\n<p><b>Hinweis:<\/b> Die kostenlose Version der meisten Wiederherstellungssoftware hat Einschr\u00e4nkungen bei Dateigr\u00f6\u00dfen oder der Anzahl der wiederherstellbaren Dateien.<\/p>\n<p><b>Fazit:<\/b> Dies ist in der Regel die robusteste Methode, wenn keine Backups verf\u00fcgbar sind. Sie ist benutzerfreundlich und im Allgemeinen zuverl\u00e4ssig.<\/p>\n<h3>Methode 3: Wiederherstellung \u00fcber die Befehlszeile &#128221;<\/h3>\n<ul>\n<li><b>Verbinden<\/b> Sie die SDHC-Karte mit Ihrem PC und notieren Sie deren Laufwerksbuchstaben im <b>Datei-Explorer<\/b>.<\/li>\n<li>\u00d6ffnen Sie die <b>Eingabeaufforderung<\/b> als Administrator, indem Sie im Startmen\u00fc nach <b>&#8218;cmd&#8216;<\/b> suchen.<\/li>\n<li>Geben Sie <b>&#8218;chkdsk X: \/f&#8216;<\/b> ein (ersetzen Sie X durch den Laufwerksbuchstaben Ihrer SDHC-Karte) und dr\u00fccken Sie <b>Enter<\/b>.<\/li>\n<li>Nachdem der Vorgang abgeschlossen ist, \u00fcberpr\u00fcfen Sie das Verzeichnis der SDHC-Karte auf einen neu erstellten Ordner mit Ihren wiederhergestellten Dateien.<\/li>\n<\/ul>\n<p><b>Hinweis:<\/b> Diese Methode funktioniert m\u00f6glicherweise nicht immer, besonders wenn der Dateisystemschaden erheblich ist.<\/p>\n<p><b>Fazit:<\/b> Ein n\u00fctzliches kostenloses Werkzeug f\u00fcr kleinere Korruptionen, aber m\u00f6glicherweise nicht ausreichend f\u00fcr umfangreichere Datenverlustszenarien.<\/p>\n<h3>Methode 4: Verwenden Sie Fotowiederherstellungssoftware &#128248;<\/h3>\n<ul>\n<li>Laden Sie eine <b>Fotowiederherstellungssoftware<\/b> wie <b>ZAR (Zero Assumption Recovery)<\/b> von der <a href=\"https:\/\/www.z-a-recovery.com\/\" rel=\"nofollow external noopener noreferrer\" target=\"_blank\" data-wpel-link=\"external\">offiziellen Webseite<\/a> herunter.<\/li>\n<li>Installieren und <b>\u00f6ffnen<\/b> Sie die Software und w\u00e4hlen Sie dann die Option <b>&#8218;Bildwiederherstellung (kostenlos)&#8216;<\/b>.<\/li>\n<li>W\u00e4hlen Sie Ihre <b>SDHC-Karte<\/b> aus der Liste aus und starten Sie den Scan.<\/li>\n<li>W\u00e4hlen Sie die Bilder, die Sie wiederherstellen m\u00fcssen, aus, sobald der Scan abgeschlossen ist, und speichern Sie sie an einem anderen Ort.<\/li>\n<\/ul>\n<p><b>Hinweis:<\/b> Stellen Sie sicher, dass Sie Dateien auf Ihren Computer oder ein anderes Speicherger\u00e4t wiederherstellen und nicht auf die SDHC-Karte selbst.<\/p>\n<p><b>Fazit:<\/b> Diese Methode eignet sich ideal zur Wiederherstellung von Fotos und bietet manchmal Vorschauen vor der Wiederherstellung.<\/p>\n<h3>Methode 5: Linux-Datenwiederherstellungstools &#128039;<\/h3>\n<ul>\n<li>Booten Sie ein <b>Linux-Live-CD\/USB<\/b> auf Ihrem PC, w\u00e4hrend die SDHC-Karte verbunden ist.<\/li>\n<li>Verwenden Sie Tools wie <b>Photorec<\/b>, das im <b>TestDisk<\/b>-Paket enthalten ist und auf vielen Linux-Distributionen verf\u00fcgbar ist.<\/li>\n<li>Starten Sie <b>Photorec<\/b> und befolgen Sie die Anweisungen auf dem Bildschirm, um Ihre SDHC-Karte zu scannen und Dateien wiederherzustellen.<\/li>\n<\/ul>\n<p><b>Hinweis:<\/b> Photorec funktioniert am besten f\u00fcr g\u00e4ngige Dateitypen wie Bilder, Videos und Dokumente, kann aber m\u00f6glicherweise nicht alle Dateitypen wiederherstellen.<\/p>\n<p><b>Fazit:<\/b> Gro\u00dfartig f\u00fcr Benutzer, die sich mit Linux auskennen; die leistungsstarken Algorithmen von Photorec k\u00f6nnen eine Vielzahl von Dateien wiederherstellen.<\/p>\n<\/section>\n<section>\n<div>\n<div>3<\/div>\n<h2>Vorkehrungen und Tipps:<\/h2>\n<\/div>\n<h3>Sichern Sie Ihre Daten! &#128274;<\/h3>\n<ul>\n<li><b>Entfernen<\/b> Sie die SDHC-Karte immer sicher, um Datenkorruption zu vermeiden.<\/li>\n<li>F\u00fchren Sie regelm\u00e4\u00dfig <b>Backups<\/b> Ihrer wichtigen Daten auf einem separaten Ger\u00e4t oder in einem Cloud-Dienst durch.<\/li>\n<li>\u00dcberpr\u00fcfen Sie Ihre <a href=\"https:\/\/www.sdcard.org\/downloads\/formatter\/\" rel=\"nofollow external noopener noreferrer\" target=\"_blank\" data-wpel-link=\"external\">SDHC-Karte regelm\u00e4\u00dfig auf Fehler<\/a> mit spezieller Software oder Festplatten-Dienstprogrammen.<\/li>\n<li>Verwenden Sie die SDHC-Karte nach einem Datenverlust nicht weiter, um zu vermeiden, dass die gel\u00f6schten Dateien \u00fcberschrieben werden, was eine Wiederherstellung unm\u00f6glich machen kann.<\/li>\n<\/ul>\n<h3>Bereitschaft zur Wiederherstellung &#128190;<\/h3>\n<ul>\n<li>Laden Sie Datenwiederherstellungssoftware im Voraus herunter; Vorbereitung ist der Schl\u00fcssel!<\/li>\n<li>Informieren Sie sich \u00fcber <b>neueste Updates<\/b> und <b>Patches<\/b> f\u00fcr Ihre Wiederherstellungssoftware.<\/li>\n<li>Verstehen Sie die <b>Dateisysteme<\/b>, die Ihre SDHC-Karte verwendet (z.B. FAT32, exFAT), um die Wiederherstellung besser anzugehen.<\/li>\n<\/ul>\n<\/section>\n<section>\n<div>\n<div>4<\/div>\n<h2>Pflege der SDHC-Karte<\/h2>\n<\/div>\n<p>Die Pflege Ihrer SDHC-Karte ist entscheidend, um eine lange Lebensdauer zu gew\u00e4hrleisten und die darauf gespeicherten Daten zu sch\u00fctzen. Achten Sie darauf, Ihre SDHC-Karte <b>sorgf\u00e4ltig zu behandeln<\/b>, um physische Sch\u00e4den durch St\u00fcrze oder raue Umgebungen zu vermeiden. <b>Verwenden Sie geeignete Aufbewahrungsetuis<\/b>, um die Karten sicher aufzubewahren, wenn sie nicht in Gebrauch sind. F\u00fchren Sie au\u00dferdem regelm\u00e4\u00dfig <b>Fehlerpr\u00fcfungen<\/b> und <b>Defragmentierungen<\/b> (f\u00fcr FAT32-Dateisysteme) durch, um eine optimale Leistung zu erhalten.<\/p>\n<p>Wenn es um die Datenwiederherstellung geht, denken Sie daran, dass <b>Zeit entscheidend ist<\/b>. Sobald Sie bemerken, dass Dateien fehlen, sollten Sie am besten sofort mit dem Wiederherstellungsprozess beginnen. Die weitere Verwendung der Karte kann dazu f\u00fchren, dass neue Daten den Speicherplatz \u00fcberschreiben, auf dem die gel\u00f6schten Dateien liegen, sodass diese unwiederbringlich verloren gehen. Je schneller Sie handeln, desto besser sind Ihre Chancen auf eine vollst\u00e4ndige Wiederherstellung.<\/p>\n<\/section>\n<section>\n<h2>Fazit:<\/h2>\n<div class=\"nonp\">\n<p>Zusammenfassend l\u00e4sst sich sagen, dass das Wiederherstellen gel\u00f6schter Dateien von einer SDHC-Karte kostenlos m\u00f6glich ist, indem eine Vielzahl von Methoden genutzt wird, von denen jede ihre eigenen Vorteile hat. Von <b>eingebauten Werkzeugen<\/b>, die in Ihrem Betriebssystem verf\u00fcgbar sind, bis hin zu <b>spezialisierten Wiederherstellungsprogrammen<\/b>, Sie haben gute Chancen, Ihre wertvollen Daten wiederzuerlangen. Es ist wichtig, schnell zu handeln und die Karte sorgf\u00e4ltig zu behandeln, um einen weiteren Datenverlust zu verhindern.<\/p>\n<p>Proaktiv in Bezug auf die <b>Gesundheit der SDHC-Karte<\/b> und regelm\u00e4\u00dfige Wartung zu sein, ist auch eine ausgezeichnete Strategie, um den Bedarf an einer Wiederherstellung von Anfang an zu vermeiden. Jetzt, da Sie mit dem Wissen und den Werkzeugen ausgestattet sind, um Datenverluste auf Ihrer SDHC-Karte zu bew\u00e4ltigen, k\u00f6nnen Sie sich sicherer f\u00fchlen, wenn Sie Ihre digitalen Dateien verwalten und sch\u00fctzen.<\/p>\n<\/div>\n<\/section>\n","protected":false},"excerpt":{"rendered":"<p>So stellen Sie gel\u00f6schte Dateien kostenlos von einer SDHC-Karte wieder her Wertvolle Dateien von einer SDHC-Karte zu verlieren kann eine stressige Erfahrung sein, besonders wenn sie wichtige Daten enthalten. Gl\u00fccklicherweise gibt es mehrere M\u00f6glichkeiten, gel\u00f6schte Dateien kostenlos von einer SDHC-Karte wiederherzustellen. Das Wiederherstellen gel\u00f6schter Dateien erfolgt mithilfe spezifischer Software, die Daten wiederherstellen kann, indem sie [&hellip;]<\/p>\n","protected":false},"author":2,"featured_media":37123,"parent":0,"menu_order":0,"comment_status":"closed","ping_status":"closed","template":"chromecast.php","meta":{"_stopmodifiedupdate":false,"_modified_date":"","_lmt_disableupdate":"yes","_lmt_disable":""},"acf":[],"yoast_head":"<!-- This site is optimized with the Yoast SEO plugin v20.9 - https:\/\/yoast.com\/wordpress\/plugins\/seo\/ -->\n<title>So stellen Sie kostenlos gel\u00f6schte Dateien von einer SDHC-Karte wieder her (2024)<\/title>\n<meta name=\"robots\" content=\"index, follow, max-snippet:-1, max-image-preview:large, max-video-preview:-1\" \/>\n<link rel=\"canonical\" href=\"https:\/\/datarecovery.ping.fm\/de\/sdhc-data-recovery\/\" \/>\n<meta property=\"og:locale\" content=\"de_DE\" \/>\n<meta property=\"og:type\" content=\"article\" \/>\n<meta property=\"og:title\" content=\"So stellen Sie kostenlos gel\u00f6schte Dateien von einer SDHC-Karte wieder her (2024)\" \/>\n<meta property=\"og:description\" content=\"So stellen Sie gel\u00f6schte Dateien kostenlos von einer SDHC-Karte wieder her Wertvolle Dateien von einer SDHC-Karte zu verlieren kann eine stressige Erfahrung sein, besonders wenn sie wichtige Daten enthalten. Gl\u00fccklicherweise gibt es mehrere M\u00f6glichkeiten, gel\u00f6schte Dateien kostenlos von einer SDHC-Karte wiederherzustellen. Das Wiederherstellen gel\u00f6schter Dateien erfolgt mithilfe spezifischer Software, die Daten wiederherstellen kann, indem sie [&hellip;]\" \/>\n<meta property=\"og:url\" content=\"https:\/\/datarecovery.ping.fm\/de\/sdhc-data-recovery\/\" \/>\n<meta property=\"og:site_name\" content=\"Datenwiederherstellungssoftware\" \/>\n<meta property=\"article:modified_time\" content=\"2024-02-16T08:53:06+00:00\" \/>\n<meta property=\"og:image\" content=\"https:\/\/datarecovery.ping.fm\/wp-content\/uploads\/2024\/03\/How-to-Recover-Deleted-Files-from-an-SDHC-Card-for-FREE-German.jpg\" \/>\n\t<meta property=\"og:image:width\" content=\"1280\" \/>\n\t<meta property=\"og:image:height\" content=\"731\" \/>\n\t<meta property=\"og:image:type\" content=\"image\/jpeg\" \/>\n<meta name=\"twitter:card\" content=\"summary_large_image\" \/>\n<meta name=\"twitter:label1\" content=\"Est. reading time\" \/>\n\t<meta name=\"twitter:data1\" content=\"6 Minuten\" \/>\n<script type=\"application\/ld+json\" class=\"yoast-schema-graph\">{\"@context\":\"https:\/\/schema.org\",\"@graph\":[{\"@type\":\"WebPage\",\"@id\":\"https:\/\/datarecovery.ping.fm\/de\/sdhc-data-recovery\/\",\"url\":\"https:\/\/datarecovery.ping.fm\/de\/sdhc-data-recovery\/\",\"name\":\"So stellen Sie kostenlos gel\u00f6schte Dateien von einer SDHC-Karte wieder her (2024)\",\"isPartOf\":{\"@id\":\"https:\/\/datarecovery.ping.fm\/de\/#website\"},\"datePublished\":\"2024-01-08T12:01:16+00:00\",\"dateModified\":\"2024-02-16T08:53:06+00:00\",\"breadcrumb\":{\"@id\":\"https:\/\/datarecovery.ping.fm\/de\/sdhc-data-recovery\/#breadcrumb\"},\"inLanguage\":\"de-DE\",\"potentialAction\":[{\"@type\":\"ReadAction\",\"target\":[\"https:\/\/datarecovery.ping.fm\/de\/sdhc-data-recovery\/\"]}]},{\"@type\":\"BreadcrumbList\",\"@id\":\"https:\/\/datarecovery.ping.fm\/de\/sdhc-data-recovery\/#breadcrumb\",\"itemListElement\":[{\"@type\":\"ListItem\",\"position\":1,\"name\":\"Home\",\"item\":\"https:\/\/datarecovery.ping.fm\/de\/\"},{\"@type\":\"ListItem\",\"position\":2,\"name\":\"So stellen Sie kostenlos gel\u00f6schte Dateien von einer SDHC-Karte wieder her\"}]},{\"@type\":\"WebSite\",\"@id\":\"https:\/\/datarecovery.ping.fm\/de\/#website\",\"url\":\"https:\/\/datarecovery.ping.fm\/de\/\",\"name\":\"Datenwiederherstellungssoftware\",\"description\":\"\",\"potentialAction\":[{\"@type\":\"SearchAction\",\"target\":{\"@type\":\"EntryPoint\",\"urlTemplate\":\"https:\/\/datarecovery.ping.fm\/de\/?s={search_term_string}\"},\"query-input\":\"required name=search_term_string\"}],\"inLanguage\":\"de-DE\"}]}<\/script>\n<!-- \/ Yoast SEO plugin. -->","yoast_head_json":{"title":"So stellen Sie kostenlos gel\u00f6schte Dateien von einer SDHC-Karte wieder her (2024)","robots":{"index":"index","follow":"follow","max-snippet":"max-snippet:-1","max-image-preview":"max-image-preview:large","max-video-preview":"max-video-preview:-1"},"canonical":"https:\/\/datarecovery.ping.fm\/de\/sdhc-data-recovery\/","og_locale":"de_DE","og_type":"article","og_title":"So stellen Sie kostenlos gel\u00f6schte Dateien von einer SDHC-Karte wieder her (2024)","og_description":"So stellen Sie gel\u00f6schte Dateien kostenlos von einer SDHC-Karte wieder her Wertvolle Dateien von einer SDHC-Karte zu verlieren kann eine stressige Erfahrung sein, besonders wenn sie wichtige Daten enthalten. Gl\u00fccklicherweise gibt es mehrere M\u00f6glichkeiten, gel\u00f6schte Dateien kostenlos von einer SDHC-Karte wiederherzustellen. Das Wiederherstellen gel\u00f6schter Dateien erfolgt mithilfe spezifischer Software, die Daten wiederherstellen kann, indem sie [&hellip;]","og_url":"https:\/\/datarecovery.ping.fm\/de\/sdhc-data-recovery\/","og_site_name":"Datenwiederherstellungssoftware","article_modified_time":"2024-02-16T08:53:06+00:00","og_image":[{"width":1280,"height":731,"url":"https:\/\/datarecovery.ping.fm\/wp-content\/uploads\/2024\/03\/How-to-Recover-Deleted-Files-from-an-SDHC-Card-for-FREE-German.jpg","type":"image\/jpeg"}],"twitter_card":"summary_large_image","twitter_misc":{"Est. reading time":"6 Minuten"},"schema":{"@context":"https:\/\/schema.org","@graph":[{"@type":"WebPage","@id":"https:\/\/datarecovery.ping.fm\/de\/sdhc-data-recovery\/","url":"https:\/\/datarecovery.ping.fm\/de\/sdhc-data-recovery\/","name":"So stellen Sie kostenlos gel\u00f6schte Dateien von einer SDHC-Karte wieder her (2024)","isPartOf":{"@id":"https:\/\/datarecovery.ping.fm\/de\/#website"},"datePublished":"2024-01-08T12:01:16+00:00","dateModified":"2024-02-16T08:53:06+00:00","breadcrumb":{"@id":"https:\/\/datarecovery.ping.fm\/de\/sdhc-data-recovery\/#breadcrumb"},"inLanguage":"de-DE","potentialAction":[{"@type":"ReadAction","target":["https:\/\/datarecovery.ping.fm\/de\/sdhc-data-recovery\/"]}]},{"@type":"BreadcrumbList","@id":"https:\/\/datarecovery.ping.fm\/de\/sdhc-data-recovery\/#breadcrumb","itemListElement":[{"@type":"ListItem","position":1,"name":"Home","item":"https:\/\/datarecovery.ping.fm\/de\/"},{"@type":"ListItem","position":2,"name":"So stellen Sie kostenlos gel\u00f6schte Dateien von einer SDHC-Karte wieder her"}]},{"@type":"WebSite","@id":"https:\/\/datarecovery.ping.fm\/de\/#website","url":"https:\/\/datarecovery.ping.fm\/de\/","name":"Datenwiederherstellungssoftware","description":"","potentialAction":[{"@type":"SearchAction","target":{"@type":"EntryPoint","urlTemplate":"https:\/\/datarecovery.ping.fm\/de\/?s={search_term_string}"},"query-input":"required name=search_term_string"}],"inLanguage":"de-DE"}]}},"_links":{"self":[{"href":"https:\/\/datarecovery.ping.fm\/de\/wp-json\/wp\/v2\/pages\/18937"}],"collection":[{"href":"https:\/\/datarecovery.ping.fm\/de\/wp-json\/wp\/v2\/pages"}],"about":[{"href":"https:\/\/datarecovery.ping.fm\/de\/wp-json\/wp\/v2\/types\/page"}],"author":[{"embeddable":true,"href":"https:\/\/datarecovery.ping.fm\/de\/wp-json\/wp\/v2\/users\/2"}],"replies":[{"embeddable":true,"href":"https:\/\/datarecovery.ping.fm\/de\/wp-json\/wp\/v2\/comments?post=18937"}],"version-history":[{"count":1,"href":"https:\/\/datarecovery.ping.fm\/de\/wp-json\/wp\/v2\/pages\/18937\/revisions"}],"predecessor-version":[{"id":37122,"href":"https:\/\/datarecovery.ping.fm\/de\/wp-json\/wp\/v2\/pages\/18937\/revisions\/37122"}],"wp:featuredmedia":[{"embeddable":true,"href":"https:\/\/datarecovery.ping.fm\/de\/wp-json\/wp\/v2\/media\/37123"}],"wp:attachment":[{"href":"https:\/\/datarecovery.ping.fm\/de\/wp-json\/wp\/v2\/media?parent=18937"}],"curies":[{"name":"wp","href":"https:\/\/api.w.org\/{rel}","templated":true}]}}