{"id":18829,"date":"2024-01-05T11:37:34","date_gmt":"2024-01-05T11:37:34","guid":{"rendered":"https:\/\/www.ping.fm\/data-recovery-software\/fat32-recovery\/"},"modified":"2024-02-16T08:53:04","modified_gmt":"2024-02-16T08:53:04","slug":"fat32-recovery","status":"publish","type":"page","link":"https:\/\/datarecovery.ping.fm\/de\/fat32-recovery\/","title":{"rendered":"Schnelles Wiederherstellen gel\u00f6schter Dateien von einer FAT32-Partition"},"content":{"rendered":"<section>\n<h1>Wie man gel\u00f6schte Dateien von einer FAT32-Partition schnell wiederherstellt<\/h1>\n<div class=\"inbrief\">\n<div>             <img decoding=\"async\" class=\"lazyload\"  srcset=\"data:image\/png;base64,iVBORw0KGgoAAAANSUhEUgAABLAAAAKkAQMAAAAqeFQ7AAAAA3NCSVQICAjb4U\/gAAAABlBMVEX\/\/\/\/\/\/\/9VfPVsAAAAAnRSTlMA\/1uRIrUAAAAJcEhZcwAACxIAAAsSAdLdfvwAAAAcdEVYdFNvZnR3YXJlAEFkb2JlIEZpcmV3b3JrcyBDUzbovLKMAAAAFnRFWHRDcmVhdGlvbiBUaW1lADAxLzI5LzE536V52wAAAHpJREFUeJztwQENAAAAwqD3T20ON6AAAAAAAAAAAAAAAAAAAAAAAAAAAAAAAAAAAAAAAAAAAAAAAAAAAAAAAAAAAAAAAAAAAAAAAAAAAAAAAAAAAAAAAAAAAAAAAAAAAAAAAAAAAAAAAAAAAAAAAAAAAAAAAAAAAIAHA47LAAHp9LjEAAAAAElFTkSuQmCC\" src=\"https:\/\/www.ping.fm\/data-recovery-software\/wp-content\/uploads\/ai\/How-to-Quickly-Recover-Deleted-Files-from-FAT32-Partition-German.jpg\" data-srcset=\"https:\/\/www.ping.fm\/data-recovery-software\/wp-content\/uploads\/ai\/How-to-Quickly-Recover-Deleted-Files-from-FAT32-Partition-German.jpg\" data-lazy-type=\"image\" data-original=\"https:\/\/www.ping.fm\/data-recovery-software\/wp-content\/uploads\/ai\/How-to-Quickly-Recover-Deleted-Files-from-FAT32-Partition-German.jpg\" alt=\"Wie man gel\u00f6schte Dateien von einer FAT32-Partition schnell wiederherstellt\" title=\"Wie man gel\u00f6schte Dateien von einer FAT32-Partition schnell wiederherstellt\" width=\"1280\" height=\"720\">             <\/p>\n<p>Datenverlust von einer Partition auf einem FAT32-Dateisystem kann eine be\u00e4ngstigende Erfahrung sein. Gl\u00fccklicherweise haben Fortschritte in der Datenwiederherstellungstechnologie es m\u00f6glich gemacht, verlorene oder gel\u00f6schte Dateien mit relativer Leichtigkeit zur\u00fcckzuholen. In diesem detaillierten Anleitung-Artikel werde ich meine pers\u00f6nlichen Erfahrungen mit der Datenwiederherstellung von einer FAT32-Partition teilen, verschiedene Methoden und Werkzeuge beschreiben, die ich verwendet habe. F\u00fcr diejenigen mit einem spezifischen Interesse an der Wiederherstellung von Daten von einer <a href=\"https:\/\/techmused.com\/how-to-recover-data-from-an-internal-hard-drive\/\" rel=\"dofollow external noopener noreferrer\" target=\"_blank\" data-wpel-link=\"external\">internen Festplatte<\/a>, bietet dieser Leitfaden Einblicke in den Wiederherstellungsprozess, die die hier pr\u00e4sentierten Informationen erg\u00e4nzen k\u00f6nnen.<\/p>\n<\/div>\n<\/div>\n<\/section>\n<section>\n<div>\n<div>1<\/div>\n<h2>H\u00e4ufige Szenarien:<\/h2>\n<\/div>\n<h3>Versehentliches L\u00f6schen von Dateien &#128465;<\/h3>\n<ul>\n<li><b>Menschliches Versagen<\/b> ist eine h\u00e4ufige Ursache f\u00fcr Datenverlust. Dateien versehentlich zu l\u00f6schen oder eine Partition ohne Backup zu formatieren, kann zur Notwendigkeit einer Datenwiederherstellung f\u00fchren.<\/li>\n<li>Die Verwendung von <b>Shift-Delete<\/b> in Windows oder der Kommandozeile kann den Papierkorb umgehen und unmittelbar zu Datenverlust f\u00fchren.<\/li>\n<li><b>Stapelverarbeitung von Dateioperationen<\/b>, die schiefgehen, k\u00f6nnen zur unbeabsichtigten L\u00f6schung wichtiger Dateien f\u00fchren.<\/li>\n<\/ul>\n<h3>Partitionskorruption &#9888;<\/h3>\n<ul>\n<li>Viren und Malware k\u00f6nnen FAT32-Partitionen besch\u00e4digen und so zum Datenverlust f\u00fchren.<\/li>\n<li>Unkorrektes Auswerfen externer Laufwerke oder <b>Stromausf\u00e4lle<\/b> k\u00f6nnen Dateistrukturen st\u00f6ren und Korruption verursachen.<\/li>\n<li>Die Verwendung von unzuverl\u00e4ssigen Drittanbieter-Dienstprogrammen kann manchmal zur Besch\u00e4digung der <b>Partitionstabelle<\/b> f\u00fchren.<\/li>\n<\/ul>\n<h3>Physischer Laufwerkschaden &#128165;<\/h3>\n<ul>\n<li>Unf\u00e4lle oder St\u00f6\u00dfe k\u00f6nnen physische Sch\u00e4den an Laufwerken verursachen und die Datenintegrit\u00e4t beeintr\u00e4chtigen.<\/li>\n<li>Umweltfaktoren wie extreme Temperaturen oder die Exposition gegen\u00fcber Fl\u00fcssigkeiten k\u00f6nnen sich negativ auf die FAT32-Partitionen einer <b>internen Festplatte<\/b> auswirken.<\/li>\n<li>Abnutzung \u00fcber die Zeit kann zu <b>schlechten Sektoren<\/b> f\u00fchren, die die Lesbarkeit von Daten beeintr\u00e4chtigen.<\/li>\n<\/ul>\n<\/section>\n<section class=\"stepByStep\">\n<div>\n<div>2<\/div>\n<h2>Schritt-f\u00fcr-Schritt-Anleitung. FAT32-Wiederherstellung:<\/h2>\n<\/div>\n<h3>Methode 1: Verwendung von Windows File Recovery &#128373;<\/h3>\n<ul>\n<li>Installieren Sie das Tool <b>Windows File Recovery<\/b> \u00fcber den Microsoft Store auf einem Windows 10-System oder neuer.<\/li>\n<li>Verwenden Sie die <b>Kommandozeile<\/b>, um zum Verzeichnis zu navigieren, in dem das Tool installiert ist.<\/li>\n<li>F\u00fchren Sie den <b>winfr<\/b>-Befehl mit den richtigen Parametern aus, um die FAT32-Partition f\u00fcr die Wiederherstellung auszuw\u00e4hlen.<\/li>\n<\/ul>\n<p><b>Hinweis:<\/b> Diese Methode erfordert grundlegende Kenntnisse von Befehlszeilenschnittstellen und ist m\u00f6glicherweise nicht die beste Option f\u00fcr unerfahrene Benutzer.<\/p>\n<p><b>Fazit:<\/b> F\u00fcr native Windows-Umgebungen kann dies eine effektive Methode sein, besonders f\u00fcr k\u00fcrzliche L\u00f6schungen.<\/p>\n<h3>Methode 2: Datenwiederherstellungssoftware &#128190;<\/h3>\n<ul>\n<li>Laden Sie eine renommierte <b>Datenwiederherstellungssoftware<\/b> wie <a href=\"https:\/\/www.ccleaner.com\/recuva\">Recuva<\/a> herunter und installieren Sie sie.<\/li>\n<li>W\u00e4hlen Sie die FAT32-Partition in der Softwareoberfl\u00e4che und starten Sie einen <b>Scan<\/b>.<\/li>\n<li>Nachdem der Scan abgeschlossen ist, \u00fcberpr\u00fcfen Sie die wiederherstellbaren Dateien und w\u00e4hlen Sie diejenigen aus, die Sie wiederherstellen m\u00f6chten.<\/li>\n<li>Speichern Sie die wiederhergestellten Dateien auf einem anderen Laufwerk, um ein \u00dcberschreiben zu verhindern.<\/li>\n<\/ul>\n<p><b>Hinweis:<\/b> Einige Softwareanwendungen bieten m\u00f6glicherweise eine kostenlose Testversion an, aber die vollst\u00e4ndigen Wiederherstellungsfunktionen k\u00f6nnten einen Kauf erfordern.<\/p>\n<p><b>Fazit:<\/b> Diese Softwarel\u00f6sungen sind benutzerfreundlich und effektiv f\u00fcr verschiedene Datenverlustszenarien auf FAT32-Partitionen.<\/p>\n<h3>Methode 3: Wiederherstellung \u00fcber die Dateiversionsverlauf &#128218;<\/h3>\n<ul>\n<li>Wechseln Sie zur <b>Systemsteuerung<\/b> und navigieren Sie zum <b>Dateiversionsverlauf<\/b>.<\/li>\n<li>Schlie\u00dfen Sie das Laufwerk an, das Ihre Backups enth\u00e4lt.<\/li>\n<li>Verwenden Sie die Dateiversionsverlauf-Oberfl\u00e4che, um nach den Dateien oder Ordnern zu suchen, die Sie von der FAT32-Partition wiederherstellen m\u00f6chten.<\/li>\n<li>Klicken Sie auf den <b>Wiederherstellen<\/b>-Button, um Ihre Daten zur\u00fcckzuholen.<\/li>\n<\/ul>\n<p><b>Hinweis:<\/b> Diese Methode funktioniert nur, wenn Sie zuvor Dateiversionsverlauf-Backups auf Ihrem System aktiviert haben.<\/p>\n<p><b>Fazit:<\/b> Die Wiederherstellung aus Backups ist eine der zuverl\u00e4ssigsten Methoden f\u00fcr die Datenwiederherstellung, vorausgesetzt, es existieren Backups.<\/p>\n<h3>Methode 4: Wiederherstellung \u00fcber vorherige Versionen &#9203;<\/h3>\n<ul>\n<li>Navigieren Sie zu dem Ordner, der die jetzt verlorenen Dateien auf der FAT32-Partition enthielt.<\/li>\n<li>Klicken Sie mit der rechten Maustaste auf den Ordner, w\u00e4hlen Sie <b>Eigenschaften<\/b> und dann den Tab <b>Vorherige Versionen<\/b>.<\/li>\n<li>W\u00e4hlen Sie eine Version vor dem Datum, an dem die Dateien verloren gingen, und klicken Sie auf <b>Wiederherstellen<\/b>.<\/li>\n<\/ul>\n<p><b>Hinweis:<\/b> Diese Methode nutzt die Systemwiederherstellungsfunktion und funktioniert nur, wenn der Systemschutz aktiviert wurde.<\/p>\n<p><b>Fazit:<\/b> Das Wiederherstellen vorheriger Versionen kann eine schnelle L\u00f6sung sein, aber es ist nur so aktuell wie der letzte Systemschnappschuss.<\/p>\n<\/section>\n<section>\n<div>\n<div>3<\/div>\n<h2>Zu sehendes YouTube-Video<\/h2>\n<\/div>\n<div class=\"iframe\"><span class=\"lazyload\" data-original_content=\"PGlmcmFtZSB3aWR0aD0iNDIwIiBoZWlnaHQ9IjMxNSIgc3JjPSIvL3d3dy55b3V0dWJlLmNvbS9lbWJlZC9XWTNLWjd2Q2JuZyIgZnJhbWVib3JkZXI9IjAiIGFsbG93ZnVsbHNjcmVlbj48L2lmcmFtZT4=\"><\/span><\/div>\n<\/section>\n<section>\n<div>\n<div>4<\/div>\n<h2>Vorsichtsma\u00dfnahmen und Tipps:<\/h2>\n<\/div>\n<h3>Datensicherheit wahren &#128737;<\/h3>\n<ul>\n<li>Regelm\u00e4\u00dfig <b>Sicherheitskopien<\/b> Ihrer FAT32-Partitionen auf externe Laufwerke oder Cloud-L\u00f6sungen anlegen.<\/li>\n<li>Immer sicherstellen, dass externe Laufwerke <b>sicher ausgeworfen<\/b> werden, bevor sie getrennt werden, um Datenkorruption zu vermeiden.<\/li>\n<li><b>Antivirensoftware<\/b> regelm\u00e4\u00dfig aktualisieren, um Schutz vor Schadsoftware zu bieten, die das Dateisystem besch\u00e4digen kann.<\/li>\n<\/ul>\n<h3>Erfolgsaussichten bei der Wiederherstellung optimieren &#127775;<\/h3>\n<ul>\n<li>Verwenden Sie die betroffene Partition nicht f\u00fcr neue Daten, um das \u00dcberschreiben gel\u00f6schter Dateien zu verhindern.<\/li>\n<li>F\u00fchren Sie mehrere <b>Datenwiederherstellungsscans<\/b> mit unterschiedlicher Software durch, um die Chance auf die Wiederherstellung aller verlorenen Dateien zu maximieren.<\/li>\n<li>Erw\u00e4gen Sie, professionelle <b>Datenwiederherstellungsdienste<\/b> f\u00fcr stark besch\u00e4digte Laufwerke oder komplexe Datenverlustsituationen in Anspruch zu nehmen.<\/li>\n<\/ul>\n<\/section>\n<section>\n<div>\n<div>5<\/div>\n<h2>Jenseits der Wiederherstellungstechniken<\/h2>\n<\/div>\n<p>Um bei der Datenwiederherstellung erfolgreich zu sein, ist es hilfreich, das <b>FAT32-Dateisystem<\/b> und seine Einschr\u00e4nkungen zu verstehen. FAT32 ist ein weit verbreitetes Dateisystem dank seiner Kompatibilit\u00e4t mit verschiedenen Betriebssystemen und Ger\u00e4ten, allerdings ist es m\u00f6glicherweise weniger widerstandsf\u00e4hig im Vergleich zu neueren Dateisystemen wie NTFS oder exFAT.<\/p>\n<p>FAT32-Partitionen sind besonders anf\u00e4llig f\u00fcr <b>Fragmentierung<\/b>, was den Wiederherstellungsprozess erschweren kann. Das regelm\u00e4\u00dfige Defragmentieren des Laufwerks kann die Aussichten auf Datenwiederherstellung verbessern, indem die Datei-Koh\u00e4renz erhalten bleibt. Es ist auch zu beachten, dass FAT32 eine <b>Maximalgr\u00f6\u00dfe f\u00fcr Dateien<\/b> von 4 GB hat, was bedeutet, dass gr\u00f6\u00dfere Dateien leichter besch\u00e4digt werden k\u00f6nnen oder gar nicht unterst\u00fctzt werden.<\/p>\n<p>F\u00fcr Benutzer, die sich h\u00e4ufig mit der Datenwiederherstellung von FAT32-Partitionen befassen m\u00fcssen, kann es an der Zeit sein, \u00fcber eine Umformatierung auf ein robusteres Dateisystem nachzudenken, vorausgesetzt, alle ihre Ger\u00e4te unterst\u00fctzen es. Bevor Sie eine Umformatierung durchf\u00fchren, stellen Sie sicher, dass Sie eine <b>vollst\u00e4ndige Sicherung<\/b> Ihrer Daten haben, um potenzielle Verluste w\u00e4hrend des \u00dcbergangs zu vermeiden.<\/p>\n<p>In Szenarien, in denen eine Wiederherstellung durch Software nicht m\u00f6glich ist, kann eine <b>hardwarebasierte Wiederherstellung<\/b>, die von Fachleuten durchgef\u00fchrt wird, der n\u00e4chste Schritt sein. Dies umfasst die physische Reparatur des Laufwerks in einer Reinraumumgebung und den Einsatz spezieller Ger\u00e4te zur Datenrettung. Um mehr \u00fcber diesen Prozess zu erfahren, besuchen Sie <a href=\"https:\/\/www.securedatarecovery.com\/services\/hard-drive-recovery\" rel=\"nofollow external noopener noreferrer\" target=\"_blank\" data-wpel-link=\"external\">Secure Data Recovery Services<\/a>.<\/p>\n<\/section>\n<section>\n<h2>Schlussfolgerung:<\/h2>\n<div class=\"nonp\">\n<p>Abschlie\u00dfend repr\u00e4sentieren die oben dargelegten Methoden und Tipps eine Ansammlung von pers\u00f6nlichen Erfahrungen und bew\u00e4hrten Vorgehensweisen bei der Datenwiederherstellung von Partitionen mit einem FAT32-Dateisystem. Der Weg zur Wiederherstellung verlorener Daten kann komplex sein und variiert erheblich von Fall zu Fall. Ob Sie Windows-eigene Tools, Drittanbietersoftware oder professionelle Dienste verwenden, das Wichtigste ist, umgehend und sorgf\u00e4ltig zu handeln. Denken Sie daran, regelm\u00e4\u00dfige Sicherungskopien zu erstellen und die Gesundheit Ihres Dateisystems zu ber\u00fccksichtigen, um die Chancen wiederholter Datenverluste zu minimieren. Indem Sie wachsam bleiben und informiert sind, k\u00f6nnen Sie die Herausforderungen der Datenwiederherstellung besser bew\u00e4ltigen und Ihre wertvollen digitalen Verm\u00f6genswerte sch\u00fctzen.<\/p>\n<\/div>\n<\/section>\n","protected":false},"excerpt":{"rendered":"<p>Wie man gel\u00f6schte Dateien von einer FAT32-Partition schnell wiederherstellt Datenverlust von einer Partition auf einem FAT32-Dateisystem kann eine be\u00e4ngstigende Erfahrung sein. Gl\u00fccklicherweise haben Fortschritte in der Datenwiederherstellungstechnologie es m\u00f6glich gemacht, verlorene oder gel\u00f6schte Dateien mit relativer Leichtigkeit zur\u00fcckzuholen. In diesem detaillierten Anleitung-Artikel werde ich meine pers\u00f6nlichen Erfahrungen mit der Datenwiederherstellung von einer FAT32-Partition teilen, verschiedene [&hellip;]<\/p>\n","protected":false},"author":2,"featured_media":37111,"parent":0,"menu_order":0,"comment_status":"closed","ping_status":"closed","template":"chromecast.php","meta":{"_stopmodifiedupdate":false,"_modified_date":"","_lmt_disableupdate":"yes","_lmt_disable":""},"acf":[],"yoast_head":"<!-- This site is optimized with the Yoast SEO plugin v20.9 - https:\/\/yoast.com\/wordpress\/plugins\/seo\/ -->\n<title>So stellen Sie gel\u00f6schte Dateien von einer FAT32-Partition wieder her [Leitfaden]<\/title>\n<meta name=\"robots\" content=\"index, follow, max-snippet:-1, max-image-preview:large, max-video-preview:-1\" \/>\n<link rel=\"canonical\" href=\"https:\/\/datarecovery.ping.fm\/de\/fat32-recovery\/\" \/>\n<meta property=\"og:locale\" content=\"de_DE\" \/>\n<meta property=\"og:type\" content=\"article\" \/>\n<meta property=\"og:title\" content=\"So stellen Sie gel\u00f6schte Dateien von einer FAT32-Partition wieder her [Leitfaden]\" \/>\n<meta property=\"og:description\" content=\"Wie man gel\u00f6schte Dateien von einer FAT32-Partition schnell wiederherstellt Datenverlust von einer Partition auf einem FAT32-Dateisystem kann eine be\u00e4ngstigende Erfahrung sein. Gl\u00fccklicherweise haben Fortschritte in der Datenwiederherstellungstechnologie es m\u00f6glich gemacht, verlorene oder gel\u00f6schte Dateien mit relativer Leichtigkeit zur\u00fcckzuholen. In diesem detaillierten Anleitung-Artikel werde ich meine pers\u00f6nlichen Erfahrungen mit der Datenwiederherstellung von einer FAT32-Partition teilen, verschiedene [&hellip;]\" \/>\n<meta property=\"og:url\" content=\"https:\/\/datarecovery.ping.fm\/de\/fat32-recovery\/\" \/>\n<meta property=\"og:site_name\" content=\"Datenwiederherstellungssoftware\" \/>\n<meta property=\"article:modified_time\" content=\"2024-02-16T08:53:04+00:00\" \/>\n<meta property=\"og:image\" content=\"https:\/\/datarecovery.ping.fm\/wp-content\/uploads\/2024\/03\/How-to-Quickly-Recover-Deleted-Files-from-FAT32-Partition-German.jpg\" \/>\n\t<meta property=\"og:image:width\" content=\"1280\" \/>\n\t<meta property=\"og:image:height\" content=\"731\" \/>\n\t<meta property=\"og:image:type\" content=\"image\/jpeg\" \/>\n<meta name=\"twitter:card\" content=\"summary_large_image\" \/>\n<meta name=\"twitter:label1\" content=\"Est. reading time\" \/>\n\t<meta name=\"twitter:data1\" content=\"6 Minuten\" \/>\n<script type=\"application\/ld+json\" class=\"yoast-schema-graph\">{\"@context\":\"https:\/\/schema.org\",\"@graph\":[{\"@type\":\"WebPage\",\"@id\":\"https:\/\/datarecovery.ping.fm\/de\/fat32-recovery\/\",\"url\":\"https:\/\/datarecovery.ping.fm\/de\/fat32-recovery\/\",\"name\":\"So stellen Sie gel\u00f6schte Dateien von einer FAT32-Partition wieder her [Leitfaden]\",\"isPartOf\":{\"@id\":\"https:\/\/datarecovery.ping.fm\/de\/#website\"},\"datePublished\":\"2024-01-05T11:37:34+00:00\",\"dateModified\":\"2024-02-16T08:53:04+00:00\",\"breadcrumb\":{\"@id\":\"https:\/\/datarecovery.ping.fm\/de\/fat32-recovery\/#breadcrumb\"},\"inLanguage\":\"de-DE\",\"potentialAction\":[{\"@type\":\"ReadAction\",\"target\":[\"https:\/\/datarecovery.ping.fm\/de\/fat32-recovery\/\"]}]},{\"@type\":\"BreadcrumbList\",\"@id\":\"https:\/\/datarecovery.ping.fm\/de\/fat32-recovery\/#breadcrumb\",\"itemListElement\":[{\"@type\":\"ListItem\",\"position\":1,\"name\":\"Home\",\"item\":\"https:\/\/datarecovery.ping.fm\/de\/\"},{\"@type\":\"ListItem\",\"position\":2,\"name\":\"Schnelles Wiederherstellen gel\u00f6schter Dateien von einer FAT32-Partition\"}]},{\"@type\":\"WebSite\",\"@id\":\"https:\/\/datarecovery.ping.fm\/de\/#website\",\"url\":\"https:\/\/datarecovery.ping.fm\/de\/\",\"name\":\"Datenwiederherstellungssoftware\",\"description\":\"\",\"potentialAction\":[{\"@type\":\"SearchAction\",\"target\":{\"@type\":\"EntryPoint\",\"urlTemplate\":\"https:\/\/datarecovery.ping.fm\/de\/?s={search_term_string}\"},\"query-input\":\"required name=search_term_string\"}],\"inLanguage\":\"de-DE\"}]}<\/script>\n<!-- \/ Yoast SEO plugin. -->","yoast_head_json":{"title":"So stellen Sie gel\u00f6schte Dateien von einer FAT32-Partition wieder her [Leitfaden]","robots":{"index":"index","follow":"follow","max-snippet":"max-snippet:-1","max-image-preview":"max-image-preview:large","max-video-preview":"max-video-preview:-1"},"canonical":"https:\/\/datarecovery.ping.fm\/de\/fat32-recovery\/","og_locale":"de_DE","og_type":"article","og_title":"So stellen Sie gel\u00f6schte Dateien von einer FAT32-Partition wieder her [Leitfaden]","og_description":"Wie man gel\u00f6schte Dateien von einer FAT32-Partition schnell wiederherstellt Datenverlust von einer Partition auf einem FAT32-Dateisystem kann eine be\u00e4ngstigende Erfahrung sein. Gl\u00fccklicherweise haben Fortschritte in der Datenwiederherstellungstechnologie es m\u00f6glich gemacht, verlorene oder gel\u00f6schte Dateien mit relativer Leichtigkeit zur\u00fcckzuholen. In diesem detaillierten Anleitung-Artikel werde ich meine pers\u00f6nlichen Erfahrungen mit der Datenwiederherstellung von einer FAT32-Partition teilen, verschiedene [&hellip;]","og_url":"https:\/\/datarecovery.ping.fm\/de\/fat32-recovery\/","og_site_name":"Datenwiederherstellungssoftware","article_modified_time":"2024-02-16T08:53:04+00:00","og_image":[{"width":1280,"height":731,"url":"https:\/\/datarecovery.ping.fm\/wp-content\/uploads\/2024\/03\/How-to-Quickly-Recover-Deleted-Files-from-FAT32-Partition-German.jpg","type":"image\/jpeg"}],"twitter_card":"summary_large_image","twitter_misc":{"Est. reading time":"6 Minuten"},"schema":{"@context":"https:\/\/schema.org","@graph":[{"@type":"WebPage","@id":"https:\/\/datarecovery.ping.fm\/de\/fat32-recovery\/","url":"https:\/\/datarecovery.ping.fm\/de\/fat32-recovery\/","name":"So stellen Sie gel\u00f6schte Dateien von einer FAT32-Partition wieder her [Leitfaden]","isPartOf":{"@id":"https:\/\/datarecovery.ping.fm\/de\/#website"},"datePublished":"2024-01-05T11:37:34+00:00","dateModified":"2024-02-16T08:53:04+00:00","breadcrumb":{"@id":"https:\/\/datarecovery.ping.fm\/de\/fat32-recovery\/#breadcrumb"},"inLanguage":"de-DE","potentialAction":[{"@type":"ReadAction","target":["https:\/\/datarecovery.ping.fm\/de\/fat32-recovery\/"]}]},{"@type":"BreadcrumbList","@id":"https:\/\/datarecovery.ping.fm\/de\/fat32-recovery\/#breadcrumb","itemListElement":[{"@type":"ListItem","position":1,"name":"Home","item":"https:\/\/datarecovery.ping.fm\/de\/"},{"@type":"ListItem","position":2,"name":"Schnelles Wiederherstellen gel\u00f6schter Dateien von einer FAT32-Partition"}]},{"@type":"WebSite","@id":"https:\/\/datarecovery.ping.fm\/de\/#website","url":"https:\/\/datarecovery.ping.fm\/de\/","name":"Datenwiederherstellungssoftware","description":"","potentialAction":[{"@type":"SearchAction","target":{"@type":"EntryPoint","urlTemplate":"https:\/\/datarecovery.ping.fm\/de\/?s={search_term_string}"},"query-input":"required name=search_term_string"}],"inLanguage":"de-DE"}]}},"_links":{"self":[{"href":"https:\/\/datarecovery.ping.fm\/de\/wp-json\/wp\/v2\/pages\/18829"}],"collection":[{"href":"https:\/\/datarecovery.ping.fm\/de\/wp-json\/wp\/v2\/pages"}],"about":[{"href":"https:\/\/datarecovery.ping.fm\/de\/wp-json\/wp\/v2\/types\/page"}],"author":[{"embeddable":true,"href":"https:\/\/datarecovery.ping.fm\/de\/wp-json\/wp\/v2\/users\/2"}],"replies":[{"embeddable":true,"href":"https:\/\/datarecovery.ping.fm\/de\/wp-json\/wp\/v2\/comments?post=18829"}],"version-history":[{"count":1,"href":"https:\/\/datarecovery.ping.fm\/de\/wp-json\/wp\/v2\/pages\/18829\/revisions"}],"predecessor-version":[{"id":37110,"href":"https:\/\/datarecovery.ping.fm\/de\/wp-json\/wp\/v2\/pages\/18829\/revisions\/37110"}],"wp:featuredmedia":[{"embeddable":true,"href":"https:\/\/datarecovery.ping.fm\/de\/wp-json\/wp\/v2\/media\/37111"}],"wp:attachment":[{"href":"https:\/\/datarecovery.ping.fm\/de\/wp-json\/wp\/v2\/media?parent=18829"}],"curies":[{"name":"wp","href":"https:\/\/api.w.org\/{rel}","templated":true}]}}