{"id":17662,"date":"2023-12-25T15:46:11","date_gmt":"2023-12-25T15:46:11","guid":{"rendered":"https:\/\/www.ping.fm\/data-recovery-software\/recover-deleted-photos-from-sony-camera\/"},"modified":"2024-02-16T08:52:53","modified_gmt":"2024-02-16T08:52:53","slug":"recover-deleted-photos-from-sony-camera","status":"publish","type":"page","link":"https:\/\/datarecovery.ping.fm\/de\/recover-deleted-photos-from-sony-camera\/","title":{"rendered":"So stellen Sie verlorene Fotos von der SD-Karte Ihrer Sony-Kamera wieder her"},"content":{"rendered":"<section>\n<h1>Wie Sie verlorene Fotos von der SD-Karte Ihrer Sony-Kamera wiederherstellen k\u00f6nnen<\/h1>\n<div class=\"inbrief\">\n<div>             <img src=\"https:\/\/www.ping.fm\/data-recovery-software\/wp-content\/uploads\/ai\/How-to-Retrieve-Lost-Photos-from-Your-Sony-Camera's-SD-Card-German.jpg\" alt=\"Wie Sie verlorene Fotos von der SD-Karte Ihrer Sony-Kamera wiederherstellen k\u00f6nnen\" title=\"Wie Sie verlorene Fotos von der SD-Karte Ihrer Sony-Kamera wiederherstellen k\u00f6nnen\" width=\"1280\" height=\"720\">             <\/p>\n<p>Haben Sie schon einmal diesen Moment erlebt, in dem Ihnen das Herz sinkt, weil Sie versehentlich wertvolle Erinnerungen, die auf der SD-Karte Ihrer Sony-Kamera gespeichert waren, gel\u00f6scht haben? Ob durch einen falsch gedr\u00fcckten Knopf oder einen technischen Fehler, das Ergebnis ist dasselbe: Ihre Fotos scheinen f\u00fcr immer verloren zu sein. Aber keine Panik! Es gibt Wege, diese verlorenen Momente wiederzufinden. In diesem Artikel werden wir untersuchen, wie Sie gel\u00f6schte Fotos von einer SD-Karte einer Sony-Kamera mit <b>Disk Drill<\/b> wiederherstellen k\u00f6nnen, einer leistungsstarken und benutzerfreundlichen Datenwiederherstellungssoftware. Es ist wichtig zu beachten, dass <a href='https:\/\/www.pandorarecovery.com\/sd-recovery.html' rel=\"dofollow noopener\" target='_blank'>von Experten bewerteten Tools zur SD-Karten-Wiederherstellung<\/a> Disk Drill sich durch seine Effizienz und Einfachheit bei der Wiederherstellung verlorener Daten hervorhebt. Lesen Sie weiter, um den Schritt-f\u00fcr-Schritt-Prozess zu erfahren, den ich pers\u00f6nlich erfolgreich angewendet habe, um Bilder wiederherzustellen und Ihnen die beste Chance zu geben, Ihre Erinnerungen zur\u00fcckzubekommen.<\/p>\n<\/div>\n<\/div>\n<\/section>\n<section>\n<div>\n<div>1<\/div>\n<h2>H\u00e4ufige Szenarien:<\/h2>\n<\/div>\n<h3>Versehentliches L\u00f6schen &#128465;<\/h3>\n<ul>\n<li><b>Menschliches Versagen<\/b> ist eine h\u00e4ufige Ursache f\u00fcr Datenverlust. Vielleicht haben Sie beim Betrachten von Fotos auf Ihrer Sony-Kamera aus Versehen &#8218;Alle l\u00f6schen&#8216; anstatt &#8218;Eins l\u00f6schen&#8216; gew\u00e4hlt.<\/li>\n<li><b>Absicht<\/b> nur ein schlechtes Bild zu l\u00f6schen, k\u00f6nnten Sie versehentlich den falschen Knopf gedr\u00fcckt haben, was zum Verlust einer ganzen Bilderserie f\u00fchren k\u00f6nnte.<\/li>\n<\/ul>\n<h3>Formatierungsfehler &#128295;<\/h3>\n<ul>\n<li><b>Formatierung<\/b> der SD-Karte ohne Sicherung der Fotos kommt h\u00e4ufig vor, wenn man in Eile ist oder den Aufforderungen der Kamera nicht vollst\u00e4ndig Aufmerksamkeit schenkt.<\/li>\n<li><b>F\u00e4lschlicherweise<\/b> die Option &#8218;Formatieren&#8216; in den Einstellungen Ihrer Sony-Kamera auszuw\u00e4hlen, kann zu einem vollst\u00e4ndigen L\u00f6schen des Inhalts der SD-Karte f\u00fchren.<\/li>\n<\/ul>\n<h3>Technische St\u00f6rungen &#9881;<\/h3>\n<ul>\n<li><b>Korruption<\/b> des Dateisystems der SD-Karte k\u00f6nnte auftreten und den Zugriff auf alle Dateien, einschlie\u00dflich Fotos, verhindern.<\/li>\n<li><b>Software-<\/b> oder Hardwarefehlfunktionen k\u00f6nnen ebenfalls dazu f\u00fchren, dass Daten unerkl\u00e4rlicherweise gel\u00f6scht oder verloren gehen.<\/li>\n<\/ul>\n<\/section>\n<section class=\"stepByStep\">\n<div>\n<div>2<\/div>\n<h2>Schritt-f\u00fcr-Schritt-Anleitung. Gel\u00f6schte Fotos von einer Sony-Kamera wiederherstellen:<\/h2>\n<\/div>\n<h3>Methode 1: Disk Drill herunterladen und installieren &#128229;<\/h3>\n<ul>\n<li>Gehen Sie auf die offizielle <b>CleverFiles<\/b>-Website <a href='https:\/\/www.cleverfiles.com\/' rel=\"nofollow noopener\" target='_blank'>https:\/\/www.cleverfiles.com\/<\/a> und laden Sie <b>Disk Drill<\/b> f\u00fcr Windows oder macOS herunter.<\/li>\n<li><b>Installieren<\/b> Sie Disk Drill, indem Sie den Anweisungen auf dem Bildschirm folgen, und achten Sie darauf, es nicht auf der SD-Karte zu installieren, auf der die verlorenen Fotos gespeichert waren, um ein \u00dcberschreiben der Daten zu verhindern.<\/li>\n<\/ul>\n<p><b>Hinweis:<\/b> W\u00e4hlen Sie die kostenlose Version, wenn Sie weniger als 500MB Daten wiederherstellen, oder die Pro-Version f\u00fcr gr\u00f6\u00dfere Wiederherstellungen und erweiterte Funktionen.<\/p>\n<p><b>Fazit:<\/b> Nach der Installation von Disk Drill sind Sie bereit, mit dem Wiederherstellungsprozess zu beginnen.<\/p>\n<h3>Methode 2: Verbinden Sie Ihre SD-Karte &#128391;<\/h3>\n<ul>\n<li>Stecken Sie die <b>SD-Karte<\/b> Ihrer Sony-Kamera in den Kartenleserslot Ihres Computers. Wenn Ihr Computer keinen integrierten SD-Kartensteckplatz hat, verwenden Sie einen externen Kartenleser.<\/li>\n<li>Sobald die Verbindung hergestellt ist, stellen Sie sicher, dass Ihr Computer die SD-Karte erkennt. Sie sollte unter &#8218;Mein Computer&#8216; auf Windows oder auf dem Desktop f\u00fcr macOS als Wechsellaufwerk angezeigt werden.<\/li>\n<\/ul>\n<p><b>Hinweis:<\/b> Verzichten Sie darauf, neue Daten auf die SD-Karte zu \u00fcbertragen, um das \u00dcberschreiben der gel\u00f6schten Fotos, die Sie wiederherstellen m\u00f6chten, zu vermeiden.<\/p>\n<p><b>Fazit:<\/b> Mit der an Ihren Computer angeschlossenen SD-Karte ist sie nun bereit f\u00fcr die Magie von Disk Drill.<\/p>\n<h3>Methode 3: Disk Drills Wiederherstellungstool starten &#128269;<\/h3>\n<ul>\n<li>\u00d6ffnen Sie <b>Disk Drill<\/b> und lokalisieren Sie die SD-Karte im Bereich &#8218;Ger\u00e4te&#8216; der App.<\/li>\n<li>Klicken Sie auf die Schaltfl\u00e4che &#8218;Wiederherstellen&#8216; neben dem Namen Ihrer SD-Karte, um mit der Suche nach verlorenen Daten zu beginnen. Disk Drill beginnt mit der Analyse der Karte auf wiederherstellbare Dateien.<\/li>\n<\/ul>\n<p><b>Hinweis:<\/b> Eine &#8218;Schnellsuche&#8216; kann f\u00fcr k\u00fcrzlich gel\u00f6schte Dateien ausreichen, aber eine &#8218;Tiefensuche&#8216; wird f\u00fcr gr\u00fcndlichere Ergebnisse empfohlen.<\/p>\n<p><b>Fazit:<\/b> Der Scan kann je nach Gr\u00f6\u00dfe Ihrer SD-Karte und der Menge der wiederherzustellenden Daten mehrere Minuten oder l\u00e4nger dauern.<\/p>\n<h3>Methode 4: \u00dcberpr\u00fcfen und Ausw\u00e4hlen der Fotos zur Wiederherstellung &#9989;<\/h3>\n<ul>\n<li>Nachdem Disk Drill den Scan abgeschlossen hat, \u00fcberpr\u00fcfen Sie die gefundenen Dateien. Sie k\u00f6nnen die Filter verwenden, um nur Bilddateien anzuzeigen, was die Suche nach Ihren gel\u00f6schten Fotos erleichtert.<\/li>\n<li>W\u00e4hlen Sie die Fotos, die Sie wiederherstellen m\u00f6chten, indem Sie die K\u00e4stchen neben jedem Dateinamen ankreuzen.<\/li>\n<\/ul>\n<p><b>Hinweis:<\/b> Sie k\u00f6nnen Fotos vor der Wiederherstellung in einer Vorschau anzeigen, um sicherzustellen, dass sie die richtigen Dateien sind und dass sie intakt sind.<\/p>\n<p><b>Fazit:<\/b> Nachdem Sie die gew\u00fcnschten Fotos ausgew\u00e4hlt haben, sind Sie einen Schritt n\u00e4her daran, sie zur\u00fcckzubekommen.<\/p>\n<h3>Methode 5: Stellen Sie Ihre Fotos wieder her und speichern Sie sie &#128248;<\/h3>\n<ul>\n<li>L\u00f6sen Sie die Wiederherstellung aus, indem Sie auf die Schaltfl\u00e4che &#8218;Wiederherstellen&#8216; klicken, nachdem Sie die Fotos ausgew\u00e4hlt haben.<\/li>\n<li>W\u00e4hlen Sie einen sicheren Ort auf der Festplatte Ihres Computers, um die wiederhergestellten Fotos zu speichern. Speichern Sie sie nicht sofort wieder auf der SD-Karte.<\/li>\n<\/ul>\n<p><b>Hinweis:<\/b> Es ist am besten, die wiederhergestellten Dateien an einem anderen Ort als ihrem urspr\u00fcnglichen zu speichern, um Datenkorruption zu vermeiden.<\/p>\n<p><b>Fazit:<\/b> Gl\u00fcckwunsch, Ihre Fotos sollten nun an Ihrem gew\u00e4hlten Ort wiederhergestellt sein!<\/p>\n<h3>Methode 6: Sichern Sie Ihre Fotos nach der Wiederherstellung &#128737;<\/h3>\n<ul>\n<li>Jetzt, da Sie Ihre Fotos wiederhergestellt haben, sollten Sie erw\u00e4gen, sie auf einer <b>externen Festplatte<\/b>, einem <b>Cloud-Speicher<\/b> oder an einem anderen sicheren Ort zu sichern.<\/li>\n<li>Regelm\u00e4\u00dfige Sicherungen k\u00f6nnen den Stress und die Dringlichkeit der Datenwiederherstellung in Zukunft verhindern.<\/li>\n<\/ul>\n<p><b>Hinweis:<\/b> F\u00fchren Sie regelm\u00e4\u00dfige Sicherungen nach wichtigen Fotosessions oder Ereignissen durch, um das Risiko von Datenverlusten zu minimieren.<\/p>\n<p><b>Fazit:<\/b> Mit Ihren sicher gesicherten Fotos haben Sie Ruhe.<\/p>\n<\/section>\n<section>\n<div>\n<div>3<\/div>\n<h2>Youtube-Video zum Anschauen<\/h2>\n<\/div>\n<div class=\"iframe\"><iframe width=\"420\" height=\"315\" src=\"\/\/www.youtube.com\/embed\/4dQREfLkiVc\" frameborder=\"0\" allowfullscreen><\/iframe><\/div>\n<\/section>\n<section>\n<div>\n<div>4<\/div>\n<h2>Vorsichtsma\u00dfnahmen und Tipps:<\/h2>\n<\/div>\n<h3>Sicherheitsma\u00dfnahmen &#128721;<\/h3>\n<ul>\n<li>Verwenden Sie die SD-Karte nicht f\u00fcr neue Daten, um das <b>\u00dcberschreiben gel\u00f6schter Dateien<\/b> zu verhindern.<\/li>\n<li>F\u00fchren Sie eine regelm\u00e4\u00dfige <b>Backup-Strategie<\/b> durch, die das Speichern von Fotos an mehreren Orten einschlie\u00dft.<\/li>\n<li>Investieren Sie in hochwertige SD-Karten und bewahren Sie diese in <b>sch\u00fctzenden H\u00fcllen<\/b> auf, um physische Sch\u00e4den zu vermindern.<\/li>\n<\/ul>\n<h3>Zus\u00e4tzliche Wiederherstellungsoptionen &#128161;<\/h3>\n<ul>\n<li>Erkunden Sie andere <b>Datenwiederherstellungssoftware<\/b>, falls Disk Drill nicht die gew\u00fcnschten Ergebnisse liefert. Es ist immer gut, einen Plan B parat zu haben.<\/li>\n<li>Suchen Sie Hilfe bei professionellen <b>Datenwiederherstellungsdiensten<\/b>, wenn die Daten kritisch sind, besonders wenn Sie mit einem physischen Schaden der SD-Karte konfrontiert sind.<\/li>\n<\/ul>\n<\/section>\n<section>\n<div>\n<div>5<\/div>\n<h2>Weiterer Schutz<\/h2>\n<\/div>\n<p>Der Schutz Ihrer Fotos geht \u00fcber den Wiederherstellungsprozess hinaus. Es ist entscheidend zu verstehen, <b>warum<\/b> Datenverlust auftritt, um sich in Zukunft besser vor potenziellen Problemen zu sch\u00fctzen. <b>Dateibesch\u00e4digung<\/b>, <b>physische Sch\u00e4den<\/b> und <b>Kamerafehlfunktionen<\/b> k\u00f6nnen ebenfalls zum Verlust von Daten f\u00fchren. Erkennen Sie die Anzeichen einer fehlerhaften SD-Karte, wie langsame Leistung oder Fehlermeldungen, und ersetzen Sie sie, bevor es zu Datenverlust kommt.<\/p>\n<p>Aktualisieren Sie regelm\u00e4\u00dfig die Software Ihrer Sony-Kamera und aller verbundenen Ger\u00e4te, die mit Ihrer SD-Karte interagieren. Regelm\u00e4\u00dfige Updates k\u00f6nnen Fehler beheben und die Gesamtleistung verbessern. Bilden Sie sich weiter mit online verf\u00fcgbaren Ressourcen auf Seiten wie <a href='https:\/\/www.digitaltrends.com\/photography\/how-to-recover-deleted-photos\/' rel=\"nofollow noopener\" target='_blank'>Digital Trends<\/a> oder Fotografie-Foren \u00fcber <b>digitales Asset-Management<\/b> und <b>Best Practices im Datenschutz<\/b>.<\/p>\n<p>Vergessen Sie nicht, Funktionen an Ihrer Sony-Kamera zu erforschen, die versehentliche L\u00f6schungen verhindern k\u00f6nnen, wie beispielsweise &#8218;Schreibschutz&#8216;-Optionen und das Anpassen der Tastenfunktionen, um Missgeschicke zu vermeiden. Ihre Kameraanleitung oder Support-Foren sind gro\u00dfartige Orte, um zu beginnen. F\u00fcr weiterf\u00fchrende Informationen zur Pflege von SD-Karten besuchen Sie die Webseite der <a href='https:\/\/www.sdcard.org\/consumers\/choices\/using\/index.html' rel=\"nofollow noopener\" target='_blank'>SD Association<\/a>.<\/p>\n<\/section>\n<section>\n<h2>Fazit:<\/h2>\n<div class=\"nonp\">\n<p>Zusammenfassend kann das Wiederherstellen gel\u00f6schter Fotos von einer SD-Karte einer Sony-Kamera zwar entmutigend erscheinen, aber mit Werkzeugen wie <b>Disk Drill<\/b> und dem richtigen Ansatz ist es oft ein l\u00f6sbares Problem. Bewahren Sie Ruhe und handeln Sie schnell \u2013 verwenden Sie die SD-Karte nicht weiter, um ein \u00dcberschreiben der Daten zu vermeiden. Indem Sie die in diesem Artikel beschriebenen Schritte befolgen, maximieren Sie Ihre Chancen auf eine erfolgreiche Wiederherstellung. Nutzen Sie diese Methoden, sichern Sie sich mit Backups und Sie werden Ihre Fotografie mit einem neuen Gef\u00fchl der Sicherheit genie\u00dfen. Erkunden Sie stets zus\u00e4tzliche Informationen auf <a href='https:\/\/www.tomsguide.com\/us\/pictures-story\/611-best-data-recovery-apps.html' rel=\"nofollow noopener\" target='_blank'>Tom&#8217;s Guide<\/a> und \u00e4hnlichen seri\u00f6sen Ressourcen f\u00fcr mehr Tipps zur Datenwiederherstellung und vermeiden Sie es in Zukunft, Wiederherstellungsdienste in Anspruch nehmen zu m\u00fcssen.<\/p>\n<\/div>\n<\/section>\n","protected":false},"excerpt":{"rendered":"<p>Wie Sie verlorene Fotos von der SD-Karte Ihrer Sony-Kamera wiederherstellen k\u00f6nnen Haben Sie schon einmal diesen Moment erlebt, in dem Ihnen das Herz sinkt, weil Sie versehentlich wertvolle Erinnerungen, die auf der SD-Karte Ihrer Sony-Kamera gespeichert waren, gel\u00f6scht haben? Ob durch einen falsch gedr\u00fcckten Knopf oder einen technischen Fehler, das Ergebnis ist dasselbe: Ihre Fotos [&hellip;]<\/p>\n","protected":false},"author":2,"featured_media":37014,"parent":0,"menu_order":0,"comment_status":"closed","ping_status":"closed","template":"chromecast.php","meta":{"_stopmodifiedupdate":false,"_modified_date":"","_lmt_disableupdate":"yes","_lmt_disable":""},"acf":[],"yoast_head":"<!-- This site is optimized with the Yoast SEO plugin v20.9 - https:\/\/yoast.com\/wordpress\/plugins\/seo\/ -->\n<title>So stellen Sie gel\u00f6schte Fotos von der SD-Karte einer Sony-Kamera wieder her<\/title>\n<meta name=\"robots\" content=\"index, follow, max-snippet:-1, max-image-preview:large, max-video-preview:-1\" \/>\n<link rel=\"canonical\" href=\"https:\/\/datarecovery.ping.fm\/de\/recover-deleted-photos-from-sony-camera\/\" \/>\n<meta property=\"og:locale\" content=\"de_DE\" \/>\n<meta property=\"og:type\" content=\"article\" \/>\n<meta property=\"og:title\" content=\"So stellen Sie gel\u00f6schte Fotos von der SD-Karte einer Sony-Kamera wieder her\" \/>\n<meta property=\"og:description\" content=\"Wie Sie verlorene Fotos von der SD-Karte Ihrer Sony-Kamera wiederherstellen k\u00f6nnen Haben Sie schon einmal diesen Moment erlebt, in dem Ihnen das Herz sinkt, weil Sie versehentlich wertvolle Erinnerungen, die auf der SD-Karte Ihrer Sony-Kamera gespeichert waren, gel\u00f6scht haben? Ob durch einen falsch gedr\u00fcckten Knopf oder einen technischen Fehler, das Ergebnis ist dasselbe: Ihre Fotos [&hellip;]\" \/>\n<meta property=\"og:url\" content=\"https:\/\/datarecovery.ping.fm\/de\/recover-deleted-photos-from-sony-camera\/\" \/>\n<meta property=\"og:site_name\" content=\"Datenwiederherstellungssoftware\" \/>\n<meta property=\"article:modified_time\" content=\"2024-02-16T08:52:53+00:00\" \/>\n<meta property=\"og:image\" content=\"https:\/\/datarecovery.ping.fm\/wp-content\/uploads\/2024\/03\/How-to-Retrieve-Lost-Photos-from-Your-Sony-Cameras-SD-Card-German.jpg\" \/>\n\t<meta property=\"og:image:width\" content=\"1280\" \/>\n\t<meta property=\"og:image:height\" content=\"731\" \/>\n\t<meta property=\"og:image:type\" content=\"image\/jpeg\" \/>\n<meta name=\"twitter:card\" content=\"summary_large_image\" \/>\n<meta name=\"twitter:label1\" content=\"Est. reading time\" \/>\n\t<meta name=\"twitter:data1\" content=\"7 Minuten\" \/>\n<script type=\"application\/ld+json\" class=\"yoast-schema-graph\">{\"@context\":\"https:\/\/schema.org\",\"@graph\":[{\"@type\":\"WebPage\",\"@id\":\"https:\/\/datarecovery.ping.fm\/de\/recover-deleted-photos-from-sony-camera\/\",\"url\":\"https:\/\/datarecovery.ping.fm\/de\/recover-deleted-photos-from-sony-camera\/\",\"name\":\"So stellen Sie gel\u00f6schte Fotos von der SD-Karte einer Sony-Kamera wieder her\",\"isPartOf\":{\"@id\":\"https:\/\/datarecovery.ping.fm\/de\/#website\"},\"datePublished\":\"2023-12-25T15:46:11+00:00\",\"dateModified\":\"2024-02-16T08:52:53+00:00\",\"breadcrumb\":{\"@id\":\"https:\/\/datarecovery.ping.fm\/de\/recover-deleted-photos-from-sony-camera\/#breadcrumb\"},\"inLanguage\":\"de-DE\",\"potentialAction\":[{\"@type\":\"ReadAction\",\"target\":[\"https:\/\/datarecovery.ping.fm\/de\/recover-deleted-photos-from-sony-camera\/\"]}]},{\"@type\":\"BreadcrumbList\",\"@id\":\"https:\/\/datarecovery.ping.fm\/de\/recover-deleted-photos-from-sony-camera\/#breadcrumb\",\"itemListElement\":[{\"@type\":\"ListItem\",\"position\":1,\"name\":\"Home\",\"item\":\"https:\/\/datarecovery.ping.fm\/de\/\"},{\"@type\":\"ListItem\",\"position\":2,\"name\":\"So stellen Sie verlorene Fotos von der SD-Karte Ihrer Sony-Kamera wieder her\"}]},{\"@type\":\"WebSite\",\"@id\":\"https:\/\/datarecovery.ping.fm\/de\/#website\",\"url\":\"https:\/\/datarecovery.ping.fm\/de\/\",\"name\":\"Datenwiederherstellungssoftware\",\"description\":\"\",\"potentialAction\":[{\"@type\":\"SearchAction\",\"target\":{\"@type\":\"EntryPoint\",\"urlTemplate\":\"https:\/\/datarecovery.ping.fm\/de\/?s={search_term_string}\"},\"query-input\":\"required name=search_term_string\"}],\"inLanguage\":\"de-DE\"}]}<\/script>\n<!-- \/ Yoast SEO plugin. -->","yoast_head_json":{"title":"So stellen Sie gel\u00f6schte Fotos von der SD-Karte einer Sony-Kamera wieder her","robots":{"index":"index","follow":"follow","max-snippet":"max-snippet:-1","max-image-preview":"max-image-preview:large","max-video-preview":"max-video-preview:-1"},"canonical":"https:\/\/datarecovery.ping.fm\/de\/recover-deleted-photos-from-sony-camera\/","og_locale":"de_DE","og_type":"article","og_title":"So stellen Sie gel\u00f6schte Fotos von der SD-Karte einer Sony-Kamera wieder her","og_description":"Wie Sie verlorene Fotos von der SD-Karte Ihrer Sony-Kamera wiederherstellen k\u00f6nnen Haben Sie schon einmal diesen Moment erlebt, in dem Ihnen das Herz sinkt, weil Sie versehentlich wertvolle Erinnerungen, die auf der SD-Karte Ihrer Sony-Kamera gespeichert waren, gel\u00f6scht haben? Ob durch einen falsch gedr\u00fcckten Knopf oder einen technischen Fehler, das Ergebnis ist dasselbe: Ihre Fotos [&hellip;]","og_url":"https:\/\/datarecovery.ping.fm\/de\/recover-deleted-photos-from-sony-camera\/","og_site_name":"Datenwiederherstellungssoftware","article_modified_time":"2024-02-16T08:52:53+00:00","og_image":[{"width":1280,"height":731,"url":"https:\/\/datarecovery.ping.fm\/wp-content\/uploads\/2024\/03\/How-to-Retrieve-Lost-Photos-from-Your-Sony-Cameras-SD-Card-German.jpg","type":"image\/jpeg"}],"twitter_card":"summary_large_image","twitter_misc":{"Est. reading time":"7 Minuten"},"schema":{"@context":"https:\/\/schema.org","@graph":[{"@type":"WebPage","@id":"https:\/\/datarecovery.ping.fm\/de\/recover-deleted-photos-from-sony-camera\/","url":"https:\/\/datarecovery.ping.fm\/de\/recover-deleted-photos-from-sony-camera\/","name":"So stellen Sie gel\u00f6schte Fotos von der SD-Karte einer Sony-Kamera wieder her","isPartOf":{"@id":"https:\/\/datarecovery.ping.fm\/de\/#website"},"datePublished":"2023-12-25T15:46:11+00:00","dateModified":"2024-02-16T08:52:53+00:00","breadcrumb":{"@id":"https:\/\/datarecovery.ping.fm\/de\/recover-deleted-photos-from-sony-camera\/#breadcrumb"},"inLanguage":"de-DE","potentialAction":[{"@type":"ReadAction","target":["https:\/\/datarecovery.ping.fm\/de\/recover-deleted-photos-from-sony-camera\/"]}]},{"@type":"BreadcrumbList","@id":"https:\/\/datarecovery.ping.fm\/de\/recover-deleted-photos-from-sony-camera\/#breadcrumb","itemListElement":[{"@type":"ListItem","position":1,"name":"Home","item":"https:\/\/datarecovery.ping.fm\/de\/"},{"@type":"ListItem","position":2,"name":"So stellen Sie verlorene Fotos von der SD-Karte Ihrer Sony-Kamera wieder her"}]},{"@type":"WebSite","@id":"https:\/\/datarecovery.ping.fm\/de\/#website","url":"https:\/\/datarecovery.ping.fm\/de\/","name":"Datenwiederherstellungssoftware","description":"","potentialAction":[{"@type":"SearchAction","target":{"@type":"EntryPoint","urlTemplate":"https:\/\/datarecovery.ping.fm\/de\/?s={search_term_string}"},"query-input":"required name=search_term_string"}],"inLanguage":"de-DE"}]}},"_links":{"self":[{"href":"https:\/\/datarecovery.ping.fm\/de\/wp-json\/wp\/v2\/pages\/17662"}],"collection":[{"href":"https:\/\/datarecovery.ping.fm\/de\/wp-json\/wp\/v2\/pages"}],"about":[{"href":"https:\/\/datarecovery.ping.fm\/de\/wp-json\/wp\/v2\/types\/page"}],"author":[{"embeddable":true,"href":"https:\/\/datarecovery.ping.fm\/de\/wp-json\/wp\/v2\/users\/2"}],"replies":[{"embeddable":true,"href":"https:\/\/datarecovery.ping.fm\/de\/wp-json\/wp\/v2\/comments?post=17662"}],"version-history":[{"count":1,"href":"https:\/\/datarecovery.ping.fm\/de\/wp-json\/wp\/v2\/pages\/17662\/revisions"}],"predecessor-version":[{"id":37013,"href":"https:\/\/datarecovery.ping.fm\/de\/wp-json\/wp\/v2\/pages\/17662\/revisions\/37013"}],"wp:featuredmedia":[{"embeddable":true,"href":"https:\/\/datarecovery.ping.fm\/de\/wp-json\/wp\/v2\/media\/37014"}],"wp:attachment":[{"href":"https:\/\/datarecovery.ping.fm\/de\/wp-json\/wp\/v2\/media?parent=17662"}],"curies":[{"name":"wp","href":"https:\/\/api.w.org\/{rel}","templated":true}]}}