{"id":17541,"date":"2023-12-25T15:46:11","date_gmt":"2023-12-25T15:46:11","guid":{"rendered":"https:\/\/www.ping.fm\/data-recovery-software\/formatted-hd-recovery\/"},"modified":"2024-02-16T08:52:51","modified_gmt":"2024-02-16T08:52:51","slug":"formatted-hd-recovery","status":"publish","type":"page","link":"https:\/\/datarecovery.ping.fm\/de\/formatted-hd-recovery\/","title":{"rendered":"So stellen Sie Dateien von einer formatierten Festplatte wieder her"},"content":{"rendered":"<section>\n<h1>So stellen Sie Dateien von einer formatierten Festplatte wieder her<\/h1>\n<div class=\"inbrief\">\n<div>&#13;  <img src=\"https:\/\/www.ping.fm\/data-recovery-software\/wp-content\/uploads\/ai\/How-to-Recover-Files-from-Formatted-Hard-Drive-German.jpg\" alt=\"So stellen Sie Dateien von einer formatierten Festplatte wieder her\" title=\"So stellen Sie Dateien von einer formatierten Festplatte wieder her\" width=\"1280\" height=\"720\">&#13;  <\/p>\n<p>Wichtige Daten von einer formatierten Festplatte zu verlieren, kann eine beunruhigende Erfahrung sein, vor allem, wenn es sich um wertvolle Erinnerungen oder wichtige Dokumente handelt. Mit den richtigen Werkzeugen und Techniken ist es jedoch m\u00f6glich, diese verlorenen Dateien wiederherzustellen. In diesem Artikel werden wir untersuchen, wie Sie Dateien von einer formatierten Festplatte mit einer renommierten Datenwiederherstellungssoftware wiederherstellen k\u00f6nnen.<\/p>\n<\/div>\n<\/div>\n<\/section>\n<p>&#13;  <\/p>\n<section>\n<div>\n<div>1<\/div>\n<h2>G\u00e4ngige Szenarien:<\/h2>\n<\/div>\n<p>&#13; <\/p>\n<h3>Versehentliches Formatieren  <\/h3>\n<p>&#13; <\/p>\n<ul>&#13; <\/p>\n<li>Entscheidung f\u00fcr ein Schnellformatieren statt einer einfachen Dateil\u00f6schung.<\/li>\n<p>&#13; <\/p>\n<li>Fehler beim Erstellen oder \u00c4ndern von Partitionen f\u00fchren zum unvermeidlichen Formatieren.<\/li>\n<p>&#13; <\/p>\n<li>Verwechslung von externen Laufwerken und Formatierung des falschen Laufwerks.<\/li>\n<p>&#13; <\/ul>\n<p>&#13; <\/p>\n<h3>Installationspannen  <\/h3>\n<p>&#13; <\/p>\n<ul>&#13; <\/p>\n<li>Neuinstallation des Betriebssystems verlangt eine Laufwerksformatierung ohne angemessene Datensicherung im Voraus.<\/li>\n<p>&#13; <\/p>\n<li>Unbeabsichtigte Formatierung einer zweiten internen Festplatte w\u00e4hrend der Betriebssysteminstallation.<\/li>\n<p>&#13; <\/ul>\n<p>&#13; <\/p>\n<h3>Laufwerkskorruptionsprobleme  <\/h3>\n<p>&#13; <\/p>\n<ul>&#13; <\/p>\n<li>Begegnung mit einem besch\u00e4digten Dateisystem, das eine Formatierung f\u00fcr die weitere Verwendung verlangt.<\/li>\n<p>&#13; <\/p>\n<li>Malware- oder Virusinfektionen f\u00fchren dazu, dass Laufwerksinhalte formatiert werden.<\/li>\n<p>&#13; <\/ul>\n<\/section>\n<p>&#13;  <\/p>\n<section class=\"stepByStep\">\n<div>\n<div>2<\/div>\n<h2>Schritt-f\u00fcr-Schritt-Anleitung. Dateien von einer formatierten Festplatte wiederherstellen:<\/h2>\n<\/div>\n<p>&#13; <\/p>\n<h3>Methode 1: Verwendung von Disk Drill  <\/h3>\n<p>&#13; <\/p>\n<ul>&#13; <\/p>\n<li>Download und Installation von <b>Disk Drill<\/b> von der Firmenwebsite.<\/li>\n<p>&#13; <\/p>\n<li><b>Disk Drill<\/b> starten und die formatierte Festplatte aus der Liste der verf\u00fcgbaren Laufwerke ausw\u00e4hlen.<\/li>\n<p>&#13; <\/p>\n<li>Den <b>&#8218;Wiederherstellen&#8216;<\/b>-Knopf dr\u00fccken, um den Scanvorgang zu starten.<\/li>\n<p>&#13; <\/p>\n<li>Vorschau anzeigen und die Dateien ausw\u00e4hlen, die Sie wiederherstellen m\u00f6chten.<\/li>\n<p>&#13; <\/p>\n<li>W\u00e4hlen Sie ein Wiederherstellungsziel, das sich vom Quelllaufwerk unterscheidet, und stellen Sie Ihre Dateien wieder her.<\/li>\n<p>&#13; <\/ul>\n<p>&#13; <\/p>\n<p><b>Hinweis:<\/b> Vermeiden Sie die Verwendung der formatierten Festplatte f\u00fcr neue Daten, um ein \u00dcberschreiben der verlorenen Dateien zu verhindern.<\/p>\n<p>&#13; <\/p>\n<p><b>Fazit:<\/b> Disk Drill bietet eine benutzerfreundliche Oberfl\u00e4che und leistungsstarke Scan-Algorithmen zur effektiven Wiederherstellung von Dateien von formatierten Laufwerken.<\/p>\n<p>&#13; <\/p>\n<h3>Methode 2: Wiederherstellung aus einem Backup  <\/h3>\n<p>&#13; <\/p>\n<ul>&#13; <\/p>\n<li>Das externe Laufwerk mit Ihrem <b>Backup<\/b> anschlie\u00dfen.<\/li>\n<p>&#13; <\/p>\n<li>Zum Backup-Ordner navigieren und die ben\u00f6tigten Dateien lokalisieren.<\/li>\n<p>&#13; <\/p>\n<li>Die Dateien zur\u00fcck auf Ihre prim\u00e4re Festplatte kopieren.<\/li>\n<p>&#13; <\/ul>\n<p>&#13; <\/p>\n<p><b>Hinweis:<\/b> Diese Methode h\u00e4ngt davon ab, dass vor der Formatierung ein aktuelles Backup vorhanden ist.<\/p>\n<p>&#13; <\/p>\n<p><b>Fazit:<\/b> Regelm\u00e4\u00dfige Backups k\u00f6nnen viel M\u00fche ersparen und die Datensicherheit bei versehentlicher Formatierung gew\u00e4hrleisten.<\/p>\n<p>&#13; <\/p>\n<h3>Methode 3: Verwendung der Dateiversionsverlauf  <\/h3>\n<p>&#13; <\/p>\n<ul>&#13; <\/p>\n<li>Zu <b>Einstellungen<\/b> > <b>Update &#038; Sicherheit<\/b> > <b>Backup<\/b> auf Ihrem Windows-Ger\u00e4t gehen.<\/li>\n<p>&#13; <\/p>\n<li>Unter dem Abschnitt <b>&#8218;Sichern mit Dateiversionsverlauf&#8216;<\/b> die Option <b>&#8218;Weitere Optionen&#8216;<\/b> ausw\u00e4hlen.<\/li>\n<p>&#13; <\/p>\n<li>Auf <b>&#8218;Dateien aus einem aktuellen Backup wiederherstellen&#8216;<\/b> klicken.<\/li>\n<p>&#13; <\/p>\n<li>Durch die Backups bl\u00e4ttern und die Dateien zur Wiederherstellung ausw\u00e4hlen.<\/li>\n<p>&#13; <\/ul>\n<p>&#13; <\/p>\n<p><b>Hinweis:<\/b> Der Dateiversionsverlauf muss vor dem Datenverlust aktiviert worden sein, um als Wiederherstellungsmethode zu funktionieren.<\/p>\n<p>&#13; <\/p>\n<p><b>Fazit:<\/b> Der Windows Dateiversionsverlauf kann ein gro\u00dfartiges Werkzeug sein, um Dateien wiederherzustellen, wenn er im Voraus eingerichtet wurde.<\/p>\n<p>&#13; <\/p>\n<h3>Methode 4: Verwendung der vorherigen Versionen  <\/h3>\n<p>&#13; <\/p>\n<ul>&#13; <\/p>\n<li>Zum Ordner navigieren, der die nun formatierten Dateien enthielt.<\/li>\n<p>&#13; <\/p>\n<li>Rechtsklicken und <b>&#8218;Fr\u00fchere Versionen wiederherstellen&#8216;<\/b> ausw\u00e4hlen.<\/li>\n<p>&#13; <\/p>\n<li>Eine Version vor der Formatierung der Festplatte ausw\u00e4hlen.<\/li>\n<p>&#13; <\/p>\n<li>Auf <b>&#8218;Wiederherstellen&#8216;<\/b> klicken, um Ihre Dateien zur\u00fcckzubekommen.<\/li>\n<p>&#13; <\/ul>\n<p>&#13; <\/p>\n<p><b>Hinweis:<\/b> Die Funktion &#8218;Fr\u00fchere Versionen&#8216; funktioniert am besten, wenn der Systemschutz vor der Formatierung des Laufwerks aktiviert war.<\/p>\n<p>&#13; <\/p>\n<p><b>Fazit:<\/b> Die Nutzung der &#8218;Fr\u00fcheren Versionen&#8216; in Windows kann eine praktikable Option sein, um Dateien ohne die Verwendung von Drittanbieter-Software wiederherzustellen.<\/p>\n<p>&#13; <\/p>\n<h3>Methode 5: Kontaktieren eines professionellen Datenwiederherstellungsdienstes  <\/h3>\n<p>&#13; <\/p>\n<ul>&#13; <\/p>\n<li>Recherchieren und w\u00e4hlen Sie einen seri\u00f6sen <b>Datenwiederherstellungsdienst<\/b> mit guten Bewertungen.<\/li>\n<p>&#13; <\/p>\n<li>Senden Sie Ihre formatierte Festplatte zur Bewertung an den Dienst.<\/li>\n<p>&#13; <\/p>\n<li>Erhalten Sie ein Angebot f\u00fcr die Wiederherstellung und entscheiden Sie, ob Sie fortfahren m\u00f6chten.<\/li>\n<p>&#13; <\/p>\n<li>Warten Sie auf die Fertigstellung des Wiederherstellungsprozesses und erhalten Sie Ihre Dateien zur\u00fcck.<\/li>\n<p>&#13; <\/ul>\n<p>&#13; <\/p>\n<p><b>Hinweis:<\/b> Professionelle Dienstleistungen k\u00f6nnen teuer sein, aber sie bieten hohe Erfolgsquoten in komplexen Wiederherstellungsszenarien.<\/p>\n<p>&#13; <\/p>\n<p><b>Fazit:<\/b> Obwohl kostspielig, sind professionelle Datenwiederherstellungsdienste eine gute letzte Zuflucht, wenn softwarebasierte Wiederherstellungsmethoden versagen.<\/p>\n<\/section>\n<section>\n<div>\n<div>3<\/div>\n<h2>Youtube-Video zum Anschauen<\/h2>\n<\/div>\n<div class=\"iframe\"><iframe width=\"420\" height=\"315\" src=\"\/\/www.youtube.com\/embed\/hGPcGeVSPBE\" frameborder=\"0\" allowfullscreen><\/iframe><\/div>\n<\/section>\n<section>\n<div>\n<div>4<\/div>\n<h2>Vorsichtsma\u00dfnahmen und Tipps:<\/h2>\n<\/div>\n<h3>Bleiben Sie vorbereitet<\/h3>\n<ul>\n<li>Erstellen Sie regelm\u00e4\u00dfige <b>Backups<\/b> Ihrer wichtigen Daten, um das Risiko eines dauerhaften Verlusts zu verringern.<\/li>\n<li>Halten Sie Ihre <b>Antivirensoftware<\/b> auf dem neuesten Stand, um Malware- und Virenbefall, die zu Datenkorruption und folgendem Formatieren f\u00fchren k\u00f6nnten, zu verhindern.<\/li>\n<li>Vermeiden Sie die Nutzung Ihrer Festplatte nach dem Formatieren, um das \u00dcberschreiben wiederherstellbarer Daten zu verhindern.<\/li>\n<li>\u00dcberlegen Sie, den <b>Systemschutz<\/b> und die Funktionen f\u00fcr die <b>Dateiversionsgeschichte<\/b> auf Windows zu aktivieren, um eine einfachere Wiederherstellung fr\u00fcherer Dateiversionen zu erm\u00f6glichen.<\/li>\n<\/ul>\n<\/section>\n<section>\n<div>\n<div>5<\/div>\n<h2>Strategien zum Datenschutz<\/h2>\n<\/div>\n<p>Die Sicherung Ihrer Daten erfordert eine Kombination aus guten Praktiken und der Verwendung zuverl\u00e4ssiger Werkzeuge. Es ist wichtig, sich anzugew\u00f6hnen, regelm\u00e4\u00dfig <b>Backups<\/b> zu erstellen, sei es \u00fcber lokale Speicherger\u00e4te wie externe Festplatten oder \u00fcber Cloud-Dienste wie <a href='https:\/\/www.dropbox.com' rel=\"nofollow noopener\" target='_blank'>Dropbox<\/a> oder <a href='https:\/\/www.google.com\/drive\/' rel=\"nofollow noopener\" target='_blank'>Google Drive<\/a>. Entscheidend ist, dass Sie mehrere Kopien Ihrer Daten haben, falls eine davon unzug\u00e4nglich wird.<\/p>\n<p><b>Antivirenl\u00f6sungen<\/b>, wie <a href='https:\/\/www.norton.com' rel=\"nofollow noopener\" target='_blank'>Norton Antivirus<\/a> oder <a href='https:\/\/www.bitdefender.com' rel=\"nofollow noopener\" target='_blank'>Bitdefender<\/a>, sind unerl\u00e4sslich, um Malware zu verhindern, die Ihr Laufwerk besch\u00e4digen oder ein Formatieren erfordern k\u00f6nnte. Denken Sie daran, Vorbeugung ist besser als Heilung.<\/p>\n<p><b>Verschl\u00fcsselungswerkzeuge<\/b>, wie <a href='https:\/\/www.veracrypt.fr' rel=\"nofollow noopener\" target='_blank'>VeraCrypt<\/a>, k\u00f6nnen sensible Informationen vor unbefugtem Zugriff sch\u00fctzen, selbst wenn Ihre Festplatte in die falschen H\u00e4nde ger\u00e4t. Dar\u00fcber hinaus ist das Verst\u00e4ndnis von Funktionen wie dem <a href='https:\/\/support.microsoft.com\/en-us\/windows\/windows-security-53e5b4e1-ad04-5486-9824-dec62c1a7c35' rel=\"nofollow noopener\" target='_blank'>Systemschutz von Windows<\/a> eine Absicherung, die es Ihnen erm\u00f6glicht, Ihr System und Dateien auf einen fr\u00fcheren Zustand zur\u00fcckzusetzen.<\/p>\n<p>Es ist auch klug, sich mit den <b>Wiederherstellungsoptionen<\/b> Ihres Betriebssystems vertraut zu machen. Beispielsweise kann die Windows-Wiederherstellungsumgebung (WinRE) helfen, g\u00e4ngige Probleme zu diagnostizieren und zu beheben, die zu Datenverlust f\u00fchren k\u00f6nnten.<\/p>\n<p>Zuletzt bleiben Sie informiert \u00fcber die neuesten <b>Datenwiederherstellungstechnologien<\/b> und Software-Updates. Der Beitritt zu Foren oder das Folgen von Technikblogs kann Einblicke und Tipps von anderen Nutzern und Fachleuten der Branche bieten.<\/p>\n<\/section>\n<section>\n<h2>Fazit:<\/h2>\n<div class=\"nonp\">\n<p>Zusammenfassend l\u00e4sst sich sagen, dass ein formatiertes Festplattenlaufwerk zwar sicherlich eine Welle der Panik ausl\u00f6sen kann, es aber dennoch Hoffnung gibt. Durch die Nutzung von Werkzeugen wie <b>Disk Drill<\/b>, das Aufrechterhalten regelm\u00e4\u00dfiger Backups und die Befolgung bew\u00e4hrter Verfahren zum Datenschutz k\u00f6nnen Sie die Chancen auf eine erfolgreiche Dateiwiederherstellung erheblich verbessern. Bedenken Sie, dass der Schl\u00fcssel zur effektiven Datenwiederherstellung in sofortigem Handeln und der Verwendung zuverl\u00e4ssiger Werkzeuge liegt. Wenn Sie diese Methoden ausprobiert haben und trotzdem Schwierigkeiten haben, Ihre Daten wiederzubeschaffen, k\u00f6nnte es an der Zeit sein, professionelle Datenwiederherstellungsdienste zu konsultieren.<\/p>\n<\/div>\n<\/section>\n","protected":false},"excerpt":{"rendered":"<p>So stellen Sie Dateien von einer formatierten Festplatte wieder her &#13; &#13; Wichtige Daten von einer formatierten Festplatte zu verlieren, kann eine beunruhigende Erfahrung sein, vor allem, wenn es sich um wertvolle Erinnerungen oder wichtige Dokumente handelt. Mit den richtigen Werkzeugen und Techniken ist es jedoch m\u00f6glich, diese verlorenen Dateien wiederherzustellen. In diesem Artikel werden [&hellip;]<\/p>\n","protected":false},"author":2,"featured_media":37002,"parent":0,"menu_order":0,"comment_status":"closed","ping_status":"closed","template":"chromecast.php","meta":{"_stopmodifiedupdate":false,"_modified_date":"","_lmt_disableupdate":"yes","_lmt_disable":""},"acf":[],"yoast_head":"<!-- This site is optimized with the Yoast SEO plugin v20.9 - https:\/\/yoast.com\/wordpress\/plugins\/seo\/ -->\n<title>Wie man Dateien von einer formatierten Festplatte wiederherstellt. Einfachste Methoden!<\/title>\n<meta name=\"robots\" content=\"index, follow, max-snippet:-1, max-image-preview:large, max-video-preview:-1\" \/>\n<link rel=\"canonical\" href=\"https:\/\/datarecovery.ping.fm\/de\/formatted-hd-recovery\/\" \/>\n<meta property=\"og:locale\" content=\"de_DE\" \/>\n<meta property=\"og:type\" content=\"article\" \/>\n<meta property=\"og:title\" content=\"Wie man Dateien von einer formatierten Festplatte wiederherstellt. Einfachste Methoden!\" \/>\n<meta property=\"og:description\" content=\"So stellen Sie Dateien von einer formatierten Festplatte wieder her &#013; &#013; Wichtige Daten von einer formatierten Festplatte zu verlieren, kann eine beunruhigende Erfahrung sein, vor allem, wenn es sich um wertvolle Erinnerungen oder wichtige Dokumente handelt. Mit den richtigen Werkzeugen und Techniken ist es jedoch m\u00f6glich, diese verlorenen Dateien wiederherzustellen. In diesem Artikel werden [&hellip;]\" \/>\n<meta property=\"og:url\" content=\"https:\/\/datarecovery.ping.fm\/de\/formatted-hd-recovery\/\" \/>\n<meta property=\"og:site_name\" content=\"Datenwiederherstellungssoftware\" \/>\n<meta property=\"article:modified_time\" content=\"2024-02-16T08:52:51+00:00\" \/>\n<meta property=\"og:image\" content=\"https:\/\/datarecovery.ping.fm\/wp-content\/uploads\/2024\/03\/How-to-Recover-Files-from-Formatted-Hard-Drive-German.jpg\" \/>\n\t<meta property=\"og:image:width\" content=\"1280\" \/>\n\t<meta property=\"og:image:height\" content=\"731\" \/>\n\t<meta property=\"og:image:type\" content=\"image\/jpeg\" \/>\n<meta name=\"twitter:card\" content=\"summary_large_image\" \/>\n<meta name=\"twitter:label1\" content=\"Est. reading time\" \/>\n\t<meta name=\"twitter:data1\" content=\"5 Minuten\" \/>\n<script type=\"application\/ld+json\" class=\"yoast-schema-graph\">{\"@context\":\"https:\/\/schema.org\",\"@graph\":[{\"@type\":\"WebPage\",\"@id\":\"https:\/\/datarecovery.ping.fm\/de\/formatted-hd-recovery\/\",\"url\":\"https:\/\/datarecovery.ping.fm\/de\/formatted-hd-recovery\/\",\"name\":\"Wie man Dateien von einer formatierten Festplatte wiederherstellt. Einfachste Methoden!\",\"isPartOf\":{\"@id\":\"https:\/\/datarecovery.ping.fm\/de\/#website\"},\"datePublished\":\"2023-12-25T15:46:11+00:00\",\"dateModified\":\"2024-02-16T08:52:51+00:00\",\"breadcrumb\":{\"@id\":\"https:\/\/datarecovery.ping.fm\/de\/formatted-hd-recovery\/#breadcrumb\"},\"inLanguage\":\"de-DE\",\"potentialAction\":[{\"@type\":\"ReadAction\",\"target\":[\"https:\/\/datarecovery.ping.fm\/de\/formatted-hd-recovery\/\"]}]},{\"@type\":\"BreadcrumbList\",\"@id\":\"https:\/\/datarecovery.ping.fm\/de\/formatted-hd-recovery\/#breadcrumb\",\"itemListElement\":[{\"@type\":\"ListItem\",\"position\":1,\"name\":\"Home\",\"item\":\"https:\/\/datarecovery.ping.fm\/de\/\"},{\"@type\":\"ListItem\",\"position\":2,\"name\":\"So stellen Sie Dateien von einer formatierten Festplatte wieder her\"}]},{\"@type\":\"WebSite\",\"@id\":\"https:\/\/datarecovery.ping.fm\/de\/#website\",\"url\":\"https:\/\/datarecovery.ping.fm\/de\/\",\"name\":\"Datenwiederherstellungssoftware\",\"description\":\"\",\"potentialAction\":[{\"@type\":\"SearchAction\",\"target\":{\"@type\":\"EntryPoint\",\"urlTemplate\":\"https:\/\/datarecovery.ping.fm\/de\/?s={search_term_string}\"},\"query-input\":\"required name=search_term_string\"}],\"inLanguage\":\"de-DE\"}]}<\/script>\n<!-- \/ Yoast SEO plugin. -->","yoast_head_json":{"title":"Wie man Dateien von einer formatierten Festplatte wiederherstellt. Einfachste Methoden!","robots":{"index":"index","follow":"follow","max-snippet":"max-snippet:-1","max-image-preview":"max-image-preview:large","max-video-preview":"max-video-preview:-1"},"canonical":"https:\/\/datarecovery.ping.fm\/de\/formatted-hd-recovery\/","og_locale":"de_DE","og_type":"article","og_title":"Wie man Dateien von einer formatierten Festplatte wiederherstellt. Einfachste Methoden!","og_description":"So stellen Sie Dateien von einer formatierten Festplatte wieder her &#13; &#13; Wichtige Daten von einer formatierten Festplatte zu verlieren, kann eine beunruhigende Erfahrung sein, vor allem, wenn es sich um wertvolle Erinnerungen oder wichtige Dokumente handelt. Mit den richtigen Werkzeugen und Techniken ist es jedoch m\u00f6glich, diese verlorenen Dateien wiederherzustellen. In diesem Artikel werden [&hellip;]","og_url":"https:\/\/datarecovery.ping.fm\/de\/formatted-hd-recovery\/","og_site_name":"Datenwiederherstellungssoftware","article_modified_time":"2024-02-16T08:52:51+00:00","og_image":[{"width":1280,"height":731,"url":"https:\/\/datarecovery.ping.fm\/wp-content\/uploads\/2024\/03\/How-to-Recover-Files-from-Formatted-Hard-Drive-German.jpg","type":"image\/jpeg"}],"twitter_card":"summary_large_image","twitter_misc":{"Est. reading time":"5 Minuten"},"schema":{"@context":"https:\/\/schema.org","@graph":[{"@type":"WebPage","@id":"https:\/\/datarecovery.ping.fm\/de\/formatted-hd-recovery\/","url":"https:\/\/datarecovery.ping.fm\/de\/formatted-hd-recovery\/","name":"Wie man Dateien von einer formatierten Festplatte wiederherstellt. Einfachste Methoden!","isPartOf":{"@id":"https:\/\/datarecovery.ping.fm\/de\/#website"},"datePublished":"2023-12-25T15:46:11+00:00","dateModified":"2024-02-16T08:52:51+00:00","breadcrumb":{"@id":"https:\/\/datarecovery.ping.fm\/de\/formatted-hd-recovery\/#breadcrumb"},"inLanguage":"de-DE","potentialAction":[{"@type":"ReadAction","target":["https:\/\/datarecovery.ping.fm\/de\/formatted-hd-recovery\/"]}]},{"@type":"BreadcrumbList","@id":"https:\/\/datarecovery.ping.fm\/de\/formatted-hd-recovery\/#breadcrumb","itemListElement":[{"@type":"ListItem","position":1,"name":"Home","item":"https:\/\/datarecovery.ping.fm\/de\/"},{"@type":"ListItem","position":2,"name":"So stellen Sie Dateien von einer formatierten Festplatte wieder her"}]},{"@type":"WebSite","@id":"https:\/\/datarecovery.ping.fm\/de\/#website","url":"https:\/\/datarecovery.ping.fm\/de\/","name":"Datenwiederherstellungssoftware","description":"","potentialAction":[{"@type":"SearchAction","target":{"@type":"EntryPoint","urlTemplate":"https:\/\/datarecovery.ping.fm\/de\/?s={search_term_string}"},"query-input":"required name=search_term_string"}],"inLanguage":"de-DE"}]}},"_links":{"self":[{"href":"https:\/\/datarecovery.ping.fm\/de\/wp-json\/wp\/v2\/pages\/17541"}],"collection":[{"href":"https:\/\/datarecovery.ping.fm\/de\/wp-json\/wp\/v2\/pages"}],"about":[{"href":"https:\/\/datarecovery.ping.fm\/de\/wp-json\/wp\/v2\/types\/page"}],"author":[{"embeddable":true,"href":"https:\/\/datarecovery.ping.fm\/de\/wp-json\/wp\/v2\/users\/2"}],"replies":[{"embeddable":true,"href":"https:\/\/datarecovery.ping.fm\/de\/wp-json\/wp\/v2\/comments?post=17541"}],"version-history":[{"count":1,"href":"https:\/\/datarecovery.ping.fm\/de\/wp-json\/wp\/v2\/pages\/17541\/revisions"}],"predecessor-version":[{"id":37001,"href":"https:\/\/datarecovery.ping.fm\/de\/wp-json\/wp\/v2\/pages\/17541\/revisions\/37001"}],"wp:featuredmedia":[{"embeddable":true,"href":"https:\/\/datarecovery.ping.fm\/de\/wp-json\/wp\/v2\/media\/37002"}],"wp:attachment":[{"href":"https:\/\/datarecovery.ping.fm\/de\/wp-json\/wp\/v2\/media?parent=17541"}],"curies":[{"name":"wp","href":"https:\/\/api.w.org\/{rel}","templated":true}]}}