{"id":17181,"date":"2024-01-09T14:59:53","date_gmt":"2024-01-09T14:59:53","guid":{"rendered":"https:\/\/www.ping.fm\/data-recovery-software\/usb-recovery-mac\/"},"modified":"2024-02-16T08:52:47","modified_gmt":"2024-02-16T08:52:47","slug":"usb-recovery-mac","status":"publish","type":"page","link":"https:\/\/datarecovery.ping.fm\/de\/usb-recovery-mac\/","title":{"rendered":"Wie kann ich gel\u00f6schte Dateien von einem USB-Stick auf einem Mac wiederherstellen?"},"content":{"rendered":"<section>\n<h1>Wie kann man gel\u00f6schte Dateien von einem USB-Stick auf einem Mac wiederherstellen?<\/h1>\n<div class=\"inbrief\">\n<div>             <img src=\"https:\/\/www.ping.fm\/data-recovery-software\/wp-content\/uploads\/ai\/How-to-Recover-Deleted-Files-from-USB-Flash-Drive-on-Mac--German.jpg\" alt=\"Wie kann man gel\u00f6schte Dateien von einem USB-Stick auf einem Mac wiederherstellen?\" title=\"Wie kann man gel\u00f6schte Dateien von einem USB-Stick auf einem Mac wiederherstellen?\" width=\"1280\" height=\"720\">             <\/p>\n<p>Wichtige Dateien von einem <b>USB-Stick<\/b> zu verlieren, kann eine beunruhigende Erfahrung sein, besonders wenn man seinen <b>MacBook<\/b> f\u00fcr wichtige Aufgaben nutzt. Gl\u00fccklicherweise gibt es mehrere Methoden, um gel\u00f6schte Dateien wiederherzustellen, sei es durch versehentliches L\u00f6schen oder Korruption. Durch Versuch und Irrtum sowie erfolgreiche Wiederherstellungen habe ich effektive Techniken zusammengestellt, um Ihre wertvollen Daten wiederherzustellen. Dieser Leitfaden f\u00fchrt Sie durch <b>Schritt-f\u00fcr-Schritt-Methoden<\/b>, um <a href='https:\/\/validedge.com\/how-to-restore-lost-data-from-usb-drives\/' rel=\"dofollow noopener\" target='_blank'>verlorene Dateien von einem USB-Stick wiederherzustellen<\/a>, um sicherzustellen, dass Sie mit Ihrem MacBook wieder Zugriff auf Ihre Dateien erhalten k\u00f6nnen.<\/p>\n<\/div>\n<\/div>\n<\/section>\n<section>\n<div>\n<div>1<\/div>\n<h2>H\u00e4ufige Szenarien:<\/h2>\n<\/div>\n<h3>Versehentliches L\u00f6schen &#128465;<\/h3>\n<ul>\n<li>Ein h\u00e4ufiger Grund f\u00fcr Datenverlust ist das <b>versehentliche L\u00f6schen<\/b>. Ob es nun ein unbeabsichtigtes Ziehen in den Papierkorb oder ein falscher Tastendruck ist, diese Aktionen k\u00f6nnen dazu f\u00fchren, dass wichtige Dateien von Ihrem USB-Stick verschwinden.<\/li>\n<\/ul>\n<h3>Stick-Korruption &#129516;<\/h3>\n<ul>\n<li><b>Korruption<\/b> kann durch unsachgem\u00e4\u00dfes Entfernen des USB-Sticks, Stromschwankungen oder Virenangriffe entstehen und dazu f\u00fchren, dass Dateien nicht mehr zug\u00e4nglich sind, was den Wiederherstellungsprozess notwendig macht.<\/li>\n<\/ul>\n<h3>Formatierungsfehler &#128680;<\/h3>\n<ul>\n<li>Manchmal k\u00f6nnen Benutzer einen USB-Stick versehentlich <b>formatieren<\/b>, ohne ihre Dateien zu sichern, was zu einem vollst\u00e4ndigen Datenverlust auf dem Ger\u00e4t f\u00fchrt.<\/li>\n<\/ul>\n<\/section>\n<section class=\"stepByStep\">\n<div>\n<div>2<\/div>\n<h2>Schritt-f\u00fcr-Schritt-Anleitung. USB-Wiederherstellung Mac:<\/h2>\n<\/div>\n<h3>Methode 1: Pr\u00fcfen Sie den Papierkorb &#128465;<\/h3>\n<ul>\n<li>\u00dcberpr\u00fcfen Sie sofort den <b>Papierkorb<\/b> Ihres Macs auf die gel\u00f6schten Dateien vom USB-Stick, denn sie k\u00f6nnten sich noch dort befinden.<\/li>\n<li>\u00d6ffnen Sie einfach den Papierkorb, lokalisieren Sie die verlorenen Dateien, klicken Sie mit der rechten Maustaste darauf und w\u00e4hlen Sie &#8218;<b>Zur\u00fccklegen<\/b>&#8218;, um sie an ihren urspr\u00fcnglichen Ort wiederherzustellen.<\/li>\n<li>Wenn die Dateien nicht im Papierkorb sind, fahren Sie mit den folgenden Methoden fort.<\/li>\n<\/ul>\n<p><b>Hinweis:<\/b> Diese Methode funktioniert nur, wenn die Dateien in den Papierkorb verschoben und dort nicht dauerhaft gel\u00f6scht wurden.<\/p>\n<p><b>Fazit:<\/b> Die \u00dcberpr\u00fcfung des Papierkorbs ist eine schnelle und einfache Wiederherstellungsmethode, die jedoch nicht immer erfolgreich ist, wenn die Dateien endg\u00fcltig gel\u00f6scht wurden.<\/p>\n<h3>Methode 2: Verwenden Sie Time Machine Backup &#9200;<\/h3>\n<ul>\n<li>Wenn Sie auf Ihrem MacBook <b>Time Machine<\/b> eingerichtet haben, k\u00f6nnen Sie es verwenden, um gel\u00f6schte Dateien von dem USB-Stick wiederherzustellen.<\/li>\n<li>Schlie\u00dfen Sie den USB-Stick an Ihr MacBook an, \u00f6ffnen Sie Time Machine, navigieren Sie zu dem Datum vor dem L\u00f6schen der Dateien und stellen Sie die ben\u00f6tigten Dateien wieder her.<\/li>\n<li>\u00dcberpr\u00fcfen Sie die wiederhergestellten Dateien auf ihre Integrit\u00e4t und Vollst\u00e4ndigkeit.<\/li>\n<li>F\u00fcr detaillierte Anweisungen zur Verwendung von Time Machine besuchen Sie die <a href='https:\/\/support.apple.com\/en-us\/HT201250' rel=\"nofollow noopener\" target='_blank'>Apple Support-Seite<\/a>.<\/li>\n<\/ul>\n<p><b>Hinweis:<\/b> Time Machine muss vor dem Datenverlust konfiguriert und in Betrieb gewesen sein, um Dateien wiederherstellen zu k\u00f6nnen.<\/p>\n<p><b>Fazit:<\/b> Time Machine ist eine effektive Backup-L\u00f6sung von Apple, die helfen kann, gel\u00f6schte Dateien wiederherzustellen, wenn Sie sie zuvor eingerichtet haben.<\/p>\n<h3>Methode 3: Verwenden Sie Terminal-Befehle &#128187;<\/h3>\n<ul>\n<li>Fortgeschrittene Benutzer k\u00f6nnen versuchen, mit <b>Terminal<\/b>-Befehlen versteckte oder verlorene Dateien von einem USB-Stick wiederherzustellen.<\/li>\n<li>Starten Sie die Terminal-App, geben Sie &#8218;defaults write com.apple.finder AppleShowAllFiles TRUE&#8216; gefolgt von &#8218;killall Finder&#8216; ein, um versteckte Dateien anzuzeigen.<\/li>\n<li>Navigieren Sie zum USB-Stick und suchen Sie nach den verlorenen Dateien. Verschieben Sie sie zur\u00fcck an einen sicheren Ort auf Ihrem Mac.<\/li>\n<li>Nach der Wiederherstellung setzen Sie die Einstellungen mit dem Befehl &#8218;defaults write com.apple.finder AppleShowAllFiles FALSE&#8216; gefolgt von &#8218;killall Finder&#8216; zur\u00fcck.<\/li>\n<\/ul>\n<p><b>Hinweis:<\/b> Diese Methode ist nur f\u00fcr Benutzer gedacht, die sich mit der Befehlszeilenschnittstelle von macOS auskennen und sollte mit Vorsicht durchgef\u00fchrt werden.<\/p>\n<p><b>Fazit:<\/b> Terminal-Befehle k\u00f6nnen verlorene Dateien aufdecken, die im Finder nicht sichtbar sind, bergen aber Risiken, wenn sie nicht korrekt ausgef\u00fchrt werden.<\/p>\n<h3>Methode 4: Drittanbieter-Datenwiederherstellungssoftware &#128736;<\/h3>\n<ul>\n<li>Es gibt zahlreiche Drittanbieter-Datenwiederherstellungssoftware Optionen f\u00fcr macOS, wie zum Beispiel <b>Stellar Data Recovery<\/b>, <b>Wondershare Recoverit<\/b> und <b>Disk Drill<\/b>.<\/li>\n<li>Laden Sie eine Datenwiederherstellungssoftware Ihrer Wahl herunter und installieren Sie diese, wobei Sie darauf achten, dass sie mit macOS kompatibel ist.<\/li>\n<li>Starten Sie die Anwendung, w\u00e4hlen Sie den USB-Stick f\u00fcr das Scannen aus und folgen Sie den Anweisungen der Software, um die gel\u00f6schten Dateien wiederherzustellen.<\/li>\n<li>Nach dem Scan, pr\u00fcfen Sie die wiederherstellbaren Dateien, w\u00e4hlen Sie aus, was Sie wiederherstellen m\u00f6chten, und speichern Sie sie an einem sicheren Ort auf Ihrem MacBook.<\/li>\n<li>Achten Sie darauf, eine seri\u00f6se Software zu verwenden, um weiteren Datenverlust oder Verletzung der Privatsph\u00e4re zu vermeiden.<\/li>\n<\/ul>\n<p><b>Hinweis:<\/b> Datenwiederherstellungssoftware kann m\u00f6glicherweise nicht alle Dateien wiederherstellen, besonders wenn sie \u00fcberschrieben wurden.<\/p>\n<p><b>Fazit:<\/b> Drittanbieter-Datenwiederherstellungssoftware kann sehr effektiv sein, recherchieren Sie jedoch und w\u00e4hlen Sie eine vertrauensw\u00fcrdige Marke, um die besten Chancen auf Wiederherstellung zu gew\u00e4hrleisten.<\/p>\n<h3>Methode 5: Professionelle Hilfe suchen &#129489;<\/h3>\n<ul>\n<li>Wenn die obigen Methoden fehlschlagen, sollten Sie die Hilfe von professionellen Datenrettungsdiensten in Erw\u00e4gung ziehen.<\/li>\n<li>Profis verf\u00fcgen \u00fcber spezielle Werkzeuge und Fachkenntnisse, um Daten aus verschiedenen Schadens- oder Datenverlustszenarien wiederherzustellen.<\/li>\n<li>Suchen Sie einen renommierten Dienst mit Erfahrung in der Wiederherstellung von Daten auf USB-Sticks und besprechen Sie Ihre Situation mit ihnen.<\/li>\n<li>Suchen Sie nach Diensten, die eine &#8218;Keine Daten, keine Geb\u00fchr&#8216;-Politik anbieten, um sicherzustellen, dass Sie nur bezahlen, wenn sie Ihre Dateien erfolgreich wiederherstellen.<\/li>\n<\/ul>\n<p><b>Hinweis:<\/b> Professionelle Wiederherstellungsdienste k\u00f6nnen teuer sein und sollten als letzter Ausweg genutzt werden.<\/p>\n<p><b>Fazit:<\/b> Obwohl kostspielig, bieten professionelle Datenwiederherstellungsdienste die h\u00f6chste Erfolgsquote bei der Wiederherstellung gel\u00f6schter Dateien von einem USB-Stick.<\/p>\n<\/section>\n<section>\n<div>\n<div>3<\/div>\n<h2>Youtube-Video zum Anschauen<\/h2>\n<\/div>\n<div class=\"iframe\"><iframe width=\"420\" height=\"315\" src=\"\/\/www.youtube.com\/embed\/i3L3KyIq4Mg\" frameborder=\"0\" allowfullscreen><\/iframe><\/div>\n<\/section>\n<section>\n<div>\n<div>4<\/div>\n<h2>Vorsichtsma\u00dfnahmen und Tipps:<\/h2>\n<\/div>\n<h3>Sichern Sie Ihre Daten &#128737;<\/h3>\n<ul>\n<li>Immer <b>sichern<\/b> Sie wichtige Dateien auf mehreren Ger\u00e4ten oder Cloud-Diensten.<\/li>\n<li>Verwenden Sie die &#8222;Auswerfen&#8220;-Funktion, bevor Sie den USB-Stick von Ihrem MacBook trennen, um eine Besch\u00e4digung zu verhindern.<\/li>\n<li>Seien Sie vorsichtig mit <b>L\u00f6sch-<\/b> und <b>Formatierungs-<\/b> Aktionen. Best\u00e4tigen Sie mehrmals, bevor Sie solche Befehle ausf\u00fchren.<\/li>\n<\/ul>\n<\/section>\n<section>\n<div>\n<div>5<\/div>\n<h2>Weitere Erkenntnisse<\/h2>\n<\/div>\n<p>Wenn es darum geht, gel\u00f6schte Dateien von einem USB-Stick mit einem MacBook wiederherzustellen, ist es wichtig, ruhig zu bleiben und das Laufwerk nicht zu verwenden, um die Chancen auf eine erfolgreiche Wiederherstellung zu erh\u00f6hen. Sobald Daten gel\u00f6scht sind, werden sie nicht sofort von dem Laufwerk gel\u00f6scht, sondern als ersetzbar markiert, bis neue Daten sie \u00fcberschreiben.<\/p>\n<p>Um Unf\u00e4lle zu vermeiden, machen Sie sich mit Tastenkombinationen vertraut und nutzen Sie macOS-Funktionen, die das Risiko eines unbeabsichtigten Datenverlusts minimieren. Beispielsweise kann die Einrichtung automatischer Backups mit Time Machine viel Stress ersparen.<\/p>\n<p>Sie k\u00f6nnen auch in Betracht ziehen, Cloud-Speicherl\u00f6sungen wie <a href='https:\/\/www.icloud.com' rel=\"nofollow noopener\" target='_blank'>iCloud Drive<\/a> oder <a href='https:\/\/www.dropbox.com' rel=\"nofollow noopener\" target='_blank'>Dropbox<\/a> f\u00fcr eine zus\u00e4tzliche Ebene des Datenschutzes zu verwenden. Diese Dienste bieten Wiederherstellungsoptionen f\u00fcr Dateien und k\u00f6nnen als Sicherung gegen lokalen Datenverlust dienen.<\/p>\n<p>Au\u00dferdem ist es lohnenswert, die <a href='https:\/\/www.usb.org\/document-library\/usb-32-specification-released-september-22-2017' rel=\"nofollow noopener\" target='_blank'>neuesten USB-Standards<\/a> im Auge zu behalten, da Fortschritte in der Technologie die Zuverl\u00e4ssigkeit des Datentransfers beeinflussen k\u00f6nnen und somit auch die Dateiintegrit\u00e4t w\u00e4hrend des Kopier- oder Verschiebeprozesses.<\/p>\n<\/section>\n<section>\n<h2>Schlussfolgerung:<\/h2>\n<div class=\"nonp\">\n<p>Zusammenfassend gibt es mehrere Methoden, um <b>gel\u00f6schte Dateien<\/b> von einem USB-Stick wiederherzustellen, wenn man ein MacBook verwendet. Indem Sie integrierte Wiederherstellungsoptionen wie den Papierkorb und Time Machine nutzen, Terminal-Befehle ausprobieren, Drittanbieter-Software versuchen oder sich an professionelle Dienste wenden, haben Sie gute Chancen, Ihre verlorenen Daten zur\u00fcckzugewinnen. Denken Sie immer an die Bedeutung regelm\u00e4\u00dfiger Backups und sicherer Entfernungspraktiken, um das Risiko eines Datenverlusts in der Zukunft zu minimieren.<\/p>\n<\/div>\n<\/section>\n","protected":false},"excerpt":{"rendered":"<p>Wie kann man gel\u00f6schte Dateien von einem USB-Stick auf einem Mac wiederherstellen? Wichtige Dateien von einem USB-Stick zu verlieren, kann eine beunruhigende Erfahrung sein, besonders wenn man seinen MacBook f\u00fcr wichtige Aufgaben nutzt. Gl\u00fccklicherweise gibt es mehrere Methoden, um gel\u00f6schte Dateien wiederherzustellen, sei es durch versehentliches L\u00f6schen oder Korruption. Durch Versuch und Irrtum sowie erfolgreiche [&hellip;]<\/p>\n","protected":false},"author":2,"featured_media":36966,"parent":0,"menu_order":0,"comment_status":"closed","ping_status":"closed","template":"chromecast.php","meta":{"_stopmodifiedupdate":false,"_modified_date":"","_lmt_disableupdate":"yes","_lmt_disable":""},"acf":[],"yoast_head":"<!-- This site is optimized with the Yoast SEO plugin v20.9 - https:\/\/yoast.com\/wordpress\/plugins\/seo\/ -->\n<title>Wie kann ich gel\u00f6schte Dateien von einem USB-Stick auf einem Mac wiederherstellen?<\/title>\n<meta name=\"robots\" content=\"index, follow, max-snippet:-1, max-image-preview:large, max-video-preview:-1\" \/>\n<link rel=\"canonical\" href=\"https:\/\/datarecovery.ping.fm\/de\/usb-recovery-mac\/\" \/>\n<meta property=\"og:locale\" content=\"de_DE\" \/>\n<meta property=\"og:type\" content=\"article\" \/>\n<meta property=\"og:title\" content=\"Wie kann ich gel\u00f6schte Dateien von einem USB-Stick auf einem Mac wiederherstellen?\" \/>\n<meta property=\"og:description\" content=\"Wie kann man gel\u00f6schte Dateien von einem USB-Stick auf einem Mac wiederherstellen? Wichtige Dateien von einem USB-Stick zu verlieren, kann eine beunruhigende Erfahrung sein, besonders wenn man seinen MacBook f\u00fcr wichtige Aufgaben nutzt. Gl\u00fccklicherweise gibt es mehrere Methoden, um gel\u00f6schte Dateien wiederherzustellen, sei es durch versehentliches L\u00f6schen oder Korruption. Durch Versuch und Irrtum sowie erfolgreiche [&hellip;]\" \/>\n<meta property=\"og:url\" content=\"https:\/\/datarecovery.ping.fm\/de\/usb-recovery-mac\/\" \/>\n<meta property=\"og:site_name\" content=\"Datenwiederherstellungssoftware\" \/>\n<meta property=\"article:modified_time\" content=\"2024-02-16T08:52:47+00:00\" \/>\n<meta property=\"og:image\" content=\"https:\/\/datarecovery.ping.fm\/wp-content\/uploads\/2024\/03\/How-to-Recover-Deleted-Files-from-USB-Flash-Drive-on-Mac-German.jpg\" \/>\n\t<meta property=\"og:image:width\" content=\"1280\" \/>\n\t<meta property=\"og:image:height\" content=\"731\" \/>\n\t<meta property=\"og:image:type\" content=\"image\/jpeg\" \/>\n<meta name=\"twitter:card\" content=\"summary_large_image\" \/>\n<meta name=\"twitter:label1\" content=\"Est. reading time\" \/>\n\t<meta name=\"twitter:data1\" content=\"6 Minuten\" \/>\n<script type=\"application\/ld+json\" class=\"yoast-schema-graph\">{\"@context\":\"https:\/\/schema.org\",\"@graph\":[{\"@type\":\"WebPage\",\"@id\":\"https:\/\/datarecovery.ping.fm\/de\/usb-recovery-mac\/\",\"url\":\"https:\/\/datarecovery.ping.fm\/de\/usb-recovery-mac\/\",\"name\":\"Wie kann ich gel\u00f6schte Dateien von einem USB-Stick auf einem Mac wiederherstellen?\",\"isPartOf\":{\"@id\":\"https:\/\/datarecovery.ping.fm\/de\/#website\"},\"datePublished\":\"2024-01-09T14:59:53+00:00\",\"dateModified\":\"2024-02-16T08:52:47+00:00\",\"breadcrumb\":{\"@id\":\"https:\/\/datarecovery.ping.fm\/de\/usb-recovery-mac\/#breadcrumb\"},\"inLanguage\":\"de-DE\",\"potentialAction\":[{\"@type\":\"ReadAction\",\"target\":[\"https:\/\/datarecovery.ping.fm\/de\/usb-recovery-mac\/\"]}]},{\"@type\":\"BreadcrumbList\",\"@id\":\"https:\/\/datarecovery.ping.fm\/de\/usb-recovery-mac\/#breadcrumb\",\"itemListElement\":[{\"@type\":\"ListItem\",\"position\":1,\"name\":\"Home\",\"item\":\"https:\/\/datarecovery.ping.fm\/de\/\"},{\"@type\":\"ListItem\",\"position\":2,\"name\":\"Wie kann ich gel\u00f6schte Dateien von einem USB-Stick auf einem Mac wiederherstellen?\"}]},{\"@type\":\"WebSite\",\"@id\":\"https:\/\/datarecovery.ping.fm\/de\/#website\",\"url\":\"https:\/\/datarecovery.ping.fm\/de\/\",\"name\":\"Datenwiederherstellungssoftware\",\"description\":\"\",\"potentialAction\":[{\"@type\":\"SearchAction\",\"target\":{\"@type\":\"EntryPoint\",\"urlTemplate\":\"https:\/\/datarecovery.ping.fm\/de\/?s={search_term_string}\"},\"query-input\":\"required name=search_term_string\"}],\"inLanguage\":\"de-DE\"}]}<\/script>\n<!-- \/ Yoast SEO plugin. -->","yoast_head_json":{"title":"Wie kann ich gel\u00f6schte Dateien von einem USB-Stick auf einem Mac wiederherstellen?","robots":{"index":"index","follow":"follow","max-snippet":"max-snippet:-1","max-image-preview":"max-image-preview:large","max-video-preview":"max-video-preview:-1"},"canonical":"https:\/\/datarecovery.ping.fm\/de\/usb-recovery-mac\/","og_locale":"de_DE","og_type":"article","og_title":"Wie kann ich gel\u00f6schte Dateien von einem USB-Stick auf einem Mac wiederherstellen?","og_description":"Wie kann man gel\u00f6schte Dateien von einem USB-Stick auf einem Mac wiederherstellen? Wichtige Dateien von einem USB-Stick zu verlieren, kann eine beunruhigende Erfahrung sein, besonders wenn man seinen MacBook f\u00fcr wichtige Aufgaben nutzt. Gl\u00fccklicherweise gibt es mehrere Methoden, um gel\u00f6schte Dateien wiederherzustellen, sei es durch versehentliches L\u00f6schen oder Korruption. Durch Versuch und Irrtum sowie erfolgreiche [&hellip;]","og_url":"https:\/\/datarecovery.ping.fm\/de\/usb-recovery-mac\/","og_site_name":"Datenwiederherstellungssoftware","article_modified_time":"2024-02-16T08:52:47+00:00","og_image":[{"width":1280,"height":731,"url":"https:\/\/datarecovery.ping.fm\/wp-content\/uploads\/2024\/03\/How-to-Recover-Deleted-Files-from-USB-Flash-Drive-on-Mac-German.jpg","type":"image\/jpeg"}],"twitter_card":"summary_large_image","twitter_misc":{"Est. reading time":"6 Minuten"},"schema":{"@context":"https:\/\/schema.org","@graph":[{"@type":"WebPage","@id":"https:\/\/datarecovery.ping.fm\/de\/usb-recovery-mac\/","url":"https:\/\/datarecovery.ping.fm\/de\/usb-recovery-mac\/","name":"Wie kann ich gel\u00f6schte Dateien von einem USB-Stick auf einem Mac wiederherstellen?","isPartOf":{"@id":"https:\/\/datarecovery.ping.fm\/de\/#website"},"datePublished":"2024-01-09T14:59:53+00:00","dateModified":"2024-02-16T08:52:47+00:00","breadcrumb":{"@id":"https:\/\/datarecovery.ping.fm\/de\/usb-recovery-mac\/#breadcrumb"},"inLanguage":"de-DE","potentialAction":[{"@type":"ReadAction","target":["https:\/\/datarecovery.ping.fm\/de\/usb-recovery-mac\/"]}]},{"@type":"BreadcrumbList","@id":"https:\/\/datarecovery.ping.fm\/de\/usb-recovery-mac\/#breadcrumb","itemListElement":[{"@type":"ListItem","position":1,"name":"Home","item":"https:\/\/datarecovery.ping.fm\/de\/"},{"@type":"ListItem","position":2,"name":"Wie kann ich gel\u00f6schte Dateien von einem USB-Stick auf einem Mac wiederherstellen?"}]},{"@type":"WebSite","@id":"https:\/\/datarecovery.ping.fm\/de\/#website","url":"https:\/\/datarecovery.ping.fm\/de\/","name":"Datenwiederherstellungssoftware","description":"","potentialAction":[{"@type":"SearchAction","target":{"@type":"EntryPoint","urlTemplate":"https:\/\/datarecovery.ping.fm\/de\/?s={search_term_string}"},"query-input":"required name=search_term_string"}],"inLanguage":"de-DE"}]}},"_links":{"self":[{"href":"https:\/\/datarecovery.ping.fm\/de\/wp-json\/wp\/v2\/pages\/17181"}],"collection":[{"href":"https:\/\/datarecovery.ping.fm\/de\/wp-json\/wp\/v2\/pages"}],"about":[{"href":"https:\/\/datarecovery.ping.fm\/de\/wp-json\/wp\/v2\/types\/page"}],"author":[{"embeddable":true,"href":"https:\/\/datarecovery.ping.fm\/de\/wp-json\/wp\/v2\/users\/2"}],"replies":[{"embeddable":true,"href":"https:\/\/datarecovery.ping.fm\/de\/wp-json\/wp\/v2\/comments?post=17181"}],"version-history":[{"count":1,"href":"https:\/\/datarecovery.ping.fm\/de\/wp-json\/wp\/v2\/pages\/17181\/revisions"}],"predecessor-version":[{"id":36965,"href":"https:\/\/datarecovery.ping.fm\/de\/wp-json\/wp\/v2\/pages\/17181\/revisions\/36965"}],"wp:featuredmedia":[{"embeddable":true,"href":"https:\/\/datarecovery.ping.fm\/de\/wp-json\/wp\/v2\/media\/36966"}],"wp:attachment":[{"href":"https:\/\/datarecovery.ping.fm\/de\/wp-json\/wp\/v2\/media?parent=17181"}],"curies":[{"name":"wp","href":"https:\/\/api.w.org\/{rel}","templated":true}]}}