{"id":17049,"date":"2024-01-09T15:15:58","date_gmt":"2024-01-09T15:15:58","guid":{"rendered":"https:\/\/www.ping.fm\/data-recovery-software\/sd-card-recovery-mac\/"},"modified":"2024-02-16T08:52:46","modified_gmt":"2024-02-16T08:52:46","slug":"sd-card-recovery-mac","status":"publish","type":"page","link":"https:\/\/datarecovery.ping.fm\/de\/sd-card-recovery-mac\/","title":{"rendered":"So k\u00f6nnen Sie gel\u00f6schte Dateien von einer SD-Karte auf einem Mac wiederherstellen"},"content":{"rendered":"<section>\n<h1>So stellen Sie gel\u00f6schte Dateien von einer SD-Karte auf einem Mac wieder her<\/h1>\n<div class=\"inbrief\">\n<div>&#13;             <img decoding=\"async\" class=\"lazyload\"  srcset=\"data:image\/png;base64,iVBORw0KGgoAAAANSUhEUgAABLAAAAKkAQMAAAAqeFQ7AAAAA3NCSVQICAjb4U\/gAAAABlBMVEX\/\/\/\/\/\/\/9VfPVsAAAAAnRSTlMA\/1uRIrUAAAAJcEhZcwAACxIAAAsSAdLdfvwAAAAcdEVYdFNvZnR3YXJlAEFkb2JlIEZpcmV3b3JrcyBDUzbovLKMAAAAFnRFWHRDcmVhdGlvbiBUaW1lADAxLzI5LzE536V52wAAAHpJREFUeJztwQENAAAAwqD3T20ON6AAAAAAAAAAAAAAAAAAAAAAAAAAAAAAAAAAAAAAAAAAAAAAAAAAAAAAAAAAAAAAAAAAAAAAAAAAAAAAAAAAAAAAAAAAAAAAAAAAAAAAAAAAAAAAAAAAAAAAAAAAAAAAAAAAAIAHA47LAAHp9LjEAAAAAElFTkSuQmCC\" src=\"https:\/\/www.ping.fm\/data-recovery-software\/wp-content\/uploads\/ai\/How-to-Recover-Deleted-Files-from-an-SD-Card-on-Mac-German.jpg\" data-srcset=\"https:\/\/www.ping.fm\/data-recovery-software\/wp-content\/uploads\/ai\/How-to-Recover-Deleted-Files-from-an-SD-Card-on-Mac-German.jpg\" data-lazy-type=\"image\" data-original=\"https:\/\/www.ping.fm\/data-recovery-software\/wp-content\/uploads\/ai\/How-to-Recover-Deleted-Files-from-an-SD-Card-on-Mac-German.jpg\" alt=\"So stellen Sie gel\u00f6schte Dateien von einer SD-Karte auf einem Mac wieder her\" title=\"So stellen Sie gel\u00f6schte Dateien von einer SD-Karte auf einem Mac wieder her\" width=\"1280\" height=\"720\">&#13;             <\/p>\n<p>Willkommen zum Leitfaden, wie Sie gel\u00f6schte Dateien kostenlos von einer SD-Karte mit einem MacBook wiederherstellen k\u00f6nnen. Im digitalen Zeitalter kann der Verlust von Daten ein bedr\u00fcckendes Ereignis sein, besonders wenn es sich um wertvolle Erinnerungen oder wichtige Arbeitsdokumente handelt. Gl\u00fccklicherweise ist <a href=\"https:\/\/fixingblog.com\/is-sd-card-recovery-possible\/\" rel=\"dofollow external noopener noreferrer\" target=\"_blank\" data-wpel-link=\"external\">die Wiederherstellung von Daten auf SD-Karten m\u00f6glich<\/a>, und in diesem Artikel werde ich pers\u00f6nliche Erfahrungen und Schritte teilen, um Ihre verlorenen Dateien zur\u00fcckzugewinnen. Ob durch versehentliche L\u00f6schung, Besch\u00e4digung oder Formatierung verursacht, diese Methoden k\u00f6nnen Ihnen helfen, Ihre Daten ohne Kosten wiederherzustellen.<\/p>\n<\/div>\n<\/div>\n<\/section>\n<p>&#13;             <\/p>\n<section>\n<div>\n<div>1<\/div>\n<h2>H\u00e4ufige Szenarien:<\/h2>\n<\/div>\n<h3>H\u00e4ufig vorkommende L\u00f6schpannen &#128680;<\/h3>\n<ul>\n<li>Verschiedentliches <b>L\u00f6schen von Dateien<\/b>, w\u00e4hrend man versucht, Platz auf der SD-Karte freizumachen.<\/li>\n<li>Unbeabsichtigtes Formatieren der SD-Karte, was zu einem Neustart ohne die fr\u00fcheren Daten f\u00fchrt.<\/li>\n<li>Dateien werden <b>korrupt<\/b> aufgrund unsachgem\u00e4\u00dfen Entfernens oder Stromschwankungen.<\/li>\n<\/ul>\n<h3>Unerwartete Datenkatastrophen &#127786;<\/h3>\n<ul>\n<li>Sch\u00e4den an der Dateistruktur der SD-Karte aufgrund eines Virus- oder Malwareangriffs.<\/li>\n<li>SD-Karte wird aufgrund von physischem Schaden oder <b>Abnutzung<\/b> unzug\u00e4nglich.<\/li>\n<li>Datenverlust nach Verwendung der SD-Karte in mehreren Ger\u00e4ten, was zu Dateisystemkonflikten f\u00fchrt.<\/li>\n<\/ul>\n<h3>\u00dcberraschende technische St\u00f6rungen &#128561;<\/h3>\n<ul>\n<li><b>Technische Fehler<\/b> beim Dateitransfer, die zu unvollst\u00e4ndigen oder fehlenden Dateien f\u00fchren.<\/li>\n<li>Softwareaktualisierungen oder Abst\u00fcrze, die den Zugriff auf vorhandene Dateien auf der SD-Karte unterbrechen.<\/li>\n<li>SD-Karte wird vom Computer wegen Treiberproblemen oder Kompatibilit\u00e4tsschwierigkeiten nicht erkannt.<\/li>\n<\/ul>\n<\/section>\n<p>&#13;             <\/p>\n<section class=\"stepByStep\">\n<div>\n<div>2<\/div>\n<h2>Schritt-f\u00fcr-Schritt-Anleitung. SD-Karte wiederherstellen Mac:<\/h2>\n<\/div>\n<h3>Methode 1: Den Papierkorb \u00fcberpr\u00fcfen &#128465;<\/h3>\n<ul>\n<li>H\u00f6ren Sie sofort auf, die SD-Karte zu verwenden, um zu verhindern, dass wiederherstellbare Dateien \u00fcberschrieben werden.<\/li>\n<li><b>Verbinden<\/b> Sie die SD-Karte mit Ihrem MacBook \u00fcber einen SD-Kartenleser.<\/li>\n<li>\u00d6ffnen Sie den <b>Papierkorb<\/b> auf Ihrem MacBook, um nach den gel\u00f6schten Dateien zu suchen.<\/li>\n<li>Wenn gefunden, klicken Sie mit der rechten Maustaste auf die Datei und w\u00e4hlen Sie &#8218;Zur\u00fccklegen&#8216;, um sie an ihren urspr\u00fcnglichen Ort wiederherzustellen.<\/li>\n<\/ul>\n<p><b>Hinweis:<\/b> Vom externen SD-Karte gel\u00f6schte Dateien erscheinen normalerweise nicht im Papierkorb des Mac, aber es ist dennoch sinnvoll zu \u00fcberpr\u00fcfen, falls vor Kurzem Dateien von der mit dem Computer verbundenen SD-Karte gel\u00f6scht wurden.<\/p>\n<p><b>Fazit:<\/b> Die Methode mit dem Papierkorb ist schnell und einfach, funktioniert aber nur, wenn die Dateien gel\u00f6scht wurden, w\u00e4hrend die SD-Karte mit dem MacBook verbunden war.<\/p>\n<h3>Methode 2: Time Machine Backup verwenden &#9200;<\/h3>\n<ul>\n<li><b>Verbinden<\/b> Sie die SD-Karte und ein externes Laufwerk mit Ihren Time Machine-Backups.<\/li>\n<li>\u00d6ffnen Sie Time Machine, indem Sie auf das Time Machine-Symbol in der Men\u00fcleiste klicken und &#8218;Time Machine betreten&#8216; ausw\u00e4hlen.<\/li>\n<li>Navigieren Sie zu dem Datum und der Uhrzeit, bevor die Dateien gel\u00f6scht wurden.<\/li>\n<li>W\u00e4hlen Sie die Dateien aus, die Sie wiederherstellen m\u00f6chten, und dr\u00fccken Sie &#8218;Wiederherstellen&#8216;.<\/li>\n<\/ul>\n<p><b>Hinweis:<\/b> Diese Methode funktioniert, wenn Sie Ihre SD-Karte regelm\u00e4\u00dfig mit Time Machine sichern.<\/p>\n<p><b>Fazit:<\/b> Time Machine ist ein leistungsstarkes, in MacBooks integriertes Backup-Feature, das Ihre gel\u00f6schten Dateien wiederherstellen kann, wenn Sie ein vorhandenes Backup haben.<\/p>\n<h3>Methode 3: Terminalbefehle nutzen &#128269;<\/h3>\n<ul>\n<li><b>Verbinden<\/b> Sie die SD-Karte mit Ihrem MacBook.<\/li>\n<li>Starten Sie das Terminal aus dem Ordner Dienstprogramme oder \u00fcber die Spotlight-Suche.<\/li>\n<li>Geben Sie den Befehl &#8218;<b>cd .Trash<\/b>&#8218; ein und dr\u00fccken Sie Enter, um in das Verzeichnis Papierkorb zu navigieren.<\/li>\n<li>Geben Sie &#8218;<b>ls -al<\/b>&#8218; ein, um alle Dateien einschlie\u00dflich versteckter Dateien aufzulisten.<\/li>\n<li>Wenn Sie den Namen Ihrer gel\u00f6schten Datei erkennen, verwenden Sie den Befehl &#8218;<b>mv Dateiname ..\/<\/b>&#8218;, um sie aus dem Papierkorb zu verschieben.<\/li>\n<\/ul>\n<p><b>Hinweis:<\/b> Seien Sie vorsichtig mit Terminalbefehlen, da sie Systemdateien beeinflussen k\u00f6nnen, wenn sie falsch verwendet werden.<\/p>\n<p><b>Fazit:<\/b> Terminalbefehle bieten eine robuste M\u00f6glichkeit, Dateien zu verwalten, sollten aber nur von Personen verwendet werden, die mit der Befehlszeile vertraut sind.<\/p>\n<h3>Methode 4: Datenwiederherstellungssoftware verwenden &#129489;<\/h3>\n<ul>\n<li>Laden Sie eine seri\u00f6se <b>Datenwiederherstellungssoftware<\/b> herunter und installieren Sie sie, wie zum Beispiel <a href=\"https:\/\/www.cgsecurity.org\/wiki\/PhotoRec\" rel=\"nofollow external noopener noreferrer\" target=\"_blank\" data-wpel-link=\"external\">PhotoRec<\/a> oder <a href=\"https:\/\/www.cleverfiles.com\/disk-drill-mac.html\" rel=\"follow noopener\" target=\"_blank\" data-wpel-link=\"internal\">Disk Drill<\/a>.<\/li>\n<li>Starten Sie die Software und w\u00e4hlen Sie die SD-Karte als Ziel f\u00fcr die Datenwiederherstellung aus.<\/li>\n<li>Befolgen Sie die Anweisungen der Software, um die SD-Karte auf wiederherstellbare Dateien zu scannen.<\/li>\n<li>W\u00e4hlen Sie die Dateien, die Sie wiederherstellen m\u00f6chten, aus und speichern Sie sie an einem neuen Ort auf Ihrem MacBook, nicht auf der SD-Karte selbst.<\/li>\n<\/ul>\n<p><b>Hinweis:<\/b> Es ist entscheidend, die Dateien an einem anderen Ort wiederherzustellen, um m\u00f6gliche Daten\u00fcberschreibungen zu vermeiden.<\/p>\n<p><b>Fazit:<\/b> Datenwiederherstellungssoftware ist sehr effektiv, kann aber f\u00fcr diejenigen, die nicht technikaffin sind, komplex sein.<\/p>\n<h3>Methode 5: Hilfe von der Festplattendienstprogramm suchen &#128736;<\/h3>\n<ul>\n<li><b>Verbinden<\/b> Sie die SD-Karte mit Ihrem MacBook.<\/li>\n<li>\u00d6ffnen Sie das Festplattendienstprogramm aus dem Ordner Anwendungen -> Dienstprogramme.<\/li>\n<li>W\u00e4hlen Sie die SD-Karte aus und klicken Sie auf die Schaltfl\u00e4che &#8218;Erste Hilfe&#8216;.<\/li>\n<li>Befolgen Sie die Aufforderungen, um etwaige Dateisystemfehler auf der SD-Karte, die dazu f\u00fchren k\u00f6nnten, dass Dateien als gel\u00f6scht erscheinen, zu reparieren.<\/li>\n<\/ul>\n<p><b>Hinweis:<\/b> W\u00e4hrend das Festplattendienstprogramm einige Dateisystemfehler beheben kann, kann es keine Dateien wiederherstellen, die bereits physisch von der SD-Karte gel\u00f6scht wurden.<\/p>\n<p><b>Fazit:<\/b> Das Festplattendienstprogramm ist ein n\u00fctzliches Werkzeug zum Beheben von Dateisystemfehlern, ist aber keine eigenst\u00e4ndige Wiederherstellungsl\u00f6sung.<\/p>\n<\/section>\n<section>\n<div>\n<div>3<\/div>\n<h2>Youtube-Video zum Anschauen<\/h2>\n<\/div>\n<div class=\"iframe\"><span class=\"lazyload\" data-original_content=\"PGlmcmFtZSB3aWR0aD0iNDIwIiBoZWlnaHQ9IjMxNSIgc3JjPSIvL3d3dy55b3V0dWJlLmNvbS9lbWJlZC9TTXN3Si1LcnlCTSIgZnJhbWVib3JkZXI9IjAiIGFsbG93ZnVsbHNjcmVlbj48L2lmcmFtZT4=\"><\/span><\/div>\n<\/section>\n<section>\n<div>\n<div>4<\/div>\n<h2>Vorsichtsma\u00dfnahmen und Tipps:<\/h2>\n<\/div>\n<h3>Maximieren Sie Ihre Wiederherstellungschancen &#10024;<\/h3>\n<ul>\n<li>Vermeiden Sie, Daten zu \u00fcberschreiben, indem Sie die SD-Karte <b>nicht verwenden<\/b>, nachdem Ihnen klar geworden ist, dass Dateien gel\u00f6scht wurden.<\/li>\n<li>Versuchen Sie mehrere Wiederherstellungsmethoden, da eine davon f\u00fcr Ihre spezielle Situation wirksamer sein kann als eine andere.<\/li>\n<li>Erw\u00e4gen Sie, regelm\u00e4\u00dfige Sicherungen Ihrer SD-Karte zu erstellen, um Dateien in Zukunft leichter wiederherstellen zu k\u00f6nnen.<\/li>\n<\/ul>\n<h3>Erhalt der Gesundheit Ihrer SD-Karte &#127973;<\/h3>\n<ul>\n<li>Formatieren Sie Ihre SD-Karte regelm\u00e4\u00dfig in dem Ger\u00e4t, in dem Sie sie haupts\u00e4chlich verwenden, um Dateisystemkonflikte zu verhindern.<\/li>\n<li>Entfernen Sie die SD-Karte immer sicher aus Ihrem MacBook, bevor Sie sie physisch entfernen.<\/li>\n<li>Aufbewahrung der SD-Karte an einem trockenen, k\u00fchlen Ort, um physische Sch\u00e4den durch Umwelteinfl\u00fcsse zu vermeiden.<\/li>\n<\/ul>\n<\/section>\n<section>\n<div>\n<div>5<\/div>\n<h2>Zus\u00e4tzliche Einblicke in die Wiederherstellung<\/h2>\n<\/div>\n<p>Beim Wiederherstellen gel\u00f6schter Dateien von einer SD-Karte gibt es mehrere andere \u00dcberlegungen, die Sie \u00fcber die unmittelbaren Wiederherstellungsschritte hinaus ber\u00fccksichtigen sollten. Das Verst\u00e4ndnis der zugrundeliegenden Technologie hinter SD-Karten und Dateisystemen kann Ihre Bem\u00fchungen zur Datenwiederherstellung weiter verbessern. Zum Beispiel kann das Wissen \u00fcber den Unterschied zwischen FAT32-, exFAT- und NTFS-Dateisystemen Ihnen dabei helfen, das beste Format f\u00fcr Ihren Anwendungsfall zu bestimmen, insbesondere beim Wechseln zwischen macOS- und Windows-Umgebungen.<\/p>\n<\/section>\n<section>\n<h2>Fazit:<\/h2>\n<div class=\"nonp\">\n<p>Zusammenfassend l\u00e4sst sich sagen, dass das Verlieren von Dateien von einer SD-Karte frustrierend sein kann, aber ich habe festgestellt, dass mit Ausdauer und den richtigen Tools eine Wiederherstellung oft m\u00f6glich ist. Die Methoden, die ich geteilt habe, basieren auf pers\u00f6nlichen Erfahrungen und k\u00f6nnen ohne die Notwendigkeit, Geld f\u00fcr professionelle Dienstleistungen auszugeben, durchgef\u00fchrt werden. Erinnern Sie sich immer daran, ruhig zu bleiben, jede Situation zu analysieren und jeden Schritt methodisch f\u00fcr die beste Chance auf Wiederherstellung zu versuchen. Denken Sie daran, mit dem richtigen Wissen und Ansatz k\u00f6nnen Sie oft zur\u00fcckbringen, was f\u00fcr immer verloren geglaubt wurde.<\/p>\n<\/div>\n<\/section>\n","protected":false},"excerpt":{"rendered":"<p>So stellen Sie gel\u00f6schte Dateien von einer SD-Karte auf einem Mac wieder her &#13; &#13; Willkommen zum Leitfaden, wie Sie gel\u00f6schte Dateien kostenlos von einer SD-Karte mit einem MacBook wiederherstellen k\u00f6nnen. Im digitalen Zeitalter kann der Verlust von Daten ein bedr\u00fcckendes Ereignis sein, besonders wenn es sich um wertvolle Erinnerungen oder wichtige Arbeitsdokumente handelt. Gl\u00fccklicherweise [&hellip;]<\/p>\n","protected":false},"author":2,"featured_media":36954,"parent":0,"menu_order":0,"comment_status":"closed","ping_status":"closed","template":"chromecast.php","meta":{"_stopmodifiedupdate":false,"_modified_date":"","_lmt_disableupdate":"yes","_lmt_disable":""},"acf":[],"yoast_head":"<!-- This site is optimized with the Yoast SEO plugin v20.9 - https:\/\/yoast.com\/wordpress\/plugins\/seo\/ -->\n<title>So stellen Sie gel\u00f6schte Dateien von einer SD-Karte auf einem Mac wieder her [Kostenlos]<\/title>\n<meta name=\"robots\" content=\"index, follow, max-snippet:-1, max-image-preview:large, max-video-preview:-1\" \/>\n<link rel=\"canonical\" href=\"https:\/\/datarecovery.ping.fm\/de\/sd-card-recovery-mac\/\" \/>\n<meta property=\"og:locale\" content=\"de_DE\" \/>\n<meta property=\"og:type\" content=\"article\" \/>\n<meta property=\"og:title\" content=\"So stellen Sie gel\u00f6schte Dateien von einer SD-Karte auf einem Mac wieder her [Kostenlos]\" \/>\n<meta property=\"og:description\" content=\"So stellen Sie gel\u00f6schte Dateien von einer SD-Karte auf einem Mac wieder her &#013; &#013; Willkommen zum Leitfaden, wie Sie gel\u00f6schte Dateien kostenlos von einer SD-Karte mit einem MacBook wiederherstellen k\u00f6nnen. Im digitalen Zeitalter kann der Verlust von Daten ein bedr\u00fcckendes Ereignis sein, besonders wenn es sich um wertvolle Erinnerungen oder wichtige Arbeitsdokumente handelt. Gl\u00fccklicherweise [&hellip;]\" \/>\n<meta property=\"og:url\" content=\"https:\/\/datarecovery.ping.fm\/de\/sd-card-recovery-mac\/\" \/>\n<meta property=\"og:site_name\" content=\"Datenwiederherstellungssoftware\" \/>\n<meta property=\"article:modified_time\" content=\"2024-02-16T08:52:46+00:00\" \/>\n<meta property=\"og:image\" content=\"https:\/\/datarecovery.ping.fm\/wp-content\/uploads\/2024\/03\/How-to-Recover-Deleted-Files-from-an-SD-Card-on-Mac-German.jpg\" \/>\n\t<meta property=\"og:image:width\" content=\"1280\" \/>\n\t<meta property=\"og:image:height\" content=\"731\" \/>\n\t<meta property=\"og:image:type\" content=\"image\/jpeg\" \/>\n<meta name=\"twitter:card\" content=\"summary_large_image\" \/>\n<meta name=\"twitter:label1\" content=\"Est. reading time\" \/>\n\t<meta name=\"twitter:data1\" content=\"6 Minuten\" \/>\n<script type=\"application\/ld+json\" class=\"yoast-schema-graph\">{\"@context\":\"https:\/\/schema.org\",\"@graph\":[{\"@type\":\"WebPage\",\"@id\":\"https:\/\/datarecovery.ping.fm\/de\/sd-card-recovery-mac\/\",\"url\":\"https:\/\/datarecovery.ping.fm\/de\/sd-card-recovery-mac\/\",\"name\":\"So stellen Sie gel\u00f6schte Dateien von einer SD-Karte auf einem Mac wieder her [Kostenlos]\",\"isPartOf\":{\"@id\":\"https:\/\/datarecovery.ping.fm\/de\/#website\"},\"datePublished\":\"2024-01-09T15:15:58+00:00\",\"dateModified\":\"2024-02-16T08:52:46+00:00\",\"breadcrumb\":{\"@id\":\"https:\/\/datarecovery.ping.fm\/de\/sd-card-recovery-mac\/#breadcrumb\"},\"inLanguage\":\"de-DE\",\"potentialAction\":[{\"@type\":\"ReadAction\",\"target\":[\"https:\/\/datarecovery.ping.fm\/de\/sd-card-recovery-mac\/\"]}]},{\"@type\":\"BreadcrumbList\",\"@id\":\"https:\/\/datarecovery.ping.fm\/de\/sd-card-recovery-mac\/#breadcrumb\",\"itemListElement\":[{\"@type\":\"ListItem\",\"position\":1,\"name\":\"Home\",\"item\":\"https:\/\/datarecovery.ping.fm\/de\/\"},{\"@type\":\"ListItem\",\"position\":2,\"name\":\"So k\u00f6nnen Sie gel\u00f6schte Dateien von einer SD-Karte auf einem Mac wiederherstellen\"}]},{\"@type\":\"WebSite\",\"@id\":\"https:\/\/datarecovery.ping.fm\/de\/#website\",\"url\":\"https:\/\/datarecovery.ping.fm\/de\/\",\"name\":\"Datenwiederherstellungssoftware\",\"description\":\"\",\"potentialAction\":[{\"@type\":\"SearchAction\",\"target\":{\"@type\":\"EntryPoint\",\"urlTemplate\":\"https:\/\/datarecovery.ping.fm\/de\/?s={search_term_string}\"},\"query-input\":\"required name=search_term_string\"}],\"inLanguage\":\"de-DE\"}]}<\/script>\n<!-- \/ Yoast SEO plugin. -->","yoast_head_json":{"title":"So stellen Sie gel\u00f6schte Dateien von einer SD-Karte auf einem Mac wieder her [Kostenlos]","robots":{"index":"index","follow":"follow","max-snippet":"max-snippet:-1","max-image-preview":"max-image-preview:large","max-video-preview":"max-video-preview:-1"},"canonical":"https:\/\/datarecovery.ping.fm\/de\/sd-card-recovery-mac\/","og_locale":"de_DE","og_type":"article","og_title":"So stellen Sie gel\u00f6schte Dateien von einer SD-Karte auf einem Mac wieder her [Kostenlos]","og_description":"So stellen Sie gel\u00f6schte Dateien von einer SD-Karte auf einem Mac wieder her &#13; &#13; Willkommen zum Leitfaden, wie Sie gel\u00f6schte Dateien kostenlos von einer SD-Karte mit einem MacBook wiederherstellen k\u00f6nnen. Im digitalen Zeitalter kann der Verlust von Daten ein bedr\u00fcckendes Ereignis sein, besonders wenn es sich um wertvolle Erinnerungen oder wichtige Arbeitsdokumente handelt. Gl\u00fccklicherweise [&hellip;]","og_url":"https:\/\/datarecovery.ping.fm\/de\/sd-card-recovery-mac\/","og_site_name":"Datenwiederherstellungssoftware","article_modified_time":"2024-02-16T08:52:46+00:00","og_image":[{"width":1280,"height":731,"url":"https:\/\/datarecovery.ping.fm\/wp-content\/uploads\/2024\/03\/How-to-Recover-Deleted-Files-from-an-SD-Card-on-Mac-German.jpg","type":"image\/jpeg"}],"twitter_card":"summary_large_image","twitter_misc":{"Est. reading time":"6 Minuten"},"schema":{"@context":"https:\/\/schema.org","@graph":[{"@type":"WebPage","@id":"https:\/\/datarecovery.ping.fm\/de\/sd-card-recovery-mac\/","url":"https:\/\/datarecovery.ping.fm\/de\/sd-card-recovery-mac\/","name":"So stellen Sie gel\u00f6schte Dateien von einer SD-Karte auf einem Mac wieder her [Kostenlos]","isPartOf":{"@id":"https:\/\/datarecovery.ping.fm\/de\/#website"},"datePublished":"2024-01-09T15:15:58+00:00","dateModified":"2024-02-16T08:52:46+00:00","breadcrumb":{"@id":"https:\/\/datarecovery.ping.fm\/de\/sd-card-recovery-mac\/#breadcrumb"},"inLanguage":"de-DE","potentialAction":[{"@type":"ReadAction","target":["https:\/\/datarecovery.ping.fm\/de\/sd-card-recovery-mac\/"]}]},{"@type":"BreadcrumbList","@id":"https:\/\/datarecovery.ping.fm\/de\/sd-card-recovery-mac\/#breadcrumb","itemListElement":[{"@type":"ListItem","position":1,"name":"Home","item":"https:\/\/datarecovery.ping.fm\/de\/"},{"@type":"ListItem","position":2,"name":"So k\u00f6nnen Sie gel\u00f6schte Dateien von einer SD-Karte auf einem Mac wiederherstellen"}]},{"@type":"WebSite","@id":"https:\/\/datarecovery.ping.fm\/de\/#website","url":"https:\/\/datarecovery.ping.fm\/de\/","name":"Datenwiederherstellungssoftware","description":"","potentialAction":[{"@type":"SearchAction","target":{"@type":"EntryPoint","urlTemplate":"https:\/\/datarecovery.ping.fm\/de\/?s={search_term_string}"},"query-input":"required name=search_term_string"}],"inLanguage":"de-DE"}]}},"_links":{"self":[{"href":"https:\/\/datarecovery.ping.fm\/de\/wp-json\/wp\/v2\/pages\/17049"}],"collection":[{"href":"https:\/\/datarecovery.ping.fm\/de\/wp-json\/wp\/v2\/pages"}],"about":[{"href":"https:\/\/datarecovery.ping.fm\/de\/wp-json\/wp\/v2\/types\/page"}],"author":[{"embeddable":true,"href":"https:\/\/datarecovery.ping.fm\/de\/wp-json\/wp\/v2\/users\/2"}],"replies":[{"embeddable":true,"href":"https:\/\/datarecovery.ping.fm\/de\/wp-json\/wp\/v2\/comments?post=17049"}],"version-history":[{"count":1,"href":"https:\/\/datarecovery.ping.fm\/de\/wp-json\/wp\/v2\/pages\/17049\/revisions"}],"predecessor-version":[{"id":36953,"href":"https:\/\/datarecovery.ping.fm\/de\/wp-json\/wp\/v2\/pages\/17049\/revisions\/36953"}],"wp:featuredmedia":[{"embeddable":true,"href":"https:\/\/datarecovery.ping.fm\/de\/wp-json\/wp\/v2\/media\/36954"}],"wp:attachment":[{"href":"https:\/\/datarecovery.ping.fm\/de\/wp-json\/wp\/v2\/media?parent=17049"}],"curies":[{"name":"wp","href":"https:\/\/api.w.org\/{rel}","templated":true}]}}