{"id":16644,"date":"2024-01-10T21:18:11","date_gmt":"2024-01-10T21:18:11","guid":{"rendered":"https:\/\/www.ping.fm\/data-recovery-software\/virtual-machine-data-recovery\/"},"modified":"2024-02-16T08:52:42","modified_gmt":"2024-02-16T08:52:42","slug":"virtual-machine-data-recovery","status":"publish","type":"page","link":"https:\/\/datarecovery.ping.fm\/de\/virtual-machine-data-recovery\/","title":{"rendered":"So stellen Sie gel\u00f6schte Dateien von einer virtuellen Maschine wieder her"},"content":{"rendered":"<section>\n<h1>So stellen Sie gel\u00f6schte Dateien aus einer virtuellen Maschine wieder her<\/h1>\n<div class=\"inbrief\">\n<div>             <img src=\"https:\/\/www.ping.fm\/data-recovery-software\/wp-content\/uploads\/ai\/How-to-Recover-Deleted-Files-From-a-Virtual-Machine-German.jpg\" alt=\"So stellen Sie gel\u00f6schte Dateien aus einer virtuellen Maschine wieder her\" title=\"So stellen Sie gel\u00f6schte Dateien aus einer virtuellen Maschine wieder her\" width=\"1280\" height=\"720\">             <\/p>\n<p>Im Bereich der Informationstechnologie sto\u00dfen wir oft auf verschiedene Arten von Datenverlusten; sei es durch unbeabsichtigte L\u00f6schung, Besch\u00e4digung oder Hardwaredefekte. Als IT-Profis oder technologisch versierte Personen ist eines der einzigartig herausfordernden Szenarien, wenn ein Datenverlust innerhalb einer <b>virtuellen Maschine<\/b> (VM) auftritt. Die Frage ist: K\u00f6nnen Daten innerhalb einer VM wiederhergestellt werden? Gl\u00fccklicherweise lautet die Antwort ja, durch die Verwendung von spezialisierter Datenwiederherstellungssoftware. Dieser Artikel geht auf die M\u00f6glichkeit der <b>Datenwiederherstellung einer virtuellen Maschine<\/b> ein und zeigt, wie man Daten mithilfe zweier renommierter Wiederherstellungstools, <b>R-Studio<\/b> und <b>Disk Drill<\/b>, wiederherstellt. Anhand von detaillierten Erkl\u00e4rungen aus meinen pers\u00f6nlichen Erfahrungen mit diesen Anwendungen m\u00f6chte ich euch anleiten, wie ihr eure wertvollen Daten sicher zur\u00fcckerhalten k\u00f6nnt.<\/p>\n<\/div>\n<\/div>\n<\/section>\n<section>\n<div>\n<div>1<\/div>\n<h2>Allgemeine Szenarien:<\/h2>\n<\/div>\n<h3>Versehentliche Dateil\u00f6schung innerhalb einer VM &#128465;<\/h3>\n<ul>\n<li><b>Datenverlust<\/b> innerhalb von virtuellen Maschinen kann oft durch versehentliches L\u00f6schen von Dateien entstehen, genau wie bei physischen Festplatten.<\/li>\n<li>W\u00e4hrend der Arbeit in einer VM k\u00f6nnen die spezifischen Dynamiken des virtualisierten Speichers den Wiederherstellungsprozess im Vergleich zu herk\u00f6mmlichen Methoden ver\u00e4ndern.<\/li>\n<li><b>Virtuelle Festplatten<\/b>, die normalerweise als einzelne Dateien (.vmdk, .vhd) auf dem Hostsystem gespeichert werden, k\u00f6nnen von Datenwiederherstellungssoftware gescannt werden.<\/li>\n<\/ul>\n<h3>VM-Korruption oder -Ausf\u00e4lle &#128680;<\/h3>\n<ul>\n<li>F\u00e4lle, in denen eine <b>virtuelle Maschine<\/b> nicht mehr startet oder Korruptionen auftreten, k\u00f6nnen ebenfalls Datenwiederherstellungsma\u00dfnahmen erforderlich machen.<\/li>\n<li>Korruption k\u00f6nnte das Dateisystem der VM betreffen und Daten durch normale Mittel unzug\u00e4nglich machen.<\/li>\n<li>Der Einsatz von <b>Datenwiederherstellungssoftware<\/b> kann in solchen Szenarien \u00e4u\u00dferst effektiv sein und bietet erweiterte Scanoptionen zur \u00dcberwindung der Korruption.<\/li>\n<\/ul>\n<h3>Physischer Speicherschaden, der VMs beeintr\u00e4chtigt &#128165;<\/h3>\n<ul>\n<li>Wenn der <b>physische Speicher<\/b>, auf dem die virtuellen Festplattendateien gehostet werden, besch\u00e4digt wird, erh\u00f6ht sich das Risiko eines erheblichen Datenverlusts.<\/li>\n<li>Gute Wiederherstellungssoftware kann solche Probleme bew\u00e4ltigen, oft f\u00e4hig, besch\u00e4digte Sektoren zu lesen, um die Daten zu retten, die sie k\u00f6nnen.<\/li>\n<li><b>R-Studio<\/b> und <b>Disk Drill<\/b> kommen hier ins Spiel und bieten erweiterte Funktionen zur Wiederherstellung von Daten von kompromittierten Speicherger\u00e4ten, in denen VM-Daten liegen.<\/li>\n<\/ul>\n<\/section>\n<section class=\"stepByStep\">\n<div>\n<div>2<\/div>\n<h2>Schritt-f\u00fcr-Schritt-Anleitung. Datenwiederherstellung f\u00fcr virtuelle Maschinen:<\/h2>\n<\/div>\n<h3>Methode 1: Verwendung von R-Studio f\u00fcr die VM-Datenwiederherstellung &#128269;<\/h3>\n<ul>\n<li>Installieren und starten Sie <b>R-Studio<\/b>. Dieses vielseitige Tool kann VM-Disks analysieren, wie es jede physische Festplatte tun w\u00fcrde.<\/li>\n<li>Laden Sie die <b>virtuelle Festplattendatei<\/b> in R-Studio. Gehen Sie zu &#8218;Laufwerk&#8216; -> &#8218;Diskettenabbild \u00f6ffnen&#8216; und w\u00e4hlen Sie die entsprechende .vmdk- oder .vhd-Datei Ihrer virtuellen Maschine aus.<\/li>\n<li>Einmal geladen, sehen Sie die Partitionen der Festplatte. Navigieren Sie zu derjenigen, die die verlorenen Daten enthielt.<\/li>\n<li>Beginnen Sie den <b>Scan nach verlorenen Daten<\/b>. R-Studio bietet einen Tiefenscan an, der besonders n\u00fctzlich f\u00fcr komplexe Datenverlustszenarien ist.<\/li>\n<li>Vorschau und Auswahl der wiederherstellbaren Dateien, dann w\u00e4hlen Sie einen sicheren Ort auf Ihrem Hostsystem, um die <b>wiederhergestellten Daten zu speichern<\/b>.<\/li>\n<\/ul>\n<p><b>Hinweis:<\/b> Stellen Sie sicher, dass Sie die wiederhergestellten Dateien an einem anderen Ort als dem Original speichern, um ein \u00dcberschreiben potenziell wiederherstellbarer Daten zu vermeiden.<a href='https:\/\/www.r-studio.com\/' rel=\"nofollow noopener\" target='_blank'>R-Studio<\/a>.<\/p>\n<p><b>Fazit:<\/b> Die Vielseitigkeit von R-Studio macht es zu einer idealen Wahl f\u00fcr die Wiederherstellung verlorener Daten aus virtuellen Maschinen, auch bei schweren Korruptionen oder Sch\u00e4den.<\/p>\n<h3>Methode 2: Verwendung von Disk Drill f\u00fcr die Datenwiederherstellung einer virtuellen Maschine &#127744;<\/h3>\n<ul>\n<li>Laden Sie <b>Disk Drill<\/b> auf Ihr Hostsystem herunter und installieren Sie es.<\/li>\n<li>\u00d6ffnen Sie Disk Drill und h\u00e4ngen Sie die <b>virtuelle Festplattendatei<\/b> an. \u00c4hnlich wie bei R-Studio, h\u00e4ngen Sie die VM-Festplattendatei an, indem Sie zu &#8218;Diskettenabbild anh\u00e4ngen&#8216; navigieren und die entsprechende Datei ausw\u00e4hlen.<\/li>\n<li>W\u00e4hlen Sie neben der geladenen virtuellen Festplatte die Option &#8218;Wiederherstellen&#8216;. Disk Drill startet einen umfassenden Scan, um gel\u00f6schte oder verlorene Dateien zu finden.<\/li>\n<li>Nach dem Abschluss des Scans durchst\u00f6bern Sie die gefundenen Dateien. Disk Drill bietet eine Vorschaufunktion, die beim Identifizieren der zu rettenden Daten \u00e4u\u00dferst wertvoll sein kann.<\/li>\n<li>Markieren Sie die Dateien, die Sie wiederherstellen m\u00f6chten, und klicken Sie dann auf die Schaltfl\u00e4che &#8218;Wiederherstellen&#8216;, um sie an einem <b>neuen Ort<\/b> auf Ihrem Hostsystem zu <b>speichern<\/b>.<\/li>\n<\/ul>\n<p><b>Hinweis:<\/b> Disk Drill erm\u00f6glicht auch das Erstellen von Byte-f\u00fcr-Byte-Backups, was vor jeglichen Wiederherstellungsversuchen hilfreich sein kann bei der Datensicherung.<a href='https:\/\/www.cleverfiles.com\/disk-drill-windows.html' rel=\"nofollow noopener\" target='_blank'>Disk Drill<\/a>.<\/p>\n<p><b>Fazit:<\/b> Disk Drill bietet eine benutzerfreundliche Oberfl\u00e4che und robuste Scan-Algorithmen und vereinfacht den Prozess der Datenwiederherstellung f\u00fcr virtuelle Maschinen f\u00fcr Benutzer aller Erfahrungsstufen.<\/p>\n<\/section>\n<section>\n<div>\n<div>3<\/div>\n<h2>Vorsichtsma\u00dfnahmen und Tipps:<\/h2>\n<\/div>\n<h3>Sch\u00fctzen Sie Ihre virtuellen Daten &#128190;<\/h3>\n<ul>\n<li>F\u00fchren Sie regelm\u00e4\u00dfig <b>Backups<\/b> Ihrer Daten in virtuellen Maschinen durch. Dieser proaktive Schritt ist unsch\u00e4tzbar wertvoll, um das Risiko von Datenverlusten zu minimieren.<\/li>\n<li><b>Vermeiden Sie das Schreiben von Daten<\/b> auf die Quellfestplatte, sobald Sie feststellen, dass Sie Dateien innerhalb einer virtuellen Maschine verloren haben, da dies verloren gegangene Daten \u00fcberschreiben und die Wiederherstellung erschweren kann.<\/li>\n<li>Nutzen Sie Schnappsch\u00fcsse oder \u00e4hnliche Funktionen, die von Ihrer VM-Plattform bereitgestellt werden, um Wiederherstellungspunkte vor gro\u00dfen \u00c4nderungen zu erstellen.<\/li>\n<li>Investieren Sie in zuverl\u00e4ssige <b>Datenwiederherstellungssoftware<\/b>, um auf potenzielle Datenverlustszenarien vorbereitet zu sein.<\/li>\n<\/ul>\n<\/section>\n<section>\n<div>\n<div>4<\/div>\n<h2>Verst\u00e4ndnis von virtuellen Maschinen und Datenwiederherstellung<\/h2>\n<\/div>\n<p><b>Virtuelle Maschinen<\/b> haben die Arbeitsweise von IT-Profis und Enthusiasten revolutioniert und bieten Umgebungen f\u00fcr Tests, Entwicklung und sogar das Hosting wichtiger Anwendungen und Dienste. Anders als physische Hardware sind die Ressourcen einer VM \u2013 einschlie\u00dflich ihres Speichers \u2013 Dateien auf dem Hostsystem, \u00fcblicherweise in Formaten wie <b>VMDK<\/b> f\u00fcr VMware oder <b>VHD<\/b> f\u00fcr Hyper-V.<\/p>\n<p>Wenn es um die <b>Datenwiederherstellung<\/b> in diesen Umgebungen geht, sind die richtigen Werkzeuge essenziell. Das erw\u00e4hnte R-Studio und Disk Drill haben sich einen Ruf daf\u00fcr erarbeitet, nicht nur physische Laufwerke, sondern auch diese virtuellen Festplattendateien zu durchleuchten, auf der Suche nach sowohl vorhandenen als auch zuvor gel\u00f6schten Dateien, die wiederhergestellt werden k\u00f6nnen.<\/p>\n<p>Die Technologie hinter diesen Datenwiederherstellungswerkzeugen beinhaltet oft fortgeschrittene Scan-Algorithmen, die Dateisignaturen erkennen und verloren gegangene Daten St\u00fcck f\u00fcr St\u00fcck zusammensetzen k\u00f6nnen. Sie k\u00f6nnen korrupte Dateien, besch\u00e4digte Partitionen und sogar physische Sektorsch\u00e4den auf der Hosting-Hardware umgehen.<\/p>\n<p>Obwohl dieser Wiederherstellungsprozess komplex scheinen kann, verf\u00fcgen sowohl R-Studio als auch Disk Drill \u00fcber Benutzeroberfl\u00e4chen und schrittweise Assistenten, die die Nutzer bei den Wiederherstellungsaufgaben unterst\u00fctzen k\u00f6nnen, sodass auch Personen mit begrenztem technischen Wissen versuchen k\u00f6nnen, ihre wichtigen Daten der virtuellen Maschine wiederherzustellen.<\/p>\n<p>F\u00fcr <b>Datenwiederherstellungsprofis<\/b> bietet R-Studio auch Netzwerkf\u00e4higkeiten an, um Datenwiederherstellung \u00fcber ein Netzwerk durchzuf\u00fchren, was besonders n\u00fctzlich bei der Arbeit mit virtualisierten Umgebungen sein kann, die auf entfernten Servern liegen k\u00f6nnten.<\/p>\n<\/section>\n<section>\n<h2>Fazit:<\/h2>\n<div class=\"nonp\">\n<p>Im Wesentlichen ist die <b>Datenwiederherstellung von virtuellen Maschinen<\/b> nicht nur m\u00f6glich, sondern kann mit Werkzeugen wie <b>R-Studio<\/b> und <b>Disk Drill<\/b> erfolgreich durchgef\u00fchrt werden. Aus eigener Erfahrung wei\u00df ich, dass man mit der richtigen Software und der Befolgung genauer Schritte oft wiederherstellen kann, was als verloren geglaubt wurde. Denken Sie daran, dass die effektivsten Wiederherstellungsmethoden immer mit der Vermeidung von Verlusten beginnen. Daher sollten Sie regelm\u00e4\u00dfige Backups durchf\u00fchren und Vorsicht beim Umgang mit den Daten Ihrer virtuellen Maschine walten lassen, um das Risiko, \u00fcberhaupt eine Wiederherstellung durchf\u00fchren zu m\u00fcssen, zu minimieren. Sollten Sie dennoch gezwungen sein, verlorene Daten wiederherzustellen, k\u00f6nnen Sie sicher sein, dass Sie mit dem notwendigen Wissen und den Werkzeugen gut ger\u00fcstet sind, um die Situation zu bew\u00e4ltigen.<\/p>\n<\/div>\n<\/section>\n","protected":false},"excerpt":{"rendered":"<p>So stellen Sie gel\u00f6schte Dateien aus einer virtuellen Maschine wieder her Im Bereich der Informationstechnologie sto\u00dfen wir oft auf verschiedene Arten von Datenverlusten; sei es durch unbeabsichtigte L\u00f6schung, Besch\u00e4digung oder Hardwaredefekte. Als IT-Profis oder technologisch versierte Personen ist eines der einzigartig herausfordernden Szenarien, wenn ein Datenverlust innerhalb einer virtuellen Maschine (VM) auftritt. Die Frage ist: [&hellip;]<\/p>\n","protected":false},"author":2,"featured_media":36918,"parent":0,"menu_order":0,"comment_status":"closed","ping_status":"closed","template":"chromecast.php","meta":{"_stopmodifiedupdate":false,"_modified_date":"","_lmt_disableupdate":"yes","_lmt_disable":""},"acf":[],"yoast_head":"<!-- This site is optimized with the Yoast SEO plugin v20.9 - https:\/\/yoast.com\/wordpress\/plugins\/seo\/ -->\n<title>Dateien von einer virtuellen Maschine wiederherstellen: Ein vollst\u00e4ndiger Leitfaden<\/title>\n<meta name=\"robots\" content=\"index, follow, max-snippet:-1, max-image-preview:large, max-video-preview:-1\" \/>\n<link rel=\"canonical\" href=\"https:\/\/datarecovery.ping.fm\/de\/virtual-machine-data-recovery\/\" \/>\n<meta property=\"og:locale\" content=\"de_DE\" \/>\n<meta property=\"og:type\" content=\"article\" \/>\n<meta property=\"og:title\" content=\"Dateien von einer virtuellen Maschine wiederherstellen: Ein vollst\u00e4ndiger Leitfaden\" \/>\n<meta property=\"og:description\" content=\"So stellen Sie gel\u00f6schte Dateien aus einer virtuellen Maschine wieder her Im Bereich der Informationstechnologie sto\u00dfen wir oft auf verschiedene Arten von Datenverlusten; sei es durch unbeabsichtigte L\u00f6schung, Besch\u00e4digung oder Hardwaredefekte. Als IT-Profis oder technologisch versierte Personen ist eines der einzigartig herausfordernden Szenarien, wenn ein Datenverlust innerhalb einer virtuellen Maschine (VM) auftritt. Die Frage ist: [&hellip;]\" \/>\n<meta property=\"og:url\" content=\"https:\/\/datarecovery.ping.fm\/de\/virtual-machine-data-recovery\/\" \/>\n<meta property=\"og:site_name\" content=\"Datenwiederherstellungssoftware\" \/>\n<meta property=\"article:modified_time\" content=\"2024-02-16T08:52:42+00:00\" \/>\n<meta property=\"og:image\" content=\"https:\/\/datarecovery.ping.fm\/wp-content\/uploads\/2024\/03\/How-to-Recover-Deleted-Files-From-a-Virtual-Machine-German.jpg\" \/>\n\t<meta property=\"og:image:width\" content=\"1280\" \/>\n\t<meta property=\"og:image:height\" content=\"731\" \/>\n\t<meta property=\"og:image:type\" content=\"image\/jpeg\" \/>\n<meta name=\"twitter:card\" content=\"summary_large_image\" \/>\n<meta name=\"twitter:label1\" content=\"Est. reading time\" \/>\n\t<meta name=\"twitter:data1\" content=\"6 Minuten\" \/>\n<script type=\"application\/ld+json\" class=\"yoast-schema-graph\">{\"@context\":\"https:\/\/schema.org\",\"@graph\":[{\"@type\":\"WebPage\",\"@id\":\"https:\/\/datarecovery.ping.fm\/de\/virtual-machine-data-recovery\/\",\"url\":\"https:\/\/datarecovery.ping.fm\/de\/virtual-machine-data-recovery\/\",\"name\":\"Dateien von einer virtuellen Maschine wiederherstellen: Ein vollst\u00e4ndiger Leitfaden\",\"isPartOf\":{\"@id\":\"https:\/\/datarecovery.ping.fm\/de\/#website\"},\"datePublished\":\"2024-01-10T21:18:11+00:00\",\"dateModified\":\"2024-02-16T08:52:42+00:00\",\"breadcrumb\":{\"@id\":\"https:\/\/datarecovery.ping.fm\/de\/virtual-machine-data-recovery\/#breadcrumb\"},\"inLanguage\":\"de-DE\",\"potentialAction\":[{\"@type\":\"ReadAction\",\"target\":[\"https:\/\/datarecovery.ping.fm\/de\/virtual-machine-data-recovery\/\"]}]},{\"@type\":\"BreadcrumbList\",\"@id\":\"https:\/\/datarecovery.ping.fm\/de\/virtual-machine-data-recovery\/#breadcrumb\",\"itemListElement\":[{\"@type\":\"ListItem\",\"position\":1,\"name\":\"Home\",\"item\":\"https:\/\/datarecovery.ping.fm\/de\/\"},{\"@type\":\"ListItem\",\"position\":2,\"name\":\"So stellen Sie gel\u00f6schte Dateien von einer virtuellen Maschine wieder her\"}]},{\"@type\":\"WebSite\",\"@id\":\"https:\/\/datarecovery.ping.fm\/de\/#website\",\"url\":\"https:\/\/datarecovery.ping.fm\/de\/\",\"name\":\"Datenwiederherstellungssoftware\",\"description\":\"\",\"potentialAction\":[{\"@type\":\"SearchAction\",\"target\":{\"@type\":\"EntryPoint\",\"urlTemplate\":\"https:\/\/datarecovery.ping.fm\/de\/?s={search_term_string}\"},\"query-input\":\"required name=search_term_string\"}],\"inLanguage\":\"de-DE\"}]}<\/script>\n<!-- \/ Yoast SEO plugin. -->","yoast_head_json":{"title":"Dateien von einer virtuellen Maschine wiederherstellen: Ein vollst\u00e4ndiger Leitfaden","robots":{"index":"index","follow":"follow","max-snippet":"max-snippet:-1","max-image-preview":"max-image-preview:large","max-video-preview":"max-video-preview:-1"},"canonical":"https:\/\/datarecovery.ping.fm\/de\/virtual-machine-data-recovery\/","og_locale":"de_DE","og_type":"article","og_title":"Dateien von einer virtuellen Maschine wiederherstellen: Ein vollst\u00e4ndiger Leitfaden","og_description":"So stellen Sie gel\u00f6schte Dateien aus einer virtuellen Maschine wieder her Im Bereich der Informationstechnologie sto\u00dfen wir oft auf verschiedene Arten von Datenverlusten; sei es durch unbeabsichtigte L\u00f6schung, Besch\u00e4digung oder Hardwaredefekte. Als IT-Profis oder technologisch versierte Personen ist eines der einzigartig herausfordernden Szenarien, wenn ein Datenverlust innerhalb einer virtuellen Maschine (VM) auftritt. Die Frage ist: [&hellip;]","og_url":"https:\/\/datarecovery.ping.fm\/de\/virtual-machine-data-recovery\/","og_site_name":"Datenwiederherstellungssoftware","article_modified_time":"2024-02-16T08:52:42+00:00","og_image":[{"width":1280,"height":731,"url":"https:\/\/datarecovery.ping.fm\/wp-content\/uploads\/2024\/03\/How-to-Recover-Deleted-Files-From-a-Virtual-Machine-German.jpg","type":"image\/jpeg"}],"twitter_card":"summary_large_image","twitter_misc":{"Est. reading time":"6 Minuten"},"schema":{"@context":"https:\/\/schema.org","@graph":[{"@type":"WebPage","@id":"https:\/\/datarecovery.ping.fm\/de\/virtual-machine-data-recovery\/","url":"https:\/\/datarecovery.ping.fm\/de\/virtual-machine-data-recovery\/","name":"Dateien von einer virtuellen Maschine wiederherstellen: Ein vollst\u00e4ndiger Leitfaden","isPartOf":{"@id":"https:\/\/datarecovery.ping.fm\/de\/#website"},"datePublished":"2024-01-10T21:18:11+00:00","dateModified":"2024-02-16T08:52:42+00:00","breadcrumb":{"@id":"https:\/\/datarecovery.ping.fm\/de\/virtual-machine-data-recovery\/#breadcrumb"},"inLanguage":"de-DE","potentialAction":[{"@type":"ReadAction","target":["https:\/\/datarecovery.ping.fm\/de\/virtual-machine-data-recovery\/"]}]},{"@type":"BreadcrumbList","@id":"https:\/\/datarecovery.ping.fm\/de\/virtual-machine-data-recovery\/#breadcrumb","itemListElement":[{"@type":"ListItem","position":1,"name":"Home","item":"https:\/\/datarecovery.ping.fm\/de\/"},{"@type":"ListItem","position":2,"name":"So stellen Sie gel\u00f6schte Dateien von einer virtuellen Maschine wieder her"}]},{"@type":"WebSite","@id":"https:\/\/datarecovery.ping.fm\/de\/#website","url":"https:\/\/datarecovery.ping.fm\/de\/","name":"Datenwiederherstellungssoftware","description":"","potentialAction":[{"@type":"SearchAction","target":{"@type":"EntryPoint","urlTemplate":"https:\/\/datarecovery.ping.fm\/de\/?s={search_term_string}"},"query-input":"required name=search_term_string"}],"inLanguage":"de-DE"}]}},"_links":{"self":[{"href":"https:\/\/datarecovery.ping.fm\/de\/wp-json\/wp\/v2\/pages\/16644"}],"collection":[{"href":"https:\/\/datarecovery.ping.fm\/de\/wp-json\/wp\/v2\/pages"}],"about":[{"href":"https:\/\/datarecovery.ping.fm\/de\/wp-json\/wp\/v2\/types\/page"}],"author":[{"embeddable":true,"href":"https:\/\/datarecovery.ping.fm\/de\/wp-json\/wp\/v2\/users\/2"}],"replies":[{"embeddable":true,"href":"https:\/\/datarecovery.ping.fm\/de\/wp-json\/wp\/v2\/comments?post=16644"}],"version-history":[{"count":1,"href":"https:\/\/datarecovery.ping.fm\/de\/wp-json\/wp\/v2\/pages\/16644\/revisions"}],"predecessor-version":[{"id":36917,"href":"https:\/\/datarecovery.ping.fm\/de\/wp-json\/wp\/v2\/pages\/16644\/revisions\/36917"}],"wp:featuredmedia":[{"embeddable":true,"href":"https:\/\/datarecovery.ping.fm\/de\/wp-json\/wp\/v2\/media\/36918"}],"wp:attachment":[{"href":"https:\/\/datarecovery.ping.fm\/de\/wp-json\/wp\/v2\/media?parent=16644"}],"curies":[{"name":"wp","href":"https:\/\/api.w.org\/{rel}","templated":true}]}}