{"id":16370,"date":"2024-01-10T20:46:38","date_gmt":"2024-01-10T20:46:38","guid":{"rendered":"https:\/\/www.ping.fm\/data-recovery-software\/recover-d-drive-data\/"},"modified":"2024-02-16T08:52:40","modified_gmt":"2024-02-16T08:52:40","slug":"recover-d-drive-data","status":"publish","type":"page","link":"https:\/\/datarecovery.ping.fm\/de\/recover-d-drive-data\/","title":{"rendered":"So stellen Sie gel\u00f6schte Dateien vom D-Laufwerk unter Windows wieder her"},"content":{"rendered":"<section>\n<h1>So stellen Sie gel\u00f6schte Dateien von Laufwerk D unter Windows wieder her<\/h1>\n<div class=\"inbrief\">\n<div>             <img src=\"https:\/\/www.ping.fm\/data-recovery-software\/wp-content\/uploads\/ai\/How-to-Recover-Deleted-Files-From-D-Drive-on-Windows-German.jpg\" alt=\"So stellen Sie gel\u00f6schte Dateien von Laufwerk D unter Windows wieder her\" title=\"So stellen Sie gel\u00f6schte Dateien von Laufwerk D unter Windows wieder her\" width=\"1280\" height=\"720\">             <\/p>\n<p>Das Verlieren von Daten auf Ihrem <b>D-Laufwerk<\/b> kann beunruhigend sein, besonders wenn es wichtige Dateien und Dokumente enth\u00e4lt. Gl\u00fccklicherweise gibt es zuverl\u00e4ssige Methoden, um diese Daten oder sogar das gesamte <b>gel\u00f6schte D-Laufwerk<\/b> wiederherzustellen. Als jemand, der das selbst erlebt hat, werde ich Sie durch mehrere Techniken f\u00fchren, die ich verwendet habe, um meine wichtigen Daten zur\u00fcckzuholen, einschlie\u00dflich der Nutzung von vertrauensw\u00fcrdiger Software wie <b>Disk Drill<\/b>. <a href='https:\/\/www.cleverfiles.com\/disk-drill-windows.html' rel=\"nofollow noopener\" target='_blank'>Disk Drill<\/a> ist ein robustes Wiederherstellungstool, das mir geholfen hat, meine Dateien zur\u00fcckzubekommen, und ich werde Sie durch den Prozess f\u00fchren.<\/p>\n<\/div>\n<\/div>\n<\/section>\n<section>\n<div>\n<div>1<\/div>\n<h2>H\u00e4ufige Szenarien:<\/h2>\n<\/div>\n<h3>Versehentliches L\u00f6schen &#128465;<\/h3>\n<ul>\n<li>Einmal habe ich aus Versehen &#8222;Shift + Delete&#8220; gedr\u00fcckt und wichtige Dateien auf meinem <b>D-Laufwerk<\/b> dauerhaft gel\u00f6scht.<\/li>\n<li>Das Fehlen von Backups machte die Situation stressiger.<\/li>\n<\/ul>\n<h3>Laufwerkskorruption &#128736;<\/h3>\n<ul>\n<li>Mein <b>D-Laufwerk<\/b> wurde durch Malware verursachte Korruption unzug\u00e4nglich.<\/li>\n<li>Der Versuch, darauf zuzugreifen, f\u00fchrte zu Fehlern und verhinderte den Zugriff auf meine Daten.<\/li>\n<\/ul>\n<h3>Probleme mit der Partitionstabelle &#128189;<\/h3>\n<ul>\n<li>Die Partitionstabelle meines <b>D-Laufwerks<\/b> wurde besch\u00e4digt, sodass die Partition ganz verschwand.<\/li>\n<li>Mein Computer erkannte das Laufwerk in der Datentr\u00e4gerverwaltung nicht mehr.<\/li>\n<\/ul>\n<\/section>\n<section class=\"stepByStep\">\n<div>\n<div>2<\/div>\n<h2>Schritt-f\u00fcr-Schritt-Anleitung. Wiederherstellung von Laufwerk D:<\/h2>\n<\/div>\n<h3>Methode 1: Wiederherstellen aus dem Papierkorb &#128465;<\/h3>\n<ul>\n<li>\u00d6ffnen Sie den Papierkorb durch Doppelklick auf das Symbol auf Ihrem Desktop.<\/li>\n<li>Sortieren Sie die Dateien nach Ort oder L\u00f6schdatum, um die Dateien vom <b>D-Laufwerk<\/b> zu finden.<\/li>\n<li>W\u00e4hlen Sie die Dateien aus, klicken Sie mit der rechten Maustaste und w\u00e4hlen Sie &#8222;Wiederherstellen&#8220;, um sie an ihren urspr\u00fcnglichen Ort zur\u00fcckzubringen.<\/li>\n<\/ul>\n<p><b>Hinweis:<\/b> Diese Methode funktioniert nur, wenn die Dateien nicht dauerhaft gel\u00f6scht wurden und der Papierkorb nicht geleert wurde.<\/p>\n<p><b>Fazit:<\/b> Die Wiederherstellung aus dem Papierkorb ist die einfachste Form der Datenrettung, hat jedoch ihre Grenzen und ist m\u00f6glicherweise nicht immer wirksam.<\/p>\n<h3>Methode 2: Verwenden Sie Disk Drill &#128736;<\/h3>\n<ul>\n<li>Laden Sie Disk Drill von der offiziellen Website <a href='https:\/\/www.cleverfiles.com\/disk-drill-windows.html' rel=\"nofollow noopener\" target='_blank'>hier<\/a> herunter und installieren Sie es.<\/li>\n<li>Starten Sie Disk Drill, w\u00e4hlen Sie das <b>D-Laufwerk<\/b> aus und klicken Sie auf &#8222;Recover&#8220;, um den Scanvorgang zu starten.<\/li>\n<li>Nach Abschluss des Scans, Vorschau der gefundenen Dateien ansehen und diejenigen ausw\u00e4hlen, die Sie wiederherstellen m\u00f6chten.<\/li>\n<li>W\u00e4hlen Sie einen Wiederherstellungsort, der sich von dem <b>D-Laufwerk<\/b> unterscheidet, um ein m\u00f6gliches \u00dcberschreiben von Daten zu vermeiden.<\/li>\n<li>Klicken Sie auf &#8222;Recover&#8220;, um den Vorgang abzuschlie\u00dfen.<\/li>\n<\/ul>\n<p><b>Hinweis:<\/b> Stellen Sie sicher, dass Sie Disk Drill nicht auf dem D-Laufwerk installieren, um verlorene Daten nicht zu \u00fcberschreiben.<\/p>\n<p><b>Fazit:<\/b> Die Verwendung von Disk Drill ist eine effiziente M\u00f6glichkeit zur Wiederherstellung verlorener Daten und bietet eine benutzerfreundliche Oberfl\u00e4che sowie leistungsstarke Wiederherstellungsalgorithmen.<\/p>\n<h3>Methode 3: Wiederherstellung der Dateiversionsverlauf &#128338;<\/h3>\n<ul>\n<li>Navigieren Sie zur &#8222;Systemsteuerung&#8220; und klicken Sie auf &#8222;System und Sicherheit&#8220; und dann auf &#8222;Dateiversionsverlauf&#8220;.<\/li>\n<li>W\u00e4hlen Sie &#8222;Pers\u00f6nliche Dateien wiederherstellen&#8220; und navigieren Sie durch die Backups, um Ihre Dateien zu finden.<\/li>\n<li>Klicken Sie auf die Schaltfl\u00e4che &#8222;Wiederherstellen&#8220;, um die Dateien an ihren urspr\u00fcnglichen Platz auf dem <b>D-Laufwerk<\/b> zur\u00fcckzubringen.<\/li>\n<\/ul>\n<p><b>Hinweis:<\/b> Der Dateiversionsverlauf muss vor dem Datenverlust aktiviert gewesen sein, um diese Methode zu verwenden.<\/p>\n<p><b>Fazit:<\/b> Der Dateiversionsverlauf ist eine n\u00fctzliche, in Windows integrierte Funktion f\u00fcr die Datensicherung und -wiederherstellung, obwohl sie davon abh\u00e4ngig ist, dass Backups verf\u00fcgbar sind.<\/p>\n<h3>Methode 4: \u00dcberpr\u00fcfen Sie vorherige Versionen &#128260;<\/h3>\n<ul>\n<li>\u00d6ffnen Sie &#8222;Dieser PC&#8220; und klicken Sie mit der rechten Maustaste auf das <b>D-Laufwerk<\/b>.<\/li>\n<li>W\u00e4hlen Sie &#8222;Eigenschaften&#8220; und gehen Sie dann zum Tab &#8222;Vorherige Versionen&#8220;.<\/li>\n<li>W\u00e4hlen Sie eine Version vor dem Datenverlust aus und klicken Sie auf &#8222;Wiederherstellen&#8220;, um die Daten wiederherzustellen.<\/li>\n<\/ul>\n<p><b>Hinweis:<\/b> Diese Methode h\u00e4ngt davon ab, dass die Systemwiederherstellung aktiv ist und Wiederherstellungspunkte erstellt hat.<\/p>\n<p><b>Fazit:<\/b> Die Nutzung vorheriger Versionen kann eine m\u00fchelose Wiederherstellungsmethode sein, h\u00e4ngt aber von den Systemeinstellungen ab.<\/p>\n<h3>Methode 5: Verwendung der Eingabeaufforderung &#9000;<\/h3>\n<ul>\n<li>\u00d6ffnen Sie die Eingabeaufforderung als Administrator, indem Sie danach im Startmen\u00fc suchen.<\/li>\n<li>Geben Sie <b>&#8218;chkdsk D: \/f&#8216;<\/b> ein und dr\u00fccken Sie Enter, um Dateisystemfehler auf dem <b>D-Laufwerk<\/b> zu beheben.<\/li>\n<li>Nach Abschluss, tippen Sie <b>&#8218;ATTRIB -H -R -S \/S \/D D:*.*&#8216;<\/b> um eventuell versteckte und Systemdateien wiederherzustellen.<\/li>\n<\/ul>\n<p><b>Hinweis:<\/b> Die Eingabeaufforderung kann Systemdateien \u00e4ndern, also seien Sie vorsichtig und stellen Sie sicher, dass Sie die korrekte Syntax verwenden.<\/p>\n<p><b>Fazit:<\/b> Obwohl es keine direkte Methode zur Datenwiederherstellung ist, kann die Eingabeaufforderung helfen, Probleme zu l\u00f6sen, die Daten unzug\u00e4nglich machen.<\/p>\n<\/section>\n<section>\n<div>\n<div>3<\/div>\n<h2>Vorsichtsma\u00dfnahmen und Tipps:<\/h2>\n<\/div>\n<h3>Sch\u00fctzen Sie Ihre Daten &#128161;<\/h3>\n<ul>\n<li>Erstellen Sie immer regelm\u00e4\u00dfige Backups Ihrer <b>wichtigen Dateien<\/b>, um Datenverlust zu vermeiden.<\/li>\n<li>Erw\u00e4gen Sie, Clouddienste f\u00fcr <b>zus\u00e4tzliche Redundanz<\/b> zu nutzen.<\/li>\n<li>Investieren Sie in ein gutes Antivirenprogramm, um Ihr Laufwerk vor <b>Malware und Korruption<\/b> zu sch\u00fctzen.<\/li>\n<li>Gehen Sie sorgsam mit Ihren <b>Speichermedien<\/b> um, um physische Besch\u00e4digungen zu vermeiden.<\/li>\n<\/ul>\n<\/section>\n<section>\n<div>\n<div>4<\/div>\n<h2>Verst\u00e4ndnis der Datenwiederherstellung<\/h2>\n<\/div>\n<p>Datenwiederherstellung ist der Prozess des Abrufens von unzug\u00e4nglichen, verlorenen, besch\u00e4digten oder formatierten Daten von Sekund\u00e4rspeicher, Wechselmedien oder Dateien, wenn auf die gespeicherten Daten auf herk\u00f6mmliche Weise nicht zugegriffen werden kann. Die Notwendigkeit einer Datenwiederherstellung kann aufgrund von <b>physischen Sch\u00e4den<\/b> am Speicherger\u00e4t oder logischen Sch\u00e4den am Dateisystem, die verhindern, dass es vom Host-Betriebssystem gemountet wird, entstehen.<\/p>\n<p>Ein wichtiger Aspekt der Datenwiederherstellung ist, dass Daten nicht sofort gel\u00f6scht werden, wenn Dateien gel\u00f6scht oder ein Laufwerk formatiert wird. Stattdessen markiert das System den Speicherplatz als verf\u00fcgbar zur Wiederverwendung. Wenn keine neuen Daten \u00fcber die urspr\u00fcnglichen Dateien geschrieben werden, besteht eine hohe Chance auf eine erfolgreiche Wiederherstellung mit Software wie <b>Disk Drill<\/b>. Je l\u00e4nger Sie jedoch warten und je mehr Sie das Laufwerk nutzen, desto geringer sind die Chancen auf eine vollst\u00e4ndige Wiederherstellung.<\/p>\n<p>F\u00fcr weitere Informationen dar\u00fcber, wie Speicher funktioniert und die besten Praktiken f\u00fcr die Datensicherung, k\u00f6nnen Sie die folgenden Websites mit hoher Autorit\u00e4t wie <a href='https:\/\/www.storagecraft.com\/blog\/data-backup-best-practices\/' rel=\"nofollow noopener\" target='_blank'>StorageCraft<\/a> und <a href='https:\/\/www.backblaze.com\/blog\/the-3-2-1-backup-strategy\/' rel=\"nofollow noopener\" target='_blank'>Backblaze<\/a> besuchen.<\/p>\n<\/section>\n<section>\n<h2>Fazit:<\/h2>\n<div class=\"nonp\">\n<p>Zum Schluss ist die Wiederherstellung von Daten von einem <b>D-Laufwerk<\/b> oder einem vollst\u00e4ndig gel\u00f6schten <b>D-Laufwerk<\/b> definitiv m\u00f6glich durch verschiedene Methoden wie Software-Wiederherstellung mit Disk Drill, Wiederherstellen fr\u00fcherer Versionen oder Verwenden von Systemdienstprogrammen. F\u00fchren Sie die vorgeschlagenen Techniken sorgf\u00e4ltig durch und denken Sie an regelm\u00e4\u00dfige Backups, um Ihre Daten in Zukunft zu sch\u00fctzen. F\u00fcr zus\u00e4tzliche Referenzen und Best Practices stellen Organisationen wie <a href='https:\/\/www.ntfs.com\/ntfs_vs_fat.htm' rel=\"nofollow noopener\" target='_blank'>NTFS<\/a> wertvolle Informationen \u00fcber Dateisysteme und Datenmanagement zur Verf\u00fcgung.<\/p>\n<\/div>\n<\/section>\n","protected":false},"excerpt":{"rendered":"<p>So stellen Sie gel\u00f6schte Dateien von Laufwerk D unter Windows wieder her Das Verlieren von Daten auf Ihrem D-Laufwerk kann beunruhigend sein, besonders wenn es wichtige Dateien und Dokumente enth\u00e4lt. Gl\u00fccklicherweise gibt es zuverl\u00e4ssige Methoden, um diese Daten oder sogar das gesamte gel\u00f6schte D-Laufwerk wiederherzustellen. Als jemand, der das selbst erlebt hat, werde ich Sie [&hellip;]<\/p>\n","protected":false},"author":2,"featured_media":36894,"parent":0,"menu_order":0,"comment_status":"closed","ping_status":"closed","template":"chromecast.php","meta":{"_stopmodifiedupdate":false,"_modified_date":"","_lmt_disableupdate":"yes","_lmt_disable":""},"acf":[],"yoast_head":"<!-- This site is optimized with the Yoast SEO plugin v20.9 - https:\/\/yoast.com\/wordpress\/plugins\/seo\/ -->\n<title>So stellen Sie Daten von Laufwerk D unter Windows wieder her (Gel\u00f6st)<\/title>\n<meta name=\"robots\" content=\"index, follow, max-snippet:-1, max-image-preview:large, max-video-preview:-1\" \/>\n<link rel=\"canonical\" href=\"https:\/\/datarecovery.ping.fm\/de\/recover-d-drive-data\/\" \/>\n<meta property=\"og:locale\" content=\"de_DE\" \/>\n<meta property=\"og:type\" content=\"article\" \/>\n<meta property=\"og:title\" content=\"So stellen Sie Daten von Laufwerk D unter Windows wieder her (Gel\u00f6st)\" \/>\n<meta property=\"og:description\" content=\"So stellen Sie gel\u00f6schte Dateien von Laufwerk D unter Windows wieder her Das Verlieren von Daten auf Ihrem D-Laufwerk kann beunruhigend sein, besonders wenn es wichtige Dateien und Dokumente enth\u00e4lt. Gl\u00fccklicherweise gibt es zuverl\u00e4ssige Methoden, um diese Daten oder sogar das gesamte gel\u00f6schte D-Laufwerk wiederherzustellen. Als jemand, der das selbst erlebt hat, werde ich Sie [&hellip;]\" \/>\n<meta property=\"og:url\" content=\"https:\/\/datarecovery.ping.fm\/de\/recover-d-drive-data\/\" \/>\n<meta property=\"og:site_name\" content=\"Datenwiederherstellungssoftware\" \/>\n<meta property=\"article:modified_time\" content=\"2024-02-16T08:52:40+00:00\" \/>\n<meta property=\"og:image\" content=\"https:\/\/datarecovery.ping.fm\/wp-content\/uploads\/2024\/03\/How-to-Recover-Deleted-Files-From-D-Drive-on-Windows-German.jpg\" \/>\n\t<meta property=\"og:image:width\" content=\"1280\" \/>\n\t<meta property=\"og:image:height\" content=\"731\" \/>\n\t<meta property=\"og:image:type\" content=\"image\/jpeg\" \/>\n<meta name=\"twitter:card\" content=\"summary_large_image\" \/>\n<meta name=\"twitter:label1\" content=\"Est. reading time\" \/>\n\t<meta name=\"twitter:data1\" content=\"5 Minuten\" \/>\n<script type=\"application\/ld+json\" class=\"yoast-schema-graph\">{\"@context\":\"https:\/\/schema.org\",\"@graph\":[{\"@type\":\"WebPage\",\"@id\":\"https:\/\/datarecovery.ping.fm\/de\/recover-d-drive-data\/\",\"url\":\"https:\/\/datarecovery.ping.fm\/de\/recover-d-drive-data\/\",\"name\":\"So stellen Sie Daten von Laufwerk D unter Windows wieder her (Gel\u00f6st)\",\"isPartOf\":{\"@id\":\"https:\/\/datarecovery.ping.fm\/de\/#website\"},\"datePublished\":\"2024-01-10T20:46:38+00:00\",\"dateModified\":\"2024-02-16T08:52:40+00:00\",\"breadcrumb\":{\"@id\":\"https:\/\/datarecovery.ping.fm\/de\/recover-d-drive-data\/#breadcrumb\"},\"inLanguage\":\"de-DE\",\"potentialAction\":[{\"@type\":\"ReadAction\",\"target\":[\"https:\/\/datarecovery.ping.fm\/de\/recover-d-drive-data\/\"]}]},{\"@type\":\"BreadcrumbList\",\"@id\":\"https:\/\/datarecovery.ping.fm\/de\/recover-d-drive-data\/#breadcrumb\",\"itemListElement\":[{\"@type\":\"ListItem\",\"position\":1,\"name\":\"Home\",\"item\":\"https:\/\/datarecovery.ping.fm\/de\/\"},{\"@type\":\"ListItem\",\"position\":2,\"name\":\"So stellen Sie gel\u00f6schte Dateien vom D-Laufwerk unter Windows wieder her\"}]},{\"@type\":\"WebSite\",\"@id\":\"https:\/\/datarecovery.ping.fm\/de\/#website\",\"url\":\"https:\/\/datarecovery.ping.fm\/de\/\",\"name\":\"Datenwiederherstellungssoftware\",\"description\":\"\",\"potentialAction\":[{\"@type\":\"SearchAction\",\"target\":{\"@type\":\"EntryPoint\",\"urlTemplate\":\"https:\/\/datarecovery.ping.fm\/de\/?s={search_term_string}\"},\"query-input\":\"required name=search_term_string\"}],\"inLanguage\":\"de-DE\"}]}<\/script>\n<!-- \/ Yoast SEO plugin. -->","yoast_head_json":{"title":"So stellen Sie Daten von Laufwerk D unter Windows wieder her (Gel\u00f6st)","robots":{"index":"index","follow":"follow","max-snippet":"max-snippet:-1","max-image-preview":"max-image-preview:large","max-video-preview":"max-video-preview:-1"},"canonical":"https:\/\/datarecovery.ping.fm\/de\/recover-d-drive-data\/","og_locale":"de_DE","og_type":"article","og_title":"So stellen Sie Daten von Laufwerk D unter Windows wieder her (Gel\u00f6st)","og_description":"So stellen Sie gel\u00f6schte Dateien von Laufwerk D unter Windows wieder her Das Verlieren von Daten auf Ihrem D-Laufwerk kann beunruhigend sein, besonders wenn es wichtige Dateien und Dokumente enth\u00e4lt. Gl\u00fccklicherweise gibt es zuverl\u00e4ssige Methoden, um diese Daten oder sogar das gesamte gel\u00f6schte D-Laufwerk wiederherzustellen. Als jemand, der das selbst erlebt hat, werde ich Sie [&hellip;]","og_url":"https:\/\/datarecovery.ping.fm\/de\/recover-d-drive-data\/","og_site_name":"Datenwiederherstellungssoftware","article_modified_time":"2024-02-16T08:52:40+00:00","og_image":[{"width":1280,"height":731,"url":"https:\/\/datarecovery.ping.fm\/wp-content\/uploads\/2024\/03\/How-to-Recover-Deleted-Files-From-D-Drive-on-Windows-German.jpg","type":"image\/jpeg"}],"twitter_card":"summary_large_image","twitter_misc":{"Est. reading time":"5 Minuten"},"schema":{"@context":"https:\/\/schema.org","@graph":[{"@type":"WebPage","@id":"https:\/\/datarecovery.ping.fm\/de\/recover-d-drive-data\/","url":"https:\/\/datarecovery.ping.fm\/de\/recover-d-drive-data\/","name":"So stellen Sie Daten von Laufwerk D unter Windows wieder her (Gel\u00f6st)","isPartOf":{"@id":"https:\/\/datarecovery.ping.fm\/de\/#website"},"datePublished":"2024-01-10T20:46:38+00:00","dateModified":"2024-02-16T08:52:40+00:00","breadcrumb":{"@id":"https:\/\/datarecovery.ping.fm\/de\/recover-d-drive-data\/#breadcrumb"},"inLanguage":"de-DE","potentialAction":[{"@type":"ReadAction","target":["https:\/\/datarecovery.ping.fm\/de\/recover-d-drive-data\/"]}]},{"@type":"BreadcrumbList","@id":"https:\/\/datarecovery.ping.fm\/de\/recover-d-drive-data\/#breadcrumb","itemListElement":[{"@type":"ListItem","position":1,"name":"Home","item":"https:\/\/datarecovery.ping.fm\/de\/"},{"@type":"ListItem","position":2,"name":"So stellen Sie gel\u00f6schte Dateien vom D-Laufwerk unter Windows wieder her"}]},{"@type":"WebSite","@id":"https:\/\/datarecovery.ping.fm\/de\/#website","url":"https:\/\/datarecovery.ping.fm\/de\/","name":"Datenwiederherstellungssoftware","description":"","potentialAction":[{"@type":"SearchAction","target":{"@type":"EntryPoint","urlTemplate":"https:\/\/datarecovery.ping.fm\/de\/?s={search_term_string}"},"query-input":"required name=search_term_string"}],"inLanguage":"de-DE"}]}},"_links":{"self":[{"href":"https:\/\/datarecovery.ping.fm\/de\/wp-json\/wp\/v2\/pages\/16370"}],"collection":[{"href":"https:\/\/datarecovery.ping.fm\/de\/wp-json\/wp\/v2\/pages"}],"about":[{"href":"https:\/\/datarecovery.ping.fm\/de\/wp-json\/wp\/v2\/types\/page"}],"author":[{"embeddable":true,"href":"https:\/\/datarecovery.ping.fm\/de\/wp-json\/wp\/v2\/users\/2"}],"replies":[{"embeddable":true,"href":"https:\/\/datarecovery.ping.fm\/de\/wp-json\/wp\/v2\/comments?post=16370"}],"version-history":[{"count":1,"href":"https:\/\/datarecovery.ping.fm\/de\/wp-json\/wp\/v2\/pages\/16370\/revisions"}],"predecessor-version":[{"id":36893,"href":"https:\/\/datarecovery.ping.fm\/de\/wp-json\/wp\/v2\/pages\/16370\/revisions\/36893"}],"wp:featuredmedia":[{"embeddable":true,"href":"https:\/\/datarecovery.ping.fm\/de\/wp-json\/wp\/v2\/media\/36894"}],"wp:attachment":[{"href":"https:\/\/datarecovery.ping.fm\/de\/wp-json\/wp\/v2\/media?parent=16370"}],"curies":[{"name":"wp","href":"https:\/\/api.w.org\/{rel}","templated":true}]}}