{"id":15519,"date":"2024-01-04T14:44:05","date_gmt":"2024-01-04T14:44:05","guid":{"rendered":"https:\/\/www.ping.fm\/data-recovery-software\/recovery-services\/"},"modified":"2024-02-29T12:38:11","modified_gmt":"2024-02-29T12:38:11","slug":"recovery-services","status":"publish","type":"page","link":"https:\/\/datarecovery.ping.fm\/de\/recovery-services\/","title":{"rendered":"Beste Datenrettungsdienstleister in den USA"},"content":{"rendered":"<section>\n<h1>Beste Datenwiederherstellungsdienstleister in den USA<\/h1>\n<div class=\"inbrief\">\n<div>             <img src=\"https:\/\/www.ping.fm\/data-recovery-software\/wp-content\/uploads\/ai\/Best-Data-Recovery-Service-Companies-in-USA-German.jpg\" alt=\"Beste Datenwiederherstellungsdienstleister in den USA\" title=\"Beste Datenwiederherstellungsdienstleister in den USA\" width=\"1280\" height=\"720\">             <\/p>\n<p>Sich durch das d\u00fcstere Gew\u00e4sser des Datenverlusts zu man\u00f6vrieren, kann eine be\u00e4ngstigende Erfahrung sein. Ob es sich um eine pers\u00f6nliche Erinnerung oder kritische Gesch\u00e4ftsdaten handelt, die Bedeutung dessen, was verloren gegangen ist, kann unermesslich sein. Gl\u00fccklicherweise beherbergen die USA einige der besten Dienstleister f\u00fcr Datenwiederherstellung der Branche, und ich hatte die Gelegenheit, ihre Dienste aus erster Hand zu erkunden. Dieser Artikel geht auf die renommiertesten Optionen ein, basierend auf Wirksamkeit, Kundenservice und technischem K\u00f6nnen.<\/p>\n<\/div>\n<\/div>\n<\/section>\n<section>\n<div class=\"medal\">\n<div>&#129351;<\/div>\n<\/div>\n<h2><a href='https:\/\/www.drivesaversdatarecovery.com' rel=\"nofollow noopener\" target='_blank'>DriveSavers Datenwiederherstellung<\/a><\/h2>\n<p><img src=\"https:\/\/www.ping.fm\/data-recovery-software\/wp-content\/uploads\/ai\/https---www-drivesaversdatarecovery-comGerman.jpg\"><\/p>\n<p>DriveSavers gilt als Veteran in der Branche der Datenwiederherstellung und weist eine hohe Erfolgsquote auf. Ihre Reinraumeinrichtungen und zertifizierten Ingenieure gew\u00e4hrleisten die optimale Wiederherstellung von Daten aus allen Arten von Speicherger\u00e4ten. Ihre Betonung auf Datensicherheit ist von gr\u00f6\u00dfter Wichtigkeit, was sie zu einer vertrauensw\u00fcrdigen Wahl f\u00fcr die Wiederherstellung sensibler Daten macht.<\/p>\n<p><a href='https:\/\/www.drivesaversdatarecovery.com' rel=\"nofollow noopener\" target='_blank' class='ofWSite'>Offizielle Webseite<\/a><\/p>\n<h3 class='prosTitle'>Vorteile<\/h3>\n<ul class='listpc pros'>\n<li>Fortgeschrittene Reinraumeinrichtungen<\/li>\n<li>Vielf\u00e4ltige Expertise bei verschiedenen Speicherger\u00e4ten<\/li>\n<\/ul>\n<h3 class='consTitle'>Nachteile<\/h3>\n<ul class='listpc cons'>\n<li>Premium-Preisgestaltung<\/li>\n<li>L\u00e4ngere Wartezeiten f\u00fcr den Standardservice<\/li>\n<\/ul>\n<\/section>\n<section>\n<div class=\"medal\">\n<div>&#129352;<\/div>\n<\/div>\n<h2><a href='https:\/\/www.securedatarecovery.com' rel=\"nofollow noopener\" target='_blank'>Secure Data Recovery<\/a><\/h2>\n<p><img src=\"https:\/\/www.ping.fm\/data-recovery-software\/wp-content\/uploads\/ai\/https---www-securedatarecovery-comGerman.jpg\"><\/p>\n<p>Secure Data Recovery spezialisiert sich auf transparente und sichere Datenwiederherstellungsdienste. Ihr Kundenportal erm\u00f6glicht es, den Fortschritt der Datenwiederherstellung in Echtzeit zu verfolgen, was f\u00fcr besorgte Kunden, die auf die R\u00fcckkehr ihrer wertvollen Daten warten, hilfreich ist. Sie sind auch bekannt f\u00fcr ihre propriet\u00e4re Technologie, die die Wiederherstellung von Daten in komplexen Situationen erm\u00f6glicht.<\/p>\n<p><a href='https:\/\/www.securedatarecovery.com' rel=\"nofollow noopener\" target='_blank' class='ofWSite'>Offizielle Webseite<\/a><\/p>\n<h3 class='prosTitle'>Vorteile<\/h3>\n<ul class='listpc pros'>\n<li>Echtzeit-Fallverfolgung<\/li>\n<li>Notdienste verf\u00fcgbar<\/li>\n<\/ul>\n<h3 class='consTitle'>Nachteile<\/h3>\n<ul class='listpc cons'>\n<li>Dienste k\u00f6nnen teuer sein<\/li>\n<li>Einige gemischte Bewertungen auf Verbraucherseiten<\/li>\n<\/ul>\n<\/section>\n<section>\n<div class=\"medal\">\n<div>&#129353;<\/div>\n<\/div>\n<h2><a href='https:\/\/www.ontrack.com' rel=\"nofollow noopener\" target='_blank'>Ontrack Datenwiederherstellung<\/a><\/h2>\n<p><img src=\"https:\/\/www.ping.fm\/data-recovery-software\/wp-content\/uploads\/ai\/https---www-ontrack-comGerman.jpg\"><\/p>\n<p>Ontrack wird weltweit f\u00fcr sein breites Angebot an Datenwiederherstellungsdiensten anerkannt, das von einfachen Datenwiederherstellungen bis hin zu komplexen forensischen Analysen reicht. Sie bearbeiten alle Medientypen und haben einen Ruf daf\u00fcr, gut mit gro\u00dfangelegten Wiederherstellungen f\u00fcr Unternehmen zurechtzukommen, neben personalisierten Diensten f\u00fcr Einzelpersonen.<\/p>\n<p><a href='https:\/\/www.ontrack.com' rel=\"nofollow noopener\" target='_blank' class='ofWSite'>Offizielle Webseite<\/a><\/p>\n<h3 class='prosTitle'>Vorteile<\/h3>\n<ul class='listpc pros'>\n<li>Wiederherstellung f\u00fcr alle Medientypen<\/li>\n<li>Expertise in der Wiederherstellung auf Unternehmensebene<\/li>\n<\/ul>\n<h3 class='consTitle'>Nachteile<\/h3>\n<ul class='listpc cons'>\n<li>Manchmal langsamer bei Einzeldienstleistungen<\/li>\n<li>Kann f\u00fcr nicht-technische Nutzer \u00fcberw\u00e4ltigend sein<\/li>\n<\/ul>\n<\/section>\n<section>\n<div class=\"no-medal\">\n<div>4<\/div>\n<\/div>\n<h2><a href='https:\/\/www.gillware.com' rel=\"nofollow noopener\" target='_blank'>Gillware Datenwiederherstellung<\/a><\/h2>\n<p><img src=\"https:\/\/www.ping.fm\/data-recovery-software\/wp-content\/uploads\/ai\/https---www-gillware-comGerman.jpg\"><\/p>\n<p>Gillware Data Recovery ist stolz auf seinen Kundenservice und die Politik \u201eKeine Daten, keine Geb\u00fchr\u201c. Ihr wissenschaftlicher Ansatz zur Datenwiederherstellung kombiniert mit einem kundenorientierten Fokus macht sie zu einem starken Konkurrenten auf dem Markt. Sie bieten auch Dienste f\u00fcr digitale Forensik an, was Kunden mit komplexen Datenwiederherstellungsbed\u00fcrfnissen anspricht.<\/p>\n<p><a href='https:\/\/www.gillware.com' rel=\"nofollow noopener\" target='_blank' class='ofWSite'>Offizielle Webseite<\/a><\/p>\n<h3 class='prosTitle'>Vorteile<\/h3>\n<ul class='listpc pros'>\n<li>Keine Daten, keine Geb\u00fchr Garantie<\/li>\n<li>Umfassende Dienste f\u00fcr digitale Forensik<\/li>\n<\/ul>\n<h3 class='consTitle'>Nachteile<\/h3>\n<ul class='listpc cons'>\n<li>Anfangsgeb\u00fchr f\u00fcr die Bewertung<\/li>\n<li>Begrenzte physische Standorte<\/li>\n<\/ul>\n<\/section>\n<section>\n<div class=\"no-medal\">\n<div>5<\/div>\n<\/div>\n<h2><a href='https:\/\/www.salvagedata.com' rel=\"nofollow noopener\" target='_blank'>SALVAGEDATA Recovery<\/a><\/h2>\n<p><img src=\"https:\/\/www.ping.fm\/data-recovery-software\/wp-content\/uploads\/ai\/https---www-salvagedata-comGerman.jpg\"><\/p>\n<p>SALVAGEDATA Recovery hat einen hervorragenden Ruf f\u00fcr den Umgang mit komplexen Datenverlustszenarien, einschlie\u00dflich RAID-Array- und Serverwiederherstellungen. Sie bieten kostenlose Bewertungen an und ihre erfahrenen Techniker sind darauf spezialisiert, Daten schnell und sicher wiederherzustellen, was in zeitkritischen oder gesch\u00e4ftskritischen Situationen entscheidend ist.<\/p>\n<p><a href='https:\/\/www.salvagedata.com' rel=\"nofollow noopener\" target='_blank' class='ofWSite'>Offizielle Website<\/a><\/p>\n<h3 class='prosTitle'>Vorteile<\/h3>\n<ul class='listpc pros'>\n<li>Expertise bei RAID- und Serverwiederherstellungen<\/li>\n<li>Kostenlose Bewertung und schneller Service<\/li>\n<\/ul>\n<h3 class='consTitle'>Nachteile<\/h3>\n<ul class='listpc cons'>\n<li>Komplexe Preisstruktur<\/li>\n<li>Einige Dienstleistungen k\u00f6nnen teuer sein<\/li>\n<\/ul>\n<\/section>\n<section>\n<h2>Zu schauendes Youtube-Video<\/h2>\n<div class=\"nonp iframe\"><iframe width=\"420\" height=\"315\" src=\"\/\/www.youtube.com\/embed\/v0QkafslnrM\" frameborder=\"0\" allowfullscreen><\/iframe><\/div>\n<\/section>\n<section>\n<h2>Fazit:<\/h2>\n<div class=\"nonp\">\n<p>Bei der Auswahl eines <b>Datenwiederherstellungsdienstes<\/b> ist es wichtig, Faktoren wie Erfolgsquoten, Preistransparenz, Kundenfeedback und Branchenzertifizierungen zu ber\u00fccksichtigen. Es wird auch empfohlen zu recherchieren, ob das Unternehmen in einer zertifizierten Reinraumumgebung arbeitet, was f\u00fcr die sichere Wiederherstellung von Daten von besch\u00e4digten Speichermedien wesentlich ist.<\/p>\n<p>Informieren Sie sich \u00fcber Datenwiederherstellungsprozesse und Branchenstandards, indem Sie die Website der <a href='https:\/\/www.iso.org' rel=\"nofollow noopener\" target='_blank'>Internationalen Organisation f\u00fcr Normung (ISO)<\/a> oder des <a href='https:\/\/www.nist.gov' rel=\"nofollow noopener\" target='_blank'>Nationalen Instituts f\u00fcr Standards und Technologie (NIST)<\/a> besuchen.<\/p>\n<p>Pr\u00e4vention ist der Schl\u00fcssel im Datenmanagement. Besuchen Sie das <a href='https:\/\/www.us-cert.gov' rel=\"nofollow noopener\" target='_blank'>United States Computer Emergency Readiness Team (US-CERT)<\/a> f\u00fcr Tipps zur Verhinderung von Datenverlust und zum Umgang mit Cybersicherheitsbedrohungen.<\/p>\n<\/div>\n<\/section>\n","protected":false},"excerpt":{"rendered":"<p>Beste Datenwiederherstellungsdienstleister in den USA Sich durch das d\u00fcstere Gew\u00e4sser des Datenverlusts zu man\u00f6vrieren, kann eine be\u00e4ngstigende Erfahrung sein. Ob es sich um eine pers\u00f6nliche Erinnerung oder kritische Gesch\u00e4ftsdaten handelt, die Bedeutung dessen, was verloren gegangen ist, kann unermesslich sein. Gl\u00fccklicherweise beherbergen die USA einige der besten Dienstleister f\u00fcr Datenwiederherstellung der Branche, und ich hatte [&hellip;]<\/p>\n","protected":false},"author":2,"featured_media":36812,"parent":0,"menu_order":0,"comment_status":"closed","ping_status":"closed","template":"chromecast.php","meta":{"_stopmodifiedupdate":false,"_modified_date":"","_lmt_disableupdate":"yes","_lmt_disable":""},"acf":[],"yoast_head":"<!-- This site is optimized with the Yoast SEO plugin v20.9 - https:\/\/yoast.com\/wordpress\/plugins\/seo\/ -->\n<title>Beste Datenwiederherstellungsdienstleister in den USA (2024)<\/title>\n<meta name=\"robots\" content=\"index, follow, max-snippet:-1, max-image-preview:large, max-video-preview:-1\" \/>\n<link rel=\"canonical\" href=\"https:\/\/datarecovery.ping.fm\/de\/recovery-services\/\" \/>\n<meta property=\"og:locale\" content=\"de_DE\" \/>\n<meta property=\"og:type\" content=\"article\" \/>\n<meta property=\"og:title\" content=\"Beste Datenwiederherstellungsdienstleister in den USA (2024)\" \/>\n<meta property=\"og:description\" content=\"Beste Datenwiederherstellungsdienstleister in den USA Sich durch das d\u00fcstere Gew\u00e4sser des Datenverlusts zu man\u00f6vrieren, kann eine be\u00e4ngstigende Erfahrung sein. Ob es sich um eine pers\u00f6nliche Erinnerung oder kritische Gesch\u00e4ftsdaten handelt, die Bedeutung dessen, was verloren gegangen ist, kann unermesslich sein. Gl\u00fccklicherweise beherbergen die USA einige der besten Dienstleister f\u00fcr Datenwiederherstellung der Branche, und ich hatte [&hellip;]\" \/>\n<meta property=\"og:url\" content=\"https:\/\/datarecovery.ping.fm\/de\/recovery-services\/\" \/>\n<meta property=\"og:site_name\" content=\"Datenwiederherstellungssoftware\" \/>\n<meta property=\"article:modified_time\" content=\"2024-02-29T12:38:11+00:00\" \/>\n<meta property=\"og:image\" content=\"https:\/\/datarecovery.ping.fm\/wp-content\/uploads\/2024\/03\/Best-Data-Recovery-Service-Companies-in-USA-German.jpg\" \/>\n\t<meta property=\"og:image:width\" content=\"1280\" \/>\n\t<meta property=\"og:image:height\" content=\"731\" \/>\n\t<meta property=\"og:image:type\" content=\"image\/jpeg\" \/>\n<meta name=\"twitter:card\" content=\"summary_large_image\" \/>\n<meta name=\"twitter:label1\" content=\"Est. reading time\" \/>\n\t<meta name=\"twitter:data1\" content=\"3 Minuten\" \/>\n<script type=\"application\/ld+json\" class=\"yoast-schema-graph\">{\"@context\":\"https:\/\/schema.org\",\"@graph\":[{\"@type\":\"WebPage\",\"@id\":\"https:\/\/datarecovery.ping.fm\/de\/recovery-services\/\",\"url\":\"https:\/\/datarecovery.ping.fm\/de\/recovery-services\/\",\"name\":\"Beste Datenwiederherstellungsdienstleister in den USA (2024)\",\"isPartOf\":{\"@id\":\"https:\/\/datarecovery.ping.fm\/de\/#website\"},\"datePublished\":\"2024-01-04T14:44:05+00:00\",\"dateModified\":\"2024-02-29T12:38:11+00:00\",\"breadcrumb\":{\"@id\":\"https:\/\/datarecovery.ping.fm\/de\/recovery-services\/#breadcrumb\"},\"inLanguage\":\"de-DE\",\"potentialAction\":[{\"@type\":\"ReadAction\",\"target\":[\"https:\/\/datarecovery.ping.fm\/de\/recovery-services\/\"]}]},{\"@type\":\"BreadcrumbList\",\"@id\":\"https:\/\/datarecovery.ping.fm\/de\/recovery-services\/#breadcrumb\",\"itemListElement\":[{\"@type\":\"ListItem\",\"position\":1,\"name\":\"Home\",\"item\":\"https:\/\/datarecovery.ping.fm\/de\/\"},{\"@type\":\"ListItem\",\"position\":2,\"name\":\"Beste Datenrettungsdienstleister in den USA\"}]},{\"@type\":\"WebSite\",\"@id\":\"https:\/\/datarecovery.ping.fm\/de\/#website\",\"url\":\"https:\/\/datarecovery.ping.fm\/de\/\",\"name\":\"Datenwiederherstellungssoftware\",\"description\":\"\",\"potentialAction\":[{\"@type\":\"SearchAction\",\"target\":{\"@type\":\"EntryPoint\",\"urlTemplate\":\"https:\/\/datarecovery.ping.fm\/de\/?s={search_term_string}\"},\"query-input\":\"required name=search_term_string\"}],\"inLanguage\":\"de-DE\"}]}<\/script>\n<!-- \/ Yoast SEO plugin. -->","yoast_head_json":{"title":"Beste Datenwiederherstellungsdienstleister in den USA (2024)","robots":{"index":"index","follow":"follow","max-snippet":"max-snippet:-1","max-image-preview":"max-image-preview:large","max-video-preview":"max-video-preview:-1"},"canonical":"https:\/\/datarecovery.ping.fm\/de\/recovery-services\/","og_locale":"de_DE","og_type":"article","og_title":"Beste Datenwiederherstellungsdienstleister in den USA (2024)","og_description":"Beste Datenwiederherstellungsdienstleister in den USA Sich durch das d\u00fcstere Gew\u00e4sser des Datenverlusts zu man\u00f6vrieren, kann eine be\u00e4ngstigende Erfahrung sein. Ob es sich um eine pers\u00f6nliche Erinnerung oder kritische Gesch\u00e4ftsdaten handelt, die Bedeutung dessen, was verloren gegangen ist, kann unermesslich sein. Gl\u00fccklicherweise beherbergen die USA einige der besten Dienstleister f\u00fcr Datenwiederherstellung der Branche, und ich hatte [&hellip;]","og_url":"https:\/\/datarecovery.ping.fm\/de\/recovery-services\/","og_site_name":"Datenwiederherstellungssoftware","article_modified_time":"2024-02-29T12:38:11+00:00","og_image":[{"width":1280,"height":731,"url":"https:\/\/datarecovery.ping.fm\/wp-content\/uploads\/2024\/03\/Best-Data-Recovery-Service-Companies-in-USA-German.jpg","type":"image\/jpeg"}],"twitter_card":"summary_large_image","twitter_misc":{"Est. reading time":"3 Minuten"},"schema":{"@context":"https:\/\/schema.org","@graph":[{"@type":"WebPage","@id":"https:\/\/datarecovery.ping.fm\/de\/recovery-services\/","url":"https:\/\/datarecovery.ping.fm\/de\/recovery-services\/","name":"Beste Datenwiederherstellungsdienstleister in den USA (2024)","isPartOf":{"@id":"https:\/\/datarecovery.ping.fm\/de\/#website"},"datePublished":"2024-01-04T14:44:05+00:00","dateModified":"2024-02-29T12:38:11+00:00","breadcrumb":{"@id":"https:\/\/datarecovery.ping.fm\/de\/recovery-services\/#breadcrumb"},"inLanguage":"de-DE","potentialAction":[{"@type":"ReadAction","target":["https:\/\/datarecovery.ping.fm\/de\/recovery-services\/"]}]},{"@type":"BreadcrumbList","@id":"https:\/\/datarecovery.ping.fm\/de\/recovery-services\/#breadcrumb","itemListElement":[{"@type":"ListItem","position":1,"name":"Home","item":"https:\/\/datarecovery.ping.fm\/de\/"},{"@type":"ListItem","position":2,"name":"Beste Datenrettungsdienstleister in den USA"}]},{"@type":"WebSite","@id":"https:\/\/datarecovery.ping.fm\/de\/#website","url":"https:\/\/datarecovery.ping.fm\/de\/","name":"Datenwiederherstellungssoftware","description":"","potentialAction":[{"@type":"SearchAction","target":{"@type":"EntryPoint","urlTemplate":"https:\/\/datarecovery.ping.fm\/de\/?s={search_term_string}"},"query-input":"required name=search_term_string"}],"inLanguage":"de-DE"}]}},"_links":{"self":[{"href":"https:\/\/datarecovery.ping.fm\/de\/wp-json\/wp\/v2\/pages\/15519"}],"collection":[{"href":"https:\/\/datarecovery.ping.fm\/de\/wp-json\/wp\/v2\/pages"}],"about":[{"href":"https:\/\/datarecovery.ping.fm\/de\/wp-json\/wp\/v2\/types\/page"}],"author":[{"embeddable":true,"href":"https:\/\/datarecovery.ping.fm\/de\/wp-json\/wp\/v2\/users\/2"}],"replies":[{"embeddable":true,"href":"https:\/\/datarecovery.ping.fm\/de\/wp-json\/wp\/v2\/comments?post=15519"}],"version-history":[{"count":1,"href":"https:\/\/datarecovery.ping.fm\/de\/wp-json\/wp\/v2\/pages\/15519\/revisions"}],"predecessor-version":[{"id":28240,"href":"https:\/\/datarecovery.ping.fm\/de\/wp-json\/wp\/v2\/pages\/15519\/revisions\/28240"}],"wp:featuredmedia":[{"embeddable":true,"href":"https:\/\/datarecovery.ping.fm\/de\/wp-json\/wp\/v2\/media\/36812"}],"wp:attachment":[{"href":"https:\/\/datarecovery.ping.fm\/de\/wp-json\/wp\/v2\/media?parent=15519"}],"curies":[{"name":"wp","href":"https:\/\/api.w.org\/{rel}","templated":true}]}}