{"id":15399,"date":"2023-12-25T15:46:11","date_gmt":"2023-12-25T15:46:11","guid":{"rendered":"https:\/\/www.ping.fm\/data-recovery-software\/data-recovery\/"},"modified":"2024-02-16T08:52:29","modified_gmt":"2024-02-16T08:52:29","slug":"data-recovery","status":"publish","type":"page","link":"https:\/\/datarecovery.ping.fm\/de\/data-recovery\/","title":{"rendered":"Alles, was Sie \u00fcber Datenwiederherstellung wissen m\u00fcssen"},"content":{"rendered":"<section>\n<h1>Alles, was Sie \u00fcber Datenwiederherstellung wissen m\u00fcssen<\/h1>\n<div class=\"inbrief\">\n<div>  <img src=\"https:\/\/www.ping.fm\/data-recovery-software\/wp-content\/uploads\/ai\/All-you-need-to-know-about-Data-Recovery-German.jpg\" alt=\"Alles, was Sie \u00fcber Datenwiederherstellung wissen m\u00fcssen\" title=\"Alles, was Sie \u00fcber Datenwiederherstellung wissen m\u00fcssen\" width=\"1280\" height=\"720\">  <\/p>\n<p>Datenwiederherstellung ist ein unverzichtbarer Prozess zum Abrufen von unzug\u00e4nglichen, verlorenen, besch\u00e4digten oder formatierten Daten von verschiedenen Speicherger\u00e4ten. Wenn Ihre wertvollen Dateien verschwinden, ist es entscheidend, die richtigen Werkzeuge und Schritte zur Wiederherstellung zu kennen. Dieser umfassende Leitfaden f\u00fchrt Sie durch die Grundlagen der Datenwiederherstellung und stellt Ihnen Disk Drill vor, eine leistungsf\u00e4hige Datenwiederherstellungssoftware von Cleverfiles, die ein benutzerfreundliches Erlebnis f\u00fcr die R\u00fcckerlangung Ihrer Daten bietet.<\/p>\n<\/div>\n<\/div>\n<\/section>\n<section>\n<div>\n<div>1<\/div>\n<h2>H\u00e4ufige Szenarien:<\/h2>\n<\/div>\n<h3>Die versehentliche L\u00f6schung &#128465;<\/h3>\n<ul>\n<li>Leeren des <b>Papierkorbs<\/b> ohne \u00dcberpr\u00fcfung seines Inhalts<\/li>\n<li>Ausf\u00fchren einer <b>schnellen Formatierung<\/b> auf der falschen Laufwerkspartition<\/li>\n<li>Verwenden von <b>Shift+Delete<\/b>, das den Papierkorb umgeht<\/li>\n<li>Kommandozeilen-Missgeschicke, die zur L\u00f6schung wichtiger Dateien f\u00fchren<\/li>\n<\/ul>\n<h3>Hardware-Fehlfunktion &#128736;<\/h3>\n<ul>\n<li>Mechanische Probleme mit der <b>Festplatte<\/b>, wie das gef\u00fcrchtete Klick-Ger\u00e4usch des Todes<\/li>\n<li><b>Stromst\u00f6\u00dfe<\/b>, die Ger\u00e4te unbrauchbar machen<\/li>\n<li>Unbeabsichtigte <b>Wasser- oder physische Besch\u00e4digung<\/b> der Speichermedien<\/li>\n<li>Ausfall von <b>SSDs<\/b> aufgrund abgenutzter Speicherzellen<\/li>\n<\/ul>\n<h3>Software-Korruption &#128187;<\/h3>\n<ul>\n<li>Dateien, die durch fehlerhafte Software-Updates <b>besch\u00e4digt<\/b> werden<\/li>\n<li><b>Malware<\/b>-Eingriffe, die Ihre Dateien manipulieren<\/li>\n<li>Abst\u00fcrze des <b>Betriebssystems<\/b>, die zu Datenverlust f\u00fchren<\/li>\n<li><b>Partitionstabellen-<\/b>Probleme, die die Zug\u00e4nglichkeit der Festplatte beeintr\u00e4chtigen<\/li>\n<\/ul>\n<\/section>\n<section class=\"stepByStep\">\n<div>\n<div>2<\/div>\n<h2>Schritt-f\u00fcr-Schritt-Anleitung. Datenwiederherstellung:<\/h2>\n<\/div>\n<h3>Methode 1: Disk Drill f\u00fcr Windows verwenden &#129520;<\/h3>\n<ul>\n<li>Downloaden und installieren Sie Disk Drill f\u00fcr Windows von Cleverfiles<\/li>\n<li>Starten Sie Disk Drill und w\u00e4hlen Sie das Laufwerk aus, von dem Sie Dateien wiederherstellen m\u00f6chten<\/li>\n<li>Klicken Sie auf den <b>Wiederherstellen<\/b>-Knopf, um den Scanvorgang zu starten<\/li>\n<li>\u00dcberpr\u00fcfen Sie gefundene Dateien, filtern Sie nach Typ und w\u00e4hlen Sie diejenigen aus, die Sie wiederherstellen m\u00f6chten<\/li>\n<li>W\u00e4hlen Sie ein Wiederherstellungsziel und schlie\u00dfen Sie die Datenwiederherstellung ab<\/li>\n<\/ul>\n<p><b>Hinweis:<\/b> Es wird empfohlen, Dateien auf ein anderes Laufwerk wiederherzustellen, um \u00fcberschriebene Daten zu vermeiden.<\/p>\n<p><b>Fazit:<\/b> Disk Drill bietet eine klare L\u00f6sung, um verlorene Daten effizient unter Windows-Betriebssystemen wiederherzustellen.<\/p>\n<h3>Methode 2: Disk Drill f\u00fcr macOS Methodik &#128421;<\/h3>\n<ul>\n<li>Laden Sie die neueste Version von Disk Drill f\u00fcr macOS von Cleverfiles herunter<\/li>\n<li>Installieren Sie die Anwendung, indem Sie sie in den Ordner &#8222;Anwendungen&#8220; ziehen<\/li>\n<li>Starten Sie Disk Drill und erteilen Sie die notwendigen Berechtigungen f\u00fcr den Festplattenzugriff<\/li>\n<li>W\u00e4hlen Sie das Volume oder Laufwerk zur Wiederherstellung aus und klicken Sie auf den <b>Scan<\/b>-Knopf<\/li>\n<li>W\u00e4hlen Sie Dateien zur Wiederherstellung aus und fahren Sie mit der Restaurierung fort<\/li>\n<\/ul>\n<p><b>Hinweis:<\/b> Stellen Sie sicher, dass Ihr Mac an eine Stromquelle angeschlossen ist, um Unterbrechungen w\u00e4hrend der Datenwiederherstellung zu vermeiden.<\/p>\n<p><b>Fazit:<\/b> Disk Drill f\u00fcr macOS bietet spezialisierte Algorithmen zur Handhabung von Mac-Dateisystemen und zur effektiven Wiederherstellung verlorener Daten.<\/p>\n<h3>Methode 3: Dateiwiederherstellung aus Backups &#128452;<\/h3>\n<ul>\n<li>Finden Sie Ihre <b>Backup-Speicherl\u00f6sung<\/b>, wie beispielsweise eine externe Festplatte oder einen Cloud-Dienst<\/li>\n<li>Navigieren Sie zu dem Ordner oder Image, das das <b>Backup<\/b> Ihrer Daten enth\u00e4lt<\/li>\n<li>Verwenden Sie die Wiederherstellungsfunktion der Software oder kopieren Sie die Dateien manuell zur\u00fcck auf Ihr Ger\u00e4t<\/li>\n<li>\u00dcberpr\u00fcfen Sie die <b>Integrit\u00e4t<\/b> der wiederhergestellten Dateien<\/li>\n<\/ul>\n<p><b>Hinweis:<\/b> Regelm\u00e4\u00dfige Backups sind entscheidend f\u00fcr eine problemlose Datenrestauration.<\/p>\n<p><b>Fazit:<\/b> Aktuelle Backups zu pflegen, kann Sie vor komplizierten Wiederherstellungsszenarien und dem Risiko eines Datenverlusts bewahren.<\/p>\n<h3>Methode 4: Die Linux-Live-CD\/USB-Technik &#128190;<\/h3>\n<ul>\n<li>Erstellen Sie einen <b>Linux-Live-USB<\/b> oder eine CD<\/li>\n<li>Booten Sie Ihr System mit dem Live-Medium<\/li>\n<li>Zugriff auf Ihre Laufwerke aus der Live-Umgebung und Wiederherstellung von Dateien an einen sicheren Ort<\/li>\n<li>Booten Sie in Ihr regul\u00e4res System und \u00fcbertragen Sie die Daten zur\u00fcck<\/li>\n<\/ul>\n<p><b>Hinweis:<\/b> Diese Methode funktioniert gut f\u00fcr nicht startbare Systeme oder besch\u00e4digte Betriebssystemumgebungen.<\/p>\n<p><b>Fazit:<\/b> Eine Linux-Live-Umgebung ist ein vielseitiges Werkzeug f\u00fcr Datenwiederherstellungsszenarien, besonders bei Nicht-Windows-Dateisystemen.<\/p>\n<h3>Methode 5: Professioneller Datenwiederherstellungsdienst &#9881;<\/h3>\n<ul>\n<li>W\u00e4hlen Sie einen seri\u00f6sen <b>Datenwiederherstellungsdienst<\/b> mit guten Bewertungen<\/li>\n<li>Schicken Sie Ihr besch\u00e4digtes Ger\u00e4t oder Laufwerk zu deren Einrichtung<\/li>\n<li>Warten Sie auf die Bewertung und das Angebot f\u00fcr die Wiederherstellungsdienstleistung<\/li>\n<li>Genehmigen Sie die Dienstleistung, damit die Techniker mit der Wiederherstellung fortfahren k\u00f6nnen<\/li>\n<li>Empfangen Sie die wiederhergestellten Daten auf neuen Medien oder \u00fcber einen sicheren Download-Link<\/li>\n<\/ul>\n<p><b>Hinweis:<\/b> Diese Option kann kostspielig sein, bewahren Sie sie f\u00fcr komplexe F\u00e4lle von physischen Besch\u00e4digungen auf.<\/p>\n<p><b>Fazit:<\/b> Professionelle Dienste eignen sich ideal f\u00fcr extreme Datenverlustsituationen, die Eingriffe in Reinr\u00e4umen und spezielle Ausr\u00fcstungen erfordern.<\/p>\n<\/section>\n<section>\n<div>\n<div>3<\/div>\n<h2>Youtube-Video zum Anschauen<\/h2>\n<\/div>\n<div class=\"iframe\"><iframe width=\"420\" height=\"315\" src=\"\/\/www.youtube.com\/embed\/IGEizr1WZ3E\" frameborder=\"0\" allowfullscreen><\/iframe><\/div>\n<\/section>\n<section>\n<div>\n<div>4<\/div>\n<h2>Vorsichtsma\u00dfnahmen und Tipps:<\/h2>\n<\/div>\n<h3>Bereit machen f\u00fcr den Wiederherstellungserfolg &#128737;<\/h3>\n<ul>\n<li>Vermeiden Sie die Verwendung des Speicherger\u00e4ts nach Datenverlust, um ein <b>\u00dcberschreiben<\/b> verlorener Dateien zu verhindern<\/li>\n<li>Implementieren Sie eine <b>3-2-1-Backup-Strategie<\/b>: 3 Kopien Ihrer Daten, 2 lokal auf unterschiedlichen Ger\u00e4ten und 1 ausgelagert<\/li>\n<li>Halten Sie Ihre <b>Anti-Spyware<\/b> und <b>Antivirus<\/b>-Software aktuell, um Malware abzuwehren<\/li>\n<li>\u00dcberpr\u00fcfen Sie regelm\u00e4\u00dfig Ihre Speicherger\u00e4te auf <b>fr\u00fche Anzeichen eines Ausfalls<\/b>, wie ungew\u00f6hnliche Ger\u00e4usche oder langsame Leistung<\/li>\n<\/ul>\n<h3>Softwareaktualisierungsschutz &#128737;<\/h3>\n<ul>\n<li><b>Testen Sie neue Software<\/b> in einer kontrollierten Umgebung, bevor sie umfassend eingesetzt wird<\/li>\n<li>Halten Sie Ihr Betriebssystem und wichtige Anwendungen auf dem neuesten Stand, um <b>Kompatibilit\u00e4tsprobleme<\/b> zu minimieren<\/li>\n<li>Konfigurieren Sie Ihr System so, dass vor Updates <b>automatische Wiederherstellungspunkte<\/b> erstellt werden<\/li>\n<li>\u00dcberpr\u00fcfen Sie die Integrit\u00e4t Ihrer Daten nach gro\u00dfen Updates oder Installationen<\/li>\n<\/ul>\n<\/section>\n<section>\n<div>\n<div>5<\/div>\n<h2>Einblicke in die Datenwiederherstellung<\/h2>\n<\/div>\n<p>Wenn man sich in die Welt der Datenwiederherstellung begibt, k\u00f6nnen die Feinheiten und technischen Details \u00fcberw\u00e4ltigend sein. Jedoch kann eine gr\u00fcndliche Planung und die Umsetzung von <b>Best Practices<\/b> das Blatt zu Ihren Gunsten wenden. Zum Beispiel kann es hilfreich sein, sich mit dem von Ihren Betriebssystemen verwendeten Dateisystem, wie NTFS f\u00fcr Windows oder APFS f\u00fcr macOS, vertraut zu machen, um zu verstehen, wie Daten gespeichert und potenziell wiederhergestellt werden k\u00f6nnen.<\/p>\n<p>Dar\u00fcber hinaus kann es auch n\u00fctzlich sein, \u00fcber die neuesten Branchentrends informiert zu sein, wie zum Beispiel Fortschritte in der SSD-<b>TRIM-Technologie<\/b>, die die Dateiwiederherstellung beeinflussen, um sich vorzubereiten.<\/p>\n<p>Indem Sie sich \u00fcber die Funktionen von Datenwiederherstellungssoftware, wie zum Beispiel <b>SMART-\u00dcberwachungs<\/b>tools, informieren, k\u00f6nnen Sie m\u00f6gliche Festplattenausf\u00e4lle erkennen, bevor sie geschehen. Es ist auch wesentlich, sich der <b>Begrenzungen der Datenwiederherstellung<\/b> bewusst zu sein, wie die Unf\u00e4higkeit, Daten von sicher gel\u00f6schten SSDs aufgrund der Art ihrer L\u00f6schzyklen zur\u00fcckzuerlangen.<\/p>\n<\/section>\n<section>\n<h2>Fazit:<\/h2>\n<div class=\"nonp\">\n<p>Eine informierte Herangehensweise an die Datenwiederherstellung ist der Grundstein, um Ihre digitalen Verm\u00f6genswerte zu sch\u00fctzen. Ob Sie sich f\u00fcr den Do-it-yourself-Weg mit Tools wie Disk Drill entscheiden oder die Hilfe von Profis suchen, das Wissen um den Wiederherstellungsprozess und die verf\u00fcgbaren Optionen ist der Schl\u00fcssel. Indem Sie die Ursachen des Datenverlusts verstehen, die Schritte und Methoden zur Wiederherstellung von Daten kennen und vorbeugende Ma\u00dfnahmen ergreifen, um Risiken zu minimieren, k\u00f6nnen Sie die Komplexit\u00e4ten der Datenwiederherstellung mit Zuversicht navigieren.<\/p>\n<\/div>\n<\/section>\n","protected":false},"excerpt":{"rendered":"<p>Alles, was Sie \u00fcber Datenwiederherstellung wissen m\u00fcssen Datenwiederherstellung ist ein unverzichtbarer Prozess zum Abrufen von unzug\u00e4nglichen, verlorenen, besch\u00e4digten oder formatierten Daten von verschiedenen Speicherger\u00e4ten. Wenn Ihre wertvollen Dateien verschwinden, ist es entscheidend, die richtigen Werkzeuge und Schritte zur Wiederherstellung zu kennen. Dieser umfassende Leitfaden f\u00fchrt Sie durch die Grundlagen der Datenwiederherstellung und stellt Ihnen Disk [&hellip;]<\/p>\n","protected":false},"author":2,"featured_media":36801,"parent":0,"menu_order":0,"comment_status":"closed","ping_status":"closed","template":"chromecast.php","meta":{"_stopmodifiedupdate":false,"_modified_date":"","_lmt_disableupdate":"yes","_lmt_disable":""},"acf":[],"yoast_head":"<!-- This site is optimized with the Yoast SEO plugin v20.9 - https:\/\/yoast.com\/wordpress\/plugins\/seo\/ -->\n<title>Was ist Datenwiederherstellung und wie geht das? Alles, was Sie 2023 wissen m\u00fcssen<\/title>\n<meta name=\"robots\" content=\"index, follow, max-snippet:-1, max-image-preview:large, max-video-preview:-1\" \/>\n<link rel=\"canonical\" href=\"https:\/\/datarecovery.ping.fm\/de\/data-recovery\/\" \/>\n<meta property=\"og:locale\" content=\"de_DE\" \/>\n<meta property=\"og:type\" content=\"article\" \/>\n<meta property=\"og:title\" content=\"Was ist Datenwiederherstellung und wie geht das? Alles, was Sie 2023 wissen m\u00fcssen\" \/>\n<meta property=\"og:description\" content=\"Alles, was Sie \u00fcber Datenwiederherstellung wissen m\u00fcssen Datenwiederherstellung ist ein unverzichtbarer Prozess zum Abrufen von unzug\u00e4nglichen, verlorenen, besch\u00e4digten oder formatierten Daten von verschiedenen Speicherger\u00e4ten. Wenn Ihre wertvollen Dateien verschwinden, ist es entscheidend, die richtigen Werkzeuge und Schritte zur Wiederherstellung zu kennen. Dieser umfassende Leitfaden f\u00fchrt Sie durch die Grundlagen der Datenwiederherstellung und stellt Ihnen Disk [&hellip;]\" \/>\n<meta property=\"og:url\" content=\"https:\/\/datarecovery.ping.fm\/de\/data-recovery\/\" \/>\n<meta property=\"og:site_name\" content=\"Datenwiederherstellungssoftware\" \/>\n<meta property=\"article:modified_time\" content=\"2024-02-16T08:52:29+00:00\" \/>\n<meta property=\"og:image\" content=\"https:\/\/datarecovery.ping.fm\/wp-content\/uploads\/2024\/03\/All-you-need-to-know-about-Data-Recovery-German.jpg\" \/>\n\t<meta property=\"og:image:width\" content=\"1280\" \/>\n\t<meta property=\"og:image:height\" content=\"731\" \/>\n\t<meta property=\"og:image:type\" content=\"image\/jpeg\" \/>\n<meta name=\"twitter:card\" content=\"summary_large_image\" \/>\n<meta name=\"twitter:label1\" content=\"Est. reading time\" \/>\n\t<meta name=\"twitter:data1\" content=\"5 Minuten\" \/>\n<script type=\"application\/ld+json\" class=\"yoast-schema-graph\">{\"@context\":\"https:\/\/schema.org\",\"@graph\":[{\"@type\":\"WebPage\",\"@id\":\"https:\/\/datarecovery.ping.fm\/de\/data-recovery\/\",\"url\":\"https:\/\/datarecovery.ping.fm\/de\/data-recovery\/\",\"name\":\"Was ist Datenwiederherstellung und wie geht das? Alles, was Sie 2023 wissen m\u00fcssen\",\"isPartOf\":{\"@id\":\"https:\/\/datarecovery.ping.fm\/de\/#website\"},\"datePublished\":\"2023-12-25T15:46:11+00:00\",\"dateModified\":\"2024-02-16T08:52:29+00:00\",\"breadcrumb\":{\"@id\":\"https:\/\/datarecovery.ping.fm\/de\/data-recovery\/#breadcrumb\"},\"inLanguage\":\"de-DE\",\"potentialAction\":[{\"@type\":\"ReadAction\",\"target\":[\"https:\/\/datarecovery.ping.fm\/de\/data-recovery\/\"]}]},{\"@type\":\"BreadcrumbList\",\"@id\":\"https:\/\/datarecovery.ping.fm\/de\/data-recovery\/#breadcrumb\",\"itemListElement\":[{\"@type\":\"ListItem\",\"position\":1,\"name\":\"Home\",\"item\":\"https:\/\/datarecovery.ping.fm\/de\/\"},{\"@type\":\"ListItem\",\"position\":2,\"name\":\"Alles, was Sie \u00fcber Datenwiederherstellung wissen m\u00fcssen\"}]},{\"@type\":\"WebSite\",\"@id\":\"https:\/\/datarecovery.ping.fm\/de\/#website\",\"url\":\"https:\/\/datarecovery.ping.fm\/de\/\",\"name\":\"Datenwiederherstellungssoftware\",\"description\":\"\",\"potentialAction\":[{\"@type\":\"SearchAction\",\"target\":{\"@type\":\"EntryPoint\",\"urlTemplate\":\"https:\/\/datarecovery.ping.fm\/de\/?s={search_term_string}\"},\"query-input\":\"required name=search_term_string\"}],\"inLanguage\":\"de-DE\"}]}<\/script>\n<!-- \/ Yoast SEO plugin. -->","yoast_head_json":{"title":"Was ist Datenwiederherstellung und wie geht das? Alles, was Sie 2023 wissen m\u00fcssen","robots":{"index":"index","follow":"follow","max-snippet":"max-snippet:-1","max-image-preview":"max-image-preview:large","max-video-preview":"max-video-preview:-1"},"canonical":"https:\/\/datarecovery.ping.fm\/de\/data-recovery\/","og_locale":"de_DE","og_type":"article","og_title":"Was ist Datenwiederherstellung und wie geht das? Alles, was Sie 2023 wissen m\u00fcssen","og_description":"Alles, was Sie \u00fcber Datenwiederherstellung wissen m\u00fcssen Datenwiederherstellung ist ein unverzichtbarer Prozess zum Abrufen von unzug\u00e4nglichen, verlorenen, besch\u00e4digten oder formatierten Daten von verschiedenen Speicherger\u00e4ten. Wenn Ihre wertvollen Dateien verschwinden, ist es entscheidend, die richtigen Werkzeuge und Schritte zur Wiederherstellung zu kennen. Dieser umfassende Leitfaden f\u00fchrt Sie durch die Grundlagen der Datenwiederherstellung und stellt Ihnen Disk [&hellip;]","og_url":"https:\/\/datarecovery.ping.fm\/de\/data-recovery\/","og_site_name":"Datenwiederherstellungssoftware","article_modified_time":"2024-02-16T08:52:29+00:00","og_image":[{"width":1280,"height":731,"url":"https:\/\/datarecovery.ping.fm\/wp-content\/uploads\/2024\/03\/All-you-need-to-know-about-Data-Recovery-German.jpg","type":"image\/jpeg"}],"twitter_card":"summary_large_image","twitter_misc":{"Est. reading time":"5 Minuten"},"schema":{"@context":"https:\/\/schema.org","@graph":[{"@type":"WebPage","@id":"https:\/\/datarecovery.ping.fm\/de\/data-recovery\/","url":"https:\/\/datarecovery.ping.fm\/de\/data-recovery\/","name":"Was ist Datenwiederherstellung und wie geht das? Alles, was Sie 2023 wissen m\u00fcssen","isPartOf":{"@id":"https:\/\/datarecovery.ping.fm\/de\/#website"},"datePublished":"2023-12-25T15:46:11+00:00","dateModified":"2024-02-16T08:52:29+00:00","breadcrumb":{"@id":"https:\/\/datarecovery.ping.fm\/de\/data-recovery\/#breadcrumb"},"inLanguage":"de-DE","potentialAction":[{"@type":"ReadAction","target":["https:\/\/datarecovery.ping.fm\/de\/data-recovery\/"]}]},{"@type":"BreadcrumbList","@id":"https:\/\/datarecovery.ping.fm\/de\/data-recovery\/#breadcrumb","itemListElement":[{"@type":"ListItem","position":1,"name":"Home","item":"https:\/\/datarecovery.ping.fm\/de\/"},{"@type":"ListItem","position":2,"name":"Alles, was Sie \u00fcber Datenwiederherstellung wissen m\u00fcssen"}]},{"@type":"WebSite","@id":"https:\/\/datarecovery.ping.fm\/de\/#website","url":"https:\/\/datarecovery.ping.fm\/de\/","name":"Datenwiederherstellungssoftware","description":"","potentialAction":[{"@type":"SearchAction","target":{"@type":"EntryPoint","urlTemplate":"https:\/\/datarecovery.ping.fm\/de\/?s={search_term_string}"},"query-input":"required name=search_term_string"}],"inLanguage":"de-DE"}]}},"_links":{"self":[{"href":"https:\/\/datarecovery.ping.fm\/de\/wp-json\/wp\/v2\/pages\/15399"}],"collection":[{"href":"https:\/\/datarecovery.ping.fm\/de\/wp-json\/wp\/v2\/pages"}],"about":[{"href":"https:\/\/datarecovery.ping.fm\/de\/wp-json\/wp\/v2\/types\/page"}],"author":[{"embeddable":true,"href":"https:\/\/datarecovery.ping.fm\/de\/wp-json\/wp\/v2\/users\/2"}],"replies":[{"embeddable":true,"href":"https:\/\/datarecovery.ping.fm\/de\/wp-json\/wp\/v2\/comments?post=15399"}],"version-history":[{"count":1,"href":"https:\/\/datarecovery.ping.fm\/de\/wp-json\/wp\/v2\/pages\/15399\/revisions"}],"predecessor-version":[{"id":36800,"href":"https:\/\/datarecovery.ping.fm\/de\/wp-json\/wp\/v2\/pages\/15399\/revisions\/36800"}],"wp:featuredmedia":[{"embeddable":true,"href":"https:\/\/datarecovery.ping.fm\/de\/wp-json\/wp\/v2\/media\/36801"}],"wp:attachment":[{"href":"https:\/\/datarecovery.ping.fm\/de\/wp-json\/wp\/v2\/media?parent=15399"}],"curies":[{"name":"wp","href":"https:\/\/api.w.org\/{rel}","templated":true}]}}