{"id":14949,"date":"2024-01-14T12:47:06","date_gmt":"2024-01-14T12:47:06","guid":{"rendered":"https:\/\/www.ping.fm\/data-recovery-software\/recoverit-stellar-easeus\/"},"modified":"2024-02-29T18:14:34","modified_gmt":"2024-02-29T18:14:34","slug":"recoverit-stellar-easeus","status":"publish","type":"page","link":"https:\/\/datarecovery.ping.fm\/de\/recoverit-stellar-easeus\/","title":{"rendered":"Easeus Data Recovery Vs Recoverit Vs Stellar"},"content":{"rendered":"<section>\n<h1>Easeus Data Recovery Vs Recoverit Vs Stellar<\/h1>\n<div class=\"inbrief\">\n<div>             <img src=\"https:\/\/www.ping.fm\/data-recovery-software\/wp-content\/uploads\/ai\/Easeus-Data-Recovery-Vs-Recoverit-VS-Stellar--German.jpg\" alt=\"Easeus Data Recovery Vs Recoverit VS Stellar\" title=\"Easeus Data Recovery Vs Recoverit VS Stellar\" width=\"1280\" height=\"720\">             <\/p>\n<p>Bei der Datenwiederherstellung kann die Auswahl der richtigen Software den Unterschied zwischen Erfolg und Frustration machen. In diesem Artikel vergleichen wir drei beliebte Datenwiederherstellungsl\u00f6sungen &#8211; <a href='https:\/\/recoverit.wondershare.com' rel=\"nofollow noopener\" target='_blank'>Recoverit Data Recovery<\/a>, <a href='https:\/\/www.stellarinfo.com' rel=\"nofollow noopener\" target='_blank'>Stellar Data Recovery<\/a> und <a href='https:\/\/www.easeus.com\/datarecoverywizard\/free-data-recovery-software.htm' rel=\"nofollow noopener\" target='_blank'>EaseUS Data Recovery<\/a> &#8211; und besprechen eine weitere hervorragende Option, <a href='https:\/\/www.cleverfiles.com' rel=\"nofollow noopener\" target='_blank'>Disk Drill<\/a>, die ich aufgrund meiner pers\u00f6nlichen Erfahrungen als die beste L\u00f6sung empfinde.<\/p>\n<\/div>\n<\/div>\n<\/section>\n<section>\n<div class=\"medal\">\n<div>&#129351;<\/div>\n<\/div>\n<h2><a href='https:\/\/recoverit.wondershare.com' rel=\"nofollow noopener\" target='_blank'>Recoverit Data Recovery<\/a><\/h2>\n<p><img src=\"https:\/\/www.ping.fm\/data-recovery-software\/wp-content\/uploads\/ai\/https---recoverit-wondershare-comGerman.jpg\"><\/p>\n<p>Recoverit Data Recovery ist ein umfassendes Tool, das verspricht, Ihre kostbaren Daten mit hoher Erfolgsrate wiederherzustellen. Mit fortschrittlichen Algorithmen bew\u00e4ltigt es verschiedene Szenarien von gel\u00f6schten Dateien bis zur Wiederherstellung ganzer Partitionen.<\/p>\n<p><a href='https:\/\/recoverit.wondershare.com' rel=\"nofollow noopener\" target='_blank' class='ofWSite'>Offizielle Website<\/a><\/p>\n<h3 class='prosTitle'>Vorteile<\/h3>\n<ul class='listpc pros'>\n<li>Benutzerfreundliche Schnittstelle<\/li>\n<li>Tiefenscan-Technologie<\/li>\n<\/ul>\n<h3 class='consTitle'>Nachteile<\/h3>\n<ul class='listpc cons'>\n<li>H\u00f6herer Preis im Vergleich zu Konkurrenten<\/li>\n<li>Begrenzte Gr\u00f6\u00dfe bei Wiederherstellung in der kostenlosen Version<\/li>\n<\/ul>\n<\/section>\n<section>\n<div class=\"medal\">\n<div>&#129352;<\/div>\n<\/div>\n<h2><a href='https:\/\/www.stellarinfo.com' rel=\"nofollow noopener\" target='_blank'>Stellar Data Recovery<\/a><\/h2>\n<p><img src=\"https:\/\/www.ping.fm\/data-recovery-software\/wp-content\/uploads\/ai\/https---www-stellarinfo-comGerman.jpg\"><\/p>\n<p>Stellar Data Recovery zeichnet sich durch seinen robusten Wiederherstellungsprozess und die Unterst\u00fctzung zahlreicher Dateitypen aus. Sowohl f\u00fcr Einzelpersonen als auch f\u00fcr Unternehmen konzipiert, bietet es L\u00f6sungen f\u00fcr nahezu jede Datenverlustsituation.<\/p>\n<p><a href='https:\/\/www.stellarinfo.com' rel=\"nofollow noopener\" target='_blank' class='ofWSite'>Offizielle Website<\/a><\/p>\n<h3 class='prosTitle'>Vorteile<\/h3>\n<ul class='listpc pros'>\n<li>Unterst\u00fctzt zahlreiche Dateiformate<\/li>\n<li>Wiederherstellung von verschl\u00fcsselten Laufwerken<\/li>\n<\/ul>\n<h3 class='consTitle'>Nachteile<\/h3>\n<ul class='listpc cons'>\n<li>Kann bei gro\u00dfen Laufwerken langsam sein<\/li>\n<li>Manche Dateien sind m\u00f6glicherweise nach einem Scan nicht wiederherstellbar<\/li>\n<\/ul>\n<\/section>\n<section>\n<div class=\"medal\">\n<div>&#129353;<\/div>\n<\/div>\n<h2><a href='https:\/\/www.easeus.com\/datarecoverywizard\/free-data-recovery-software.htm' rel=\"nofollow noopener\" target='_blank'>EaseUS Data Recovery<\/a><\/h2>\n<p><img src=\"https:\/\/www.ping.fm\/data-recovery-software\/wp-content\/uploads\/ai\/https---www-easeus-com-datarecoverywizard-free-data-recovery-software-htmGerman.jpg\"><\/p>\n<p>EaseUS Data Recovery Wizard ist eine unkomplizierte L\u00f6sung, die den Datenwiederherstellungsprozess vereinfachen m\u00f6chte. Sein intuitives Design und klare Anweisungen machen es f\u00fcr Benutzer aller technischen Niveaus zug\u00e4nglich.<\/p>\n<p><a href='https:\/\/www.easeus.com\/datarecoverywizard\/free-data-recovery-software.htm' rel=\"nofollow noopener\" target='_blank' class='ofWSite'>Offizielle Website<\/a><\/p>\n<h3 class='prosTitle'>Vorteile<\/h3>\n<ul class='listpc pros'>\n<li>Einfach zu bedienen f\u00fcr Anf\u00e4nger<\/li>\n<li>Kostenlose Version mit begrenzter Wiederherstellung verf\u00fcgbar<\/li>\n<\/ul>\n<h3 class='consTitle'>Nachteile<\/h3>\n<ul class='listpc cons'>\n<li>Kostenlose Version hat ein 2GB-Limit f\u00fcr die Wiederherstellung<\/li>\n<li>Vollst\u00e4ndige Funktionen erfordern ein Premium-Upgrade<\/li>\n<\/ul>\n<\/section>\n<section>\n<div class=\"no-medal\">\n<div>4<\/div>\n<\/div>\n<h2><a href='https:\/\/www.cleverfiles.com' rel=\"nofollow noopener\" target='_blank'>Disk Drill<\/a><\/h2>\n<p><img src=\"https:\/\/www.ping.fm\/data-recovery-software\/wp-content\/uploads\/ai\/https---www-cleverfiles-comGerman.jpg\"><\/p>\n<p>Aus meiner pers\u00f6nlichen Erfahrung heraus ragt <b>Disk Drill<\/b> mit einer Kombination aus Kraft, Einfachheit und einer Reihe zus\u00e4tzlicher Werkzeuge \u00fcber seine Konkurrenten hinaus. Es stellt nicht nur verlorene Dateien wieder her; es bietet auch proaktiven Datenschutz mit Recovery Vault und S.M.A.R.T.-\u00dcberwachung.<\/p>\n<p><a href='https:\/\/www.cleverfiles.com' rel=\"nofollow noopener\" target='_blank' class='ofWSite'>Offizielle Webseite<\/a><\/p>\n<h3 class='prosTitle'>Vorteile<\/h3>\n<ul class='listpc pros'>\n<li>Intuitive Benutzeroberfl\u00e4che<\/li>\n<li>Recovery Vault f\u00fcr Datenschutz<\/li>\n<\/ul>\n<h3 class='consTitle'>Nachteile<\/h3>\n<ul class='listpc cons'>\n<li>Begrenzte Wiederherstellungsoptionen in der kostenlosen Version<\/li>\n<li>Pro-Version f\u00fcr erweiterte Funktionen notwendig<\/li>\n<\/ul>\n<\/section>\n<section>\n<h2>Youtube-Video zum Anschauen<\/h2>\n<div class=\"nonp iframe\"><iframe width=\"420\" height=\"315\" src=\"\/\/www.youtube.com\/embed\/IGEizr1WZ3E\" frameborder=\"0\" allowfullscreen><\/iframe><\/div>\n<\/section>\n<section>\n<h2>Fazit:<\/h2>\n<div class=\"nonp\">Bei der Auswahl einer Datenwiederherstellungsanwendung ist es wichtig, nicht nur die Wirksamkeit der Software zu ber\u00fccksichtigen, sondern auch deren Benutzerfreundlichkeit, Support und Preis-Leistungs-Verh\u00e4ltnis. Am Ende geht es nicht nur um die Wiederherstellung von Daten; es geht um die gesamte Wiederherstellungserfahrung und was die Software \u00fcber die reine Dateiwiederherstellung hinaus bieten kann. Mit Optionen wie <a href='https:\/\/recoverit.wondershare.com' rel=\"nofollow noopener\" target='_blank'>Recoverit Data Recovery<\/a>, <a href='https:\/\/www.stellarinfo.com' rel=\"nofollow noopener\" target='_blank'>Stellar Data Recovery<\/a> und <a href='https:\/\/www.easeus.com\/datarecoverywizard\/free-data-recovery-software.htm' rel=\"nofollow noopener\" target='_blank'>EaseUS Data Recovery<\/a> haben Benutzer eine Vielzahl von M\u00f6glichkeiten, von denen jede ihre eigenen St\u00e4rken einbringt. Jedoch hat, basierend auf meinen eigenen Erfahrungen, <b>Disk Drill<\/b> das zufriedenstellendste und umfangreichste Wiederherstellungserlebnis geboten. Nicht nur dass es robuste Datenwiederherstellungsf\u00e4higkeiten bietet, sondern auch Funktionen wie Recovery Vault und S.M.A.R.T.-Festplatten\u00fcberwachung f\u00fcgen wesentlichen Wert hinzu, da sie als vorbeugende Ma\u00dfnahme gegen zuk\u00fcnftigen Datenverlust dienen. Diese Funktionen, kombiniert mit einer intuitiven Oberfl\u00e4che und engagiertem Kundensupport, heben <b>Disk Drill<\/b> in einem \u00fcberf\u00fcllten Markt hervor. F\u00fcr diejenigen, die einen genaueren Blick darauf werfen m\u00f6chten, empfehle ich den Besuch von <a href='https:\/\/www.cleverfiles.com' rel=\"dofollow noopener\" target='_blank'>https:\/\/www.cleverfiles.com<\/a>, der Homepage von Disk Drill, f\u00fcr detailliertere Informationen und um die Vorteile, die es bietet, aus erster Hand zu erfahren. <\/p>\n<p>In dem sich schnell entwickelnden Bereich der Datenwiederherstellung ist ein zuverl\u00e4ssiges Werkzeug zur Hand zu haben kein Luxus, sondern eine Notwendigkeit. Ob es um versehentliche L\u00f6schungen, Festplattenausf\u00e4lle oder Virenangriffe geht, eine erfolgreiche Wiederherstellung h\u00e4ngt oft vom schnellen Handeln und den F\u00e4higkeiten der Software, die Sie w\u00e4hlen, ab. Dar\u00fcber hinaus k\u00f6nnen Ratschl\u00e4ge aus Technik-Foren und das Verfolgen der neuesten Software-Bewertungen auch Ihren Entscheidungsprozess leiten. Ein Beispiel hierf\u00fcr kann <a href='https:\/\/www.techradar.com\/news\/the-best-free-data-recovery-software' rel=\"nofollow noopener\" target='_blank'>TechRadars \u00dcberpr\u00fcfung der besten kostenlosen Datenwiederherstellungssoftware<\/a> einige Einblicke in die aktuellen Top-Auswahlen in der Branche gew\u00e4hren.<\/p>\n<\/div>\n<\/section>\n","protected":false},"excerpt":{"rendered":"<p>Easeus Data Recovery Vs Recoverit Vs Stellar Bei der Datenwiederherstellung kann die Auswahl der richtigen Software den Unterschied zwischen Erfolg und Frustration machen. In diesem Artikel vergleichen wir drei beliebte Datenwiederherstellungsl\u00f6sungen &#8211; Recoverit Data Recovery, Stellar Data Recovery und EaseUS Data Recovery &#8211; und besprechen eine weitere hervorragende Option, Disk Drill, die ich aufgrund meiner [&hellip;]<\/p>\n","protected":false},"author":2,"featured_media":36777,"parent":0,"menu_order":0,"comment_status":"closed","ping_status":"closed","template":"chromecast.php","meta":{"_stopmodifiedupdate":false,"_modified_date":"","_lmt_disableupdate":"yes","_lmt_disable":""},"acf":[],"yoast_head":"<!-- This site is optimized with the Yoast SEO plugin v20.9 - https:\/\/yoast.com\/wordpress\/plugins\/seo\/ -->\n<title>Beste Datenwiederherstellungs-Apps: Easeus Data Recovery vs. Recoverit vs. Stellar. Vor- und Nachteile in 2024<\/title>\n<meta name=\"robots\" content=\"index, follow, max-snippet:-1, max-image-preview:large, max-video-preview:-1\" \/>\n<link rel=\"canonical\" href=\"https:\/\/datarecovery.ping.fm\/de\/recoverit-stellar-easeus\/\" \/>\n<meta property=\"og:locale\" content=\"de_DE\" \/>\n<meta property=\"og:type\" content=\"article\" \/>\n<meta property=\"og:title\" content=\"Beste Datenwiederherstellungs-Apps: Easeus Data Recovery vs. Recoverit vs. Stellar. Vor- und Nachteile in 2024\" \/>\n<meta property=\"og:description\" content=\"Easeus Data Recovery Vs Recoverit Vs Stellar Bei der Datenwiederherstellung kann die Auswahl der richtigen Software den Unterschied zwischen Erfolg und Frustration machen. In diesem Artikel vergleichen wir drei beliebte Datenwiederherstellungsl\u00f6sungen &#8211; Recoverit Data Recovery, Stellar Data Recovery und EaseUS Data Recovery &#8211; und besprechen eine weitere hervorragende Option, Disk Drill, die ich aufgrund meiner [&hellip;]\" \/>\n<meta property=\"og:url\" content=\"https:\/\/datarecovery.ping.fm\/de\/recoverit-stellar-easeus\/\" \/>\n<meta property=\"og:site_name\" content=\"Datenwiederherstellungssoftware\" \/>\n<meta property=\"article:modified_time\" content=\"2024-02-29T18:14:34+00:00\" \/>\n<meta property=\"og:image\" content=\"https:\/\/datarecovery.ping.fm\/wp-content\/uploads\/2024\/03\/Easeus-Data-Recovery-Vs-Recoverit-VS-Stellar-German.jpg\" \/>\n\t<meta property=\"og:image:width\" content=\"1280\" \/>\n\t<meta property=\"og:image:height\" content=\"731\" \/>\n\t<meta property=\"og:image:type\" content=\"image\/jpeg\" \/>\n<meta name=\"twitter:card\" content=\"summary_large_image\" \/>\n<meta name=\"twitter:label1\" content=\"Est. reading time\" \/>\n\t<meta name=\"twitter:data1\" content=\"3 Minuten\" \/>\n<script type=\"application\/ld+json\" class=\"yoast-schema-graph\">{\"@context\":\"https:\/\/schema.org\",\"@graph\":[{\"@type\":\"WebPage\",\"@id\":\"https:\/\/datarecovery.ping.fm\/de\/recoverit-stellar-easeus\/\",\"url\":\"https:\/\/datarecovery.ping.fm\/de\/recoverit-stellar-easeus\/\",\"name\":\"Beste Datenwiederherstellungs-Apps: Easeus Data Recovery vs. Recoverit vs. Stellar. Vor- und Nachteile in 2024\",\"isPartOf\":{\"@id\":\"https:\/\/datarecovery.ping.fm\/de\/#website\"},\"datePublished\":\"2024-01-14T12:47:06+00:00\",\"dateModified\":\"2024-02-29T18:14:34+00:00\",\"breadcrumb\":{\"@id\":\"https:\/\/datarecovery.ping.fm\/de\/recoverit-stellar-easeus\/#breadcrumb\"},\"inLanguage\":\"de-DE\",\"potentialAction\":[{\"@type\":\"ReadAction\",\"target\":[\"https:\/\/datarecovery.ping.fm\/de\/recoverit-stellar-easeus\/\"]}]},{\"@type\":\"BreadcrumbList\",\"@id\":\"https:\/\/datarecovery.ping.fm\/de\/recoverit-stellar-easeus\/#breadcrumb\",\"itemListElement\":[{\"@type\":\"ListItem\",\"position\":1,\"name\":\"Home\",\"item\":\"https:\/\/datarecovery.ping.fm\/de\/\"},{\"@type\":\"ListItem\",\"position\":2,\"name\":\"Easeus Data Recovery Vs Recoverit Vs Stellar\"}]},{\"@type\":\"WebSite\",\"@id\":\"https:\/\/datarecovery.ping.fm\/de\/#website\",\"url\":\"https:\/\/datarecovery.ping.fm\/de\/\",\"name\":\"Datenwiederherstellungssoftware\",\"description\":\"\",\"potentialAction\":[{\"@type\":\"SearchAction\",\"target\":{\"@type\":\"EntryPoint\",\"urlTemplate\":\"https:\/\/datarecovery.ping.fm\/de\/?s={search_term_string}\"},\"query-input\":\"required name=search_term_string\"}],\"inLanguage\":\"de-DE\"}]}<\/script>\n<!-- \/ Yoast SEO plugin. -->","yoast_head_json":{"title":"Beste Datenwiederherstellungs-Apps: Easeus Data Recovery vs. Recoverit vs. Stellar. Vor- und Nachteile in 2024","robots":{"index":"index","follow":"follow","max-snippet":"max-snippet:-1","max-image-preview":"max-image-preview:large","max-video-preview":"max-video-preview:-1"},"canonical":"https:\/\/datarecovery.ping.fm\/de\/recoverit-stellar-easeus\/","og_locale":"de_DE","og_type":"article","og_title":"Beste Datenwiederherstellungs-Apps: Easeus Data Recovery vs. Recoverit vs. Stellar. Vor- und Nachteile in 2024","og_description":"Easeus Data Recovery Vs Recoverit Vs Stellar Bei der Datenwiederherstellung kann die Auswahl der richtigen Software den Unterschied zwischen Erfolg und Frustration machen. In diesem Artikel vergleichen wir drei beliebte Datenwiederherstellungsl\u00f6sungen &#8211; Recoverit Data Recovery, Stellar Data Recovery und EaseUS Data Recovery &#8211; und besprechen eine weitere hervorragende Option, Disk Drill, die ich aufgrund meiner [&hellip;]","og_url":"https:\/\/datarecovery.ping.fm\/de\/recoverit-stellar-easeus\/","og_site_name":"Datenwiederherstellungssoftware","article_modified_time":"2024-02-29T18:14:34+00:00","og_image":[{"width":1280,"height":731,"url":"https:\/\/datarecovery.ping.fm\/wp-content\/uploads\/2024\/03\/Easeus-Data-Recovery-Vs-Recoverit-VS-Stellar-German.jpg","type":"image\/jpeg"}],"twitter_card":"summary_large_image","twitter_misc":{"Est. reading time":"3 Minuten"},"schema":{"@context":"https:\/\/schema.org","@graph":[{"@type":"WebPage","@id":"https:\/\/datarecovery.ping.fm\/de\/recoverit-stellar-easeus\/","url":"https:\/\/datarecovery.ping.fm\/de\/recoverit-stellar-easeus\/","name":"Beste Datenwiederherstellungs-Apps: Easeus Data Recovery vs. Recoverit vs. Stellar. Vor- und Nachteile in 2024","isPartOf":{"@id":"https:\/\/datarecovery.ping.fm\/de\/#website"},"datePublished":"2024-01-14T12:47:06+00:00","dateModified":"2024-02-29T18:14:34+00:00","breadcrumb":{"@id":"https:\/\/datarecovery.ping.fm\/de\/recoverit-stellar-easeus\/#breadcrumb"},"inLanguage":"de-DE","potentialAction":[{"@type":"ReadAction","target":["https:\/\/datarecovery.ping.fm\/de\/recoverit-stellar-easeus\/"]}]},{"@type":"BreadcrumbList","@id":"https:\/\/datarecovery.ping.fm\/de\/recoverit-stellar-easeus\/#breadcrumb","itemListElement":[{"@type":"ListItem","position":1,"name":"Home","item":"https:\/\/datarecovery.ping.fm\/de\/"},{"@type":"ListItem","position":2,"name":"Easeus Data Recovery Vs Recoverit Vs Stellar"}]},{"@type":"WebSite","@id":"https:\/\/datarecovery.ping.fm\/de\/#website","url":"https:\/\/datarecovery.ping.fm\/de\/","name":"Datenwiederherstellungssoftware","description":"","potentialAction":[{"@type":"SearchAction","target":{"@type":"EntryPoint","urlTemplate":"https:\/\/datarecovery.ping.fm\/de\/?s={search_term_string}"},"query-input":"required name=search_term_string"}],"inLanguage":"de-DE"}]}},"_links":{"self":[{"href":"https:\/\/datarecovery.ping.fm\/de\/wp-json\/wp\/v2\/pages\/14949"}],"collection":[{"href":"https:\/\/datarecovery.ping.fm\/de\/wp-json\/wp\/v2\/pages"}],"about":[{"href":"https:\/\/datarecovery.ping.fm\/de\/wp-json\/wp\/v2\/types\/page"}],"author":[{"embeddable":true,"href":"https:\/\/datarecovery.ping.fm\/de\/wp-json\/wp\/v2\/users\/2"}],"replies":[{"embeddable":true,"href":"https:\/\/datarecovery.ping.fm\/de\/wp-json\/wp\/v2\/comments?post=14949"}],"version-history":[{"count":1,"href":"https:\/\/datarecovery.ping.fm\/de\/wp-json\/wp\/v2\/pages\/14949\/revisions"}],"predecessor-version":[{"id":28744,"href":"https:\/\/datarecovery.ping.fm\/de\/wp-json\/wp\/v2\/pages\/14949\/revisions\/28744"}],"wp:featuredmedia":[{"embeddable":true,"href":"https:\/\/datarecovery.ping.fm\/de\/wp-json\/wp\/v2\/media\/36777"}],"wp:attachment":[{"href":"https:\/\/datarecovery.ping.fm\/de\/wp-json\/wp\/v2\/media?parent=14949"}],"curies":[{"name":"wp","href":"https:\/\/api.w.org\/{rel}","templated":true}]}}