{"id":14068,"date":"2023-12-25T15:46:11","date_gmt":"2023-12-25T15:46:11","guid":{"rendered":"https:\/\/www.ping.fm\/data-recovery-software\/recover-deleted-gopro-files\/"},"modified":"2024-02-16T08:52:19","modified_gmt":"2024-02-16T08:52:19","slug":"recover-deleted-gopro-files","status":"publish","type":"page","link":"https:\/\/datarecovery.ping.fm\/de\/recover-deleted-gopro-files\/","title":{"rendered":"So stellen Sie gel\u00f6schte GoPro-Videos und -Fotos wieder her"},"content":{"rendered":"<section>\n<h1>Wiederherstellung gel\u00f6schter GoPro-Videos und Fotos<\/h1>\n<div class=\"inbrief\">\n<div>  <img src=\"https:\/\/www.ping.fm\/data-recovery-software\/wp-content\/uploads\/ai\/How-to-Recover-Deleted-GoPro-Videos-and-Photos--German.jpg\" alt=\"Wiederherstellung gel\u00f6schter GoPro-Videos und Fotos\" title=\"Wiederherstellung gel\u00f6schter GoPro-Videos und Fotos\" width=\"1280\" height=\"720\">  <\/p>\n<p>Das Verlieren von wertvollen Aufnahmen, die mit einer GoPro gemacht wurden, sei es bei spannenden Abenteuern oder unvergesslichen Familienmomenten, kann ein tief entt\u00e4uschendes Erlebnis sein. Gl\u00fccklicherweise gibt es mehrere Methoden, um verlorene oder gel\u00f6schte Videos und Fotos von Ihrer GoPro wiederherzustellen. Im digitalen Zeitalter ist das versehentliche L\u00f6schen von Mediendateien nicht unbedingt endg\u00fcltig und oft k\u00f6nnen Sie mit den richtigen Werkzeugen und Verfahren Ihre Erinnerungen wiederherstellen. Besonders die Wiederherstellung von Mediendateien von einer in einer GoPro verwendeten SD-Karte ist ein h\u00e4ufiges Wiederherstellungsszenario, und ich freue mich, die Erfahrungen und Methoden zu teilen, die f\u00fcr mich Wunder gewirkt haben.<\/p>\n<\/div>\n<\/div>\n<\/section>\n<section>\n<div>\n<div>1<\/div>\n<h2>H\u00e4ufige Szenarien:<\/h2>\n<\/div>\n<h3>Versehentliches L\u00f6schen &#128465;<\/h3>\n<ul>\n<li>Datenverlust durch versehentliches Dr\u00fccken der <b>&#8218;L\u00f6schen&#8216;<\/b>-Taste auf der GoPro-Benutzeroberfl\u00e4che.<\/li>\n<li>Formatieren der SD-Karte, ohne zu realisieren, dass darauf noch ungesicherte Videos und Fotos vorhanden waren.<\/li>\n<li>Verbinden der MicroSD mit einem Computer und unbeabsichtigtes Leeren von Dateien vom Laufwerk.<\/li>\n<\/ul>\n<h3>SD-Karten-Korruption &#128030;<\/h3>\n<ul>\n<li>Entfernen der Speicherkarte der GoPro, w\u00e4hrend sie noch ein Video speichert, was zu Korruption f\u00fchren kann.<\/li>\n<li>Aussetzen der MicroSD-Karte gegen\u00fcber extremen Umgebungen, was die Datensektoren besch\u00e4digen kann.<\/li>\n<li>Defekte SD-Kartenanschl\u00fcsse f\u00fchren zu einem nicht erkannten Format beim Einlegen in einen Computer oder die GoPro.<\/li>\n<\/ul>\n<h3>Software- oder GoPro-Funktionsst\u00f6rungen &#128736;<\/h3>\n<ul>\n<li>GoPro-Firmware-Updates oder Funktionsst\u00f6rungen, die zu Datenverlust f\u00fchren.<\/li>\n<li>Unerwartete Softwareabst\u00fcrze beim \u00dcbertragen von Dateien von der GoPro auf andere Ger\u00e4te.<\/li>\n<li>Viren oder Malware, die die SD-Karte infizieren und Inhalte entfernen.<\/li>\n<\/ul>\n<\/section>\n<section class=\"stepByStep\">\n<div>\n<div>2<\/div>\n<h2>Schritt-f\u00fcr-Schritt-Anleitung. Gel\u00f6schte Gopro-Videos wiederherstellen:<\/h2>\n<\/div>\n<h3>Methode 1: \u00dcberpr\u00fcfen Sie den Ordner &#8218;Zuletzt gel\u00f6scht&#8216; der GoPro &#128194;<\/h3>\n<ul>\n<li>Schalten Sie Ihre GoPro ein und navigieren Sie zur Galerie.<\/li>\n<li>Suchen Sie nach einem Ordner oder Album, das oft als <b>&#8218;Zuletzt gel\u00f6scht&#8216;<\/b> oder \u00e4hnlich beschriftet ist.<\/li>\n<li>\u00dcberpr\u00fcfen Sie diesen Ordner, um zu sehen, ob Ihre gel\u00f6schten Videos und Fotos hier vor\u00fcbergehend gespeichert sind, und stellen Sie sie bei Bedarf wieder her.<\/li>\n<\/ul>\n<p><b>Hinweis:<\/b> Einige GoPro-Modelle verf\u00fcgen m\u00f6glicherweise nicht \u00fcber dieses Feature, in diesem Fall fahren Sie mit den n\u00e4chsten Methoden fort.<\/p>\n<p><b>Fazit:<\/b> Diese Methode ist einfach und schnell, aber keine umfassende L\u00f6sung f\u00fcr alle Datenverlustszenarien.<\/p>\n<h3>Methode 2: GoPros Cloud-Backup nutzen &#127760;<\/h3>\n<ul>\n<li>Wenn Ihre GoPro-Videos und Fotos so eingestellt waren, dass sie auf den <a href='https:\/\/gopro.com\/en\/us\/shop\/subscription\/gopro-subscription\/GoPro-Plus-Subscription.html' rel=\"nofollow noopener\" target='_blank'>GoPro-Cloud-Dienst<\/a> hochgeladen werden, melden Sie sich bei Ihrem Konto an.<\/li>\n<li>\u00dcberpr\u00fcfen Sie Ihren Cloud-Speicher auf vorhandene Backups der Dateien.<\/li>\n<li>Laden Sie die Videos und Fotos zur\u00fcck auf Ihren lokalen Speicher herunter.<\/li>\n<\/ul>\n<p><b>Hinweis:<\/b> Diese Methode h\u00e4ngt davon ab, ob Sie zuvor Cloud-Backups f\u00fcr Ihre GoPro-Medien eingerichtet hatten.<\/p>\n<p><b>Fazit:<\/b> Hervorragende Vorsorgemethode, wenn sie im Voraus vorbereitet wurde, aber nachtr\u00e4glich ohne zuvor eingerichtetes Backup nicht hilfreich.<\/p>\n<h3>Methode 3: GoPro mit dem Computer verbinden und Papierkorb \u00fcberpr\u00fcfen &#128465;<\/h3>\n<ul>\n<li>Verbinden Sie Ihre GoPro oder deren SD-Karte mit Ihrem Computer.<\/li>\n<li>Wenn die Dateien k\u00fcrzlich gel\u00f6scht wurden, \u00fcberpr\u00fcfen Sie den <b>Papierkorb<\/b> oder <b>M\u00fcll<\/b> auf Ihrem Computer nach den Dateien.<\/li>\n<li>Stellen Sie sie an ihrem urspr\u00fcnglichen Ort wieder her.<\/li>\n<\/ul>\n<p><b>Hinweis:<\/b> Dies funktioniert nur, wenn die Dateien auf einem Computer gel\u00f6scht und nicht direkt auf der GoPro gel\u00f6scht wurden.<\/p>\n<p><b>Fazit:<\/b> Eingeschr\u00e4nkte Methode, aber als schnelle m\u00f6gliche L\u00f6sung einen Blick wert.<\/p>\n<h3>Methode 4: Professionelle Wiederherstellungssoftware \u2013 Disk Drill<\/h3>\n<ul>\n<li>Laden Sie die <b>Disk Drill-Software<\/b> auf Ihren Computer herunter und installieren Sie sie.<\/li>\n<li>Schlie\u00dfen Sie die MicroSD-Karte Ihrer GoPro \u00fcber einen Kartenleser an Ihren Computer an.<\/li>\n<li>Starten Sie Disk Drill und w\u00e4hlen Sie Ihre SD-Karte aus der Liste der Laufwerke aus.<\/li>\n<li>Klicken Sie auf die Schaltfl\u00e4che <b>&#8218;Wiederherstellen&#8216;<\/b>, um den Scanvorgang zu starten.<\/li>\n<li>Vorschau der wiederherstellbaren Dateien und Auswahl der Dateien, die Sie wiederherstellen m\u00f6chten.<\/li>\n<li>W\u00e4hlen Sie einen sicheren Ort auf Ihrem Computer, um die wiederhergestellten Dateien zu speichern.<\/li>\n<\/ul>\n<p><b>Hinweis:<\/b> H\u00f6ren Sie sofort auf, die SD-Karte zu verwenden, nachdem Ihnen klar geworden ist, dass Dateien fehlen, um ein \u00dcberschreiben von Daten zu vermeiden.<\/p>\n<p><b>Fazit:<\/b> Eine au\u00dfergew\u00f6hnlich zuverl\u00e4ssige Methode, insbesondere f\u00fcr SD-Karten-Wiederherstellungsszenarien, die hohe Erfolgsquoten f\u00fcr die Wiederherstellung verlorener Medien bietet.<\/p>\n<h3>Methode 5: Datenwiederherstellungsdienste &#128736;<\/h3>\n<ul>\n<li>Finden Sie einen renommierten Datenwiederherstellungsdienst, wie <a href='https:\/\/www.securedatarecovery.com\/services\/digital-photo-recovery' rel=\"nofollow noopener\" target='_blank'>Secure Data Recovery<\/a> oder <a href='https:\/\/www.drivesaversdatarecovery.com\/data-recovery-services\/devices-supported\/memory-cards\/' rel=\"nofollow noopener\" target='_blank'>DriveSavers<\/a>.<\/li>\n<li>\u00dcbergeben Sie ihnen Ihre MicroSD-Karte der GoPro.<\/li>\n<li>Warten Sie, bis der Dienst Ihre Daten analysiert, wiederhergestellt und zur\u00fcckgegeben hat.<\/li>\n<\/ul>\n<p><b>Hinweis:<\/b> Diese Option kann teurer sein als Softwarel\u00f6sungen, ist aber bei physisch besch\u00e4digten SD-Karten notwendig.<\/p>\n<p><b>Fazit:<\/b> Am besten geeignet, wenn andere Wiederherstellungsmethoden fehlschlagen oder wenn die SD-Karte physisch besch\u00e4digt ist.<\/p>\n<\/section>\n<section>\n<div>\n<div>3<\/div>\n<h2>Vorsichtsma\u00dfnahmen und Tipps:<\/h2>\n<\/div>\n<h3>Letzte Optionen &#128760;<\/h3>\n<ul>\n<li>Formatieren Sie die MicroSD-Karte Ihrer GoPro nicht neu, wenn Sie Dateien verloren haben&#8212;dies k\u00f6nnte eine Wiederherstellung unm\u00f6glich machen.<\/li>\n<li>\u00dcberpr\u00fcfen Sie Ihre anderen Ger\u00e4te wie Smartphones, Tablets oder Computer, auf die Sie m\u00f6glicherweise die GoPro-Dateien \u00fcbertragen haben, nur f\u00fcr den Fall.<\/li>\n<li>Konsultieren Sie den GoPro-Support bei firmwarebezogenen Problemen, die gel\u00f6st werden k\u00f6nnten, um Ihre Videos und Fotos zur\u00fcckzuerlangen.<\/li>\n<\/ul>\n<h3>Pflege ist wichtig &#128295;<\/h3>\n<ul>\n<li>Sichern Sie die SD-Karte Ihrer GoPro regelm\u00e4\u00dfig auf einem anderen Speicherger\u00e4t.<\/li>\n<li>Formatieren Sie die SD-Karte Ihrer GoPro in der Kamera&#8212;nicht auf einem Computer&#8212;, um Korruption und Kompatibilit\u00e4tsprobleme zu verhindern.<\/li>\n<li>&#8218;Auswerfen&#8216; Sie die MicroSD-Karte Ihrer GoPro immer sicher, wenn Sie sie von einem Computer entfernen.<\/li>\n<\/ul>\n<\/section>\n<section>\n<div>\n<div>4<\/div>\n<h2>Erkenntnisse zur Videowiedergewinnung<\/h2>\n<\/div>\n<p>Beim Umgang mit dem Verlust von GoPro-Aufnahmen habe ich auch zus\u00e4tzliche Einblicke und Tipps zur Erhaltung und Verwaltung von digitalen Erinnerungen gesammelt. Hier einige wichtige Ratschl\u00e4ge f\u00fcr GoPro- und Actionkamera-Enthusiasten: Aktualisiere regelm\u00e4\u00dfig die <b>Firmware<\/b>, um St\u00f6rungen und Fehler zu minimieren, die zu Datenverlust f\u00fchren k\u00f6nnen. Nutze die GoPro-App, um Inhalte direkt auf Dein Smartphone zu \u00fcbertragen, was eine sofortige Backup-Option bietet. Informiere Dich \u00fcber die <a href='https:\/\/www.sdcard.org\/consumers\/choices\/speed_class\/index.html' rel=\"nofollow noopener\" target='_blank'>Geschwindigkeitsklasse Deiner MicroSD-Karte<\/a> und investiere in eine hochwertige Karte, um die Wahrscheinlichkeit einer Besch\u00e4digung zu verringern.<\/p>\n<p>Es ist wesentlich, auf den Akkustand Deines Ger\u00e4ts zu achten; ein pl\u00f6tzliches Herunterfahren w\u00e4hrend der Aufnahme k\u00f6nnte die gerade gespeicherte Datei besch\u00e4digen. Dar\u00fcber hinaus kann die Vermeidung von <b>physischen Sch\u00e4den<\/b> an Deiner SD-Karte, wie etwa die Exposition gegen\u00fcber extremen Temperaturen, Herunterfallen oder Eintauchen in Wasser ohne angemessene H\u00fcllen, die Notwendigkeit einer Datenwiederherstellung vollst\u00e4ndig ersparen.<\/p>\n<\/section>\n<section>\n<h2>Fazit:<\/h2>\n<div class=\"nonp\">\n<p>Das Wiederherstellen gel\u00f6schter GoPro-Videos und -Fotos erfordert einen ruhigen und methodischen Ansatz. Obwohl die Panik, kostbare Erinnerungen zu verlieren, \u00fcberw\u00e4ltigend ist, k\u00f6nnen die richtigen Schritte den entscheidenden Unterschied ausmachen. Von der Nutzung integrierter Funktionen wie der Cloud-Sicherung bis hin zum Einsatz professioneller Tools wie der <b>Disk Drill Software<\/b> bietet jede Methode eine potenzielle L\u00f6sung, um verlorene Momente zur\u00fcckzugewinnen. Denke immer daran, regelm\u00e4\u00dfig Sicherungskopien zu erstellen und Deine Ger\u00e4te sorgf\u00e4ltig zu behandeln, um das Risiko eines Datenverlusts so gering wie m\u00f6glich zu halten. Mit einem strategischen Ansatz und den richtigen Tools k\u00f6nnen Deine GoPro-Erinnerungen oft wiederhergestellt werden.<\/p>\n<\/div>\n<\/section>\n","protected":false},"excerpt":{"rendered":"<p>Wiederherstellung gel\u00f6schter GoPro-Videos und Fotos Das Verlieren von wertvollen Aufnahmen, die mit einer GoPro gemacht wurden, sei es bei spannenden Abenteuern oder unvergesslichen Familienmomenten, kann ein tief entt\u00e4uschendes Erlebnis sein. Gl\u00fccklicherweise gibt es mehrere Methoden, um verlorene oder gel\u00f6schte Videos und Fotos von Ihrer GoPro wiederherzustellen. Im digitalen Zeitalter ist das versehentliche L\u00f6schen von Mediendateien [&hellip;]<\/p>\n","protected":false},"author":2,"featured_media":36706,"parent":0,"menu_order":0,"comment_status":"closed","ping_status":"closed","template":"chromecast.php","meta":{"_stopmodifiedupdate":false,"_modified_date":"","_lmt_disableupdate":"yes","_lmt_disable":""},"acf":[],"yoast_head":"<!-- This site is optimized with the Yoast SEO plugin v20.9 - https:\/\/yoast.com\/wordpress\/plugins\/seo\/ -->\n<title>Wie man gel\u00f6schte GoPro-Videos und -Fotos wiederherstellt: Einfache Methoden<\/title>\n<meta name=\"robots\" content=\"index, follow, max-snippet:-1, max-image-preview:large, max-video-preview:-1\" \/>\n<link rel=\"canonical\" href=\"https:\/\/datarecovery.ping.fm\/de\/recover-deleted-gopro-files\/\" \/>\n<meta property=\"og:locale\" content=\"de_DE\" \/>\n<meta property=\"og:type\" content=\"article\" \/>\n<meta property=\"og:title\" content=\"Wie man gel\u00f6schte GoPro-Videos und -Fotos wiederherstellt: Einfache Methoden\" \/>\n<meta property=\"og:description\" content=\"Wiederherstellung gel\u00f6schter GoPro-Videos und Fotos Das Verlieren von wertvollen Aufnahmen, die mit einer GoPro gemacht wurden, sei es bei spannenden Abenteuern oder unvergesslichen Familienmomenten, kann ein tief entt\u00e4uschendes Erlebnis sein. Gl\u00fccklicherweise gibt es mehrere Methoden, um verlorene oder gel\u00f6schte Videos und Fotos von Ihrer GoPro wiederherzustellen. Im digitalen Zeitalter ist das versehentliche L\u00f6schen von Mediendateien [&hellip;]\" \/>\n<meta property=\"og:url\" content=\"https:\/\/datarecovery.ping.fm\/de\/recover-deleted-gopro-files\/\" \/>\n<meta property=\"og:site_name\" content=\"Datenwiederherstellungssoftware\" \/>\n<meta property=\"article:modified_time\" content=\"2024-02-16T08:52:19+00:00\" \/>\n<meta property=\"og:image\" content=\"https:\/\/datarecovery.ping.fm\/wp-content\/uploads\/2024\/03\/How-to-Recover-Deleted-GoPro-Videos-and-Photos-German.jpg\" \/>\n\t<meta property=\"og:image:width\" content=\"1280\" \/>\n\t<meta property=\"og:image:height\" content=\"731\" \/>\n\t<meta property=\"og:image:type\" content=\"image\/jpeg\" \/>\n<meta name=\"twitter:card\" content=\"summary_large_image\" \/>\n<meta name=\"twitter:label1\" content=\"Est. reading time\" \/>\n\t<meta name=\"twitter:data1\" content=\"6 Minuten\" \/>\n<script type=\"application\/ld+json\" class=\"yoast-schema-graph\">{\"@context\":\"https:\/\/schema.org\",\"@graph\":[{\"@type\":\"WebPage\",\"@id\":\"https:\/\/datarecovery.ping.fm\/de\/recover-deleted-gopro-files\/\",\"url\":\"https:\/\/datarecovery.ping.fm\/de\/recover-deleted-gopro-files\/\",\"name\":\"Wie man gel\u00f6schte GoPro-Videos und -Fotos wiederherstellt: Einfache Methoden\",\"isPartOf\":{\"@id\":\"https:\/\/datarecovery.ping.fm\/de\/#website\"},\"datePublished\":\"2023-12-25T15:46:11+00:00\",\"dateModified\":\"2024-02-16T08:52:19+00:00\",\"breadcrumb\":{\"@id\":\"https:\/\/datarecovery.ping.fm\/de\/recover-deleted-gopro-files\/#breadcrumb\"},\"inLanguage\":\"de-DE\",\"potentialAction\":[{\"@type\":\"ReadAction\",\"target\":[\"https:\/\/datarecovery.ping.fm\/de\/recover-deleted-gopro-files\/\"]}]},{\"@type\":\"BreadcrumbList\",\"@id\":\"https:\/\/datarecovery.ping.fm\/de\/recover-deleted-gopro-files\/#breadcrumb\",\"itemListElement\":[{\"@type\":\"ListItem\",\"position\":1,\"name\":\"Home\",\"item\":\"https:\/\/datarecovery.ping.fm\/de\/\"},{\"@type\":\"ListItem\",\"position\":2,\"name\":\"So stellen Sie gel\u00f6schte GoPro-Videos und -Fotos wieder her\"}]},{\"@type\":\"WebSite\",\"@id\":\"https:\/\/datarecovery.ping.fm\/de\/#website\",\"url\":\"https:\/\/datarecovery.ping.fm\/de\/\",\"name\":\"Datenwiederherstellungssoftware\",\"description\":\"\",\"potentialAction\":[{\"@type\":\"SearchAction\",\"target\":{\"@type\":\"EntryPoint\",\"urlTemplate\":\"https:\/\/datarecovery.ping.fm\/de\/?s={search_term_string}\"},\"query-input\":\"required name=search_term_string\"}],\"inLanguage\":\"de-DE\"}]}<\/script>\n<!-- \/ Yoast SEO plugin. -->","yoast_head_json":{"title":"Wie man gel\u00f6schte GoPro-Videos und -Fotos wiederherstellt: Einfache Methoden","robots":{"index":"index","follow":"follow","max-snippet":"max-snippet:-1","max-image-preview":"max-image-preview:large","max-video-preview":"max-video-preview:-1"},"canonical":"https:\/\/datarecovery.ping.fm\/de\/recover-deleted-gopro-files\/","og_locale":"de_DE","og_type":"article","og_title":"Wie man gel\u00f6schte GoPro-Videos und -Fotos wiederherstellt: Einfache Methoden","og_description":"Wiederherstellung gel\u00f6schter GoPro-Videos und Fotos Das Verlieren von wertvollen Aufnahmen, die mit einer GoPro gemacht wurden, sei es bei spannenden Abenteuern oder unvergesslichen Familienmomenten, kann ein tief entt\u00e4uschendes Erlebnis sein. Gl\u00fccklicherweise gibt es mehrere Methoden, um verlorene oder gel\u00f6schte Videos und Fotos von Ihrer GoPro wiederherzustellen. Im digitalen Zeitalter ist das versehentliche L\u00f6schen von Mediendateien [&hellip;]","og_url":"https:\/\/datarecovery.ping.fm\/de\/recover-deleted-gopro-files\/","og_site_name":"Datenwiederherstellungssoftware","article_modified_time":"2024-02-16T08:52:19+00:00","og_image":[{"width":1280,"height":731,"url":"https:\/\/datarecovery.ping.fm\/wp-content\/uploads\/2024\/03\/How-to-Recover-Deleted-GoPro-Videos-and-Photos-German.jpg","type":"image\/jpeg"}],"twitter_card":"summary_large_image","twitter_misc":{"Est. reading time":"6 Minuten"},"schema":{"@context":"https:\/\/schema.org","@graph":[{"@type":"WebPage","@id":"https:\/\/datarecovery.ping.fm\/de\/recover-deleted-gopro-files\/","url":"https:\/\/datarecovery.ping.fm\/de\/recover-deleted-gopro-files\/","name":"Wie man gel\u00f6schte GoPro-Videos und -Fotos wiederherstellt: Einfache Methoden","isPartOf":{"@id":"https:\/\/datarecovery.ping.fm\/de\/#website"},"datePublished":"2023-12-25T15:46:11+00:00","dateModified":"2024-02-16T08:52:19+00:00","breadcrumb":{"@id":"https:\/\/datarecovery.ping.fm\/de\/recover-deleted-gopro-files\/#breadcrumb"},"inLanguage":"de-DE","potentialAction":[{"@type":"ReadAction","target":["https:\/\/datarecovery.ping.fm\/de\/recover-deleted-gopro-files\/"]}]},{"@type":"BreadcrumbList","@id":"https:\/\/datarecovery.ping.fm\/de\/recover-deleted-gopro-files\/#breadcrumb","itemListElement":[{"@type":"ListItem","position":1,"name":"Home","item":"https:\/\/datarecovery.ping.fm\/de\/"},{"@type":"ListItem","position":2,"name":"So stellen Sie gel\u00f6schte GoPro-Videos und -Fotos wieder her"}]},{"@type":"WebSite","@id":"https:\/\/datarecovery.ping.fm\/de\/#website","url":"https:\/\/datarecovery.ping.fm\/de\/","name":"Datenwiederherstellungssoftware","description":"","potentialAction":[{"@type":"SearchAction","target":{"@type":"EntryPoint","urlTemplate":"https:\/\/datarecovery.ping.fm\/de\/?s={search_term_string}"},"query-input":"required name=search_term_string"}],"inLanguage":"de-DE"}]}},"_links":{"self":[{"href":"https:\/\/datarecovery.ping.fm\/de\/wp-json\/wp\/v2\/pages\/14068"}],"collection":[{"href":"https:\/\/datarecovery.ping.fm\/de\/wp-json\/wp\/v2\/pages"}],"about":[{"href":"https:\/\/datarecovery.ping.fm\/de\/wp-json\/wp\/v2\/types\/page"}],"author":[{"embeddable":true,"href":"https:\/\/datarecovery.ping.fm\/de\/wp-json\/wp\/v2\/users\/2"}],"replies":[{"embeddable":true,"href":"https:\/\/datarecovery.ping.fm\/de\/wp-json\/wp\/v2\/comments?post=14068"}],"version-history":[{"count":1,"href":"https:\/\/datarecovery.ping.fm\/de\/wp-json\/wp\/v2\/pages\/14068\/revisions"}],"predecessor-version":[{"id":36705,"href":"https:\/\/datarecovery.ping.fm\/de\/wp-json\/wp\/v2\/pages\/14068\/revisions\/36705"}],"wp:featuredmedia":[{"embeddable":true,"href":"https:\/\/datarecovery.ping.fm\/de\/wp-json\/wp\/v2\/media\/36706"}],"wp:attachment":[{"href":"https:\/\/datarecovery.ping.fm\/de\/wp-json\/wp\/v2\/media?parent=14068"}],"curies":[{"name":"wp","href":"https:\/\/api.w.org\/{rel}","templated":true}]}}