{"id":13815,"date":"2024-01-05T10:57:58","date_gmt":"2024-01-05T10:57:58","guid":{"rendered":"https:\/\/www.ping.fm\/data-recovery-software\/recover-deleted-video-from-sd-card\/"},"modified":"2024-02-16T08:52:17","modified_gmt":"2024-02-16T08:52:17","slug":"recover-deleted-video-from-sd-card","status":"publish","type":"page","link":"https:\/\/datarecovery.ping.fm\/de\/recover-deleted-video-from-sd-card\/","title":{"rendered":"So stellen Sie gel\u00f6schte Videos auf einer SD-Karte im Jahr 2024 wieder her"},"content":{"rendered":"<section>\n<h1>So stellen Sie gel\u00f6schte Videos von einer SD-Karte im Jahr 2024 wieder her<\/h1>\n<div class=\"inbrief\">\n<div>&#13;             <img decoding=\"async\" class=\"lazyload\" srcset=\"data:image\/png;base64,iVBORw0KGgoAAAANSUhEUgAABLAAAAKkAQMAAAAqeFQ7AAAAA3NCSVQICAjb4U\/gAAAABlBMVEX\/\/\/\/\/\/\/9VfPVsAAAAAnRSTlMA\/1uRIrUAAAAJcEhZcwAACxIAAAsSAdLdfvwAAAAcdEVYdFNvZnR3YXJlAEFkb2JlIEZpcmV3b3JrcyBDUzbovLKMAAAAFnRFWHRDcmVhdGlvbiBUaW1lADAxLzI5LzE536V52wAAAHpJREFUeJztwQENAAAAwqD3T20ON6AAAAAAAAAAAAAAAAAAAAAAAAAAAAAAAAAAAAAAAAAAAAAAAAAAAAAAAAAAAAAAAAAAAAAAAAAAAAAAAAAAAAAAAAAAAAAAAAAAAAAAAAAAAAAAAAAAAAAAAAAAAAAAAAAAAIAHA47LAAHp9LjEAAAAAElFTkSuQmCC\" src=\"https:\/\/www.ping.fm\/data-recovery-software\/wp-content\/uploads\/ai\/How-to-Recover-Deleted-Videos-from-an-SD-Card-in-2024-German.jpg\" data-srcset=\"https:\/\/www.ping.fm\/data-recovery-software\/wp-content\/uploads\/ai\/How-to-Recover-Deleted-Videos-from-an-SD-Card-in-2024-German.jpg\" data-lazy-type=\"image\" data-original=\"https:\/\/www.ping.fm\/data-recovery-software\/wp-content\/uploads\/ai\/How-to-Recover-Deleted-Videos-from-an-SD-Card-in-2024-German.jpg\" alt=\"So stellen Sie gel\u00f6schte Videos von einer SD-Karte im Jahr 2024 wieder her\" title=\"So stellen Sie gel\u00f6schte Videos von einer SD-Karte im Jahr 2024 wieder her\" width=\"1280\" height=\"720\">&#13;             <\/p>\n<p>Hatten Sie schon mal den Magen-zum-Boden Moment, als Ihre wichtigen Videos von Ihrer SD-Karte verschwanden? Ich kenne die Panik, die darauffolgt, da ich mich selbst schon \u00f6fter als mir lieb ist in dieser gef\u00fcrchteten Lage befunden habe. Nach einiger Versuch und Irrtum habe ich ein paar Tricks meistern k\u00f6nnen, um diese kostbaren digitalen Erinnerungen wiederzufinden. In diesem Artikel werde ich Sie durch die effektiven Methoden zur <b>Wiederherstellung von Videos von SD-Karten<\/b> f\u00fchren, mit besonderem Fokus auf eine <a href=\"https:\/\/7datarecovery.com\/blog\/recover-formatted-sd-card\/\" rel=\"dofollow external noopener noreferrer\" target=\"_blank\" data-wpel-link=\"external\">formatierte SD-Karte<\/a>, basierend auf pers\u00f6nlicher Erfahrung. Da Datenverlust jederzeit jedem passieren kann, ist es wesentlich, die Wiederherstellungsschritte zu kennen oder sich auf die Vermeidung potenzieller Katastrophen vorzubereiten.<\/p>\n<\/div>\n<\/div>\n<\/section>\n<p>&#13;             <\/p>\n<section>\n<div>\n<div>1<\/div>\n<h2>H\u00e4ufige Szenarien:<\/h2>\n<\/div>\n<h3>Versehentliches L\u00f6schen &#128465;<\/h3>\n<ul>\n<li>Auch wenn ich versuche, vorsichtig zu sein, habe ich manchmal versehentlich Videos von meiner <b>SD-Karte<\/b> gel\u00f6scht, w\u00e4hrend ich versuchte, Platz zu schaffen oder Dateien zu organisieren.<\/li>\n<\/ul>\n<h3>Formatierungsfehler &#128165;<\/h3>\n<ul>\n<li>Es gab F\u00e4lle, in denen ich meine SD-Karte wegen Fehlern formatieren musste, was zum Verlust aller gespeicherten Videos f\u00fchrte, einschlie\u00dflich einiger, die ich noch nicht gesichert hatte.<\/li>\n<\/ul>\n<h3>Physischer Schaden &#9748;<\/h3>\n<ul>\n<li>Gelegentlich bin ich in einen Wolkenbruch geraten und meine SD-Karte hat dadurch <b>Wassersch\u00e4den<\/b> erlitten, was die Sichtbarkeit der darauf gespeicherten Videos gef\u00e4hrdete.<\/li>\n<\/ul>\n<\/section>\n<p>&#13;             <\/p>\n<section class=\"stepByStep\">\n<div>\n<div>2<\/div>\n<h2>Schritt-f\u00fcr-Schritt-Anleitung. Gel\u00f6schtes Video von einer SD-Karte wiederherstellen:<\/h2>\n<\/div>\n<h3>Methode 1: Verwendung von Wiederherstellungssoftware &#128421;<\/h3>\n<ul>\n<li><b>Laden Sie herunter und installieren Sie<\/b> eine zuverl\u00e4ssige <b>Datenwiederherstellungssoftware<\/b>.<\/li>\n<li>Starten Sie die Software und <b>w\u00e4hlen Sie die SD-Karte<\/b> als Ziel f\u00fcr die Wiederherstellung aus.<\/li>\n<li>W\u00e4hlen Sie den Dateityp &#8218;Video&#8216; f\u00fcr einen gezielteren Scan und starten Sie den <b>Scanvorgang<\/b>.<\/li>\n<li>\u00dcberpr\u00fcfen Sie die <b>gefundenen Videos<\/b> und w\u00e4hlen Sie diejenigen aus, die Sie wiederherstellen m\u00f6chten.<\/li>\n<li>W\u00e4hlen Sie einen <b>sicheren Speicherort<\/b> auf Ihrem Computer, um die <b>wiederhergestellten Videos zu speichern<\/b>.<\/li>\n<\/ul>\n<p><b>Anmerkung:<\/b> Stellen Sie sicher, dass die wiederhergestellten Dateien auf ein anderes Laufwerk gespeichert werden, um ein \u00dcberschreiben potenziell wiederherstellbarer Daten zu vermeiden.<\/p>\n<p><b>Fazit:<\/b> Mithilfe der Wiederherstellungssoftware konnte ich die meisten der verlorenen Videos von meiner formatierten SD-Karte wiederherstellen.<\/p>\n<h3>Methode 2: Pr\u00fcfen des Papierkorbs &#128465;<\/h3>\n<ul>\n<li>\u00d6ffnen Sie den <b>Papierkorb<\/b> oder <b>Recycling Bin<\/b> auf Ihrem Computer.<\/li>\n<li>Suchen Sie nach k\u00fcrzlich gel\u00f6schten Videodateien, die auf der SD-Karte gespeichert wurden.<\/li>\n<li>W\u00e4hlen Sie die gew\u00fcnschten Videos aus und <b>stellen Sie sie<\/b> am urspr\u00fcnglichen Ort wieder her.<\/li>\n<\/ul>\n<p><b>Anmerkung:<\/b> Diese Methode funktioniert nur, wenn die SD-Karte mit einem Computer verbunden war und die Dateien mithilfe des Betriebssystems des Computers gel\u00f6scht wurden.<\/p>\n<p><b>Fazit:<\/b> Gl\u00fccklicherweise habe ich hier gelegentlich einige Videos gefunden, die ich im Eifer des Gefechts gel\u00f6scht hatte.<\/p>\n<h3>Methode 3: Verwendung der Eingabeaufforderung &#128187;<\/h3>\n<ul>\n<li>Stecken Sie die SD-Karte in den Kartenleser Ihres Computers.<\/li>\n<li>\u00d6ffnen Sie die <b>Eingabeaufforderung<\/b> als Administrator.<\/li>\n<li>Geben Sie <i>chkdsk [Laufwerkbuchstabe]: \/f<\/i> ein und dr\u00fccken Sie Enter.<\/li>\n<li>Warten Sie, bis der Prozess m\u00f6gliche <b>Dateisystemfehler<\/b> findet und behebt.<\/li>\n<\/ul>\n<p><b>Anmerkung:<\/b> Ersetzen Sie [Laufwerkbuchstabe] durch den tats\u00e4chlichen Buchstaben, der Ihrer SD-Karte zugewiesen wurde.<\/p>\n<p><b>Fazit:<\/b> Manchmal hat dies geholfen, scheinbar verlorene Videos wieder sichtbar zu machen.<\/p>\n<h3>Methode 4: Professionelle Datenrettungsdienste &#128736;<\/h3>\n<ul>\n<li>Finden Sie einen <b>renommierten Datenrettungsdienst<\/b> in Ihrer N\u00e4he oder online.<\/li>\n<li>Senden oder bringen Sie Ihre SD-Karte f\u00fcr eine <b>Diagnose<\/b> ein, um zu sehen, ob eine Wiederherstellung m\u00f6glich ist.<\/li>\n<li>Falls machbar, fahren Sie mit dem <b>Rettungsdienst<\/b> fort und hoffen Sie auf das Beste.<\/li>\n<\/ul>\n<p><b>Anmerkung:<\/b> Diese Option kann kostspielig sein und sollte in Betracht gezogen werden, wenn die Videos von hoher Bedeutung sind und andere Methoden fehlschlagen.<\/p>\n<p><b>Fazit:<\/b> Professionelle Dienste haben einige meiner wertvollsten Aufnahmen gerettet, als alles andere fehlschlug.<\/p>\n<h3>Methode 5: \u00dcberpr\u00fcfen von versteckten Dateien &#128373;<\/h3>\n<ul>\n<li>Verbinden Sie Ihre SD-Karte mit Ihrem Computer.<\/li>\n<li>Navigieren Sie zum SD-Kartenverzeichnis und <b>w\u00e4hlen Sie &#8218;Ansicht&#8216;<\/b> aus der Men\u00fcleiste.<\/li>\n<li>Aktivieren Sie die Option, um <b>&#8218;Versteckte Dateien, Ordner und Laufwerke anzeigen&#8216;<\/b>.<\/li>\n<li>Suchen Sie nach Dateien, die aufgrund eines Fehlers oder Virus versteckt sein k\u00f6nnten.<\/li>\n<\/ul>\n<p><b>Anmerkung:<\/b> Manchmal werden Videodateien aus verschiedenen Gr\u00fcnden versteckt und das \u00dcberpr\u00fcfen auf versteckte Dateien kann sie offenbaren.<\/p>\n<p><b>Fazit:<\/b> Eine einfache Methode, die manchmal Videos zur\u00fcckbrachte, von denen ich dachte, ich h\u00e4tte sie durch einen Virus verloren.<\/p>\n<\/section>\n<section>\n<div>\n<div>3<\/div>\n<h2>Youtube-Video zum Ansehen<\/h2>\n<\/div>\n<div class=\"iframe\"><span class=\"lazyload\" data-original_content=\"PGlmcmFtZSB3aWR0aD0iNDIwIiBoZWlnaHQ9IjMxNSIgc3JjPSIvL3d3dy55b3V0dWJlLmNvbS9lbWJlZC9TTXN3Si1LcnlCTSIgZnJhbWVib3JkZXI9IjAiIGFsbG93ZnVsbHNjcmVlbj48L2lmcmFtZT4=\"><\/span><\/div>\n<\/section>\n<section>\n<div>\n<div>4<\/div>\n<h2>Vorsichtsma\u00dfnahmen und Tipps:<\/h2>\n<\/div>\n<h3>Vorsichtiger Umgang &#129330;<\/h3>\n<ul>\n<li>Vermeiden Sie es, die SD-Karte <b>magnetischen Feldern<\/b>, Hitze oder Wasser auszusetzen, um ihre Integrit\u00e4t zu bewahren.<\/li>\n<li>Entfernen Sie die SD-Karte immer sicher aus Ger\u00e4ten, um Besch\u00e4digungen zu vermeiden.<\/li>\n<li>Bewahren Sie Ihre SD-Karte, wenn sie nicht in Gebrauch ist, in einem Schutzgeh\u00e4use auf, um <b>physische Sch\u00e4den<\/b> zu vermeiden.<\/li>\n<\/ul>\n<h3>Regelm\u00e4\u00dfige Backups &#128190;<\/h3>\n<ul>\n<li>Erstellen Sie eine Routine f\u00fcr die Sicherung Ihrer Videos auf <b>mehrere Speicherger\u00e4te<\/b> oder Cloud-Dienste.<\/li>\n<li>Erw\u00e4gen Sie <b>automatisierte Backup-L\u00f6sungen<\/b>, um sicherzustellen, dass Sie es nicht vergessen.<\/li>\n<li>\u00dcberpr\u00fcfen Sie regelm\u00e4\u00dfig den Zustand Ihrer Backups, um sicherzustellen, dass sie nicht besch\u00e4digt sind.<\/li>\n<\/ul>\n<\/section>\n<section>\n<div>\n<div>5<\/div>\n<h2>Erinnerungen sch\u00fctzen<\/h2>\n<\/div>\n<p>Bei der Bewahrung digitaler Erinnerungen kann man nie zu vorsichtig sein. Es ist wichtig, sich \u00fcber die Wartung von SD-Karten zu informieren, um den Verlust von Videos zu verhindern. Regelm\u00e4\u00dfiges <b>Formatieren<\/b> einer SD-Karte in der Kamera, nicht am Computer, kann helfen, ihren optimalen Zustand zu erhalten, da Kameras eine spezifische Art und Weise haben, das Dateisystem f\u00fcr die Speicherung vorzubereiten.<\/p>\n<p>Es ist auch entscheidend, \u00fcber h\u00e4ufige Fehler wie den &#8218;Schreibschutz&#8216;-Fehler Bescheid zu wissen. Wenn dies auftritt, \u00fcberpr\u00fcfen Sie den Verriegelungsschalter an der Seite Ihrer SD-Karte. Wenn dieser versehentlich nach unten auf Sperren geschoben wurde, k\u00f6nnen Ihre Kamera oder Ihr Computer keine Daten darauf schreiben, was das Speichern von Videos verhindern k\u00f6nnte. Beheben Sie den Fehler, indem Sie den Schalter wieder in die Entsperren-Position schieben.<\/p>\n<p>Auf <b>Fehlermeldungen<\/b> Ihrer Kamera oder Ihres Kartenlesers am Computer zu achten, kann ebenfalls dazu beitragen, m\u00f6glichen Datenverlust abzuwenden. Meldungen wie &#8218;Kartenfehler&#8216; oder &#8218;Diese Karte kann nicht gelesen werden&#8216; sollten ernst genommen werden. H\u00f6ren Sie in solchen F\u00e4llen sofort auf, die Karte zu verwenden, um weitere Sch\u00e4den zu vermeiden, und erw\u00e4gen Sie, ein Wiederherstellungstool auszuf\u00fchren, um Dateien zu retten, die m\u00f6glicherweise bereits gef\u00e4hrdet sind.<\/p>\n<p>Dar\u00fcber hinaus ist es hilfreich, sich \u00fcber technologische Fortschritte auf dem Laufenden zu halten. Neue Technologien wie Hochleistungs-SD-Karten sind speziell f\u00fcr intensive Nutzung konzipiert, wie z.B. f\u00fcr ausgedehnte Videoaufzeichnungen oder den Einsatz in Dashcams. Diese Karten sind daf\u00fcr gebaut, die intensiven Schreib- und L\u00f6schzyklen, die die Videoaufzeichnung verlangt, zu bew\u00e4ltigen.<\/p>\n<p>Zuletzt kann die Investition in eine hochwertige SD-Karte von renommierten Marken wie SanDisk oder Lexar den Unterschied ausmachen zwischen einer Karte, die ein paar Monate h\u00e4lt, und einer, die jahrelang h\u00e4lt. Billigere No-Name-Karten sind oft anf\u00e4lliger f\u00fcr Ausf\u00e4lle und bieten vielleicht nicht dasselbe Niveau an Unterst\u00fctzung oder Garantieleistungen, was Sie Ihre Videos und andere Daten kosten k\u00f6nnte.<\/p>\n<\/section>\n<section>\n<h2>Schlussfolgerung:<\/h2>\n<div class=\"nonp\">\n<p>Im digitalen Zeitalter fangen unsere Videos mehr als nur Augenblicke ein; sie sind digitale Schnipsel unseres Lebens, die wir sch\u00e4tzen. Obwohl keine L\u00f6sung eine 100%ige Wiederherstellung garantiert, kann die Kombination aus vorsichtigem Umgang, regelm\u00e4\u00dfigen Backups, Wiederherstellungssoftware und professionellen Diensten sicherstellen, dass die meisten Videos von SD-Karten wiederhergestellt werden k\u00f6nnen, wenn das Ungl\u00fcck eintritt. Durch die Pflege Ihrer SD-Karte und das Beachten von Warnsignalen kann bereits im Vorfeld der Bedarf an einer Wiederherstellung vermieden werden. Das Sprichwort &#8218;Vorbeugen ist besser als heilen&#8216; trifft insbesondere im Bereich der digitalen Speicherung und Wiederherstellung besonders zu.<\/p>\n<\/div>\n<\/section>\n","protected":false},"excerpt":{"rendered":"<p>So stellen Sie gel\u00f6schte Videos von einer SD-Karte im Jahr 2024 wieder her &#13; &#13; Hatten Sie schon mal den Magen-zum-Boden Moment, als Ihre wichtigen Videos von Ihrer SD-Karte verschwanden? Ich kenne die Panik, die darauffolgt, da ich mich selbst schon \u00f6fter als mir lieb ist in dieser gef\u00fcrchteten Lage befunden habe. Nach einiger Versuch [&hellip;]<\/p>\n","protected":false},"author":2,"featured_media":36682,"parent":0,"menu_order":0,"comment_status":"closed","ping_status":"closed","template":"chromecast.php","meta":{"_stopmodifiedupdate":false,"_modified_date":"","_lmt_disableupdate":"yes","_lmt_disable":""},"acf":[],"yoast_head":"<!-- This site is optimized with the Yoast SEO plugin v20.9 - https:\/\/yoast.com\/wordpress\/plugins\/seo\/ -->\n<title>So stellen Sie gel\u00f6schte Videos von einer SD-Karte im Jahr 2024 wieder her<\/title>\n<meta name=\"robots\" content=\"index, follow, max-snippet:-1, max-image-preview:large, max-video-preview:-1\" \/>\n<link rel=\"canonical\" href=\"https:\/\/datarecovery.ping.fm\/de\/recover-deleted-video-from-sd-card\/\" \/>\n<meta property=\"og:locale\" content=\"de_DE\" \/>\n<meta property=\"og:type\" content=\"article\" \/>\n<meta property=\"og:title\" content=\"So stellen Sie gel\u00f6schte Videos von einer SD-Karte im Jahr 2024 wieder her\" \/>\n<meta property=\"og:description\" content=\"So stellen Sie gel\u00f6schte Videos von einer SD-Karte im Jahr 2024 wieder her &#013; &#013; Hatten Sie schon mal den Magen-zum-Boden Moment, als Ihre wichtigen Videos von Ihrer SD-Karte verschwanden? Ich kenne die Panik, die darauffolgt, da ich mich selbst schon \u00f6fter als mir lieb ist in dieser gef\u00fcrchteten Lage befunden habe. Nach einiger Versuch [&hellip;]\" \/>\n<meta property=\"og:url\" content=\"https:\/\/datarecovery.ping.fm\/de\/recover-deleted-video-from-sd-card\/\" \/>\n<meta property=\"og:site_name\" content=\"Datenwiederherstellungssoftware\" \/>\n<meta property=\"article:modified_time\" content=\"2024-02-16T08:52:17+00:00\" \/>\n<meta property=\"og:image\" content=\"https:\/\/datarecovery.ping.fm\/wp-content\/uploads\/2024\/03\/How-to-Recover-Deleted-Videos-from-an-SD-Card-in-2024-German.jpg\" \/>\n\t<meta property=\"og:image:width\" content=\"1280\" \/>\n\t<meta property=\"og:image:height\" content=\"731\" \/>\n\t<meta property=\"og:image:type\" content=\"image\/jpeg\" \/>\n<meta name=\"twitter:card\" content=\"summary_large_image\" \/>\n<meta name=\"twitter:label1\" content=\"Est. reading time\" \/>\n\t<meta name=\"twitter:data1\" content=\"6 Minuten\" \/>\n<script type=\"application\/ld+json\" class=\"yoast-schema-graph\">{\"@context\":\"https:\/\/schema.org\",\"@graph\":[{\"@type\":\"WebPage\",\"@id\":\"https:\/\/datarecovery.ping.fm\/de\/recover-deleted-video-from-sd-card\/\",\"url\":\"https:\/\/datarecovery.ping.fm\/de\/recover-deleted-video-from-sd-card\/\",\"name\":\"So stellen Sie gel\u00f6schte Videos von einer SD-Karte im Jahr 2024 wieder her\",\"isPartOf\":{\"@id\":\"https:\/\/datarecovery.ping.fm\/de\/#website\"},\"datePublished\":\"2024-01-05T10:57:58+00:00\",\"dateModified\":\"2024-02-16T08:52:17+00:00\",\"breadcrumb\":{\"@id\":\"https:\/\/datarecovery.ping.fm\/de\/recover-deleted-video-from-sd-card\/#breadcrumb\"},\"inLanguage\":\"de-DE\",\"potentialAction\":[{\"@type\":\"ReadAction\",\"target\":[\"https:\/\/datarecovery.ping.fm\/de\/recover-deleted-video-from-sd-card\/\"]}]},{\"@type\":\"BreadcrumbList\",\"@id\":\"https:\/\/datarecovery.ping.fm\/de\/recover-deleted-video-from-sd-card\/#breadcrumb\",\"itemListElement\":[{\"@type\":\"ListItem\",\"position\":1,\"name\":\"Home\",\"item\":\"https:\/\/datarecovery.ping.fm\/de\/\"},{\"@type\":\"ListItem\",\"position\":2,\"name\":\"So stellen Sie gel\u00f6schte Videos auf einer SD-Karte im Jahr 2024 wieder her\"}]},{\"@type\":\"WebSite\",\"@id\":\"https:\/\/datarecovery.ping.fm\/de\/#website\",\"url\":\"https:\/\/datarecovery.ping.fm\/de\/\",\"name\":\"Datenwiederherstellungssoftware\",\"description\":\"\",\"potentialAction\":[{\"@type\":\"SearchAction\",\"target\":{\"@type\":\"EntryPoint\",\"urlTemplate\":\"https:\/\/datarecovery.ping.fm\/de\/?s={search_term_string}\"},\"query-input\":\"required name=search_term_string\"}],\"inLanguage\":\"de-DE\"}]}<\/script>\n<!-- \/ Yoast SEO plugin. -->","yoast_head_json":{"title":"So stellen Sie gel\u00f6schte Videos von einer SD-Karte im Jahr 2024 wieder her","robots":{"index":"index","follow":"follow","max-snippet":"max-snippet:-1","max-image-preview":"max-image-preview:large","max-video-preview":"max-video-preview:-1"},"canonical":"https:\/\/datarecovery.ping.fm\/de\/recover-deleted-video-from-sd-card\/","og_locale":"de_DE","og_type":"article","og_title":"So stellen Sie gel\u00f6schte Videos von einer SD-Karte im Jahr 2024 wieder her","og_description":"So stellen Sie gel\u00f6schte Videos von einer SD-Karte im Jahr 2024 wieder her &#13; &#13; Hatten Sie schon mal den Magen-zum-Boden Moment, als Ihre wichtigen Videos von Ihrer SD-Karte verschwanden? Ich kenne die Panik, die darauffolgt, da ich mich selbst schon \u00f6fter als mir lieb ist in dieser gef\u00fcrchteten Lage befunden habe. Nach einiger Versuch [&hellip;]","og_url":"https:\/\/datarecovery.ping.fm\/de\/recover-deleted-video-from-sd-card\/","og_site_name":"Datenwiederherstellungssoftware","article_modified_time":"2024-02-16T08:52:17+00:00","og_image":[{"width":1280,"height":731,"url":"https:\/\/datarecovery.ping.fm\/wp-content\/uploads\/2024\/03\/How-to-Recover-Deleted-Videos-from-an-SD-Card-in-2024-German.jpg","type":"image\/jpeg"}],"twitter_card":"summary_large_image","twitter_misc":{"Est. reading time":"6 Minuten"},"schema":{"@context":"https:\/\/schema.org","@graph":[{"@type":"WebPage","@id":"https:\/\/datarecovery.ping.fm\/de\/recover-deleted-video-from-sd-card\/","url":"https:\/\/datarecovery.ping.fm\/de\/recover-deleted-video-from-sd-card\/","name":"So stellen Sie gel\u00f6schte Videos von einer SD-Karte im Jahr 2024 wieder her","isPartOf":{"@id":"https:\/\/datarecovery.ping.fm\/de\/#website"},"datePublished":"2024-01-05T10:57:58+00:00","dateModified":"2024-02-16T08:52:17+00:00","breadcrumb":{"@id":"https:\/\/datarecovery.ping.fm\/de\/recover-deleted-video-from-sd-card\/#breadcrumb"},"inLanguage":"de-DE","potentialAction":[{"@type":"ReadAction","target":["https:\/\/datarecovery.ping.fm\/de\/recover-deleted-video-from-sd-card\/"]}]},{"@type":"BreadcrumbList","@id":"https:\/\/datarecovery.ping.fm\/de\/recover-deleted-video-from-sd-card\/#breadcrumb","itemListElement":[{"@type":"ListItem","position":1,"name":"Home","item":"https:\/\/datarecovery.ping.fm\/de\/"},{"@type":"ListItem","position":2,"name":"So stellen Sie gel\u00f6schte Videos auf einer SD-Karte im Jahr 2024 wieder her"}]},{"@type":"WebSite","@id":"https:\/\/datarecovery.ping.fm\/de\/#website","url":"https:\/\/datarecovery.ping.fm\/de\/","name":"Datenwiederherstellungssoftware","description":"","potentialAction":[{"@type":"SearchAction","target":{"@type":"EntryPoint","urlTemplate":"https:\/\/datarecovery.ping.fm\/de\/?s={search_term_string}"},"query-input":"required name=search_term_string"}],"inLanguage":"de-DE"}]}},"_links":{"self":[{"href":"https:\/\/datarecovery.ping.fm\/de\/wp-json\/wp\/v2\/pages\/13815"}],"collection":[{"href":"https:\/\/datarecovery.ping.fm\/de\/wp-json\/wp\/v2\/pages"}],"about":[{"href":"https:\/\/datarecovery.ping.fm\/de\/wp-json\/wp\/v2\/types\/page"}],"author":[{"embeddable":true,"href":"https:\/\/datarecovery.ping.fm\/de\/wp-json\/wp\/v2\/users\/2"}],"replies":[{"embeddable":true,"href":"https:\/\/datarecovery.ping.fm\/de\/wp-json\/wp\/v2\/comments?post=13815"}],"version-history":[{"count":1,"href":"https:\/\/datarecovery.ping.fm\/de\/wp-json\/wp\/v2\/pages\/13815\/revisions"}],"predecessor-version":[{"id":36681,"href":"https:\/\/datarecovery.ping.fm\/de\/wp-json\/wp\/v2\/pages\/13815\/revisions\/36681"}],"wp:featuredmedia":[{"embeddable":true,"href":"https:\/\/datarecovery.ping.fm\/de\/wp-json\/wp\/v2\/media\/36682"}],"wp:attachment":[{"href":"https:\/\/datarecovery.ping.fm\/de\/wp-json\/wp\/v2\/media?parent=13815"}],"curies":[{"name":"wp","href":"https:\/\/api.w.org\/{rel}","templated":true}]}}