{"id":13285,"date":"2023-12-25T15:46:11","date_gmt":"2023-12-25T15:46:11","guid":{"rendered":"https:\/\/www.ping.fm\/data-recovery-software\/recover-data-external-hard-drive-mac\/"},"modified":"2024-02-16T08:52:12","modified_gmt":"2024-02-16T08:52:12","slug":"recover-data-external-hard-drive-mac","status":"publish","type":"page","link":"https:\/\/datarecovery.ping.fm\/de\/recover-data-external-hard-drive-mac\/","title":{"rendered":"Wie man Daten von einer externen Festplatte auf einem Mac wiederherstellt"},"content":{"rendered":"<section>\n<h1>So stellen Sie Daten von einer externen Festplatte auf einem Mac wieder her<\/h1>\n<div class=\"inbrief\">\n<div>             <img src=\"https:\/\/www.ping.fm\/data-recovery-software\/wp-content\/uploads\/ai\/How-to-Recover-Data-from-External-Hard-Drive-on-Mac-German.jpg\" alt=\"So stellen Sie Daten von einer externen Festplatte auf einem Mac wieder her\" title=\"So stellen Sie Daten von einer externen Festplatte auf einem Mac wieder her\" width=\"1280\" height=\"720\">             <\/p>\n<p>Der Verlust von Daten auf einer externen Festplatte kann f\u00fcr jeden Mac-Nutzer ein bedr\u00fcckendes Ereignis sein. Ob durch versehentliches L\u00f6schen, Korruption oder Hardwarefehler, die Dringlichkeit, diese wertvollen Dateien wiederherzustellen, ist von gr\u00f6\u00dfter Wichtigkeit. Gl\u00fccklicherweise gibt es <b>wirksame Methoden<\/b>, um verlorene Daten von einer externen Festplatte auf einem Mac wiederherzustellen. In diesem detaillierten Leitfaden werde ich Sie durch den von mir pers\u00f6nlich genutzten Prozess f\u00fchren, der sowohl softwarebasierte als auch manuelle Wiederherstellungsoptionen umfasst. Und f\u00fcr diejenigen, die nach einem zuverl\u00e4ssigen Wiederherstellungstool suchen, werde ich herausstellen, warum <b>Disk Drill<\/b> als eine der besten Optionen gilt. Auf Ihrer Datenwiederherstellungsreise finden Sie auch <a href='https:\/\/www.insanelymac.com\/blog\/recover-deleted-files-on-mac\/' rel=\"dofollow noopener\" target='_blank'>mehrere Wege, um auf dem Mac gel\u00f6schte Dateien wiederherzustellen<\/a>, die Licht auf verschiedene M\u00f6glichkeiten werfen, Ihre digitalen Sch\u00e4tze zu retten.<\/p>\n<\/div>\n<\/div>\n<\/section>\n<section>\n<div>\n<div>1<\/div>\n<h2>H\u00e4ufige Szenarien:<\/h2>\n<\/div>\n<h3>H\u00e4ufiges unbeabsichtigtes L\u00f6schen &#128465;<\/h3>\n<ul>\n<li><b>Versehentliches L\u00f6schen<\/b> durch menschliche Fehler, wie das Ziehen von Dateien in den Papierkorb und das Leeren ohne \u00dcberpr\u00fcfung des Inhalts.<\/li>\n<li>Verlust von Dateien w\u00e4hrend der <b>Daten\u00fcbertragung<\/b> oder Unterbrechungen im \u00dcbertragungsprozess.<\/li>\n<li>L\u00f6schen von Dateien in dem Glauben, dass sie gesichert wurden, nur um festzustellen, dass die Sicherung fehlt oder veraltet ist.<\/li>\n<\/ul>\n<h3>Korruption und Formatierungsfehler &#128736;<\/h3>\n<ul>\n<li>Korruption durch unsachgem\u00e4\u00dfes Auswerfen der externen Festplatte vom Mac.<\/li>\n<li><b>Unvertr\u00e4glichkeiten des Dateisystems<\/b> f\u00fchren zu Lese-\/Schreibfehlern und Datenunzug\u00e4nglichkeit.<\/li>\n<li>Fehler beim falschen Formatieren des Laufwerks, was zu Datenverlust f\u00fchrt.<\/li>\n<\/ul>\n<h3>Hardwareausf\u00e4lle und physische Sch\u00e4den &#128148;<\/h3>\n<ul>\n<li>Laufwerkausf\u00e4lle aufgrund von <b>\u00dcberhitzung<\/b> oder <b>Verschlei\u00df<\/b>.<\/li>\n<li>Physische Sch\u00e4den durch Herunterfallen oder Versch\u00fctten, die die Funktionsf\u00e4higkeit der Festplatte beeintr\u00e4chtigen.<\/li>\n<li><b>Stromspitzen<\/b> oder <b>magnetische Felder<\/b>, die zu Datenkorruption oder Laufwerkssch\u00e4den f\u00fchren.<\/li>\n<\/ul>\n<\/section>\n<section class=\"stepByStep\">\n<div>\n<div>2<\/div>\n<h2>Schritt-f\u00fcr-Schritt-Anleitung. Daten von einer externen Festplatte auf einem Mac wiederherstellen:<\/h2>\n<\/div>\n<h3>Methode 1: \u00dcberpr\u00fcfen Sie den Papierkorb &#128465;<\/h3>\n<ul>\n<li>Beginnen Sie damit, den <b>Papierkorb<\/b> auf Ihrem Mac zu \u00f6ffnen, um zu pr\u00fcfen, ob die gel\u00f6schten Dateien sich dort befinden.<\/li>\n<li>Wenn Sie die Dateien finden, <b>rechtsklicken<\/b> Sie und w\u00e4hlen Sie &#8218;<b>Zur\u00fccklegen<\/b>&#8218;, um sie an ihren urspr\u00fcnglichen Standort wiederherzustellen.<\/li>\n<li>Wenn der Papierkorb geleert wurde, fahren Sie mit den n\u00e4chsten Methoden f\u00fcr weiterf\u00fchrende Wiederherstellungsm\u00f6glichkeiten fort.<\/li>\n<\/ul>\n<p><b>Hinweis:<\/b> Dies ist die einfachste Methode und sollte immer Ihr erster Schritt im Wiederherstellungsprozess sein.<\/p>\n<p><b>Fazit:<\/b> Die \u00dcberpr\u00fcfung des Papierkorbs bietet eine schnelle und einfache M\u00f6glichkeit zur Datenwiederherstellung, ist jedoch auf k\u00fcrzlich gel\u00f6schte Elemente beschr\u00e4nkt, die nicht dauerhaft gel\u00f6scht wurden.<\/p>\n<h3>Methode 2: Time Machine-Backup verwenden &#128338;<\/h3>\n<ul>\n<li>Schlie\u00dfen Sie das <b>Laufwerk<\/b>, das Ihr Time Machine-Backup enth\u00e4lt, an Ihren Mac an.<\/li>\n<li>\u00d6ffnen Sie Time Machine, indem Sie auf das Time Machine-Symbol in der Men\u00fcleiste klicken und &#8218;<b>Time Machine betreten<\/b>&#8218; ausw\u00e4hlen.<\/li>\n<li>Navigieren Sie durch die Backups, um die Dateien zu finden, die Sie wiederherstellen m\u00f6chten, <b>w\u00e4hlen<\/b> Sie sie aus und klicken Sie auf &#8218;<b>Wiederherstellen<\/b>&#8218;.<\/li>\n<\/ul>\n<p><b>Hinweis:<\/b> Time Machine ist ein n\u00fctzliches integriertes Backup-Feature auf Macs, aber es erfordert, dass Sie Backups vor dem Datenverlust durchgef\u00fchrt haben.<\/p>\n<p><b>Fazit:<\/b> Diese Methode ist sehr zuverl\u00e4ssig, wenn Sie ein aktuelles Backup haben, hilft aber nicht ohne vorherige Backups.<\/p>\n<h3>Methode 3: Erste Hilfe in der Festplatten-Dienstprogramm &#128138;<\/h3>\n<ul>\n<li>\u00d6ffnen Sie das Festplatten-Dienstprogramm, indem Sie zu Programme > Dienstprogramme > Festplatten-Dienstprogramm gehen.<\/li>\n<li>W\u00e4hlen Sie die externe Festplatte in der Seitenleiste aus und klicken Sie auf den Button &#8218;<b>Erste Hilfe<\/b>&#8218;.<\/li>\n<li>Klicken Sie auf &#8218;<b>Ausf\u00fchren<\/b>&#8218;, um den Reparaturprozess zu starten und warten Sie, bis er abgeschlossen ist.<\/li>\n<\/ul>\n<p><b>Hinweis:<\/b> Erste Hilfe kann bestimmte Probleme beheben, aber keine gel\u00f6schten Dateien wiederherstellen.<\/p>\n<p><b>Fazit:<\/b> Das Festplatten-Dienstprogramms Erste Hilfe ist ein gutes Wartungstool, aber keine Datenwiederherstellungsl\u00f6sung.<\/p>\n<h3>Methode 4: Terminalbefehle &#128421;<\/h3>\n<ul>\n<li>\u00d6ffnen Sie das Terminal unter Programme > Dienstprogramme.<\/li>\n<li>Tippen Sie &#8218;<b>cd \/.Trashes<\/b>&#8218; ein und dr\u00fccken Sie die Eingabetaste, um zum Papierkorb-Verzeichnis zu navigieren.<\/li>\n<li>Verwenden Sie den Befehl &#8218;<b>ls<\/b>&#8218;, um gel\u00f6schte Elemente aufzulisten, und &#8218;<b>mv [dateiname] [ziel]<\/b>&#8218;, um wiederherzustellen.<\/li>\n<\/ul>\n<p><b>Hinweis:<\/b> Terminalbefehle erfordern pr\u00e4zise Syntax und k\u00f6nnen bei falscher Anwendung weitere Probleme verursachen.<\/p>\n<p><b>Fazit:<\/b> Nutzen Sie diese Methode, wenn Sie sich mit Befehlszeilenoperationen auskennen und denken Sie daran, dass sie bei dauerhaft gel\u00f6schten Dateien nicht funktioniert.<\/p>\n<h3>Methode 5: Daten ohne Software wiederherstellen &#128269;<\/h3>\n<ul>\n<li>Schalten Sie die externe Festplatte aus und trennen Sie sie von Ihrem Mac.<\/li>\n<li>Schlie\u00dfen Sie das Laufwerk an einen anderen Anschluss an oder verwenden Sie ein anderes Kabel, um Verbindungsprobleme auszuschlie\u00dfen.<\/li>\n<li>Wenn das Laufwerk sichtbar ist, versuchen Sie sofort, die Dateien an einem anderen Ort zu kopieren.<\/li>\n<\/ul>\n<p><b>Hinweis:<\/b> Dies ist ein Fehlerbehebungsschritt, um sicherzustellen, dass das Problem nicht mit der Verbindung oder dem Kabel zusammenh\u00e4ngt.<\/p>\n<p><b>Fazit:<\/b> Dies ist ein guter Schritt, um die Hardwareverbindung zu gew\u00e4hrleisten, kann aber keine Daten wiederherstellen, wenn das Laufwerk ausf\u00e4llt oder die Dateien gel\u00f6scht wurden.<\/p>\n<h3>Methode 6: Datenwiederherstellung mit Disk Drill &#128260;<\/h3>\n<ul>\n<li>Laden Sie die Datenwiederherstellungssoftware <b>Disk Drill<\/b> von der offiziellen Website herunter und installieren Sie sie.<\/li>\n<li>Schlie\u00dfen Sie die externe Festplatte an Ihren Mac an und starten Sie Disk Drill.<\/li>\n<li>W\u00e4hlen Sie das Laufwerk aus der Liste der verf\u00fcgbaren Laufwerke aus und klicken Sie auf &#8218;<b>Wiederherstellen<\/b>&#8218;.<\/li>\n<li>Vorschau der gefundenen Dateien, w\u00e4hlen Sie die Dateien, die Sie wiederherstellen m\u00f6chten, aus und w\u00e4hlen Sie einen Wiederherstellungsort, der sich von dem urspr\u00fcnglichen Pfad unterscheidet.<\/li>\n<\/ul>\n<p><b>Hinweis:<\/b> Obwohl Disk Drill ein leistungsstarkes Tool ist, kann es die Wiederherstellung bei schweren physischen Sch\u00e4den nicht garantieren.<\/p>\n<p><b>Fazit:<\/b> Disk Drill bietet eine umfassende Datenwiederherstellungsl\u00f6sung mit einer <a href='https:\/\/www.cleverfiles.com\/pro' rel=\"nofollow noopener\" target='_blank'>hohen Erfolgsquote<\/a> f\u00fcr viele Szenarien.<\/p>\n<\/section>\n<section>\n<div>\n<div>3<\/div>\n<h2>Youtube-Video zum Anschauen<\/h2>\n<\/div>\n<div class=\"iframe\"><iframe width=\"420\" height=\"315\" src=\"\/\/www.youtube.com\/embed\/9aVZqFygw8I\" frameborder=\"0\" allowfullscreen><\/iframe><\/div>\n<\/section>\n<section>\n<div>\n<div>4<\/div>\n<h2>Vorsichtsma\u00dfnahmen und Tipps:<\/h2>\n<\/div>\n<h3>Bleiben Sie vorbereitet &#9888;<\/h3>\n<ul>\n<li>Ektorieren Sie externe Laufwerke immer ordnungsgem\u00e4\u00df \u00fcber die Option &#8218;<b>Auswerfen<\/b>&#8218;, um Datenkorruption zu vermeiden.<\/li>\n<li>Sichern Sie Ihre Daten regelm\u00e4\u00dfig mit Time Machine oder einer anderen Backup-L\u00f6sung.<\/li>\n<li>Bewahren Sie Ihre externe Festplatte an einem <b>sicheren, k\u00fchlen<\/b> und <b>trockenen<\/b> Ort auf, um physische Sch\u00e4den zu vermeiden.<\/li>\n<\/ul>\n<h3>Vermeiden Sie weiteren Verlust &#9888;<\/h3>\n<ul>\n<li>Vermeiden Sie es, neue Daten auf der externen Festplatte zu schreiben oder zu speichern, um das \u00dcberschreiben verlorener Dateien zu verhindern.<\/li>\n<li>Wenn Sie ein Hardwareproblem vermuten, vermeiden Sie die Verwendung von Diagnosetools, die das Laufwerk weiter belasten k\u00f6nnten.<\/li>\n<li>Ziehen Sie einen Fachmann zu Rate, wenn Sie sich bei der Verwendung von Datenrettungssoftware unsicher sind.<\/li>\n<\/ul>\n<\/section>\n<section>\n<div>\n<div>5<\/div>\n<h2>Erweiterter Support und Ressourcen<\/h2>\n<\/div>\n<p>Wenn es um Datenwiederherstellung auf dem Mac geht, kann das Kennenlernen verschiedener Ressourcen und Tools Ihre Optionen und Ihr Wissen <b>erweitern<\/b>. Webseiten wie <a href='https:\/\/support.apple.com\/en-us\/HT201250' rel=\"nofollow noopener\" target='_blank'>Apple Support<\/a> bieten wertvolle Informationen \u00fcber die Verwendung von integrierten Mac-Funktionen wie Disk Utility und Time Machine f\u00fcr Datenmanagement und -wiederherstellung.<\/p>\n<p>Online-Foren wie <b>MacRumors<\/b> oder <a href='https:\/\/forums.macrumors.com\/' rel=\"nofollow noopener\" target='_blank'>Apple Discussions<\/a> sind hervorragende Orte, um Ratschl\u00e4ge von erfahrenen Benutzern zu suchen, die m\u00f6glicherweise \u00e4hnliche Szenarien erlebt haben.<\/p>\n<p>Bei hardwarebezogenen Problemen kann eine \u00dcberpr\u00fcfung der Garantie- und Support-Seite des Herstellers zus\u00e4tzliche Wiederherstellungsdienste oder Anleitungen bieten. Unternehmen wie <a href='https:\/\/www.seagate.com\/services-software\/recover\/' rel=\"nofollow noopener\" target='_blank'>Seagate&#8217;s Recovery Services<\/a> oder <a href='https:\/\/www.westerndigital.com\/support\/data-recovery' rel=\"nofollow noopener\" target='_blank'>Western Digital&#8217;s Data Recovery<\/a> haben m\u00f6glicherweise Richtlinien f\u00fcr die Datenrettung auf ihren Ger\u00e4ten.<\/p>\n<p>Zu verstehen, wo die Grenzen von Wiederherstellungsmethoden liegen, ist ebenfalls entscheidend. Beispielsweise sind Softwarel\u00f6sungen wie Disk Drill dazu ausgelegt, Daten von logisch besch\u00e4digten oder gel\u00f6schten Dateien wiederherzustellen, k\u00f6nnen aber keine Daten von physisch besch\u00e4digten Laufwerken wiederherstellen. In solchen F\u00e4llen k\u00f6nnen spezialisierte Datenwiederherstellungsdienste, die \u00fcber Reinraum-Einrichtungen verf\u00fcgen, erforderlich sein. Wissen Sie immer, wann Sie das Problem an Fachleute eskalieren sollten, um weitere Sch\u00e4den am Laufwerk und den darin enthaltenen Daten zu vermeiden.<\/p>\n<\/section>\n<section>\n<h2>Fazit:<\/h2>\n<div class=\"nonp\">\n<p>Zum Abschluss sei gesagt, dass die Wiederherstellung von Daten von einer externen Festplatte auf einem Mac einsch\u00fcchternd wirken mag, aber mit dem richtigen Ansatz ist es oft m\u00f6glich, Ihre verlorenen Dateien wiederzuerlangen. Beginnen Sie mit grundlegenden \u00dcberpr\u00fcfungen wie dem <b>Papierkorb<\/b> und gehen Sie zu komplexeren L\u00f6sungen wie <b>Disk Drill<\/b> \u00fcber, um Ihre Erfolgschancen zu maximieren. Denken Sie daran, dass Pr\u00e4vention der Schl\u00fcssel ist; also werden Sie durch regelm\u00e4\u00dfige Backups und sorgsamen Umgang mit Ihren Laufwerken viele Unannehmlichkeiten vermeiden. Wenn Sie auf Probleme sto\u00dfen, die \u00fcber die M\u00f6glichkeiten der Softwarewiederherstellung hinausgehen, z\u00f6gern Sie nicht, sich an professionelle Datenwiederherstellungsdienste zu wenden. Sie verf\u00fcgen \u00fcber das Fachwissen und die Werkzeuge, die notwendig sind, um mit schweren F\u00e4llen von Datenverlust fertig zu werden. Behalten Sie diese Methoden und Vorsichtsma\u00dfnahmen im Hinterkopf, und Ihre digitalen Daten sollten auch bei Unf\u00e4llen erreichbar bleiben.<\/p>\n<\/div>\n<\/section>\n","protected":false},"excerpt":{"rendered":"<p>So stellen Sie Daten von einer externen Festplatte auf einem Mac wieder her Der Verlust von Daten auf einer externen Festplatte kann f\u00fcr jeden Mac-Nutzer ein bedr\u00fcckendes Ereignis sein. Ob durch versehentliches L\u00f6schen, Korruption oder Hardwarefehler, die Dringlichkeit, diese wertvollen Dateien wiederherzustellen, ist von gr\u00f6\u00dfter Wichtigkeit. Gl\u00fccklicherweise gibt es wirksame Methoden, um verlorene Daten von [&hellip;]<\/p>\n","protected":false},"author":2,"featured_media":36634,"parent":0,"menu_order":0,"comment_status":"closed","ping_status":"closed","template":"chromecast.php","meta":{"_stopmodifiedupdate":false,"_modified_date":"","_lmt_disableupdate":"yes","_lmt_disable":""},"acf":[],"yoast_head":"<!-- This site is optimized with the Yoast SEO plugin v20.9 - https:\/\/yoast.com\/wordpress\/plugins\/seo\/ -->\n<title>Daten von einer externen Festplatte auf einem Mac wiederherstellen: Beste Methoden<\/title>\n<meta name=\"robots\" content=\"index, follow, max-snippet:-1, max-image-preview:large, max-video-preview:-1\" \/>\n<link rel=\"canonical\" href=\"https:\/\/datarecovery.ping.fm\/de\/recover-data-external-hard-drive-mac\/\" \/>\n<meta property=\"og:locale\" content=\"de_DE\" \/>\n<meta property=\"og:type\" content=\"article\" \/>\n<meta property=\"og:title\" content=\"Daten von einer externen Festplatte auf einem Mac wiederherstellen: Beste Methoden\" \/>\n<meta property=\"og:description\" content=\"So stellen Sie Daten von einer externen Festplatte auf einem Mac wieder her Der Verlust von Daten auf einer externen Festplatte kann f\u00fcr jeden Mac-Nutzer ein bedr\u00fcckendes Ereignis sein. Ob durch versehentliches L\u00f6schen, Korruption oder Hardwarefehler, die Dringlichkeit, diese wertvollen Dateien wiederherzustellen, ist von gr\u00f6\u00dfter Wichtigkeit. Gl\u00fccklicherweise gibt es wirksame Methoden, um verlorene Daten von [&hellip;]\" \/>\n<meta property=\"og:url\" content=\"https:\/\/datarecovery.ping.fm\/de\/recover-data-external-hard-drive-mac\/\" \/>\n<meta property=\"og:site_name\" content=\"Datenwiederherstellungssoftware\" \/>\n<meta property=\"article:modified_time\" content=\"2024-02-16T08:52:12+00:00\" \/>\n<meta property=\"og:image\" content=\"https:\/\/datarecovery.ping.fm\/wp-content\/uploads\/2024\/03\/How-to-Recover-Data-from-External-Hard-Drive-on-Mac-German.jpg\" \/>\n\t<meta property=\"og:image:width\" content=\"1280\" \/>\n\t<meta property=\"og:image:height\" content=\"731\" \/>\n\t<meta property=\"og:image:type\" content=\"image\/jpeg\" \/>\n<meta name=\"twitter:card\" content=\"summary_large_image\" \/>\n<meta name=\"twitter:label1\" content=\"Est. reading time\" \/>\n\t<meta name=\"twitter:data1\" content=\"7 Minuten\" \/>\n<script type=\"application\/ld+json\" class=\"yoast-schema-graph\">{\"@context\":\"https:\/\/schema.org\",\"@graph\":[{\"@type\":\"WebPage\",\"@id\":\"https:\/\/datarecovery.ping.fm\/de\/recover-data-external-hard-drive-mac\/\",\"url\":\"https:\/\/datarecovery.ping.fm\/de\/recover-data-external-hard-drive-mac\/\",\"name\":\"Daten von einer externen Festplatte auf einem Mac wiederherstellen: Beste Methoden\",\"isPartOf\":{\"@id\":\"https:\/\/datarecovery.ping.fm\/de\/#website\"},\"datePublished\":\"2023-12-25T15:46:11+00:00\",\"dateModified\":\"2024-02-16T08:52:12+00:00\",\"breadcrumb\":{\"@id\":\"https:\/\/datarecovery.ping.fm\/de\/recover-data-external-hard-drive-mac\/#breadcrumb\"},\"inLanguage\":\"de-DE\",\"potentialAction\":[{\"@type\":\"ReadAction\",\"target\":[\"https:\/\/datarecovery.ping.fm\/de\/recover-data-external-hard-drive-mac\/\"]}]},{\"@type\":\"BreadcrumbList\",\"@id\":\"https:\/\/datarecovery.ping.fm\/de\/recover-data-external-hard-drive-mac\/#breadcrumb\",\"itemListElement\":[{\"@type\":\"ListItem\",\"position\":1,\"name\":\"Home\",\"item\":\"https:\/\/datarecovery.ping.fm\/de\/\"},{\"@type\":\"ListItem\",\"position\":2,\"name\":\"Wie man Daten von einer externen Festplatte auf einem Mac wiederherstellt\"}]},{\"@type\":\"WebSite\",\"@id\":\"https:\/\/datarecovery.ping.fm\/de\/#website\",\"url\":\"https:\/\/datarecovery.ping.fm\/de\/\",\"name\":\"Datenwiederherstellungssoftware\",\"description\":\"\",\"potentialAction\":[{\"@type\":\"SearchAction\",\"target\":{\"@type\":\"EntryPoint\",\"urlTemplate\":\"https:\/\/datarecovery.ping.fm\/de\/?s={search_term_string}\"},\"query-input\":\"required name=search_term_string\"}],\"inLanguage\":\"de-DE\"}]}<\/script>\n<!-- \/ Yoast SEO plugin. -->","yoast_head_json":{"title":"Daten von einer externen Festplatte auf einem Mac wiederherstellen: Beste Methoden","robots":{"index":"index","follow":"follow","max-snippet":"max-snippet:-1","max-image-preview":"max-image-preview:large","max-video-preview":"max-video-preview:-1"},"canonical":"https:\/\/datarecovery.ping.fm\/de\/recover-data-external-hard-drive-mac\/","og_locale":"de_DE","og_type":"article","og_title":"Daten von einer externen Festplatte auf einem Mac wiederherstellen: Beste Methoden","og_description":"So stellen Sie Daten von einer externen Festplatte auf einem Mac wieder her Der Verlust von Daten auf einer externen Festplatte kann f\u00fcr jeden Mac-Nutzer ein bedr\u00fcckendes Ereignis sein. Ob durch versehentliches L\u00f6schen, Korruption oder Hardwarefehler, die Dringlichkeit, diese wertvollen Dateien wiederherzustellen, ist von gr\u00f6\u00dfter Wichtigkeit. Gl\u00fccklicherweise gibt es wirksame Methoden, um verlorene Daten von [&hellip;]","og_url":"https:\/\/datarecovery.ping.fm\/de\/recover-data-external-hard-drive-mac\/","og_site_name":"Datenwiederherstellungssoftware","article_modified_time":"2024-02-16T08:52:12+00:00","og_image":[{"width":1280,"height":731,"url":"https:\/\/datarecovery.ping.fm\/wp-content\/uploads\/2024\/03\/How-to-Recover-Data-from-External-Hard-Drive-on-Mac-German.jpg","type":"image\/jpeg"}],"twitter_card":"summary_large_image","twitter_misc":{"Est. reading time":"7 Minuten"},"schema":{"@context":"https:\/\/schema.org","@graph":[{"@type":"WebPage","@id":"https:\/\/datarecovery.ping.fm\/de\/recover-data-external-hard-drive-mac\/","url":"https:\/\/datarecovery.ping.fm\/de\/recover-data-external-hard-drive-mac\/","name":"Daten von einer externen Festplatte auf einem Mac wiederherstellen: Beste Methoden","isPartOf":{"@id":"https:\/\/datarecovery.ping.fm\/de\/#website"},"datePublished":"2023-12-25T15:46:11+00:00","dateModified":"2024-02-16T08:52:12+00:00","breadcrumb":{"@id":"https:\/\/datarecovery.ping.fm\/de\/recover-data-external-hard-drive-mac\/#breadcrumb"},"inLanguage":"de-DE","potentialAction":[{"@type":"ReadAction","target":["https:\/\/datarecovery.ping.fm\/de\/recover-data-external-hard-drive-mac\/"]}]},{"@type":"BreadcrumbList","@id":"https:\/\/datarecovery.ping.fm\/de\/recover-data-external-hard-drive-mac\/#breadcrumb","itemListElement":[{"@type":"ListItem","position":1,"name":"Home","item":"https:\/\/datarecovery.ping.fm\/de\/"},{"@type":"ListItem","position":2,"name":"Wie man Daten von einer externen Festplatte auf einem Mac wiederherstellt"}]},{"@type":"WebSite","@id":"https:\/\/datarecovery.ping.fm\/de\/#website","url":"https:\/\/datarecovery.ping.fm\/de\/","name":"Datenwiederherstellungssoftware","description":"","potentialAction":[{"@type":"SearchAction","target":{"@type":"EntryPoint","urlTemplate":"https:\/\/datarecovery.ping.fm\/de\/?s={search_term_string}"},"query-input":"required name=search_term_string"}],"inLanguage":"de-DE"}]}},"_links":{"self":[{"href":"https:\/\/datarecovery.ping.fm\/de\/wp-json\/wp\/v2\/pages\/13285"}],"collection":[{"href":"https:\/\/datarecovery.ping.fm\/de\/wp-json\/wp\/v2\/pages"}],"about":[{"href":"https:\/\/datarecovery.ping.fm\/de\/wp-json\/wp\/v2\/types\/page"}],"author":[{"embeddable":true,"href":"https:\/\/datarecovery.ping.fm\/de\/wp-json\/wp\/v2\/users\/2"}],"replies":[{"embeddable":true,"href":"https:\/\/datarecovery.ping.fm\/de\/wp-json\/wp\/v2\/comments?post=13285"}],"version-history":[{"count":1,"href":"https:\/\/datarecovery.ping.fm\/de\/wp-json\/wp\/v2\/pages\/13285\/revisions"}],"predecessor-version":[{"id":36633,"href":"https:\/\/datarecovery.ping.fm\/de\/wp-json\/wp\/v2\/pages\/13285\/revisions\/36633"}],"wp:featuredmedia":[{"embeddable":true,"href":"https:\/\/datarecovery.ping.fm\/de\/wp-json\/wp\/v2\/media\/36634"}],"wp:attachment":[{"href":"https:\/\/datarecovery.ping.fm\/de\/wp-json\/wp\/v2\/media?parent=13285"}],"curies":[{"name":"wp","href":"https:\/\/api.w.org\/{rel}","templated":true}]}}