{"id":12431,"date":"2023-12-25T15:46:11","date_gmt":"2023-12-25T15:46:11","guid":{"rendered":"https:\/\/www.ping.fm\/data-recovery-software\/recover-files-disappeared-from-desktop\/"},"modified":"2024-02-16T08:52:06","modified_gmt":"2024-02-16T08:52:06","slug":"recover-files-disappeared-from-desktop","status":"publish","type":"page","link":"https:\/\/datarecovery.ping.fm\/de\/recover-files-disappeared-from-desktop\/","title":{"rendered":"Wie Sie verschwundene Dateien auf Ihrem Desktop finden und wiederherstellen"},"content":{"rendered":"<section>\n<h1>So finden und stellen Sie Dateien wieder her, die vom Desktop verschwunden sind<\/h1>\n<div class=\"inbrief\">\n<div>             <img src=\"https:\/\/www.ping.fm\/data-recovery-software\/wp-content\/uploads\/ai\/How-to-Find-and-Restore-Files-That-Disappeared-from-Your-Desktop-German.jpg\" alt=\"So finden und stellen Sie Dateien wieder her, die vom Desktop verschwunden sind\" title=\"So finden und stellen Sie Dateien wieder her, die vom Desktop verschwunden sind\" width=\"1280\" height=\"720\">             <\/p>\n<p>Das pl\u00f6tzliche Verschwinden von Dateien vom Desktop auf einem Windows-PC kann f\u00fcr jeden, der stark auf seinen Computer f\u00fcr Arbeit oder pers\u00f6nliche Angelegenheiten angewiesen ist, ein Albtraum sein. Gl\u00fccklicherweise gibt es Methoden, um diese verlorenen Dateien zur\u00fcckzuholen und die Panik, die Sie vielleicht f\u00fchlen, zu lindern. In diesem Artikel werden wir mehrere Methoden zur Wiederherstellung von Dateien untersuchen, die scheinbar von Ihrem Desktop verschwunden sind, mit einem Schwerpunkt auf der Verwendung der renommierten Wiederherstellungssoftware Disk Drill. F\u00fcr eine <a href='https:\/\/www.handyrecovery.com\/disk-drill-review\/' rel=\"dofollow noopener\" target='_blank'>ausf\u00fchrliche Disk Drill-Rezension<\/a>, die verschiedene Datenverlustszenarios abdeckt, enth\u00e4lt diese Seite eine sehr detaillierte Rezension zu Disk Drill.<\/p>\n<\/div>\n<\/div>\n<\/section>\n<section>\n<div>\n<div>1<\/div>\n<h2>H\u00e4ufige Szenarien:<\/h2>\n<\/div>\n<h3>Versehentliches L\u00f6schen &#128465;<\/h3>\n<ul>\n<li>Dateien verschwinden oft aufgrund von <b>versehentlicher L\u00f6schung<\/b>, die passieren kann, wenn Sie unabsichtlich die L\u00f6schtaste dr\u00fccken oder eine Stapell\u00f6schung durchf\u00fchren, ohne zu erkennen, dass wichtige Dateien ausgew\u00e4hlt sind.<\/li>\n<li>Auf diese Weise gel\u00f6schte Dateien landen typischerweise im <b>Recycling-Container (Papierkorb)<\/b>, von wo aus sie normalerweise leicht wiederhergestellt werden k\u00f6nnen.<\/li>\n<\/ul>\n<h3>Systemfehler &#128295;<\/h3>\n<ul>\n<li>Systembezogene Probleme wie <b>besch\u00e4digte Systemdateien<\/b>, unsachgem\u00e4\u00dfes Herunterfahren oder Softwarekonflikte k\u00f6nnen zum Verschwinden von Desktop-Dateien f\u00fchren.<\/li>\n<li>In solchen F\u00e4llen kann das Wiederherstellen das Reparieren von Systemdateien oder die Verwendung von Software wie Disk Drill zum Zur\u00fcckfordern der verlorenen Daten beinhalten.<\/li>\n<\/ul>\n<h3>Malware-Angriffe &#129440;<\/h3>\n<ul>\n<li><b>Viren und Malware<\/b> k\u00f6nnen dazu f\u00fchren, dass Dateien verschwinden, indem sie entweder in unbekannte Orte verschoben oder verschl\u00fcsselt werden, so dass sie nicht zug\u00e4nglich sind.<\/li>\n<li>W\u00e4hrend eine Anti-Virus-L\u00f6sung die Malware entfernen kann, erfordert die Wiederherstellung der Dateien oft spezialisierte Dateiwiederherstellungswerkzeuge.<\/li>\n<\/ul>\n<\/section>\n<section class=\"stepByStep\">\n<div>\n<div>2<\/div>\n<h2>Schritt-f\u00fcr-Schritt-Anleitung. Dateien sind vom Desktop Windows verschwunden:<\/h2>\n<\/div>\n<h3>Methode 1: Papierkorb \u00fcberpr\u00fcfen &#128465;<\/h3>\n<ul>\n<li>\u00d6ffnen Sie den <b>Recycling-Container (Papierkorb)<\/b>, indem Sie auf dessen Symbol auf dem Desktop doppelklicken.<\/li>\n<li>Suchen Sie in der Liste nach Ihren fehlenden Dateien. Wenn vorhanden, klicken Sie mit der rechten Maustaste darauf und w\u00e4hlen Sie <b>&#8218;Wiederherstellen&#8216;<\/b>.<\/li>\n<li>Dateien sollten auf Ihrem Desktop nach dem Wiederherstellungsprozess wieder erscheinen.<\/li>\n<\/ul>\n<p><b>Hinweis:<\/b> Diese Methode funktioniert nur f\u00fcr Dateien, die nicht dauerhaft aus dem Recycling-Container (Papierkorb) gel\u00f6scht wurden.<\/p>\n<p><b>Fazit:<\/b> Das \u00dcberpr\u00fcfen des Recycling-Containers sollte der erste Schritt bei der Wiederherstellung von Dateien sein, da es einfach und oft erfolgreich ist.<\/p>\n<h3>Methode 2: Dateiversionsverlauf nutzen &#128338;<\/h3>\n<ul>\n<li>Gehen Sie zu <b>Einstellungen<\/b> > <b>Update &#038; Sicherheit<\/b> > <b>Sicherung<\/b> und stellen Sie sicher, dass &#8218;Dateiversionsverlauf&#8216; aktiviert ist.<\/li>\n<li>W\u00e4hlen Sie <b>&#8218;Weitere Optionen&#8216;<\/b> > <b>&#8218;Dateien aus einem aktuellen Backup wiederherstellen&#8216;<\/b>.<\/li>\n<li>Durchsuchen Sie die Ordner und w\u00e4hlen Sie die Dateien zur Wiederherstellung aus, dann klicken Sie auf den <b>&#8218;Wiederherstellen&#8216;<\/b>-Button, um sie zur\u00fcckzuholen.<\/li>\n<\/ul>\n<p><b>Hinweis:<\/b> Der Dateiversionsverlauf muss vor dem Datenverlust aktiviert gewesen sein, damit diese Methode funktioniert.<\/p>\n<p><b>Fazit:<\/b> Der Dateiversionsverlauf ist eine effektive Methode zur Wiederherstellung fr\u00fcherer Versionen von Dateien, vorausgesetzt, er wurde eingerichtet, bevor die Dateien verschwanden.<\/p>\n<h3>Methode 3: Dateien mit Disk Drill wiederherstellen &#128189;<\/h3>\n<ul>\n<li>Laden Sie <b>Disk Drill<\/b> von seiner <a href='https:\/\/www.cleverfiles.com\/' rel=\"nofollow noopener\" target='_blank'>offiziellen Webseite<\/a> herunter und installieren Sie es.<\/li>\n<li>Starten Sie die Software und w\u00e4hlen Sie das Laufwerk aus, auf dem Ihre Desktopdateien urspr\u00fcnglich gespeichert waren.<\/li>\n<li>Klicken Sie auf den <b>&#8218;Suche nach verlorenen Daten&#8216;<\/b>-Button, um den Scanvorgang zu starten.<\/li>\n<li>Nach Abschluss des Scans durchsuchen Sie die gefundenen Dateien, w\u00e4hlen diejenigen aus, die Sie wiederherstellen m\u00f6chten, und klicken auf den <b>&#8218;Wiederherstellen&#8216;<\/b>-Button.<\/li>\n<\/ul>\n<p><b>Hinweis:<\/b> Es wird empfohlen, Dateien auf ein anderes Laufwerk wiederherzustellen als das, auf dem sie verloren gegangen sind, um ein \u00dcberschreiben zu vermeiden.<\/p>\n<p><b>Fazit:<\/b> Disk Drill ist ein robustes Tool zum Wiederherstellen verlorener Dateien mit fortschrittlichen Wiederherstellungsfunktionen, die in aussichtslosen Situationen retten k\u00f6nnen.<\/p>\n<h3>Methode 4: Fr\u00fchere Version wiederherstellen &#128116;<\/h3>\n<ul>\n<li>Klicken Sie mit der rechten Maustaste auf den Desktopordner oder den Bereich, wo sich Ihre Datei befand, und w\u00e4hlen Sie <b>&#8218;Fr\u00fchere Versionen wiederherstellen&#8216;<\/b>.<\/li>\n<li>W\u00e4hlen Sie eine Version des Ordners von vor dem Verschwinden der Dateien und klicken Sie auf <b>&#8218;Wiederherstellen&#8216;<\/b>.<\/li>\n<li>Best\u00e4tigen Sie die Wiederherstellung, um Ihre verlorenen Dateien zur\u00fcckzubringen.<\/li>\n<\/ul>\n<p><b>Hinweis:<\/b> Diese Methode basiert darauf, dass die Systemwiederherstellung aktiv ist und vor dem Verlust der Dateien Wiederherstellungspunkte erstellt hat.<\/p>\n<p><b>Fazit:<\/b> Die Wiederherstellung fr\u00fcherer Versionen kann Ihnen helfen, Dateien schnell wiederzugewinnen, ohne dass Drittanbieter-Software verwendet wird.<\/p>\n<h3>Methode 5: Versteckte Dateien einblenden &#128584;<\/h3>\n<ul>\n<li>Im Datei-Explorer gehen Sie zum <b>&#8218;Ansicht&#8216;<\/b>-Tab und klicken Sie auf <b>&#8218;Optionen&#8216;<\/b>, um die Ordneroptionen zu \u00f6ffnen.<\/li>\n<li>W\u00e4hlen Sie den <b>&#8218;Ansicht&#8216;<\/b>-Tab und unter Erweiterte Einstellungen w\u00e4hlen Sie &#8218;Versteckte Dateien, Ordner und Laufwerke anzeigen&#8216;.<\/li>\n<li>Klicken Sie auf <b>&#8218;OK&#8216;<\/b> und \u00fcberpr\u00fcfen Sie Ihren Desktop auf die zuvor versteckten Dateien.<\/li>\n<\/ul>\n<p><b>Hinweis:<\/b> Einige Dateien sind m\u00f6glicherweise durch Systemeinstellungen oder Benutzeraktionen versteckt, diese Methode macht sie wieder sichtbar.<\/p>\n<p><b>Fazit:<\/b> Versteckte Dateien sind oft die Ursache f\u00fcr das &#8218;Verschwinden&#8216;, und das Anpassen der Ansichtseinstellungen ist eine schnelle L\u00f6sung.<\/p>\n<h3>Methode 6: Auf Malware scannen &#128269;<\/h3>\n<ul>\n<li>Verwenden Sie ein zuverl\u00e4ssiges Anti-Virus-Programm, um Ihren Computer gr\u00fcndlich zu scannen.<\/li>\n<li>Wenn Malware entdeckt wird, lassen Sie die Anti-Virus-Software mit den empfohlenen Aktionen fortfahren, um sie in Quarant\u00e4ne zu stellen oder zu entfernen.<\/li>\n<li>Nach der Entfernung der Malware verwenden Sie ein Dateiwiederherstellungsprogramm, wie Disk Drill, um den Versuch zu starten, betroffene Dateien wiederherzustellen.<\/li>\n<\/ul>\n<p><b>Hinweis:<\/b> Stellen Sie immer sicher, dass Ihre Anti-Virus-Software auf dem neuesten Stand ist, um effektiven Schutz und Wiederherstellung zu gew\u00e4hrleisten.<\/p>\n<p><b>Fazit:<\/b> Ein Malware-Angriff f\u00fchrt oft zu Dateiverschwinden, und deren Entfernung ist der erste Schritt zur Wiederherstellung.<\/p>\n<\/section>\n<section>\n<div>\n<div>3<\/div>\n<h2>Youtube-Video zum Anschauen<\/h2>\n<\/div>\n<div class=\"iframe\"><iframe width=\"420\" height=\"315\" src=\"\/\/www.youtube.com\/embed\/QIOq9bFZTZA\" frameborder=\"0\" allowfullscreen><\/iframe><\/div>\n<\/section>\n<section>\n<div>\n<div>4<\/div>\n<h2>Vorsichtsma\u00dfnahmen und Tipps:<\/h2>\n<\/div>\n<h3>Bleiben Sie vorbereitet &#128737;<\/h3>\n<ul>\n<li>Sichern Sie Ihre Dateien regelm\u00e4\u00dfig auf externe Laufwerke oder Cloud-Speicherl\u00f6sungen.<\/li>\n<li>Aktivieren Sie <b>&#8218;Dateiversionsverlauf&#8216;<\/b> in Windows, um Ihre Dokumente automatisch zu sichern.<\/li>\n<\/ul>\n<h3>Sofortma\u00dfnahmen &#128161;<\/h3>\n<ul>\n<li>Vermeiden Sie es, neue Daten auf das Laufwerk zu schreiben, auf dem Dateien verschwunden sind, um ein \u00dcberschreiben zu verhindern.<\/li>\n<li>Stoppen Sie die Verwendung des betroffenen PCs, bis Sie den Prozess der Dateiwiederherstellung abgeschlossen haben, um Datenverlust zu minimieren.<\/li>\n<\/ul>\n<\/section>\n<section>\n<div>\n<div>5<\/div>\n<h2>Proaktive Ma\u00dfnahmen<\/h2>\n<\/div>\n<p>Eine der <b>effektivsten Methoden<\/b>, um den Verlust wichtiger Dateien zu verhindern, besteht darin, proaktive Ma\u00dfnahmen zu ergreifen. Zus\u00e4tzlich zu regelm\u00e4\u00dfig geplanten Backups sollten Sie die Funktionalit\u00e4t von <a href='https:\/\/support.microsoft.com\/de-de\/windows\/sichern-und-wiederherstellen-des-pcs-acbdbb1e-a5f8-b3b6-c5b3-2ebfaf8a9a82' rel=\"nofollow noopener\" target='_blank'>Windows Backup und Wiederherstellung<\/a> nutzen. Dieses Feature erm\u00f6glicht es Ihnen, Systemabbilder und Datei-Backups zu erstellen, die bei Bedarf wiederhergestellt werden k\u00f6nnen.<\/p>\n<p>Ein weiterer wichtiger Aspekt der Datensicherheit ergibt sich aus dem Risiko einer <b>physischen Besch\u00e4digung der Festplatte<\/b>. Externe Laufwerke sind aufgrund von unsachgem\u00e4\u00dfer Handhabung, Umweltfaktoren oder einfach aufgrund ihrer mechanischen Natur anf\u00e4llig f\u00fcr Ausf\u00e4lle. Informieren Sie sich anhand des <a href='https:\/\/www.backblaze.com\/blog\/what-hard-drive-should-i-buy\/' rel=\"nofollow noopener\" target='_blank'>Backblaze-Blogs<\/a> \u00fcber die Anzeichen eines Festplattenversagens, damit Sie Laufwerke ersetzen oder klonen k\u00f6nnen, bevor ein katastrophaler Datenverlust eintritt.<\/p>\n<p>Auch die Dateiorganisation kann eine Rolle bei der Datenwiederherstellung spielen. Klar beschriftete Ordner und ein strukturiertes Dateiorganisationssystem helfen dabei, verlorene Dateien schnell zu identifizieren und das Ausma\u00df eines Verlusts einzusch\u00e4tzen. Die Entwicklung einer Gewohnheit, Dateien ordnungsgem\u00e4\u00df zu kategorisieren und zu speichern, verringert nicht nur das Risiko versehentlicher L\u00f6schungen, sondern macht auch die Wiederherstellungsma\u00dfnahmen im Falle eines Datenverlusts einfacher.<\/p>\n<\/section>\n<section>\n<h2>Schlussfolgerung:<\/h2>\n<div class=\"nonp\">\n<p>So frustrierend es auch sein kann, wenn Dateien von Ihrem Desktop verschwinden, es gibt mehrere <b>Wiederherstellungsmethoden<\/b> f\u00fcr verschiedene Szenarien des Datenverlusts. Durch die Nutzung von Tools wie Disk Drill und die Umsetzung der in den <b>Tipps<\/b> und <b>proaktiven Ma\u00dfnahmen<\/b> geteilten Ratschl\u00e4ge erh\u00f6hen sich Ihre Chancen, Ihre wertvollen Daten zur\u00fcckzugewinnen, erheblich. Denken Sie daran, dass der Schl\u00fcssel zur erfolgreichen Datenwiederherstellung oft in der Unmittelbarkeit Ihrer Reaktion und der Wirksamkeit Ihrer Vorbereitungsstrategie liegt.<\/p>\n<\/div>\n<\/section>\n","protected":false},"excerpt":{"rendered":"<p>So finden und stellen Sie Dateien wieder her, die vom Desktop verschwunden sind Das pl\u00f6tzliche Verschwinden von Dateien vom Desktop auf einem Windows-PC kann f\u00fcr jeden, der stark auf seinen Computer f\u00fcr Arbeit oder pers\u00f6nliche Angelegenheiten angewiesen ist, ein Albtraum sein. Gl\u00fccklicherweise gibt es Methoden, um diese verlorenen Dateien zur\u00fcckzuholen und die Panik, die Sie [&hellip;]<\/p>\n","protected":false},"author":2,"featured_media":36576,"parent":0,"menu_order":0,"comment_status":"closed","ping_status":"closed","template":"chromecast.php","meta":{"_stopmodifiedupdate":false,"_modified_date":"","_lmt_disableupdate":"yes","_lmt_disable":""},"acf":[],"yoast_head":"<!-- This site is optimized with the Yoast SEO plugin v20.9 - https:\/\/yoast.com\/wordpress\/plugins\/seo\/ -->\n<title>So stellen Sie Dateien wieder her, die von Ihrem Desktop verschwunden sind<\/title>\n<meta name=\"robots\" content=\"index, follow, max-snippet:-1, max-image-preview:large, max-video-preview:-1\" \/>\n<link rel=\"canonical\" href=\"https:\/\/datarecovery.ping.fm\/de\/recover-files-disappeared-from-desktop\/\" \/>\n<meta property=\"og:locale\" content=\"de_DE\" \/>\n<meta property=\"og:type\" content=\"article\" \/>\n<meta property=\"og:title\" content=\"So stellen Sie Dateien wieder her, die von Ihrem Desktop verschwunden sind\" \/>\n<meta property=\"og:description\" content=\"So finden und stellen Sie Dateien wieder her, die vom Desktop verschwunden sind Das pl\u00f6tzliche Verschwinden von Dateien vom Desktop auf einem Windows-PC kann f\u00fcr jeden, der stark auf seinen Computer f\u00fcr Arbeit oder pers\u00f6nliche Angelegenheiten angewiesen ist, ein Albtraum sein. Gl\u00fccklicherweise gibt es Methoden, um diese verlorenen Dateien zur\u00fcckzuholen und die Panik, die Sie [&hellip;]\" \/>\n<meta property=\"og:url\" content=\"https:\/\/datarecovery.ping.fm\/de\/recover-files-disappeared-from-desktop\/\" \/>\n<meta property=\"og:site_name\" content=\"Datenwiederherstellungssoftware\" \/>\n<meta property=\"article:modified_time\" content=\"2024-02-16T08:52:06+00:00\" \/>\n<meta property=\"og:image\" content=\"https:\/\/datarecovery.ping.fm\/wp-content\/uploads\/2024\/03\/How-to-Find-and-Restore-Files-That-Disappeared-from-Your-Desktop-German.jpg\" \/>\n\t<meta property=\"og:image:width\" content=\"1280\" \/>\n\t<meta property=\"og:image:height\" content=\"731\" \/>\n\t<meta property=\"og:image:type\" content=\"image\/jpeg\" \/>\n<meta name=\"twitter:card\" content=\"summary_large_image\" \/>\n<meta name=\"twitter:label1\" content=\"Est. reading time\" \/>\n\t<meta name=\"twitter:data1\" content=\"6 Minuten\" \/>\n<script type=\"application\/ld+json\" class=\"yoast-schema-graph\">{\"@context\":\"https:\/\/schema.org\",\"@graph\":[{\"@type\":\"WebPage\",\"@id\":\"https:\/\/datarecovery.ping.fm\/de\/recover-files-disappeared-from-desktop\/\",\"url\":\"https:\/\/datarecovery.ping.fm\/de\/recover-files-disappeared-from-desktop\/\",\"name\":\"So stellen Sie Dateien wieder her, die von Ihrem Desktop verschwunden sind\",\"isPartOf\":{\"@id\":\"https:\/\/datarecovery.ping.fm\/de\/#website\"},\"datePublished\":\"2023-12-25T15:46:11+00:00\",\"dateModified\":\"2024-02-16T08:52:06+00:00\",\"breadcrumb\":{\"@id\":\"https:\/\/datarecovery.ping.fm\/de\/recover-files-disappeared-from-desktop\/#breadcrumb\"},\"inLanguage\":\"de-DE\",\"potentialAction\":[{\"@type\":\"ReadAction\",\"target\":[\"https:\/\/datarecovery.ping.fm\/de\/recover-files-disappeared-from-desktop\/\"]}]},{\"@type\":\"BreadcrumbList\",\"@id\":\"https:\/\/datarecovery.ping.fm\/de\/recover-files-disappeared-from-desktop\/#breadcrumb\",\"itemListElement\":[{\"@type\":\"ListItem\",\"position\":1,\"name\":\"Home\",\"item\":\"https:\/\/datarecovery.ping.fm\/de\/\"},{\"@type\":\"ListItem\",\"position\":2,\"name\":\"Wie Sie verschwundene Dateien auf Ihrem Desktop finden und wiederherstellen\"}]},{\"@type\":\"WebSite\",\"@id\":\"https:\/\/datarecovery.ping.fm\/de\/#website\",\"url\":\"https:\/\/datarecovery.ping.fm\/de\/\",\"name\":\"Datenwiederherstellungssoftware\",\"description\":\"\",\"potentialAction\":[{\"@type\":\"SearchAction\",\"target\":{\"@type\":\"EntryPoint\",\"urlTemplate\":\"https:\/\/datarecovery.ping.fm\/de\/?s={search_term_string}\"},\"query-input\":\"required name=search_term_string\"}],\"inLanguage\":\"de-DE\"}]}<\/script>\n<!-- \/ Yoast SEO plugin. -->","yoast_head_json":{"title":"So stellen Sie Dateien wieder her, die von Ihrem Desktop verschwunden sind","robots":{"index":"index","follow":"follow","max-snippet":"max-snippet:-1","max-image-preview":"max-image-preview:large","max-video-preview":"max-video-preview:-1"},"canonical":"https:\/\/datarecovery.ping.fm\/de\/recover-files-disappeared-from-desktop\/","og_locale":"de_DE","og_type":"article","og_title":"So stellen Sie Dateien wieder her, die von Ihrem Desktop verschwunden sind","og_description":"So finden und stellen Sie Dateien wieder her, die vom Desktop verschwunden sind Das pl\u00f6tzliche Verschwinden von Dateien vom Desktop auf einem Windows-PC kann f\u00fcr jeden, der stark auf seinen Computer f\u00fcr Arbeit oder pers\u00f6nliche Angelegenheiten angewiesen ist, ein Albtraum sein. Gl\u00fccklicherweise gibt es Methoden, um diese verlorenen Dateien zur\u00fcckzuholen und die Panik, die Sie [&hellip;]","og_url":"https:\/\/datarecovery.ping.fm\/de\/recover-files-disappeared-from-desktop\/","og_site_name":"Datenwiederherstellungssoftware","article_modified_time":"2024-02-16T08:52:06+00:00","og_image":[{"width":1280,"height":731,"url":"https:\/\/datarecovery.ping.fm\/wp-content\/uploads\/2024\/03\/How-to-Find-and-Restore-Files-That-Disappeared-from-Your-Desktop-German.jpg","type":"image\/jpeg"}],"twitter_card":"summary_large_image","twitter_misc":{"Est. reading time":"6 Minuten"},"schema":{"@context":"https:\/\/schema.org","@graph":[{"@type":"WebPage","@id":"https:\/\/datarecovery.ping.fm\/de\/recover-files-disappeared-from-desktop\/","url":"https:\/\/datarecovery.ping.fm\/de\/recover-files-disappeared-from-desktop\/","name":"So stellen Sie Dateien wieder her, die von Ihrem Desktop verschwunden sind","isPartOf":{"@id":"https:\/\/datarecovery.ping.fm\/de\/#website"},"datePublished":"2023-12-25T15:46:11+00:00","dateModified":"2024-02-16T08:52:06+00:00","breadcrumb":{"@id":"https:\/\/datarecovery.ping.fm\/de\/recover-files-disappeared-from-desktop\/#breadcrumb"},"inLanguage":"de-DE","potentialAction":[{"@type":"ReadAction","target":["https:\/\/datarecovery.ping.fm\/de\/recover-files-disappeared-from-desktop\/"]}]},{"@type":"BreadcrumbList","@id":"https:\/\/datarecovery.ping.fm\/de\/recover-files-disappeared-from-desktop\/#breadcrumb","itemListElement":[{"@type":"ListItem","position":1,"name":"Home","item":"https:\/\/datarecovery.ping.fm\/de\/"},{"@type":"ListItem","position":2,"name":"Wie Sie verschwundene Dateien auf Ihrem Desktop finden und wiederherstellen"}]},{"@type":"WebSite","@id":"https:\/\/datarecovery.ping.fm\/de\/#website","url":"https:\/\/datarecovery.ping.fm\/de\/","name":"Datenwiederherstellungssoftware","description":"","potentialAction":[{"@type":"SearchAction","target":{"@type":"EntryPoint","urlTemplate":"https:\/\/datarecovery.ping.fm\/de\/?s={search_term_string}"},"query-input":"required name=search_term_string"}],"inLanguage":"de-DE"}]}},"_links":{"self":[{"href":"https:\/\/datarecovery.ping.fm\/de\/wp-json\/wp\/v2\/pages\/12431"}],"collection":[{"href":"https:\/\/datarecovery.ping.fm\/de\/wp-json\/wp\/v2\/pages"}],"about":[{"href":"https:\/\/datarecovery.ping.fm\/de\/wp-json\/wp\/v2\/types\/page"}],"author":[{"embeddable":true,"href":"https:\/\/datarecovery.ping.fm\/de\/wp-json\/wp\/v2\/users\/2"}],"replies":[{"embeddable":true,"href":"https:\/\/datarecovery.ping.fm\/de\/wp-json\/wp\/v2\/comments?post=12431"}],"version-history":[{"count":1,"href":"https:\/\/datarecovery.ping.fm\/de\/wp-json\/wp\/v2\/pages\/12431\/revisions"}],"predecessor-version":[{"id":36575,"href":"https:\/\/datarecovery.ping.fm\/de\/wp-json\/wp\/v2\/pages\/12431\/revisions\/36575"}],"wp:featuredmedia":[{"embeddable":true,"href":"https:\/\/datarecovery.ping.fm\/de\/wp-json\/wp\/v2\/media\/36576"}],"wp:attachment":[{"href":"https:\/\/datarecovery.ping.fm\/de\/wp-json\/wp\/v2\/media?parent=12431"}],"curies":[{"name":"wp","href":"https:\/\/api.w.org\/{rel}","templated":true}]}}