{"id":11482,"date":"2023-12-25T15:46:11","date_gmt":"2023-12-25T15:46:11","guid":{"rendered":"https:\/\/www.ping.fm\/data-recovery-software\/sd-card-recovery-software\/"},"modified":"2024-02-29T18:14:29","modified_gmt":"2024-02-29T18:14:29","slug":"sd-card-recovery-software","status":"publish","type":"page","link":"https:\/\/datarecovery.ping.fm\/de\/sd-card-recovery-software\/","title":{"rendered":"Beste kostenlose SD-Karten-Datenrettungssoftware zum Einsatz"},"content":{"rendered":"<section>\n<h1>Beste kostenlose SD-Karten-Wiederherstellungssoftware<\/h1>\n<div class=\"inbrief\">\n<div>             <img src=\"https:\/\/www.ping.fm\/data-recovery-software\/wp-content\/uploads\/ai\/Best-Free-SD-Card-Recovery-Software-to-Use-German.jpg\" alt=\"Beste kostenlose SD-Karten-Wiederherstellungssoftware\" title=\"Beste kostenlose SD-Karten-Wiederherstellungssoftware\" width=\"1280\" height=\"720\">             <\/p>\n<p>Wenn Videos von Ihrem PC oder Mac verschwinden, kann schnell Panik aufkommen. Doch bevor Sie sich mit dem Verlust abfinden, sollten Sie wissen, dass diese kostbaren Erinnerungen und wichtigen Dateien oft nicht f\u00fcr immer verloren sind. Tats\u00e4chlich k\u00f6nnen mit den richtigen Werkzeugen <b>gel\u00f6schte Videos oft \u00fcberraschend einfach wiederhergestellt<\/b> werden. Ich musste das mehr als einmal tun und bin hier, um meine pers\u00f6nlichen Erfahrungen und Empfehlungen f\u00fcr die besten Tools zur Wiederherstellung gel\u00f6schter Videos von Ihrem Computer zu teilen.<\/p>\n<\/div>\n<\/div>\n<\/section>\n<section>\n<div class=\"medal\">\n<div>&#129351;<\/div>\n<\/div>\n<h2>Recuva<\/h2>\n<p><b>Recuva<\/b> ist eine benutzerfreundliche <b>Datenwiederherstellungssoftware<\/b>, die f\u00fcr Windows konzipiert ist. Mit einer einfachen Oberfl\u00e4che bietet sie tiefe Scan-M\u00f6glichkeiten, um gel\u00f6schte Videos zu finden. Ich habe sie besonders effektiv f\u00fcr schnelle Wiederherstellungen auf meinem PC gefunden.<\/p>\n<p>Offizielle Webseite<\/p>\n<h3 class='prosTitle'>Vorteile<\/h3>\n<ul class='listpc pros'>\n<li>Kostenlose Version verf\u00fcgbar<\/li>\n<li>Intuitive Benutzeroberfl\u00e4che<\/li>\n<\/ul>\n<h3 class='consTitle'>Nachteile<\/h3>\n<ul class='listpc cons'>\n<li>Haupts\u00e4chlich f\u00fcr Windows<\/li>\n<li>Kann nicht alle Dateien finden<\/li>\n<\/ul>\n<\/section>\n<section>\n<div class=\"medal\">\n<div>&#129352;<\/div>\n<\/div>\n<h2><a href='https:\/\/www.easeus.com\/datarecoverywizard\/free-data-recovery-software.htm' rel=\"nofollow noopener\" target='_blank'>EaseUS Data Recovery Wizard<\/a><\/h2>\n<p><img src=\"https:\/\/www.ping.fm\/data-recovery-software\/wp-content\/uploads\/ai\/https---www-easeus-com-datarecoverywizard-free-data-recovery-software-htmGerman.jpg\"><\/p>\n<p>Der <b>EaseUS Data Recovery Wizard<\/b> funktioniert sowohl auf PC- als auch auf Mac-Plattformen. Er zeichnet sich durch sein klares Layout und robuste Scan-Optionen aus. Er ist einer meiner Favoriten f\u00fcr anspruchsvollere Wiederherstellungen.<\/p>\n<p><a href='https:\/\/www.easeus.com\/datarecoverywizard\/free-data-recovery-software.htm' rel=\"nofollow noopener\" target='_blank' class='ofWSite'>Offizielle Webseite<\/a><\/p>\n<h3 class='prosTitle'>Vorteile<\/h3>\n<ul class='listpc pros'>\n<li>Unterst\u00fctzt verschiedene Dateitypen<\/li>\n<li>Vorschaufunktion vor der Wiederherstellung<\/li>\n<\/ul>\n<h3 class='consTitle'>Nachteile<\/h3>\n<ul class='listpc cons'>\n<li>Begrenzte kostenlose Wiederherstellungsdaten<\/li>\n<li>Kann teuer sein<\/li>\n<\/ul>\n<\/section>\n<section>\n<div class=\"medal\">\n<div>&#129353;<\/div>\n<\/div>\n<h2><a href='https:\/\/www.cleverfiles.com\/' rel=\"nofollow noopener\" target='_blank'>Disk Drill<\/a><\/h2>\n<p><img src=\"https:\/\/www.ping.fm\/data-recovery-software\/wp-content\/uploads\/ai\/https---www-cleverfiles-com-German.jpg\"><\/p>\n<p><b>Disk Drill<\/b> hat mich mit seinem schlanken Design und effizienten Scan-Prozess beeindruckt. Die Software beinhaltet hilfreiche Tutorials und ist daher eine solide Wahl f\u00fcr diejenigen, die weniger Erfahrung mit der Datenwiederherstellung auf Windows und Mac haben.<\/p>\n<p><a href='https:\/\/www.cleverfiles.com\/' rel=\"nofollow noopener\" target='_blank' class='ofWSite'>Offizielle Webseite<\/a><\/p>\n<h3 class='prosTitle'>Vorteile<\/h3>\n<ul class='listpc pros'>\n<li>Einsteigerfreundlich<\/li>\n<li>Schutzfunktionen zur Vermeidung zuk\u00fcnftiger Datenverluste<\/li>\n<\/ul>\n<h3 class='consTitle'>Nachteile<\/h3>\n<ul class='listpc cons'>\n<li>Kostenlose Version mit eingeschr\u00e4nkten Funktionen<\/li>\n<li>Wiederherstellungsgeschwindigkeit kann variieren<\/li>\n<\/ul>\n<\/section>\n<section>\n<div class=\"no-medal\">\n<div>4<\/div>\n<\/div>\n<h2><a href='https:\/\/www.stellarinfo.com\/data-recovery-mac.php' rel=\"nofollow noopener\" target='_blank'>Stellar Data Recovery<\/a><\/h2>\n<p><img src=\"https:\/\/www.ping.fm\/data-recovery-software\/wp-content\/uploads\/ai\/https---www-stellarinfo-com-data-recovery-mac-phpGerman.jpg\"><\/p>\n<p><b>Stellar Data Recovery<\/b> ist ein Schwergewicht, wenn es um die Bergung von Dateien geht. Es bietet eine fortgeschrittene Option f\u00fcr <b>Mac-Benutzer<\/b> und hat mir bei mehreren Gelegenheiten davor bewahrt, wesentliche Videos zu verlieren. Die PC-Version ist ebenso leistungsstark.<\/p>\n<p><a href='https:\/\/www.stellarinfo.com\/data-recovery-mac.php' rel=\"nofollow noopener\" target='_blank' class='ofWSite'>Offizielle Webseite<\/a><\/p>\n<h3 class='prosTitle'>Vorteile<\/h3>\n<ul class='listpc pros'>\n<li>Hohe Erfolgsrate<\/li>\n<li>Unterst\u00fctzt eine Vielzahl von Dateiformaten<\/li>\n<\/ul>\n<h3 class='consTitle'>Nachteile<\/h3>\n<ul class='listpc cons'>\n<li>H\u00f6herer Preis<\/li>\n<li>Kann f\u00fcr Anf\u00e4nger komplex sein<\/li>\n<\/ul>\n<\/section>\n<section>\n<div class=\"no-medal\">\n<div>5<\/div>\n<\/div>\n<h2><a href='https:\/\/www.wondershare.com\/data-recovery-mac\/' rel=\"nofollow noopener\" target='_blank'>Wondershare Recoverit<\/a><\/h2>\n<p><img src=\"https:\/\/www.ping.fm\/data-recovery-software\/wp-content\/uploads\/ai\/https---www-wondershare-com-data-recovery-mac-German.jpg\"><\/p>\n<p>Das Tool <b>Wondershare Recoverit<\/b> bietet eine zeitgem\u00e4\u00dfe Benutzererfahrung und unterst\u00fctzt zahlreiche Dateitypen. Bei der Nutzung auf meinem Mac fand ich die Tiefenscan-Funktion sehr gr\u00fcndlich, auch wenn sie etwas Zeit in Anspruch nimmt.<\/p>\n<p><a href='https:\/\/www.wondershare.com\/data-recovery-mac\/' rel=\"nofollow noopener\" target='_blank' class='ofWSite'>Offizielle Webseite<\/a><\/p>\n<h3 class='prosTitle'>Vorteile<\/h3>\n<ul class='listpc pros'>\n<li>Einfache Navigation<\/li>\n<li>Gute Leistung bei tiefgehenden Scans<\/li>\n<\/ul>\n<h3 class='consTitle'>Nachteile<\/h3>\n<ul class='listpc cons'>\n<li>L\u00e4ngere Scanzeiten<\/li>\n<li>Einschr\u00e4nkungen der kostenlosen Testversion<\/li>\n<\/ul>\n<\/section>\n<section>\n<h2>Youtube-Video zum Ansehen<\/h2>\n<div class=\"nonp iframe\"><iframe width=\"420\" height=\"315\" src=\"\/\/www.youtube.com\/embed\/lJZTb0buKeY\" frameborder=\"0\" allowfullscreen><\/iframe><\/div>\n<\/section>\n<section>\n<h2>Fazit:<\/h2>\n<div class=\"nonp\">\n<p>Den Prozess der <b>Videowiederherstellung<\/b> zu navigieren kann entmutigend sein, aber mit einem strategischen Ansatz und den richtigen Werkzeugen ist es oft m\u00f6glich, das Verlorene zur\u00fcckzuholen. Beginnen Sie immer mit der am wenigsten invasiven Methode, wie der \u00dcberpr\u00fcfung des Papierkorbs oder des M\u00fclleimers, bevor Sie zu Softwarel\u00f6sungen \u00fcbergehen.<\/p>\n<p>Das Verst\u00e4ndnis von Dateisystemen und deren Struktur kann bei dem Prozess der Videowiederherstellung helfen. Beispielsweise kann das Wissen, ob Ihr Laufwerk als NTFS, FAT oder HFS+ formatiert ist, beeinflussen, welches Wiederherstellungstool am besten f\u00fcr Ihre Situation geeignet ist.<\/p>\n<p>Um zuk\u00fcnftige Verluste zu vermeiden, erw\u00e4gen Sie die Unterst\u00fctzung von <a href='https:\/\/www.backblaze.com' rel=\"nofollow noopener\" target='_blank'>Cloud-Backup-Diensten<\/a> wie Backblaze oder Carbonite in Anspruch zu nehmen, die automatisch Kopien Ihrer Dateien sichern k\u00f6nnen und den Bedarf an Notfall-Datenwiederherstellung reduzieren.<\/p>\n<\/div>\n<\/section>\n","protected":false},"excerpt":{"rendered":"<p>Beste kostenlose SD-Karten-Wiederherstellungssoftware Wenn Videos von Ihrem PC oder Mac verschwinden, kann schnell Panik aufkommen. Doch bevor Sie sich mit dem Verlust abfinden, sollten Sie wissen, dass diese kostbaren Erinnerungen und wichtigen Dateien oft nicht f\u00fcr immer verloren sind. Tats\u00e4chlich k\u00f6nnen mit den richtigen Werkzeugen gel\u00f6schte Videos oft \u00fcberraschend einfach wiederhergestellt werden. Ich musste das [&hellip;]<\/p>\n","protected":false},"author":2,"featured_media":36599,"parent":0,"menu_order":0,"comment_status":"closed","ping_status":"closed","template":"chromecast.php","meta":{"_stopmodifiedupdate":false,"_modified_date":"","_lmt_disableupdate":"yes","_lmt_disable":""},"acf":[],"yoast_head":"<!-- This site is optimized with the Yoast SEO plugin v20.9 - https:\/\/yoast.com\/wordpress\/plugins\/seo\/ -->\n<title>[TOP] Kostenlose SD-Karten-Wiederherstellungssoftware f\u00fcr das Jahr 2024<\/title>\n<meta name=\"robots\" content=\"index, follow, max-snippet:-1, max-image-preview:large, max-video-preview:-1\" \/>\n<link rel=\"canonical\" href=\"https:\/\/datarecovery.ping.fm\/de\/sd-card-recovery-software\/\" \/>\n<meta property=\"og:locale\" content=\"de_DE\" \/>\n<meta property=\"og:type\" content=\"article\" \/>\n<meta property=\"og:title\" content=\"[TOP] Kostenlose SD-Karten-Wiederherstellungssoftware f\u00fcr das Jahr 2024\" \/>\n<meta property=\"og:description\" content=\"Beste kostenlose SD-Karten-Wiederherstellungssoftware Wenn Videos von Ihrem PC oder Mac verschwinden, kann schnell Panik aufkommen. Doch bevor Sie sich mit dem Verlust abfinden, sollten Sie wissen, dass diese kostbaren Erinnerungen und wichtigen Dateien oft nicht f\u00fcr immer verloren sind. Tats\u00e4chlich k\u00f6nnen mit den richtigen Werkzeugen gel\u00f6schte Videos oft \u00fcberraschend einfach wiederhergestellt werden. Ich musste das [&hellip;]\" \/>\n<meta property=\"og:url\" content=\"https:\/\/datarecovery.ping.fm\/de\/sd-card-recovery-software\/\" \/>\n<meta property=\"og:site_name\" content=\"Datenwiederherstellungssoftware\" \/>\n<meta property=\"article:modified_time\" content=\"2024-02-29T18:14:29+00:00\" \/>\n<meta property=\"og:image\" content=\"https:\/\/datarecovery.ping.fm\/wp-content\/uploads\/2024\/03\/Best-Free-SD-Card-Recovery-Software-to-Use-German.jpg\" \/>\n\t<meta property=\"og:image:width\" content=\"1280\" \/>\n\t<meta property=\"og:image:height\" content=\"731\" \/>\n\t<meta property=\"og:image:type\" content=\"image\/jpeg\" \/>\n<meta name=\"twitter:card\" content=\"summary_large_image\" \/>\n<meta name=\"twitter:label1\" content=\"Est. reading time\" \/>\n\t<meta name=\"twitter:data1\" content=\"2 Minuten\" \/>\n<script type=\"application\/ld+json\" class=\"yoast-schema-graph\">{\"@context\":\"https:\/\/schema.org\",\"@graph\":[{\"@type\":\"WebPage\",\"@id\":\"https:\/\/datarecovery.ping.fm\/de\/sd-card-recovery-software\/\",\"url\":\"https:\/\/datarecovery.ping.fm\/de\/sd-card-recovery-software\/\",\"name\":\"[TOP] Kostenlose SD-Karten-Wiederherstellungssoftware f\u00fcr das Jahr 2024\",\"isPartOf\":{\"@id\":\"https:\/\/datarecovery.ping.fm\/de\/#website\"},\"datePublished\":\"2023-12-25T15:46:11+00:00\",\"dateModified\":\"2024-02-29T18:14:29+00:00\",\"breadcrumb\":{\"@id\":\"https:\/\/datarecovery.ping.fm\/de\/sd-card-recovery-software\/#breadcrumb\"},\"inLanguage\":\"de-DE\",\"potentialAction\":[{\"@type\":\"ReadAction\",\"target\":[\"https:\/\/datarecovery.ping.fm\/de\/sd-card-recovery-software\/\"]}]},{\"@type\":\"BreadcrumbList\",\"@id\":\"https:\/\/datarecovery.ping.fm\/de\/sd-card-recovery-software\/#breadcrumb\",\"itemListElement\":[{\"@type\":\"ListItem\",\"position\":1,\"name\":\"Home\",\"item\":\"https:\/\/datarecovery.ping.fm\/de\/\"},{\"@type\":\"ListItem\",\"position\":2,\"name\":\"Beste kostenlose SD-Karten-Datenrettungssoftware zum Einsatz\"}]},{\"@type\":\"WebSite\",\"@id\":\"https:\/\/datarecovery.ping.fm\/de\/#website\",\"url\":\"https:\/\/datarecovery.ping.fm\/de\/\",\"name\":\"Datenwiederherstellungssoftware\",\"description\":\"\",\"potentialAction\":[{\"@type\":\"SearchAction\",\"target\":{\"@type\":\"EntryPoint\",\"urlTemplate\":\"https:\/\/datarecovery.ping.fm\/de\/?s={search_term_string}\"},\"query-input\":\"required name=search_term_string\"}],\"inLanguage\":\"de-DE\"}]}<\/script>\n<!-- \/ Yoast SEO plugin. -->","yoast_head_json":{"title":"[TOP] Kostenlose SD-Karten-Wiederherstellungssoftware f\u00fcr das Jahr 2024","robots":{"index":"index","follow":"follow","max-snippet":"max-snippet:-1","max-image-preview":"max-image-preview:large","max-video-preview":"max-video-preview:-1"},"canonical":"https:\/\/datarecovery.ping.fm\/de\/sd-card-recovery-software\/","og_locale":"de_DE","og_type":"article","og_title":"[TOP] Kostenlose SD-Karten-Wiederherstellungssoftware f\u00fcr das Jahr 2024","og_description":"Beste kostenlose SD-Karten-Wiederherstellungssoftware Wenn Videos von Ihrem PC oder Mac verschwinden, kann schnell Panik aufkommen. Doch bevor Sie sich mit dem Verlust abfinden, sollten Sie wissen, dass diese kostbaren Erinnerungen und wichtigen Dateien oft nicht f\u00fcr immer verloren sind. Tats\u00e4chlich k\u00f6nnen mit den richtigen Werkzeugen gel\u00f6schte Videos oft \u00fcberraschend einfach wiederhergestellt werden. Ich musste das [&hellip;]","og_url":"https:\/\/datarecovery.ping.fm\/de\/sd-card-recovery-software\/","og_site_name":"Datenwiederherstellungssoftware","article_modified_time":"2024-02-29T18:14:29+00:00","og_image":[{"width":1280,"height":731,"url":"https:\/\/datarecovery.ping.fm\/wp-content\/uploads\/2024\/03\/Best-Free-SD-Card-Recovery-Software-to-Use-German.jpg","type":"image\/jpeg"}],"twitter_card":"summary_large_image","twitter_misc":{"Est. reading time":"2 Minuten"},"schema":{"@context":"https:\/\/schema.org","@graph":[{"@type":"WebPage","@id":"https:\/\/datarecovery.ping.fm\/de\/sd-card-recovery-software\/","url":"https:\/\/datarecovery.ping.fm\/de\/sd-card-recovery-software\/","name":"[TOP] Kostenlose SD-Karten-Wiederherstellungssoftware f\u00fcr das Jahr 2024","isPartOf":{"@id":"https:\/\/datarecovery.ping.fm\/de\/#website"},"datePublished":"2023-12-25T15:46:11+00:00","dateModified":"2024-02-29T18:14:29+00:00","breadcrumb":{"@id":"https:\/\/datarecovery.ping.fm\/de\/sd-card-recovery-software\/#breadcrumb"},"inLanguage":"de-DE","potentialAction":[{"@type":"ReadAction","target":["https:\/\/datarecovery.ping.fm\/de\/sd-card-recovery-software\/"]}]},{"@type":"BreadcrumbList","@id":"https:\/\/datarecovery.ping.fm\/de\/sd-card-recovery-software\/#breadcrumb","itemListElement":[{"@type":"ListItem","position":1,"name":"Home","item":"https:\/\/datarecovery.ping.fm\/de\/"},{"@type":"ListItem","position":2,"name":"Beste kostenlose SD-Karten-Datenrettungssoftware zum Einsatz"}]},{"@type":"WebSite","@id":"https:\/\/datarecovery.ping.fm\/de\/#website","url":"https:\/\/datarecovery.ping.fm\/de\/","name":"Datenwiederherstellungssoftware","description":"","potentialAction":[{"@type":"SearchAction","target":{"@type":"EntryPoint","urlTemplate":"https:\/\/datarecovery.ping.fm\/de\/?s={search_term_string}"},"query-input":"required name=search_term_string"}],"inLanguage":"de-DE"}]}},"_links":{"self":[{"href":"https:\/\/datarecovery.ping.fm\/de\/wp-json\/wp\/v2\/pages\/11482"}],"collection":[{"href":"https:\/\/datarecovery.ping.fm\/de\/wp-json\/wp\/v2\/pages"}],"about":[{"href":"https:\/\/datarecovery.ping.fm\/de\/wp-json\/wp\/v2\/types\/page"}],"author":[{"embeddable":true,"href":"https:\/\/datarecovery.ping.fm\/de\/wp-json\/wp\/v2\/users\/2"}],"replies":[{"embeddable":true,"href":"https:\/\/datarecovery.ping.fm\/de\/wp-json\/wp\/v2\/comments?post=11482"}],"version-history":[{"count":1,"href":"https:\/\/datarecovery.ping.fm\/de\/wp-json\/wp\/v2\/pages\/11482\/revisions"}],"predecessor-version":[{"id":28720,"href":"https:\/\/datarecovery.ping.fm\/de\/wp-json\/wp\/v2\/pages\/11482\/revisions\/28720"}],"wp:featuredmedia":[{"embeddable":true,"href":"https:\/\/datarecovery.ping.fm\/de\/wp-json\/wp\/v2\/media\/36599"}],"wp:attachment":[{"href":"https:\/\/datarecovery.ping.fm\/de\/wp-json\/wp\/v2\/media?parent=11482"}],"curies":[{"name":"wp","href":"https:\/\/api.w.org\/{rel}","templated":true}]}}