{"id":43702,"date":"2024-02-22T06:28:29","date_gmt":"2024-02-22T06:28:29","guid":{"rendered":"https:\/\/www.ping.fm\/data-recovery-software\/hard-drive-repair-software\/"},"modified":"2024-04-23T07:30:41","modified_gmt":"2024-04-23T07:30:41","slug":"hard-drive-repair-software","status":"publish","type":"page","link":"https:\/\/datarecovery.ping.fm\/da\/hard-drive-repair-software\/","title":{"rendered":"2024&#8217;s bedste harddiskreparationssoftware"},"content":{"rendered":"<section>\n<h1>Bedste software til reparation af harddiske i 2024<\/h1>\n<div class=\"inbrief\">\n<div>                     <img src=\"https:\/\/www.ping.fm\/data-recovery-software\/wp-content\/uploads\/ai\/Best-Hard-Drive-Repair-Software-to-Use-in-2024-Danish.jpg\" alt=\"Bedste software til reparation af harddiske i 2024\" title=\"Bedste software til reparation af harddiske i 2024\" width=\"1280\" height=\"720\">                     <\/p>\n<p>Der er f\u00e5 ting, der er s\u00e5 nedsl\u00e5ende for computerbrugere, som udsigten til harddiskfejl. Om det er den frygtede &#8216;klikkende d\u00f8d&#8217; eller en kryptisk fejlmeddelelse, kan en defekt harddisk synes som et uoverstigeligt problem. Men der findes en overflod af v\u00e6rkt\u00f8jer til reparation af harddiske, der kan hj\u00e6lpe med at redde dine data og potentielt forl\u00e6nge din harddisks levetid. I denne artikel vil vi guide dig gennem nogle af de bedste v\u00e6rkt\u00f8jer til reparation af harddiske p\u00e5 markedet. Lad os dykke ned i dette essentielle v\u00e6rkt\u00f8jss\u00e6t for enhver digital livline.<\/p>\n<\/div>\n<\/div>\n<\/section>\n<section>\n<div class=\"medal\">\n<div>&#129351;<\/div>\n<\/div>\n<h2><a href='https:\/\/www.cleverfiles.com\/' rel=\"nofollow noopener\" target='_blank'>Disk Drill<\/a><\/h2>\n<p><img src=\"https:\/\/www.ping.fm\/data-recovery-software\/wp-content\/uploads\/ai\/https---www-cleverfiles-com-Danish.jpg\" alt=\"Sk\u00e6rmbillede af https:\/\/www.cleverfiles.com\/\" width=\"1280\" height=\"720\"><\/p>\n<p>Da jeg selv navigerede de turbulente have af datatab, fandt jeg en livline i <b>Disk Drill<\/b>, et omfattende v\u00e6rkt\u00f8j designet til <b>gendannelse af data<\/b> og analyse af harddiske. Dets brugervenlige gr\u00e6nseflade forenkler gendannelsesprocessen og g\u00f8r det tilg\u00e6ngeligt b\u00e5de for nybegyndere og eksperter. Disk Drills suite af funktioner str\u00e6kker sig ud over gendannelse med <b>datavern<\/b> v\u00e6rkt\u00f8jer som Recovery Vault og Drive-backup.<\/p>\n<p><a href='https:\/\/www.cleverfiles.com\/' rel=\"nofollow noopener\" target='_blank' class='ofWSite'>Officiel hjemmeside<\/a><\/p>\n<h3 class='prosTitle'>Fordele<\/h3>\n<ul class='listpc pros'>\n<li>Intuitiv brugergr\u00e6nseflade<\/li>\n<li>Kraftfulde scanningsalgoritmer<\/li>\n<\/ul>\n<h3 class='consTitle'>Ulemper<\/h3>\n<ul class='listpc cons'>\n<li>Gratis version har begr\u00e6nsninger i datagendannelse<\/li>\n<li>Avancerede funktioner kr\u00e6ver premium-version<\/li>\n<\/ul>\n<\/section>\n<section>\n<div class=\"medal\">\n<div>&#129352;<\/div>\n<\/div>\n<h2><a href='https:\/\/www.cgsecurity.org\/wiki\/TestDisk' rel=\"nofollow noopener\" target='_blank'>TestDisk<\/a><\/h2>\n<p><img src=\"https:\/\/www.ping.fm\/data-recovery-software\/wp-content\/uploads\/ai\/https---www-cgsecurity-org-wiki-TestDiskDanish.jpg\" alt=\"Sk\u00e6rmbillede af https:\/\/www.cgsecurity.org\/wiki\/TestDisk\" width=\"1280\" height=\"720\"><\/p>\n<p><b>TestDisk<\/b> er en kraftkarl, n\u00e5r det kommer til at genoprette mistede partitioner og reparere bootbare drev, der n\u00e6gter at starte. Det er et open source-v\u00e6rkt\u00f8j, som hardcore teknikentusiaster respekterer for dets dybdeg\u00e5ende funktionalitet. Selvom det opererer via en kommandolinjegr\u00e6nseflade, som kan v\u00e6re skr\u00e6mmende for nogle, er dets effektivitet i gendannelsen af partitionstabeller og reparation af filsystemer ubestridelig.<\/p>\n<p><a href='https:\/\/www.cgsecurity.org\/wiki\/TestDisk' rel=\"nofollow noopener\" target='_blank' class='ofWSite'>Officiel hjemmeside<\/a><\/p>\n<h3 class='prosTitle'>Fordele<\/h3>\n<ul class='listpc pros'>\n<li>Kan gendanne mistede partitioner<\/li>\n<li>Open source med hyppige opdateringer<\/li>\n<\/ul>\n<h3 class='consTitle'>Ulemper<\/h3>\n<ul class='listpc cons'>\n<li>Kommandolinjegr\u00e6nseflade kan v\u00e6re en udfordring for nogle brugere<\/li>\n<li>Ingen grafisk brugergr\u00e6nseflade<\/li>\n<\/ul>\n<\/section>\n<section>\n<div class=\"medal\">\n<div>&#129353;<\/div>\n<\/div>\n<h2>GParted<\/h2>\n<p>Programmet <b>GParted<\/b> er en gratis, open source-partitionseditor, der udm\u00e6rker sig, n\u00e5r det g\u00e6lder om at \u00e6ndre st\u00f8rrelsen, kopiere og flytte partitioner uden datatab. Det underst\u00f8tter forskellige filsystemer og anvendes ofte til h\u00e5ndtering af diskplads p\u00e5 en harddisk. Med sit enkle grafiske interface kan GParted k\u00f8res fra en live USB, hvilket g\u00f8r det til et b\u00e6rbart og fleksibelt v\u00e6rkt\u00f8j til diskh\u00e5ndtering.<\/p>\n<h3 class='prosTitle'>Fordele<\/h3>\n<ul class='listpc pros'>\n<li>Underst\u00f8tter et bredt udvalg af filsystemer<\/li>\n<li>Grafisk brugerflade<\/li>\n<\/ul>\n<h3 class='consTitle'>Ulemper<\/h3>\n<ul class='listpc cons'>\n<li>Kan v\u00e6re udfordrende at h\u00e5ndtere komplekse genoprettelsesscenarier<\/li>\n<li>Overv\u00e6ldende muligheder for begyndere<\/li>\n<\/ul>\n<\/section>\n<section>\n<div class=\"no-medal\">\n<div>4<\/div>\n<\/div>\n<h2><a href='https:\/\/hddscan.com\/' rel=\"nofollow noopener\" target='_blank'>HDDScan<\/a><\/h2>\n<p><img src=\"https:\/\/www.ping.fm\/data-recovery-software\/wp-content\/uploads\/ai\/https---hddscan-com-Danish.jpg\" alt=\"https:\/\/hddscan.com\/ screenshot\" width=\"1280\" height=\"720\"><\/p>\n<p><b>HDDScan<\/b> er et freeware-program til diagnostik af harddiske. Det tilbyder en r\u00e6kke tests, som kan bruges til at checke for d\u00e5rlige sektorer, overv\u00e5ge SMART-egenskaber og udf\u00f8re low-level benchmarking. Hvad jeg har fundet s\u00e6rligt nyttigt er dets evne til at udf\u00f8re disse diagnostikker uden at beh\u00f8ve at fjerne data fra drevet&#8212;kritisk, n\u00e5r du pr\u00f8ver at forhindre yderligere datatab.<\/p>\n<p><a href='https:\/\/hddscan.com\/' rel=\"nofollow noopener\" target='_blank' class='ofWSite'>Officiel hjemmeside<\/a><\/p>\n<h3 class='prosTitle'>Fordele<\/h3>\n<ul class='listpc pros'>\n<li>Ingen installation n\u00f8dvendig (portabel)<\/li>\n<li>Detaljeret rapportering af drevets tilstand<\/li>\n<\/ul>\n<h3 class='consTitle'>Ulemper<\/h3>\n<ul class='listpc cons'>\n<li>Brugerfladen kan v\u00e6re kompleks for begyndere<\/li>\n<li>Begr\u00e6nsede reparationsmuligheder<\/li>\n<\/ul>\n<\/section>\n<section>\n<div class=\"no-medal\">\n<div>5<\/div>\n<\/div>\n<h2><a href='https:\/\/www.crystalmark.info\/en\/software\/crystaldiskinfo\/' rel=\"nofollow noopener\" target='_blank'>CrystalDiskInfo<\/a><\/h2>\n<p><img src=\"https:\/\/www.ping.fm\/data-recovery-software\/wp-content\/uploads\/ai\/https---www-crystalmark.info-en-software-crystaldiskinfo-.jpg\" alt=\"https:\/\/www.crystalmark.info\/en\/software\/crystaldiskinfo\/ screenshot\" width=\"1280\" height=\"720\"><\/p>\n<p>N\u00e5r det handler om at overv\u00e5ge harddiskens tilstand, er <b>CrystalDiskInfo<\/b> en fast del af min v\u00e6rkt\u00f8jskasse. Det er et gratis v\u00e6rkt\u00f8j, der holder dig informeret om din harddisks SMART-information og fungerer dermed som et tidligt varslingssystem for potentielle drevfejl. Med realtidsmonitorering og alarmer giver CrystalDiskInfo brugerne mulighed for at v\u00e6re proaktive i beskyttelsen af data.<\/p>\n<p><a href='https:\/\/www.crystalmark.info\/en\/software\/crystaldiskinfo\/' rel=\"nofollow noopener\" target='_blank' class='ofWSite'>Officiel hjemmeside<\/a><\/p>\n<h3 class='prosTitle'>Fordele<\/h3>\n<ul class='listpc pros'>\n<li>Realtids SMART-overv\u00e5gning<\/li>\n<li>Brugervenligt interface<\/li>\n<\/ul>\n<h3 class='consTitle'>Ulemper<\/h3>\n<ul class='listpc cons'>\n<li>Begr\u00e6nset til overv\u00e5gning (ingen reparationsmuligheder)<\/li>\n<li>Annoncer i den gratis version<\/li>\n<\/ul>\n<\/section>\n<section>\n<h2>Konklusion:<\/h2>\n<div class=\"nonp\">\n<p>At opretholde dit harddrives sundhed og sikre sikkerheden af dine data er en l\u00f8bende proces. Udover at bruge reparationsv\u00e6rkt\u00f8jer, s\u00e5 s\u00f8rg for at pleje en <b>rutinem\u00e6ssig vedligeholdelse<\/b>, s\u00e5som periodisk tjek for disk fejl ved hj\u00e6lp af indbyggede v\u00e6rkt\u00f8jer som <b>CHKDSK<\/b> p\u00e5 Windows eller <b>Disk Utility<\/b> p\u00e5 macOS. Selvom forebyggende tiltag er essentielle, er genopretning undertiden uundg\u00e5elig. I s\u00e5danne tilf\u00e6lde er det vigtigt at forst\u00e5 reparationsv\u00e6rkt\u00f8jernes muligheder og begr\u00e6nsninger. Redningsaktioner, der involverer softwarev\u00e6rkt\u00f8jer, b\u00f8r fors\u00f8ges f\u00f8r man tyer til professionelle tjenester, som kan v\u00e6re dyre og ikke altid n\u00f8dvendige. Jeg har fundet artikler fra sider som <a href='https:\/\/www.techradar.com\/' rel=\"nofollow noopener\" target='_blank'>TechRadar<\/a> og <a href='https:\/\/www.pcworld.com\/' rel=\"nofollow noopener\" target='_blank'>PCWorld<\/a> nyttige for at holde mig opdateret med de seneste v\u00e6rkt\u00f8jer og teknikker.<\/p>\n<\/div>\n<\/section>\n","protected":false},"excerpt":{"rendered":"<p>Bedste software til reparation af harddiske i 2024 Der er f\u00e5 ting, der er s\u00e5 nedsl\u00e5ende for computerbrugere, som udsigten til harddiskfejl. Om det er den frygtede &#8216;klikkende d\u00f8d&#8217; eller en kryptisk fejlmeddelelse, kan en defekt harddisk synes som et uoverstigeligt problem. Men der findes en overflod af v\u00e6rkt\u00f8jer til reparation af harddiske, der kan [&hellip;]<\/p>\n","protected":false},"author":0,"featured_media":44669,"parent":0,"menu_order":0,"comment_status":"closed","ping_status":"closed","template":"chromecast.php","meta":{"_stopmodifiedupdate":false,"_modified_date":"","_lmt_disableupdate":"","_lmt_disable":""},"acf":[],"yoast_head":"<!-- This site is optimized with the Yoast SEO plugin v20.9 - https:\/\/yoast.com\/wordpress\/plugins\/seo\/ -->\n<title>2024 bedste harddisk reparation software | Bed\u00f8mmelse<\/title>\n<meta name=\"robots\" content=\"index, follow, max-snippet:-1, max-image-preview:large, max-video-preview:-1\" \/>\n<link rel=\"canonical\" href=\"https:\/\/datarecovery.ping.fm\/da\/hard-drive-repair-software\/\" \/>\n<meta property=\"og:locale\" content=\"da_DK\" \/>\n<meta property=\"og:type\" content=\"article\" \/>\n<meta property=\"og:title\" content=\"2024 bedste harddisk reparation software | Bed\u00f8mmelse\" \/>\n<meta property=\"og:description\" content=\"Bedste software til reparation af harddiske i 2024 Der er f\u00e5 ting, der er s\u00e5 nedsl\u00e5ende for computerbrugere, som udsigten til harddiskfejl. Om det er den frygtede &#8216;klikkende d\u00f8d&#8217; eller en kryptisk fejlmeddelelse, kan en defekt harddisk synes som et uoverstigeligt problem. Men der findes en overflod af v\u00e6rkt\u00f8jer til reparation af harddiske, der kan [&hellip;]\" \/>\n<meta property=\"og:url\" content=\"https:\/\/datarecovery.ping.fm\/da\/hard-drive-repair-software\/\" \/>\n<meta property=\"og:site_name\" content=\"Data Recovery Software\" \/>\n<meta property=\"article:modified_time\" content=\"2024-04-23T07:30:41+00:00\" \/>\n<meta property=\"og:image\" content=\"https:\/\/datarecovery.ping.fm\/wp-content\/uploads\/2024\/04\/Best-Hard-Drive-Repair-Software-to-Use-in-2024-Danish-1.jpg\" \/>\n\t<meta property=\"og:image:width\" content=\"1280\" \/>\n\t<meta property=\"og:image:height\" content=\"731\" \/>\n\t<meta property=\"og:image:type\" content=\"image\/jpeg\" \/>\n<meta name=\"twitter:card\" content=\"summary_large_image\" \/>\n<meta name=\"twitter:label1\" content=\"Est. reading time\" \/>\n\t<meta name=\"twitter:data1\" content=\"3 minutter\" \/>\n<script type=\"application\/ld+json\" class=\"yoast-schema-graph\">{\"@context\":\"https:\/\/schema.org\",\"@graph\":[{\"@type\":\"WebPage\",\"@id\":\"https:\/\/datarecovery.ping.fm\/da\/hard-drive-repair-software\/\",\"url\":\"https:\/\/datarecovery.ping.fm\/da\/hard-drive-repair-software\/\",\"name\":\"2024 bedste harddisk reparation software | Bed\u00f8mmelse\",\"isPartOf\":{\"@id\":\"https:\/\/datarecovery.ping.fm\/da\/#website\"},\"datePublished\":\"2024-02-22T06:28:29+00:00\",\"dateModified\":\"2024-04-23T07:30:41+00:00\",\"breadcrumb\":{\"@id\":\"https:\/\/datarecovery.ping.fm\/da\/hard-drive-repair-software\/#breadcrumb\"},\"inLanguage\":\"da-DK\",\"potentialAction\":[{\"@type\":\"ReadAction\",\"target\":[\"https:\/\/datarecovery.ping.fm\/da\/hard-drive-repair-software\/\"]}]},{\"@type\":\"BreadcrumbList\",\"@id\":\"https:\/\/datarecovery.ping.fm\/da\/hard-drive-repair-software\/#breadcrumb\",\"itemListElement\":[{\"@type\":\"ListItem\",\"position\":1,\"name\":\"Home\",\"item\":\"https:\/\/datarecovery.ping.fm\/da\/\"},{\"@type\":\"ListItem\",\"position\":2,\"name\":\"2024&#8217;s bedste harddiskreparationssoftware\"}]},{\"@type\":\"WebSite\",\"@id\":\"https:\/\/datarecovery.ping.fm\/da\/#website\",\"url\":\"https:\/\/datarecovery.ping.fm\/da\/\",\"name\":\"Data Recovery Software\",\"description\":\"\",\"potentialAction\":[{\"@type\":\"SearchAction\",\"target\":{\"@type\":\"EntryPoint\",\"urlTemplate\":\"https:\/\/datarecovery.ping.fm\/da\/?s={search_term_string}\"},\"query-input\":\"required name=search_term_string\"}],\"inLanguage\":\"da-DK\"}]}<\/script>\n<!-- \/ Yoast SEO plugin. -->","yoast_head_json":{"title":"2024 bedste harddisk reparation software | Bed\u00f8mmelse","robots":{"index":"index","follow":"follow","max-snippet":"max-snippet:-1","max-image-preview":"max-image-preview:large","max-video-preview":"max-video-preview:-1"},"canonical":"https:\/\/datarecovery.ping.fm\/da\/hard-drive-repair-software\/","og_locale":"da_DK","og_type":"article","og_title":"2024 bedste harddisk reparation software | Bed\u00f8mmelse","og_description":"Bedste software til reparation af harddiske i 2024 Der er f\u00e5 ting, der er s\u00e5 nedsl\u00e5ende for computerbrugere, som udsigten til harddiskfejl. Om det er den frygtede &#8216;klikkende d\u00f8d&#8217; eller en kryptisk fejlmeddelelse, kan en defekt harddisk synes som et uoverstigeligt problem. Men der findes en overflod af v\u00e6rkt\u00f8jer til reparation af harddiske, der kan [&hellip;]","og_url":"https:\/\/datarecovery.ping.fm\/da\/hard-drive-repair-software\/","og_site_name":"Data Recovery Software","article_modified_time":"2024-04-23T07:30:41+00:00","og_image":[{"width":1280,"height":731,"url":"https:\/\/datarecovery.ping.fm\/wp-content\/uploads\/2024\/04\/Best-Hard-Drive-Repair-Software-to-Use-in-2024-Danish-1.jpg","type":"image\/jpeg"}],"twitter_card":"summary_large_image","twitter_misc":{"Est. reading time":"3 minutter"},"schema":{"@context":"https:\/\/schema.org","@graph":[{"@type":"WebPage","@id":"https:\/\/datarecovery.ping.fm\/da\/hard-drive-repair-software\/","url":"https:\/\/datarecovery.ping.fm\/da\/hard-drive-repair-software\/","name":"2024 bedste harddisk reparation software | Bed\u00f8mmelse","isPartOf":{"@id":"https:\/\/datarecovery.ping.fm\/da\/#website"},"datePublished":"2024-02-22T06:28:29+00:00","dateModified":"2024-04-23T07:30:41+00:00","breadcrumb":{"@id":"https:\/\/datarecovery.ping.fm\/da\/hard-drive-repair-software\/#breadcrumb"},"inLanguage":"da-DK","potentialAction":[{"@type":"ReadAction","target":["https:\/\/datarecovery.ping.fm\/da\/hard-drive-repair-software\/"]}]},{"@type":"BreadcrumbList","@id":"https:\/\/datarecovery.ping.fm\/da\/hard-drive-repair-software\/#breadcrumb","itemListElement":[{"@type":"ListItem","position":1,"name":"Home","item":"https:\/\/datarecovery.ping.fm\/da\/"},{"@type":"ListItem","position":2,"name":"2024&#8217;s bedste harddiskreparationssoftware"}]},{"@type":"WebSite","@id":"https:\/\/datarecovery.ping.fm\/da\/#website","url":"https:\/\/datarecovery.ping.fm\/da\/","name":"Data Recovery Software","description":"","potentialAction":[{"@type":"SearchAction","target":{"@type":"EntryPoint","urlTemplate":"https:\/\/datarecovery.ping.fm\/da\/?s={search_term_string}"},"query-input":"required name=search_term_string"}],"inLanguage":"da-DK"}]}},"_links":{"self":[{"href":"https:\/\/datarecovery.ping.fm\/da\/wp-json\/wp\/v2\/pages\/43702"}],"collection":[{"href":"https:\/\/datarecovery.ping.fm\/da\/wp-json\/wp\/v2\/pages"}],"about":[{"href":"https:\/\/datarecovery.ping.fm\/da\/wp-json\/wp\/v2\/types\/page"}],"replies":[{"embeddable":true,"href":"https:\/\/datarecovery.ping.fm\/da\/wp-json\/wp\/v2\/comments?post=43702"}],"version-history":[{"count":0,"href":"https:\/\/datarecovery.ping.fm\/da\/wp-json\/wp\/v2\/pages\/43702\/revisions"}],"wp:featuredmedia":[{"embeddable":true,"href":"https:\/\/datarecovery.ping.fm\/da\/wp-json\/wp\/v2\/media\/44669"}],"wp:attachment":[{"href":"https:\/\/datarecovery.ping.fm\/da\/wp-json\/wp\/v2\/media?parent=43702"}],"curies":[{"name":"wp","href":"https:\/\/api.w.org\/{rel}","templated":true}]}}