{"id":41661,"date":"2024-02-21T05:25:08","date_gmt":"2024-02-21T05:25:08","guid":{"rendered":"https:\/\/www.ping.fm\/data-recovery-software\/partition-recovery-software\/"},"modified":"2024-04-16T11:31:27","modified_gmt":"2024-04-16T11:31:27","slug":"partition-recovery-software","status":"publish","type":"page","link":"https:\/\/datarecovery.ping.fm\/da\/partition-recovery-software\/","title":{"rendered":"2024 bedste partitionsgendannelsessoftware til Windows"},"content":{"rendered":"<section>\n<h1>Bedste partitionsgendannelsessoftware i 2024 til Windows<\/h1>\n<div class=\"inbrief\">\n<div>             <img src=\"https:\/\/www.ping.fm\/data-recovery-software\/wp-content\/uploads\/ai\/Best-Partition-Recovery-Software-in-2024-for-Windows-Danish.jpg\" alt=\"Bedste partitionsgendannelsessoftware i 2024 til Windows\" title=\"Bedste partitionsgendannelsessoftware i 2024 til Windows\" width=\"1280\" height=\"720\">             <\/p>\n<p>N\u00e5r du ved et uheld har slettet en partition eller v\u00e6ret ude for et systemnedbrud, er f\u00f8lelsen intet mindre end mavevridende, is\u00e6r hvis partitionen indeholdt v\u00e6rdifulde data. Heldigvis kan partitionsgendannelsessoftware v\u00e6re en livline i s\u00e5danne desperate tider. Baseret p\u00e5 min personlige erfaring, her er en oversigt over den bedste partitionsgendannelsessoftware til Windows, som jeg har haft held (eller uheld) at bruge. Hvert v\u00e6rkt\u00f8j kommer med sit eget s\u00e6t funktioner og s\u00e6rheder, s\u00e5 jeg vil give dig indblik i, hvad du kan forvente fra hver enkelt. V\u00e6r opm\u00e6rksom p\u00e5, at det er afg\u00f8rende at stoppe med at bruge det ber\u00f8rte drev for at undg\u00e5 at overskrive eventuelle gendannelsesdata, og altid v\u00e6lge det mest p\u00e5lidelige v\u00e6rkt\u00f8j frem for det billigste.<\/p>\n<\/div>\n<\/div>\n<\/section>\n<section>\n<div class=\"medal\">\n<div>&#129351;<\/div>\n<\/div>\n<h2><a href='https:\/\/www.stellarinfo.com\/partition-recovery-software.php' rel=\"nofollow noopener\" target='_blank'>Stellar Data Recovery<\/a><\/h2>\n<p><img src=\"https:\/\/www.ping.fm\/data-recovery-software\/wp-content\/uploads\/ai\/https---www-stellarinfo-com-partition-recovery-software-phpDanish.jpg\"><\/p>\n<p>Stellar Data Recovery er et kraftfuldt v\u00e6rkt\u00f8j, der tilbyder en beundringsv\u00e6rdig balance mellem et intuitivt brugerflade og kraftige gendannelsesevner. Denne software har v\u00e6ret mit foretrukne valg til lejlighedsvis datatab mareridt, og h\u00e5ndterer partitionsgendannelse med bravour. Den er velegnet til b\u00e5de nybegyndere og avancerede brugere, og jeg har personligt brugt den til at gendanne partitioner, som jeg troede var uden for frelse.<\/p>\n<p><a href='https:\/\/www.stellarinfo.com\/partition-recovery-software.php' rel=\"nofollow noopener\" target='_blank' class='ofWSite'>Officiel Hjemmeside<\/a><\/p>\n<h3 class='prosTitle'>Fordele<\/h3>\n<ul class='listpc pros'>\n<li>Meget intuitivt brugerflade<\/li>\n<li>Avancerede scannermuligheder<\/li>\n<\/ul>\n<h3 class='consTitle'>Ulemper<\/h3>\n<ul class='listpc cons'>\n<li>Gendannelseshastigheden kan v\u00e6re langsom p\u00e5 store drev<\/li>\n<li>Licensomkostningerne er forholdsvis h\u00f8je<\/li>\n<\/ul>\n<\/section>\n<section>\n<div class=\"medal\">\n<div>&#129352;<\/div>\n<\/div>\n<h2><a href='https:\/\/www.easeus.com\/partition-recovery\/' rel=\"nofollow noopener\" target='_blank'>EaseUS Partition Recovery<\/a><\/h2>\n<p><img src=\"https:\/\/www.ping.fm\/data-recovery-software\/wp-content\/uploads\/ai\/https---www-easeus-com-partition-recovery-Danish.jpg\"><\/p>\n<p>En anden perle i partitionsgendannelsesverdenen er EaseUS Partition Recovery. Det er let for \u00f8jne og hjernen, hvilket g\u00f8r hvad der kunne v\u00e6re en st\u00e6rkt teknisk proces til at virke som en spadseretur i parken. Gendannelsesguiden er is\u00e6r hj\u00e6lpsom og guider dig gennem hvert trin. P\u00e5 trods af dets enkelhed, har det succesfuldt hentet data for mig i flere tilf\u00e6lde uden meget besv\u00e6r.<\/p>\n<p><a href='https:\/\/www.easeus.com\/partition-recovery\/' rel=\"nofollow noopener\" target='_blank' class='ofWSite'>Officiel Hjemmeside<\/a><\/p>\n<h3 class='prosTitle'>Fordele<\/h3>\n<ul class='listpc pros'>\n<li>Brugervenligt guidet brugerflade<\/li>\n<li>God underst\u00f8ttelse for forskellige filsystemer<\/li>\n<\/ul>\n<h3 class='consTitle'>Ulemper<\/h3>\n<ul class='listpc cons'>\n<li>Gratis version har begr\u00e6nsede funktioner<\/li>\n<li>Fuld gendannelse kan v\u00e6re tidskr\u00e6vende<\/li>\n<\/ul>\n<\/section>\n<section>\n<div class=\"medal\">\n<div>&#129353;<\/div>\n<\/div>\n<h2>AOMEI Partition Assistant<\/h2>\n<p>AOMEI Partition Assistant handler ikke kun om partitionsgendannelse; det er et komplet partitionsstyringsprogram. Softwaren indeholder en r\u00e6kke funktioner for b\u00e5de gendannelse og almindelig partitionsh\u00e5ndtering. Jeg har hovedsageligt brugt AOMEI til at \u00e6ndre st\u00f8rrelse p\u00e5 og opdele partitioner, men den har en ganske robust gendannelsesfunktion, som har reddet mig mere end \u00e9n gang.<\/p>\n<h3 class='prosTitle'>Fordele<\/h3>\n<ul class='listpc pros'>\n<li>Umfattende v\u00e6rkt\u00f8jer til partitionsh\u00e5ndtering<\/li>\n<li>Gendannelsesfunktionerne er ret p\u00e5lidelige<\/li>\n<\/ul>\n<h3 class='consTitle'>Ulemper<\/h3>\n<ul class='listpc cons'>\n<li>Gr\u00e6nsefladen kan v\u00e6re overv\u00e6ldende for begyndere<\/li>\n<li>Visse avancerede funktioner kr\u00e6ver pro-versionen<\/li>\n<\/ul>\n<\/section>\n<section>\n<div class=\"no-medal\">\n<div>4<\/div>\n<\/div>\n<h2><a href='https:\/\/www.cleverfiles.com\/partition-recovery.html' rel=\"nofollow noopener\" target='_blank'>Disk Drill<\/a><\/h2>\n<p><img src=\"https:\/\/www.ping.fm\/data-recovery-software\/wp-content\/uploads\/ai\/https---www-cleverfiles-com-partition-recovery-htmlDanish.jpg\"><\/p>\n<p>Disk Drill viste sig at v\u00e6re en uventet helt i landskabet for partitionsgendannelse. Med en overflod af gendannelsesv\u00e6rkt\u00f8jer har det ofte v\u00e6ret min sidste udvej, n\u00e5r andre har sl\u00e5et fejl. Dens dybdeg\u00e5ende scanning er is\u00e6r nyttig, idet den har muliggjort gendannelse af filer, der blev betragtet som tabt for altid. Det er brugervenligt, men g\u00e5r ikke p\u00e5 kompromis med sin robuste gendannelsesevne.<\/p>\n<p><a href='https:\/\/www.cleverfiles.com\/partition-recovery.html' rel=\"nofollow noopener\" target='_blank' class='ofWSite'>Officiel hjemmeside<\/a><\/p>\n<h3 class='prosTitle'>Fordele<\/h3>\n<ul class='listpc pros'>\n<li>Fremragende evner for dybdeg\u00e5ende scanning<\/li>\n<li>Enkelt, brugercentreret design<\/li>\n<\/ul>\n<h3 class='consTitle'>Ulemper<\/h3>\n<ul class='listpc cons'>\n<li>Gendannelse kan v\u00e6re langsom<\/li>\n<li>Fuld funktionalitet kr\u00e6ver en betalt opgradering<\/li>\n<\/ul>\n<\/section>\n<section>\n<div class=\"no-medal\">\n<div>5<\/div>\n<\/div>\n<h2><a href='https:\/\/www.minitool.com\/data-recovery-software\/partition-recovery.html' rel=\"nofollow noopener\" target='_blank'>MiniTool Partition Recovery<\/a><\/h2>\n<p><img src=\"https:\/\/www.ping.fm\/data-recovery-software\/wp-content\/uploads\/ai\/https---www-minitool-com-data-recovery-software-partition-recovery-htmlDanish.jpg\"><\/p>\n<p>MiniTool Partition Recovery er en fokuseret applikation, der koncentrerer sig om partitionsgendannelse uden klokker og fl\u00f8jter fra komplette data gendannelsesprogrammer. Det er et specialiseret v\u00e6rkt\u00f8j, som jeg har brugt, n\u00e5r jeg vidste pr\u00e6cis, hvad jeg skulle gendanne. Det er hurtigt, effektivt og fri for alt, der kan distrahere fra dets eneste form\u00e5l: at f\u00e5 dine partitioner tilbage.<\/p>\n<p><a href='https:\/\/www.minitool.com\/data-recovery-software\/partition-recovery.html' rel=\"nofollow noopener\" target='_blank' class='ofWSite'>Officiel hjemmeside<\/a><\/p>\n<h3 class='prosTitle'>Fordele<\/h3>\n<ul class='listpc pros'>\n<li>Specialiseret i partitionsgendannelse<\/li>\n<li>Hurtig og effektiv drift<\/li>\n<\/ul>\n<h3 class='consTitle'>Ulemper<\/h3>\n<ul class='listpc cons'>\n<li>Begr\u00e6nset funktionalitet ud over partitionsgendannelse<\/li>\n<li>Gr\u00e6nsefladen er ikke den mest moderne<\/li>\n<\/ul>\n<\/section>\n<section>\n<h2>Konklusion:<\/h2>\n<div class=\"nonp\">\n<p>Data tab kan v\u00e6re en traumatisk oplevelse, men der er skridt, du kan tage for at minimere risici. Ved at bruge cloud lagringstjenester som OneDrive eller <a href='https:\/\/www.dropbox.com\/' rel=\"nofollow noopener\" target='_blank'>Dropbox<\/a> til dine vigtige filer kan du tilf\u00f8je et ekstra lag af sikkerhed. Yderligere kan regelm\u00e6ssige systemkontroller med v\u00e6rkt\u00f8jer som <a href='https:\/\/www.ccleaner.com\/ccleaner' rel=\"nofollow noopener\" target='_blank'>CCleaner<\/a> for at fjerne un\u00f8dvendige filer og <a href='https:\/\/www.malwarebytes.com\/' rel=\"nofollow noopener\" target='_blank'>Malwarebytes<\/a> for malware-scanninger v\u00e6re en stor hj\u00e6lp til at forebygge systemnedbrud, som f\u00f8rer til tab af partitioner. Sidst, men ikke mindst, b\u00f8r du v\u00e6re forsigtig, n\u00e5r du selv opdeler drev; det anbefales at bruge ekspertguides eller professionel hj\u00e6lp, hvis du ikke er sikker p\u00e5 dine f\u00e6rdigheder.<\/p>\n<\/div>\n<\/section>\n","protected":false},"excerpt":{"rendered":"<p>Bedste partitionsgendannelsessoftware i 2024 til Windows N\u00e5r du ved et uheld har slettet en partition eller v\u00e6ret ude for et systemnedbrud, er f\u00f8lelsen intet mindre end mavevridende, is\u00e6r hvis partitionen indeholdt v\u00e6rdifulde data. Heldigvis kan partitionsgendannelsessoftware v\u00e6re en livline i s\u00e5danne desperate tider. Baseret p\u00e5 min personlige erfaring, her er en oversigt over den bedste [&hellip;]<\/p>\n","protected":false},"author":0,"featured_media":41662,"parent":0,"menu_order":0,"comment_status":"closed","ping_status":"closed","template":"chromecast.php","meta":{"_stopmodifiedupdate":false,"_modified_date":"","_lmt_disableupdate":"","_lmt_disable":""},"acf":[],"yoast_head":"<!-- This site is optimized with the Yoast SEO plugin v20.9 - https:\/\/yoast.com\/wordpress\/plugins\/seo\/ -->\n<title>2024 bedste Windows-partitionsopsvingssoftware<\/title>\n<meta name=\"robots\" content=\"index, follow, max-snippet:-1, max-image-preview:large, max-video-preview:-1\" \/>\n<link rel=\"canonical\" href=\"https:\/\/datarecovery.ping.fm\/da\/partition-recovery-software\/\" \/>\n<meta property=\"og:locale\" content=\"da_DK\" \/>\n<meta property=\"og:type\" content=\"article\" \/>\n<meta property=\"og:title\" content=\"2024 bedste Windows-partitionsopsvingssoftware\" \/>\n<meta property=\"og:description\" content=\"Bedste partitionsgendannelsessoftware i 2024 til Windows N\u00e5r du ved et uheld har slettet en partition eller v\u00e6ret ude for et systemnedbrud, er f\u00f8lelsen intet mindre end mavevridende, is\u00e6r hvis partitionen indeholdt v\u00e6rdifulde data. Heldigvis kan partitionsgendannelsessoftware v\u00e6re en livline i s\u00e5danne desperate tider. Baseret p\u00e5 min personlige erfaring, her er en oversigt over den bedste [&hellip;]\" \/>\n<meta property=\"og:url\" content=\"https:\/\/datarecovery.ping.fm\/da\/partition-recovery-software\/\" \/>\n<meta property=\"og:site_name\" content=\"Data Recovery Software\" \/>\n<meta property=\"article:modified_time\" content=\"2024-04-16T11:31:27+00:00\" \/>\n<meta property=\"og:image\" content=\"https:\/\/datarecovery.ping.fm\/wp-content\/uploads\/2024\/04\/Best-Partition-Recovery-Software-in-2024-for-Windows-Danish.jpg\" \/>\n\t<meta property=\"og:image:width\" content=\"1280\" \/>\n\t<meta property=\"og:image:height\" content=\"731\" \/>\n\t<meta property=\"og:image:type\" content=\"image\/jpeg\" \/>\n<meta name=\"twitter:card\" content=\"summary_large_image\" \/>\n<meta name=\"twitter:label1\" content=\"Est. reading time\" \/>\n\t<meta name=\"twitter:data1\" content=\"3 minutter\" \/>\n<script type=\"application\/ld+json\" class=\"yoast-schema-graph\">{\"@context\":\"https:\/\/schema.org\",\"@graph\":[{\"@type\":\"WebPage\",\"@id\":\"https:\/\/datarecovery.ping.fm\/da\/partition-recovery-software\/\",\"url\":\"https:\/\/datarecovery.ping.fm\/da\/partition-recovery-software\/\",\"name\":\"2024 bedste Windows-partitionsopsvingssoftware\",\"isPartOf\":{\"@id\":\"https:\/\/datarecovery.ping.fm\/da\/#website\"},\"datePublished\":\"2024-02-21T05:25:08+00:00\",\"dateModified\":\"2024-04-16T11:31:27+00:00\",\"breadcrumb\":{\"@id\":\"https:\/\/datarecovery.ping.fm\/da\/partition-recovery-software\/#breadcrumb\"},\"inLanguage\":\"da-DK\",\"potentialAction\":[{\"@type\":\"ReadAction\",\"target\":[\"https:\/\/datarecovery.ping.fm\/da\/partition-recovery-software\/\"]}]},{\"@type\":\"BreadcrumbList\",\"@id\":\"https:\/\/datarecovery.ping.fm\/da\/partition-recovery-software\/#breadcrumb\",\"itemListElement\":[{\"@type\":\"ListItem\",\"position\":1,\"name\":\"Home\",\"item\":\"https:\/\/datarecovery.ping.fm\/da\/\"},{\"@type\":\"ListItem\",\"position\":2,\"name\":\"2024 bedste partitionsgendannelsessoftware til Windows\"}]},{\"@type\":\"WebSite\",\"@id\":\"https:\/\/datarecovery.ping.fm\/da\/#website\",\"url\":\"https:\/\/datarecovery.ping.fm\/da\/\",\"name\":\"Data Recovery Software\",\"description\":\"\",\"potentialAction\":[{\"@type\":\"SearchAction\",\"target\":{\"@type\":\"EntryPoint\",\"urlTemplate\":\"https:\/\/datarecovery.ping.fm\/da\/?s={search_term_string}\"},\"query-input\":\"required name=search_term_string\"}],\"inLanguage\":\"da-DK\"}]}<\/script>\n<!-- \/ Yoast SEO plugin. -->","yoast_head_json":{"title":"2024 bedste Windows-partitionsopsvingssoftware","robots":{"index":"index","follow":"follow","max-snippet":"max-snippet:-1","max-image-preview":"max-image-preview:large","max-video-preview":"max-video-preview:-1"},"canonical":"https:\/\/datarecovery.ping.fm\/da\/partition-recovery-software\/","og_locale":"da_DK","og_type":"article","og_title":"2024 bedste Windows-partitionsopsvingssoftware","og_description":"Bedste partitionsgendannelsessoftware i 2024 til Windows N\u00e5r du ved et uheld har slettet en partition eller v\u00e6ret ude for et systemnedbrud, er f\u00f8lelsen intet mindre end mavevridende, is\u00e6r hvis partitionen indeholdt v\u00e6rdifulde data. Heldigvis kan partitionsgendannelsessoftware v\u00e6re en livline i s\u00e5danne desperate tider. Baseret p\u00e5 min personlige erfaring, her er en oversigt over den bedste [&hellip;]","og_url":"https:\/\/datarecovery.ping.fm\/da\/partition-recovery-software\/","og_site_name":"Data Recovery Software","article_modified_time":"2024-04-16T11:31:27+00:00","og_image":[{"width":1280,"height":731,"url":"https:\/\/datarecovery.ping.fm\/wp-content\/uploads\/2024\/04\/Best-Partition-Recovery-Software-in-2024-for-Windows-Danish.jpg","type":"image\/jpeg"}],"twitter_card":"summary_large_image","twitter_misc":{"Est. reading time":"3 minutter"},"schema":{"@context":"https:\/\/schema.org","@graph":[{"@type":"WebPage","@id":"https:\/\/datarecovery.ping.fm\/da\/partition-recovery-software\/","url":"https:\/\/datarecovery.ping.fm\/da\/partition-recovery-software\/","name":"2024 bedste Windows-partitionsopsvingssoftware","isPartOf":{"@id":"https:\/\/datarecovery.ping.fm\/da\/#website"},"datePublished":"2024-02-21T05:25:08+00:00","dateModified":"2024-04-16T11:31:27+00:00","breadcrumb":{"@id":"https:\/\/datarecovery.ping.fm\/da\/partition-recovery-software\/#breadcrumb"},"inLanguage":"da-DK","potentialAction":[{"@type":"ReadAction","target":["https:\/\/datarecovery.ping.fm\/da\/partition-recovery-software\/"]}]},{"@type":"BreadcrumbList","@id":"https:\/\/datarecovery.ping.fm\/da\/partition-recovery-software\/#breadcrumb","itemListElement":[{"@type":"ListItem","position":1,"name":"Home","item":"https:\/\/datarecovery.ping.fm\/da\/"},{"@type":"ListItem","position":2,"name":"2024 bedste partitionsgendannelsessoftware til Windows"}]},{"@type":"WebSite","@id":"https:\/\/datarecovery.ping.fm\/da\/#website","url":"https:\/\/datarecovery.ping.fm\/da\/","name":"Data Recovery Software","description":"","potentialAction":[{"@type":"SearchAction","target":{"@type":"EntryPoint","urlTemplate":"https:\/\/datarecovery.ping.fm\/da\/?s={search_term_string}"},"query-input":"required name=search_term_string"}],"inLanguage":"da-DK"}]}},"_links":{"self":[{"href":"https:\/\/datarecovery.ping.fm\/da\/wp-json\/wp\/v2\/pages\/41661"}],"collection":[{"href":"https:\/\/datarecovery.ping.fm\/da\/wp-json\/wp\/v2\/pages"}],"about":[{"href":"https:\/\/datarecovery.ping.fm\/da\/wp-json\/wp\/v2\/types\/page"}],"replies":[{"embeddable":true,"href":"https:\/\/datarecovery.ping.fm\/da\/wp-json\/wp\/v2\/comments?post=41661"}],"version-history":[{"count":0,"href":"https:\/\/datarecovery.ping.fm\/da\/wp-json\/wp\/v2\/pages\/41661\/revisions"}],"wp:featuredmedia":[{"embeddable":true,"href":"https:\/\/datarecovery.ping.fm\/da\/wp-json\/wp\/v2\/media\/41662"}],"wp:attachment":[{"href":"https:\/\/datarecovery.ping.fm\/da\/wp-json\/wp\/v2\/media?parent=41661"}],"curies":[{"name":"wp","href":"https:\/\/api.w.org\/{rel}","templated":true}]}}