{"id":41253,"date":"2024-01-30T08:57:53","date_gmt":"2024-01-30T08:57:53","guid":{"rendered":"https:\/\/www.ping.fm\/data-recovery-software\/deleted-partition-recovery\/"},"modified":"2024-04-16T10:34:13","modified_gmt":"2024-04-16T10:34:13","slug":"deleted-partition-recovery","status":"publish","type":"page","link":"https:\/\/datarecovery.ping.fm\/da\/deleted-partition-recovery\/","title":{"rendered":"S\u00e5dan gendannes slettede eller mistede partitioner p\u00e5 Windows"},"content":{"rendered":"<section>\n<h1>S\u00e5dan gendannes slettede eller tabte partitioner i Windows<\/h1>\n<div class=\"inbrief\">\n<div>&#13;              <img decoding=\"async\" class=\"lazyload\"  srcset=\"data:image\/png;base64,iVBORw0KGgoAAAANSUhEUgAABLAAAAKkAQMAAAAqeFQ7AAAAA3NCSVQICAjb4U\/gAAAABlBMVEX\/\/\/\/\/\/\/9VfPVsAAAAAnRSTlMA\/1uRIrUAAAAJcEhZcwAACxIAAAsSAdLdfvwAAAAcdEVYdFNvZnR3YXJlAEFkb2JlIEZpcmV3b3JrcyBDUzbovLKMAAAAFnRFWHRDcmVhdGlvbiBUaW1lADAxLzI5LzE536V52wAAAHpJREFUeJztwQENAAAAwqD3T20ON6AAAAAAAAAAAAAAAAAAAAAAAAAAAAAAAAAAAAAAAAAAAAAAAAAAAAAAAAAAAAAAAAAAAAAAAAAAAAAAAAAAAAAAAAAAAAAAAAAAAAAAAAAAAAAAAAAAAAAAAAAAAAAAAAAAAIAHA47LAAHp9LjEAAAAAElFTkSuQmCC\" src=\"https:\/\/www.ping.fm\/data-recovery-software\/wp-content\/uploads\/ai\/How-to-Recover-Deleted-or-Lost-Partition-on-Windows-Danish.jpg\" data-srcset=\"https:\/\/www.ping.fm\/data-recovery-software\/wp-content\/uploads\/ai\/How-to-Recover-Deleted-or-Lost-Partition-on-Windows-Danish.jpg\" data-lazy-type=\"image\" data-original=\"https:\/\/www.ping.fm\/data-recovery-software\/wp-content\/uploads\/ai\/How-to-Recover-Deleted-or-Lost-Partition-on-Windows-Danish.jpg\" alt=\"S\u00e5dan gendannes slettede eller tabte partitioner i Windows\" title=\"S\u00e5dan gendannes slettede eller tabte partitioner i Windows\" width=\"1280\" height=\"720\">&#13;              <\/p>\n<p>At miste en partition p\u00e5 dit Windows-system kan f\u00f8les som et mareridt for enhver bruger. Uanset om det skyldes en fejlbeh\u00e6ftet operation, malware eller simpel menneskelig fejl, indeholder en tabt partition ofte vigtige data, der virker uoprettelige. Det er dog flere metoder til at gendanne en slettet partition i Windows. I min personlige erfaring kan t\u00e5lmodighed og de rigtige v\u00e6rkt\u00f8jer forvandle det, der ligner en katastrofe, til en gendanbar situation. Denne artikel vil guide dig gennem forskellige metoder, som jeg har brugt til succesfuldt at genoprette slettede partitioner og beskytte v\u00e6sentlige data.<\/p>\n<\/div>\n<\/div>\n<\/section>\n<p>&#13;              <\/p>\n<section>\n<div>\n<div>1<\/div>\n<h2>Almindelige scenarier:<\/h2>\n<\/div>\n<h3>Ved et uheld slettet &#128465;<\/h3>\n<ul>\n<li><b>Menneskelig fejl:<\/b> M\u00e5ske den mest almindelige \u00e5rsag; ved et uheld formatere eller slette partitionen, mens man roder med diskh\u00e5ndtering.<\/li>\n<li><b>Softwarekonflikt:<\/b> Nogle gange kan installation eller afinstallation af software utilsigtet p\u00e5virke partitionstabellen.<\/li>\n<\/ul>\n<h3>Korruption af partitionstabel &#128165;<\/h3>\n<ul>\n<li><b>Malware eller virus:<\/b> Skadelig software, der inficerer systemet, kan f\u00f8re til korruption af partitionstabellen.<\/li>\n<li><b>Str\u00f8mafbrydelse:<\/b> Pludselig str\u00f8mnedbrud, mens diskeoperationer er i gang, kan korruptere partitionoplysningerne.<\/li>\n<\/ul>\n<h3>H\u00e5ndteringsfejl i diskh\u00e5ndtering &#128736;<\/h3>\n<ul>\n<li><b>Fejl i diskh\u00e5ndtering:<\/b> Forkert brug af Windows&#8217; indbyggede Diskh\u00e5ndteringsv\u00e6rkt\u00f8j kan resultere i tabte partitioner.<\/li>\n<li><b>Tredjepartsv\u00e6rkt\u00f8jer:<\/b> Forkert brug af tredjeparts partitionsh\u00e5ndteringssoftware kan undertiden slette partitioner.<\/li>\n<\/ul>\n<\/section>\n<p>&#13;              <\/p>\n<section class=\"stepByStep\">\n<div>\n<div>2<\/div>\n<h2>Trin for trin-guide. Gendan slettet partition:<\/h2>\n<\/div>\n<h3>Metode 1: Brug Windows Diskh\u00e5ndtering &#129520;<\/h3>\n<ul>\n<li>\u00c5bn <b>Diskh\u00e5ndtering<\/b> ved at trykke <b>Win + R<\/b>, skrive <b>diskmgmt.msc<\/b>, og trykke Enter.<\/li>\n<li>Led efter uallokeret plads, hvor din partition plejede at v\u00e6re.<\/li>\n<li>H\u00f8jreklik p\u00e5 den uallokerede plads og v\u00e6lg <b>Ny simpel diskenhed&#8230;<\/b><\/li>\n<li>F\u00f8lg guiden for at genskabe partitionen. S\u00f8rg for ikke at formatere den, hvis du h\u00e5ber p\u00e5 at gendanne data senere.<\/li>\n<\/ul>\n<p><b>Note:<\/b> Denne metode gendanner ikke dine data, men kan forberede din disk til, at datarekonstruktionssoftware kan g\u00f8re sit arbejde.<\/p>\n<p><b>Konklusion:<\/b> Selvom enkel, er denne tilgang nyttig, n\u00e5r man har at g\u00f8re med ikke-formaterede slettede partitioner.<\/p>\n<h3>Metode 2: K\u00f8r CHKDSK-v\u00e6rkt\u00f8jet &#128736;<\/h3>\n<ul>\n<li>\u00c5bn <b>Kommandoprompt<\/b> som administrator.<\/li>\n<li>Skriv <b>chkdsk \/f X:<\/b> hvor X er bogstavet for den manglende partition og tryk Enter.<\/li>\n<li>Vent p\u00e5, at processen er fuldf\u00f8rt. Dette kan tage noget tid afh\u00e6ngigt af diskens st\u00f8rrelse.<\/li>\n<\/ul>\n<p><b>Note:<\/b> Denne metode fors\u00f8ger at reparere filsystemfejl, som m\u00e5ske kan g\u00f8re partitionen synlig igen.<\/p>\n<p><b>Konklusion:<\/b> CHKDSK-v\u00e6rkt\u00f8jet er et kraftfuldt v\u00e6rkt\u00f8j til at reparere filsystemproblemer, der kunne v\u00e6re med til at forhindre adgang til partitioner.<\/p>\n<h3>Metode 3: Gendan fra systemgendannelsespunkt &#128260;<\/h3>\n<ul>\n<li>Naviger til <b>Kontrolpanel<\/b> > <b>System<\/b> > <b>Systembeskyttelse<\/b>.<\/li>\n<li>Klik p\u00e5 <b>Systemgendannelse&#8230;<\/b> og f\u00f8lg instruktionerne for at v\u00e6lge et gendannelsespunkt f\u00f8r tabet af partitionen.<\/li>\n<li>Gennemf\u00f8r systemgendannelsesprocessen.<\/li>\n<\/ul>\n<p><b>Note:<\/b> S\u00f8rg for, at systembeskyttelse er aktiveret, og du har oprettet gendannelsespunkter.<\/p>\n<p><b>Konklusion:<\/b> Denne metode kan potentielt bringe konfigurationen af din partition tilbage til en tidligere tilstand.<\/p>\n<h3>Metode 4: Brug et partitionsgendannelsesv\u00e6rkt\u00f8j &#129522;<\/h3>\n<ul>\n<li>Download og installer et p\u00e5lideligt partitionsgendannelsesv\u00e6rkt\u00f8j.<\/li>\n<li>\u00c5bn v\u00e6rkt\u00f8jet og v\u00e6lg disken, hvor partitionen blev slettet.<\/li>\n<li>F\u00f8lg softwarens instruktioner for at scanne og gendanne den slettede partition.<\/li>\n<\/ul>\n<p><b>Note:<\/b> En s\u00e5dan software kan ofte gendanne partitioner med dataene intakte.<\/p>\n<p><b>Konklusion:<\/b> Brug af et partitionsgendannelsesv\u00e6rkt\u00f8j er en af de mest effektive m\u00e5der at gendanne en tabt partition og dens data p\u00e5.<\/p>\n<h3>Metode 5: Genopbyg Master Boot Record (MBR) &#9881;<\/h3>\n<ul>\n<li>Boot fra et Windows installationsmedie.<\/li>\n<li>P\u00e5 ops\u00e6tningssk\u00e6rmen, klik <b>&#8216;Reparer din computer&#8217;<\/b>.<\/li>\n<li>V\u00e6lg <b>Fejlfinding<\/b> > <b>Avancerede indstillinger<\/b> > <b>Kommandoprompt<\/b>.<\/li>\n<li>I Kommandoprompt, skriv <b>bootrec \/fixmbr<\/b> og derefter <b>bootrec \/fixboot<\/b>.<\/li>\n<li>Genstart dit system for at se, om partitionen vises.<\/li>\n<\/ul>\n<p><b>Note:<\/b> Denne metode er nyttig, n\u00e5r en korrupt MBR er \u00e5rsagen til den manglende partition.<\/p>\n<p><b>Konklusion:<\/b> At genopbygge MBR kan gendanne adgang til partitioner, hvis problemet ligger i opstartsprocessen.<\/p>\n<\/section>\n<section>\n<div>\n<div>3<\/div>\n<h2>Youtube-video at se<\/h2>\n<\/div>\n<div class=\"iframe\"><span class=\"lazyload\" data-original_content=\"PGlmcmFtZSB3aWR0aD0iNDIwIiBoZWlnaHQ9IjMxNSIgc3JjPSIvL3d3dy55b3V0dWJlLmNvbS9lbWJlZC9XWTNLWjd2Q2JuZyIgZnJhbWVib3JkZXI9IjAiIGFsbG93ZnVsbHNjcmVlbj48L2lmcmFtZT4=\"><\/span><\/div>\n<\/section>\n<p>&#13;                          <\/p>\n<section>\n<div>\n<div>4<\/div>\n<h2>Forholdsregler og tips:<\/h2>\n<\/div>\n<h3>Beskyt dine data &#128737;<\/h3>\n<ul>\n<li>At oprette <b>backups<\/b> af dine data regelm\u00e6ssigt er afg\u00f8rende for at undg\u00e5 at miste vigtige filer.<\/li>\n<li>Aktiv\u00e9r <b>Systemgendannelse<\/b> i Windows for at skabe gendannelsespunkter, f\u00f8r du foretager v\u00e6sentlige \u00e6ndringer i dit system.<\/li>\n<li>Double-check altid, f\u00f8r du udf\u00f8rer operationer p\u00e5 diskpartitioner.<\/li>\n<\/ul>\n<h3>Forberedelse er n\u00f8glen &#128273;<\/h3>\n<ul>\n<li>Opret et <b>Windows-genoprettelsesdrev<\/b> til n\u00f8dsituationer.<\/li>\n<li>Hold et p\u00e5lideligt tredjeparts partitionsgendannelsesv\u00e6rkt\u00f8j installeret p\u00e5 dit system.<\/li>\n<li>V\u00e6r forsigtig, n\u00e5r du installerer ny software, der kunne p\u00e5virke diskpartitioner.<\/li>\n<\/ul>\n<\/section>\n<p>&#13;                          <\/p>\n<section>\n<div>\n<div>5<\/div>\n<h2>Yderligere indsigter<\/h2>\n<\/div>\n<p>N\u00e5r det kommer til datagendannelse, er <b>tid<\/b> essentiel. Jo l\u00e6ngere du venter efter en partition er slettet, jo h\u00f8jere er chancen for, at nye data overskriver de mistede data, hvilket g\u00f8r gendannelse meget vanskeligere. Hvis du bem\u00e6rker, at en partition mangler, stop med at bruge disken med det samme for at undg\u00e5 at overskrive de slettede data.<\/p>\n<p><b>Datagendannelsestjenester<\/b> er ogs\u00e5 en mulighed, hvis du ikke f\u00f8ler dig tryg ved selv at udf\u00f8re disse skridt, eller hvis dataene er s\u00e6rligt v\u00e6rdifulde. Professionelle tjenester som <a href=\"https:\/\/www.drivesaversdatarecovery.com\/\" rel=\"nofollow external noopener noreferrer\" target=\"_blank\" data-wpel-link=\"external\">DriveSavers<\/a> kan ofte gendanne partitioner og data, som software ikke kan.<\/p>\n<p>Overvej ogs\u00e5 <a href=\"https:\/\/www.microsoft.com\/en-us\/download\/details.aspx?id=10042\" rel=\"nofollow external noopener noreferrer\" target=\"_blank\" data-wpel-link=\"external\">Windows File Recovery<\/a>-v\u00e6rkt\u00f8jet, et kommandolinjev\u00e6rkt\u00f8j fra Microsoft, der kan hj\u00e6lpe med at gendanne filer. Selvom det ikke specifikt gendanner partitioner, kan det v\u00e6re nyttigt til at hente filer, efter du har genetableret partitionen.<\/p>\n<p>Husk p\u00e5, at selvom g\u00f8r-det-selv-l\u00f8sninger virker i mange scenarier, er de ikke ufejlbarlige. V\u00e6rdifulde eller f\u00f8lsomme data kan det v\u00e6re bedst at betro til professionelle.<\/p>\n<\/section>\n<section>\n<h2>Konklusion:<\/h2>\n<div class=\"nonp\">\n<p>I konklusion er det absolut muligt at gendanne en slettet partition p\u00e5 Windows, hvilket er noget, jeg har klaret flere gange. Det kr\u00e6ver en vis teknisk viden og undertiden ogs\u00e5 en smule held, men med de rigtige v\u00e6rkt\u00f8jer og teknikker, s\u00e5som <b>Diskh\u00e5ndtering<\/b>, <b>CHKDSK<\/b>, <b>systemgendannelse<\/b>, <b>gendannelsessoftware til partitioner<\/b>, og genopbygning af MBR, er oddsene til din fordel. Husk bare at tage forholdsregler, som regelm\u00e6ssige sikkerhedskopier og oprettelse af et gendannelsesdrev, for at beskytte mod datatab i fremtiden. Frem for alt, s\u00e5 fortvivl ikke \u2013 hj\u00e6lpen er som regel kun et par klik v\u00e6k.<\/p>\n<\/div>\n<\/section>\n","protected":false},"excerpt":{"rendered":"<p>S\u00e5dan gendannes slettede eller tabte partitioner i Windows &#13; &#13; At miste en partition p\u00e5 dit Windows-system kan f\u00f8les som et mareridt for enhver bruger. Uanset om det skyldes en fejlbeh\u00e6ftet operation, malware eller simpel menneskelig fejl, indeholder en tabt partition ofte vigtige data, der virker uoprettelige. Det er dog flere metoder til at gendanne [&hellip;]<\/p>\n","protected":false},"author":0,"featured_media":41254,"parent":0,"menu_order":0,"comment_status":"closed","ping_status":"closed","template":"chromecast.php","meta":{"_stopmodifiedupdate":false,"_modified_date":"","_lmt_disableupdate":"","_lmt_disable":""},"acf":[],"yoast_head":"<!-- This site is optimized with the Yoast SEO plugin v20.9 - https:\/\/yoast.com\/wordpress\/plugins\/seo\/ -->\n<title>S\u00e5dan gendannes slettede eller mistede partitioner p\u00e5 Windows (Guide)<\/title>\n<meta name=\"robots\" content=\"index, follow, max-snippet:-1, max-image-preview:large, max-video-preview:-1\" \/>\n<link rel=\"canonical\" href=\"https:\/\/datarecovery.ping.fm\/da\/deleted-partition-recovery\/\" \/>\n<meta property=\"og:locale\" content=\"da_DK\" \/>\n<meta property=\"og:type\" content=\"article\" \/>\n<meta property=\"og:title\" content=\"S\u00e5dan gendannes slettede eller mistede partitioner p\u00e5 Windows (Guide)\" \/>\n<meta property=\"og:description\" content=\"S\u00e5dan gendannes slettede eller tabte partitioner i Windows &#013; &#013; At miste en partition p\u00e5 dit Windows-system kan f\u00f8les som et mareridt for enhver bruger. Uanset om det skyldes en fejlbeh\u00e6ftet operation, malware eller simpel menneskelig fejl, indeholder en tabt partition ofte vigtige data, der virker uoprettelige. Det er dog flere metoder til at gendanne [&hellip;]\" \/>\n<meta property=\"og:url\" content=\"https:\/\/datarecovery.ping.fm\/da\/deleted-partition-recovery\/\" \/>\n<meta property=\"og:site_name\" content=\"Data Recovery Software\" \/>\n<meta property=\"article:modified_time\" content=\"2024-04-16T10:34:13+00:00\" \/>\n<meta property=\"og:image\" content=\"https:\/\/datarecovery.ping.fm\/wp-content\/uploads\/2024\/04\/How-to-Recover-Deleted-or-Lost-Partition-on-Windows-Danish.jpg\" \/>\n\t<meta property=\"og:image:width\" content=\"1280\" \/>\n\t<meta property=\"og:image:height\" content=\"731\" \/>\n\t<meta property=\"og:image:type\" content=\"image\/jpeg\" \/>\n<meta name=\"twitter:card\" content=\"summary_large_image\" \/>\n<meta name=\"twitter:label1\" content=\"Est. reading time\" \/>\n\t<meta name=\"twitter:data1\" content=\"5 minutter\" \/>\n<script type=\"application\/ld+json\" class=\"yoast-schema-graph\">{\"@context\":\"https:\/\/schema.org\",\"@graph\":[{\"@type\":\"WebPage\",\"@id\":\"https:\/\/datarecovery.ping.fm\/da\/deleted-partition-recovery\/\",\"url\":\"https:\/\/datarecovery.ping.fm\/da\/deleted-partition-recovery\/\",\"name\":\"S\u00e5dan gendannes slettede eller mistede partitioner p\u00e5 Windows (Guide)\",\"isPartOf\":{\"@id\":\"https:\/\/datarecovery.ping.fm\/da\/#website\"},\"datePublished\":\"2024-01-30T08:57:53+00:00\",\"dateModified\":\"2024-04-16T10:34:13+00:00\",\"breadcrumb\":{\"@id\":\"https:\/\/datarecovery.ping.fm\/da\/deleted-partition-recovery\/#breadcrumb\"},\"inLanguage\":\"da-DK\",\"potentialAction\":[{\"@type\":\"ReadAction\",\"target\":[\"https:\/\/datarecovery.ping.fm\/da\/deleted-partition-recovery\/\"]}]},{\"@type\":\"BreadcrumbList\",\"@id\":\"https:\/\/datarecovery.ping.fm\/da\/deleted-partition-recovery\/#breadcrumb\",\"itemListElement\":[{\"@type\":\"ListItem\",\"position\":1,\"name\":\"Home\",\"item\":\"https:\/\/datarecovery.ping.fm\/da\/\"},{\"@type\":\"ListItem\",\"position\":2,\"name\":\"S\u00e5dan gendannes slettede eller mistede partitioner p\u00e5 Windows\"}]},{\"@type\":\"WebSite\",\"@id\":\"https:\/\/datarecovery.ping.fm\/da\/#website\",\"url\":\"https:\/\/datarecovery.ping.fm\/da\/\",\"name\":\"Data Recovery Software\",\"description\":\"\",\"potentialAction\":[{\"@type\":\"SearchAction\",\"target\":{\"@type\":\"EntryPoint\",\"urlTemplate\":\"https:\/\/datarecovery.ping.fm\/da\/?s={search_term_string}\"},\"query-input\":\"required name=search_term_string\"}],\"inLanguage\":\"da-DK\"}]}<\/script>\n<!-- \/ Yoast SEO plugin. -->","yoast_head_json":{"title":"S\u00e5dan gendannes slettede eller mistede partitioner p\u00e5 Windows (Guide)","robots":{"index":"index","follow":"follow","max-snippet":"max-snippet:-1","max-image-preview":"max-image-preview:large","max-video-preview":"max-video-preview:-1"},"canonical":"https:\/\/datarecovery.ping.fm\/da\/deleted-partition-recovery\/","og_locale":"da_DK","og_type":"article","og_title":"S\u00e5dan gendannes slettede eller mistede partitioner p\u00e5 Windows (Guide)","og_description":"S\u00e5dan gendannes slettede eller tabte partitioner i Windows &#13; &#13; At miste en partition p\u00e5 dit Windows-system kan f\u00f8les som et mareridt for enhver bruger. Uanset om det skyldes en fejlbeh\u00e6ftet operation, malware eller simpel menneskelig fejl, indeholder en tabt partition ofte vigtige data, der virker uoprettelige. Det er dog flere metoder til at gendanne [&hellip;]","og_url":"https:\/\/datarecovery.ping.fm\/da\/deleted-partition-recovery\/","og_site_name":"Data Recovery Software","article_modified_time":"2024-04-16T10:34:13+00:00","og_image":[{"width":1280,"height":731,"url":"https:\/\/datarecovery.ping.fm\/wp-content\/uploads\/2024\/04\/How-to-Recover-Deleted-or-Lost-Partition-on-Windows-Danish.jpg","type":"image\/jpeg"}],"twitter_card":"summary_large_image","twitter_misc":{"Est. reading time":"5 minutter"},"schema":{"@context":"https:\/\/schema.org","@graph":[{"@type":"WebPage","@id":"https:\/\/datarecovery.ping.fm\/da\/deleted-partition-recovery\/","url":"https:\/\/datarecovery.ping.fm\/da\/deleted-partition-recovery\/","name":"S\u00e5dan gendannes slettede eller mistede partitioner p\u00e5 Windows (Guide)","isPartOf":{"@id":"https:\/\/datarecovery.ping.fm\/da\/#website"},"datePublished":"2024-01-30T08:57:53+00:00","dateModified":"2024-04-16T10:34:13+00:00","breadcrumb":{"@id":"https:\/\/datarecovery.ping.fm\/da\/deleted-partition-recovery\/#breadcrumb"},"inLanguage":"da-DK","potentialAction":[{"@type":"ReadAction","target":["https:\/\/datarecovery.ping.fm\/da\/deleted-partition-recovery\/"]}]},{"@type":"BreadcrumbList","@id":"https:\/\/datarecovery.ping.fm\/da\/deleted-partition-recovery\/#breadcrumb","itemListElement":[{"@type":"ListItem","position":1,"name":"Home","item":"https:\/\/datarecovery.ping.fm\/da\/"},{"@type":"ListItem","position":2,"name":"S\u00e5dan gendannes slettede eller mistede partitioner p\u00e5 Windows"}]},{"@type":"WebSite","@id":"https:\/\/datarecovery.ping.fm\/da\/#website","url":"https:\/\/datarecovery.ping.fm\/da\/","name":"Data Recovery Software","description":"","potentialAction":[{"@type":"SearchAction","target":{"@type":"EntryPoint","urlTemplate":"https:\/\/datarecovery.ping.fm\/da\/?s={search_term_string}"},"query-input":"required name=search_term_string"}],"inLanguage":"da-DK"}]}},"_links":{"self":[{"href":"https:\/\/datarecovery.ping.fm\/da\/wp-json\/wp\/v2\/pages\/41253"}],"collection":[{"href":"https:\/\/datarecovery.ping.fm\/da\/wp-json\/wp\/v2\/pages"}],"about":[{"href":"https:\/\/datarecovery.ping.fm\/da\/wp-json\/wp\/v2\/types\/page"}],"replies":[{"embeddable":true,"href":"https:\/\/datarecovery.ping.fm\/da\/wp-json\/wp\/v2\/comments?post=41253"}],"version-history":[{"count":0,"href":"https:\/\/datarecovery.ping.fm\/da\/wp-json\/wp\/v2\/pages\/41253\/revisions"}],"wp:featuredmedia":[{"embeddable":true,"href":"https:\/\/datarecovery.ping.fm\/da\/wp-json\/wp\/v2\/media\/41254"}],"wp:attachment":[{"href":"https:\/\/datarecovery.ping.fm\/da\/wp-json\/wp\/v2\/media?parent=41253"}],"curies":[{"name":"wp","href":"https:\/\/api.w.org\/{rel}","templated":true}]}}