{"id":40496,"date":"2024-01-09T20:38:49","date_gmt":"2024-01-09T20:38:49","guid":{"rendered":"https:\/\/www.ping.fm\/data-recovery-software\/recover-deleted-minecraft-worlds\/"},"modified":"2024-04-15T17:29:53","modified_gmt":"2024-04-15T17:29:53","slug":"recover-deleted-minecraft-worlds","status":"publish","type":"page","link":"https:\/\/datarecovery.ping.fm\/da\/recover-deleted-minecraft-worlds\/","title":{"rendered":"S\u00e5dan gendanner du slettede Minecraft-verdener"},"content":{"rendered":"<section>\n<h1>S\u00e5dan gendannes slettede Minecraft-verdener<\/h1>\n<div class=\"inbrief\">\n<div>             <img src=\"https:\/\/www.ping.fm\/data-recovery-software\/wp-content\/uploads\/ai\/How-to-Recover-Deleted-Minecraft-Worlds-Danish.jpg\" alt=\"S\u00e5dan gendannes slettede Minecraft-verdener\" title=\"S\u00e5dan gendannes slettede Minecraft-verdener\" width=\"1280\" height=\"720\">             <\/p>\n<p>Minecraft, det evigt popul\u00e6re sandbox-spil, fanger spilleres hjerter med sine uendelige muligheder for udforskning, byggeri og eventyr. En af de mest hjertesk\u00e6rende oplevelser kan v\u00e6re den utilsigtede sletning af en omhyggeligt skabt Minecraft-verden. Uanset om det skyldes et spilkrasj, et utilsigtet klik eller andre uforudsete omst\u00e6ndigheder, kan det f\u00f8les \u00f8del\u00e6ggende at miste din digitale skabelse. Frygt ikke, medspillere! I denne artikel vil jeg guide dig igennem processen med at gendanne slettede Minecraft-verdener p\u00e5 b\u00e5de PC og mobile enheder. Jeg vil ogs\u00e5 dele min personlige erfaring med at bruge <b>Disk Drill<\/b>, blandt andre metoder, til at hente de dyrebare klodser tilbage fra den digitale glemsels afgrund.<\/p>\n<\/div>\n<\/div>\n<\/section>\n<section>\n<div>\n<div>1<\/div>\n<h2>Almindelige scenarier:<\/h2>\n<\/div>\n<h3>Tilf\u00e6ldig sletning af verdener &#128465;<\/h3>\n<ul>\n<li>Uheldigvis at trykke &#8216;Slet&#8217;, n\u00e5r du fors\u00f8ger at indl\u00e6se en verden.<\/li>\n<li>Rydning af u\u00f8nskede filer og ved en fejltagelse inklusive Minecraft-gemte filer.<\/li>\n<li>Spilkrasjer, der resulterer i \u00f8delagte eller manglende verdensfiler.<\/li>\n<\/ul>\n<h3>Fejlslagne opdateringer og mods &#128736;<\/h3>\n<ul>\n<li>Installation af en ny mod eller spilopdatering, der korrumperer eksisterende verdensgemmer.<\/li>\n<li>En opdatering mislykkes, hvilket medf\u00f8rer tab af adgang til dine Minecraft-verdener.<\/li>\n<li>Mod-konflikter, der f\u00f8rer til sletning eller korruption af spilfiler.<\/li>\n<\/ul>\n<h3>Tekniske fejl og problemer &#128187;<\/h3>\n<ul>\n<li>Systemfejl, der resulterer i tabte eller utilg\u00e6ngelige filer.<\/li>\n<li>Minecraft-programfejl, der for\u00e5rsager forsvinden af verdener.<\/li>\n<li>Uventede str\u00f8mafbrydelser eller systemgenstarter under spil.<\/li>\n<\/ul>\n<\/section>\n<section class=\"stepByStep\">\n<div>\n<div>2<\/div>\n<h2>Trin-for-trin guide. Gendan slettede Minecraft-verdener:<\/h2>\n<\/div>\n<h3>Metode 1: Tjek papirkurven &#128465;<\/h3>\n<ul>\n<li>\u00c5bn din <b>Papirkurv<\/b> ved at dobbeltklikke p\u00e5 ikonet p\u00e5 skrivebordet.<\/li>\n<li>Leder efter den slettede <b>Minecraft-verdensmappe<\/b> eller filer, der ved en fejltagelse er fjernet. Deres navne vil typisk stemme overens med navnet p\u00e5 din slettede verden.<\/li>\n<li>H\u00f8jreklik p\u00e5 mappen\/filerne og v\u00e6lg &#8216;<b>Gendan<\/b>&#8216;, for at f\u00e5 dem tilbage til den oprindelige placering.<\/li>\n<\/ul>\n<p><b>Bem\u00e6rk:<\/b> Denne metode virker kun, hvis de slettede filer ikke er blevet permanent fjernet fra Papirkurven.<\/p>\n<p><b>Konklusion:<\/b> At gendanne filer fra Papirkurven er en enkel og effektiv metode, hvis sletningen er sket for nyligt og filerne ikke er blevet permanent fjernet.<\/p>\n<h3>Metode 2: Brug Systemgendannelse p\u00e5 PC &#128338;<\/h3>\n<ul>\n<li>Adgang til <b>Systemgendannelse<\/b> ved at skrive &#8216;Opret et gendannelsespunkt&#8217; i Windows s\u00f8gefeltet og \u00e5bne dialogboksen Systemegenskaber.<\/li>\n<li>Klik p\u00e5 &#8216;<b>Systemgendannelse&#8230;<\/b>&#8216; og f\u00f8lg instruktionerne for at v\u00e6lge et gendannelsespunkt, der er oprettet f\u00f8r sletningen skete.<\/li>\n<li>Fort\u00e6t med gendannelsesprocessen, og husk, at det kan p\u00e5virke nyligt installeret software og opdateringer.<\/li>\n<\/ul>\n<p><b>Bem\u00e6rk:<\/b> Denne metode virker kun, hvis systembeskyttelse er aktiveret, og du har et passende gendannelsespunkt tilg\u00e6ngeligt.<\/p>\n<p><b>Konklusion:<\/b> Systemgendannelse er et kraftfuldt v\u00e6rkt\u00f8j til at vende dit system tilbage til en tidligere tilstand, hvilket kan gendanne dine slettede Minecraft-verdener, hvis nylige system\u00e6ndringer er \u00e5rsagen til problemet.<\/p>\n<h3>Metode 3: Gendan fra Minecrafts &#8216;saves&#8217;-mappe p\u00e5 PC &#128190;<\/h3>\n<ul>\n<li>Naviger til din Minecraft &#8216;saves&#8217;-mappe p\u00e5 din PC. Den standard sti er som regel &#8216;<b>C:Brugere[Dit Brugernavn]AppDataRoaming.minecraftsaves<\/b>&#8216;.<\/li>\n<li>Tjek om mappen for den slettede verden stadig er der. Undertiden fjerner spillet m\u00e5ske ikke filerne korrekt, hvilket efterlader dem i &#8216;saves&#8217;-mappen.<\/li>\n<li>Hvis fundet, kopier mappen til en anden placering og fors\u00f8g at indl\u00e6se den i dit spil for at sikre, at det er den korrekte verden, og at den virker.<\/li>\n<\/ul>\n<p><b>Bem\u00e6rk:<\/b> Denne metode stoler p\u00e5 muligheden for, at filerne m\u00e5ske ikke er blevet permanent slettet af spillet.<\/p>\n<p><b>Konklusion:<\/b> At tjekke &#8216;saves&#8217;-mappen direkte er en hurtig kontrol, der potentielt kunne redde din verden uden behov for yderligere gendannelsesv\u00e6rkt\u00f8jer.<\/p>\n<h3>Metode 4: Brug <b>Disk Drill<\/b> til datagendannelse &#9881;<\/h3>\n<ul>\n<li>Download og installer <b>Disk Drill<\/b> fra den <a href='https:\/\/www.cleverfiles.com\/' rel=\"nofollow noopener\" target='_blank'>officielle hjemmeside<\/a>.<\/li>\n<li>Start <b>Disk Drill<\/b> og v\u00e6lg det drev, hvor dine Minecraft-verdener er (eller var) gemt.<\/li>\n<li>Klik p\u00e5 &#8216;<b>Gendan<\/b>&#8216; og lad Disk Drill scanne drevet for slettede filer. V\u00e6r t\u00e5lmodig, da processen kan tage noget tid.<\/li>\n<li>N\u00e5r scanningen er f\u00e6rdig, kig efter mapper navngivet efter dine Minecraft-verdener, v\u00e6lg dem, og klik p\u00e5 &#8216;<b>Gendan<\/b>&#8216; igen.<\/li>\n<\/ul>\n<p><b>Bem\u00e6rk:<\/b> Erfolgsraterne kan variere, og det er generelt bedre at fors\u00f8ge gendannelse s\u00e5 hurtigt som muligt efter sletningen.<\/p>\n<p><b>Konklusion:<\/b> <b>Disk Drill<\/b> er et kraftfuldt datagendannelsesv\u00e6rkt\u00f8j, der potentielt kan gendanne dine Minecraft-verdener, selv efter de er blevet slettet.<\/p>\n<h3>Metode 5: Gendan verdensbackups p\u00e5 PC &#128281;<\/h3>\n<ul>\n<li>Tjek, om du eller Minecraft-spillet har oprettet backups af dine verdener ved at g\u00e5 til &#8216;<b>backups<\/b>&#8216;-mappen, som generelt er placeret indenfor Minecraft-mappen.<\/li>\n<li>Hvis du finder en nylig backup, udpak filerne med et v\u00e6rkt\u00f8j som WinRAR eller 7-Zip.<\/li>\n<li>Flyt de udpakkede verdensdata ind i &#8216;<b>saves<\/b>&#8216;-mappen og genstart Minecraft for at se, om verden vises.<\/li>\n<\/ul>\n<p><b>Bem\u00e6rk:<\/b> Denne metode afh\u00e6nger af eksistensen af backups, der er lavet f\u00f8r verden blev slettet.<\/p>\n<p><b>Konklusion:<\/b> At gendanne fra backups er en effektiv m\u00e5de at gendanne verdener p\u00e5 og fremh\u00e6ver vigtigheden af regelm\u00e6ssigt at tage backup af dine Minecraft-gemmer.<\/p>\n<h3>Metode 6: Filgendannelsesapps til mobile enheder &#128241;<\/h3>\n<ul>\n<li>Download en filgendannelsesapp som <b>Dr.Fone<\/b> eller <b>EaseUS MobiSaver<\/b> p\u00e5 din enhed, eller tilslut din enhed til en PC og brug et PC-baseret gendannelsesv\u00e6rkt\u00f8j.<\/li>\n<li>Start appen og f\u00f8lg instruktionerne for at lade den scanne efter slettede filer p\u00e5 din mobile enhed.<\/li>\n<li>Leder efter filer med &#8216;.minecraftworld&#8217; udvidelsen eller mapper, der svarer til dine slettede verdener.<\/li>\n<li>Gendan de valgte filer til din enheds lager.<\/li>\n<\/ul>\n<p><b>Bem\u00e6rk:<\/b> Gendannelsesmulighederne vil v\u00e6re h\u00f8jere, hvis der ikke er skrevet nye data til enheden siden sletningen skete.<\/p>\n<p><b>Konklusion:<\/b> Selvom datagendannelse p\u00e5 mobile enheder kan v\u00e6re mere kompliceret, giver brugen af en p\u00e5lidelig app en god chance for at hente mistede Minecraft-verdener p\u00e5 mobile enheder.<\/p>\n<\/section>\n<section>\n<div>\n<div>3<\/div>\n<h2>Forholdsregler og Tips:<\/h2>\n<\/div>\n<h3>Regelm\u00e6ssige Data Backups &#128737;<\/h3>\n<ul>\n<li>Foretag regelm\u00e6ssige sikkerhedskopier af dine <b>Minecraft-verdener<\/b>, enten manuelt ved at kopiere <b>saves<\/b>-mappen eller ved at bruge spillets indstillinger for automatiske sikkerhedskopier.<\/li>\n<li>Brug cloudlagringstjenester som Google Drive, Dropbox eller OneDrive til at opbevare fjerne kopier af dine spildata.<\/li>\n<li>Planl\u00e6g automatiske sikkerhedskopier ved hj\u00e6lp af systemv\u00e6rkt\u00f8jer eller tredjepartsprogrammer for at sikre konsekvente snapshots af dine verdener.<\/li>\n<\/ul>\n<h3>Sikker Gaming Praksis &#128274;<\/h3>\n<ul>\n<li>Undg\u00e5 at k\u00f8re din PC eller mobilenhed med forh\u00f8jede tilladelser (admin eller root) mens du spiller Minecraft for at reducere risikoen for utilsigtede \u00e6ndringer af spildata.<\/li>\n<li>N\u00e5r du installerer mods eller opdateringer, s\u00e5 s\u00f8rg for, at de er kompatible med din version af Minecraft for at forhindre korruption.<\/li>\n<li>Opdater regelm\u00e6ssigt dit spil og din enhed for at beskytte imod fejl, der kan f\u00f8re til datatab.<\/li>\n<\/ul>\n<\/section>\n<section>\n<div>\n<div>4<\/div>\n<h2>Forst\u00e5else af Minecraft World Management<\/h2>\n<\/div>\n<p>At forst\u00e5, hvordan Minecraft h\u00e5ndterer verdensdata, spiller en n\u00f8glerolle i at forhindre og gendanne fra datatab. I Minecraft, er al verdensdata gemt i <b>saves<\/b>-mappen inden for spillets installationsmappe. Hver verden er gemt i sin egen mappe, navngivet efter verdenen selv. Dette inkluderer alt fra de byggede strukturer til spillerens inventar og terr\u00e6net.<\/p>\n<p><p>Det er ogs\u00e5 v\u00e6rd at bem\u00e6rke, at Minecraft har indbyggede backupsystemer, is\u00e6r med Realms, hvor spillet periodisk laver sikkerhedskopier af dine verdener. Realms&#8217; sikkerhedskopier kan tilg\u00e5s og downloades, hvilket er en sikkerhedsforanstaltning imod datatab.<\/p>\n<p><p>Mods og tredjepartsv\u00e6rkt\u00f8jer kan b\u00e5de forbedre spillet og udg\u00f8re risici for dine gemte data. Download altid mods fra <a href='https:\/\/www.curseforge.com\/minecraft\/mc-mods' rel=\"nofollow noopener\" target='_blank'>p\u00e5lidelige kilder<\/a>, og overvej at bruge en mod-h\u00e5ndteringsprogram for at holde styr p\u00e5 installeret indhold.<\/p>\n<\/section>\n<section>\n<h2>Konklusion:<\/h2>\n<div class=\"nonp\">\n<p>For at opsummere kan det at miste en Minecraft-verden variere fra en mindre gene til en stor tilbagegang, is\u00e6r hvis der er investeret betydelig tid. Ved at f\u00f8lge de metoder, der er skitseret i denne artikel, vil du udstyre dig selv med viden og v\u00e6rkt\u00f8jer n\u00f8dvendige for at fors\u00f8ge at genvinde tabte verdener p\u00e5 b\u00e5de PC og mobile platforme. Husk, forebyggelse er bedre end helbredelse; s\u00e5 regelm\u00e6ssige sikkerhedskopier er din bedste sikring mod datatab. Uanset om du bruger <b>Disk Drill<\/b>, tjekker din saves-mappe, eller leder efter indbyggede sikkerhedskopier, er der stadig et h\u00e5b for spillere, som ved et uheld har slettet deres virtuelle riger. Glad Crafting, og m\u00e5 dine genvunde verdener trives endnu en gang!<\/p>\n<\/div>\n<\/section>\n","protected":false},"excerpt":{"rendered":"<p>S\u00e5dan gendannes slettede Minecraft-verdener Minecraft, det evigt popul\u00e6re sandbox-spil, fanger spilleres hjerter med sine uendelige muligheder for udforskning, byggeri og eventyr. En af de mest hjertesk\u00e6rende oplevelser kan v\u00e6re den utilsigtede sletning af en omhyggeligt skabt Minecraft-verden. Uanset om det skyldes et spilkrasj, et utilsigtet klik eller andre uforudsete omst\u00e6ndigheder, kan det f\u00f8les \u00f8del\u00e6ggende at [&hellip;]<\/p>\n","protected":false},"author":1,"featured_media":40497,"parent":0,"menu_order":0,"comment_status":"closed","ping_status":"closed","template":"chromecast.php","meta":{"_stopmodifiedupdate":false,"_modified_date":"","_lmt_disableupdate":"no","_lmt_disable":""},"acf":[],"yoast_head":"<!-- This site is optimized with the Yoast SEO plugin v20.9 - https:\/\/yoast.com\/wordpress\/plugins\/seo\/ -->\n<title>S\u00e5dan gendannes ved et uheld slettede Minecraft-verdener<\/title>\n<meta name=\"robots\" content=\"index, follow, max-snippet:-1, max-image-preview:large, max-video-preview:-1\" \/>\n<link rel=\"canonical\" href=\"https:\/\/datarecovery.ping.fm\/da\/recover-deleted-minecraft-worlds\/\" \/>\n<meta property=\"og:locale\" content=\"da_DK\" \/>\n<meta property=\"og:type\" content=\"article\" \/>\n<meta property=\"og:title\" content=\"S\u00e5dan gendannes ved et uheld slettede Minecraft-verdener\" \/>\n<meta property=\"og:description\" content=\"S\u00e5dan gendannes slettede Minecraft-verdener Minecraft, det evigt popul\u00e6re sandbox-spil, fanger spilleres hjerter med sine uendelige muligheder for udforskning, byggeri og eventyr. En af de mest hjertesk\u00e6rende oplevelser kan v\u00e6re den utilsigtede sletning af en omhyggeligt skabt Minecraft-verden. Uanset om det skyldes et spilkrasj, et utilsigtet klik eller andre uforudsete omst\u00e6ndigheder, kan det f\u00f8les \u00f8del\u00e6ggende at [&hellip;]\" \/>\n<meta property=\"og:url\" content=\"https:\/\/datarecovery.ping.fm\/da\/recover-deleted-minecraft-worlds\/\" \/>\n<meta property=\"og:site_name\" content=\"Data Recovery Software\" \/>\n<meta property=\"article:modified_time\" content=\"2024-04-15T17:29:53+00:00\" \/>\n<meta property=\"og:image\" content=\"https:\/\/datarecovery.ping.fm\/wp-content\/uploads\/2024\/04\/How-to-Recover-Deleted-Minecraft-Worlds-Danish.jpg\" \/>\n\t<meta property=\"og:image:width\" content=\"1280\" \/>\n\t<meta property=\"og:image:height\" content=\"731\" \/>\n\t<meta property=\"og:image:type\" content=\"image\/jpeg\" \/>\n<meta name=\"twitter:card\" content=\"summary_large_image\" \/>\n<meta name=\"twitter:label1\" content=\"Est. reading time\" \/>\n\t<meta name=\"twitter:data1\" content=\"6 minutter\" \/>\n<script type=\"application\/ld+json\" class=\"yoast-schema-graph\">{\"@context\":\"https:\/\/schema.org\",\"@graph\":[{\"@type\":\"WebPage\",\"@id\":\"https:\/\/datarecovery.ping.fm\/da\/recover-deleted-minecraft-worlds\/\",\"url\":\"https:\/\/datarecovery.ping.fm\/da\/recover-deleted-minecraft-worlds\/\",\"name\":\"S\u00e5dan gendannes ved et uheld slettede Minecraft-verdener\",\"isPartOf\":{\"@id\":\"https:\/\/datarecovery.ping.fm\/da\/#website\"},\"datePublished\":\"2024-01-09T20:38:49+00:00\",\"dateModified\":\"2024-04-15T17:29:53+00:00\",\"breadcrumb\":{\"@id\":\"https:\/\/datarecovery.ping.fm\/da\/recover-deleted-minecraft-worlds\/#breadcrumb\"},\"inLanguage\":\"da-DK\",\"potentialAction\":[{\"@type\":\"ReadAction\",\"target\":[\"https:\/\/datarecovery.ping.fm\/da\/recover-deleted-minecraft-worlds\/\"]}]},{\"@type\":\"BreadcrumbList\",\"@id\":\"https:\/\/datarecovery.ping.fm\/da\/recover-deleted-minecraft-worlds\/#breadcrumb\",\"itemListElement\":[{\"@type\":\"ListItem\",\"position\":1,\"name\":\"Home\",\"item\":\"https:\/\/datarecovery.ping.fm\/da\/\"},{\"@type\":\"ListItem\",\"position\":2,\"name\":\"S\u00e5dan gendanner du slettede Minecraft-verdener\"}]},{\"@type\":\"WebSite\",\"@id\":\"https:\/\/datarecovery.ping.fm\/da\/#website\",\"url\":\"https:\/\/datarecovery.ping.fm\/da\/\",\"name\":\"Data Recovery Software\",\"description\":\"\",\"potentialAction\":[{\"@type\":\"SearchAction\",\"target\":{\"@type\":\"EntryPoint\",\"urlTemplate\":\"https:\/\/datarecovery.ping.fm\/da\/?s={search_term_string}\"},\"query-input\":\"required name=search_term_string\"}],\"inLanguage\":\"da-DK\"}]}<\/script>\n<!-- \/ Yoast SEO plugin. -->","yoast_head_json":{"title":"S\u00e5dan gendannes ved et uheld slettede Minecraft-verdener","robots":{"index":"index","follow":"follow","max-snippet":"max-snippet:-1","max-image-preview":"max-image-preview:large","max-video-preview":"max-video-preview:-1"},"canonical":"https:\/\/datarecovery.ping.fm\/da\/recover-deleted-minecraft-worlds\/","og_locale":"da_DK","og_type":"article","og_title":"S\u00e5dan gendannes ved et uheld slettede Minecraft-verdener","og_description":"S\u00e5dan gendannes slettede Minecraft-verdener Minecraft, det evigt popul\u00e6re sandbox-spil, fanger spilleres hjerter med sine uendelige muligheder for udforskning, byggeri og eventyr. En af de mest hjertesk\u00e6rende oplevelser kan v\u00e6re den utilsigtede sletning af en omhyggeligt skabt Minecraft-verden. Uanset om det skyldes et spilkrasj, et utilsigtet klik eller andre uforudsete omst\u00e6ndigheder, kan det f\u00f8les \u00f8del\u00e6ggende at [&hellip;]","og_url":"https:\/\/datarecovery.ping.fm\/da\/recover-deleted-minecraft-worlds\/","og_site_name":"Data Recovery Software","article_modified_time":"2024-04-15T17:29:53+00:00","og_image":[{"width":1280,"height":731,"url":"https:\/\/datarecovery.ping.fm\/wp-content\/uploads\/2024\/04\/How-to-Recover-Deleted-Minecraft-Worlds-Danish.jpg","type":"image\/jpeg"}],"twitter_card":"summary_large_image","twitter_misc":{"Est. reading time":"6 minutter"},"schema":{"@context":"https:\/\/schema.org","@graph":[{"@type":"WebPage","@id":"https:\/\/datarecovery.ping.fm\/da\/recover-deleted-minecraft-worlds\/","url":"https:\/\/datarecovery.ping.fm\/da\/recover-deleted-minecraft-worlds\/","name":"S\u00e5dan gendannes ved et uheld slettede Minecraft-verdener","isPartOf":{"@id":"https:\/\/datarecovery.ping.fm\/da\/#website"},"datePublished":"2024-01-09T20:38:49+00:00","dateModified":"2024-04-15T17:29:53+00:00","breadcrumb":{"@id":"https:\/\/datarecovery.ping.fm\/da\/recover-deleted-minecraft-worlds\/#breadcrumb"},"inLanguage":"da-DK","potentialAction":[{"@type":"ReadAction","target":["https:\/\/datarecovery.ping.fm\/da\/recover-deleted-minecraft-worlds\/"]}]},{"@type":"BreadcrumbList","@id":"https:\/\/datarecovery.ping.fm\/da\/recover-deleted-minecraft-worlds\/#breadcrumb","itemListElement":[{"@type":"ListItem","position":1,"name":"Home","item":"https:\/\/datarecovery.ping.fm\/da\/"},{"@type":"ListItem","position":2,"name":"S\u00e5dan gendanner du slettede Minecraft-verdener"}]},{"@type":"WebSite","@id":"https:\/\/datarecovery.ping.fm\/da\/#website","url":"https:\/\/datarecovery.ping.fm\/da\/","name":"Data Recovery Software","description":"","potentialAction":[{"@type":"SearchAction","target":{"@type":"EntryPoint","urlTemplate":"https:\/\/datarecovery.ping.fm\/da\/?s={search_term_string}"},"query-input":"required name=search_term_string"}],"inLanguage":"da-DK"}]}},"_links":{"self":[{"href":"https:\/\/datarecovery.ping.fm\/da\/wp-json\/wp\/v2\/pages\/40496"}],"collection":[{"href":"https:\/\/datarecovery.ping.fm\/da\/wp-json\/wp\/v2\/pages"}],"about":[{"href":"https:\/\/datarecovery.ping.fm\/da\/wp-json\/wp\/v2\/types\/page"}],"author":[{"embeddable":true,"href":"https:\/\/datarecovery.ping.fm\/da\/wp-json\/wp\/v2\/users\/1"}],"replies":[{"embeddable":true,"href":"https:\/\/datarecovery.ping.fm\/da\/wp-json\/wp\/v2\/comments?post=40496"}],"version-history":[{"count":3,"href":"https:\/\/datarecovery.ping.fm\/da\/wp-json\/wp\/v2\/pages\/40496\/revisions"}],"predecessor-version":[{"id":40562,"href":"https:\/\/datarecovery.ping.fm\/da\/wp-json\/wp\/v2\/pages\/40496\/revisions\/40562"}],"wp:featuredmedia":[{"embeddable":true,"href":"https:\/\/datarecovery.ping.fm\/da\/wp-json\/wp\/v2\/media\/40497"}],"wp:attachment":[{"href":"https:\/\/datarecovery.ping.fm\/da\/wp-json\/wp\/v2\/media?parent=40496"}],"curies":[{"name":"wp","href":"https:\/\/api.w.org\/{rel}","templated":true}]}}