{"id":39405,"date":"2024-01-22T21:14:41","date_gmt":"2024-01-22T21:14:41","guid":{"rendered":"https:\/\/www.ping.fm\/data-recovery-software\/best-android-cleaners\/"},"modified":"2024-04-09T17:10:18","modified_gmt":"2024-04-09T17:10:18","slug":"best-android-cleaners","status":"publish","type":"page","link":"https:\/\/datarecovery.ping.fm\/da\/best-android-cleaners\/","title":{"rendered":"Bedste gratis reng\u00f8ringsapp til Android-telefoner"},"content":{"rendered":"<section>\n<h1>Bedste GRATIS Android-telefonrensapps<\/h1>\n<div class=\"inbrief\">\n<div>             <img src=\"https:\/\/www.ping.fm\/data-recovery-software\/wp-content\/uploads\/ai\/Best-FREE-Android-Phone-Cleaner-Apps-Danish.jpg\" alt=\"Bedste GRATIS Android-telefonrensapps\" title=\"Bedste GRATIS Android-telefonrensapps\" width=\"1280\" height=\"720\">             <\/p>\n<p>Med utallige apps tilg\u00e6ngelige til Android kan smartphones ofte blive overbelastet med overskydende filer og baggrundsprocesser. Det er her rensapps kommer til hj\u00e6lp, idet de hj\u00e6lper dig med at frig\u00f8re plads, forbedre ydeevnen og forl\u00e6nge batterilevetiden. Nedenfor deler jeg min oplevelse med de bedste gratis <b>Android-telefonrensapps<\/b>, som har forbedret funktionaliteten af min enhed betydeligt.<\/p>\n<\/div>\n<\/div>\n<\/section>\n<section>\n<div class=\"medal\">\n<div>&#129351;<\/div>\n<\/div>\n<h2><a href=\"https:\/\/www.ccleaner.com\/ccleaner-android\" rel=\"nofollow noopener\" target=\"_blank\">CCleaner<\/a><\/h2>\n<p><img src=\"https:\/\/www.ping.fm\/data-recovery-software\/wp-content\/uploads\/ai\/https---www-ccleaner-com-ccleaner-androidDanish.jpg\"><\/p>\n<p><b>CCleaner<\/b> til Android er et alsidigt rensningsv\u00e6rkt\u00f8j, som jeg ofte har brugt til at rydde op i cache, slette un\u00f8dvendige filer og slette browserhistorik. Brugerfladen er ligetil, hvilket g\u00f8r rutinem\u00e6ssige vedligeholdelsestjek til en leg. Jeg har bem\u00e6rket, at denne app ogs\u00e5 tilbyder systemoverv\u00e5gning, som giver indsigt i min enheds ydeevne.<\/p>\n<p><a href=\"https:\/\/www.ccleaner.com\/ccleaner-android\" rel=\"nofollow noopener\" target=\"_blank\" class=\"ofWSite\">Officiel hjemmeside<\/a><\/p>\n<h3 class=\"prosTitle\">Fordele<\/h3>\n<ul class=\"listpc pros\">\n<li>Brugervenligt interface<\/li>\n<li>Effektiv rensning af junk<\/li>\n<li>Systemoverv\u00e5gningsfunktioner<\/li>\n<\/ul>\n<h3 class=\"consTitle\">Ulemper<\/h3>\n<ul class=\"listpc cons\">\n<li>Lejlighedsvise reklamer i den gratis version<\/li>\n<li>Nogle avancerede funktioner er betalte<\/li>\n<\/ul>\n<\/section>\n<section>\n<div class=\"medal\">\n<div>&#129352;<\/div>\n<\/div>\n<h2><a href=\"https:\/\/www.avast.com\/en-us\/cleanup\" rel=\"nofollow noopener\" target=\"_blank\">Avast Oprydning &#038; Boost<\/a><\/h2>\n<p><img src=\"https:\/\/www.ping.fm\/data-recovery-software\/wp-content\/uploads\/ai\/https---www-avast-com-en-us-cleanupDanish.jpg\"><\/p>\n<p>Min oplevelse med <b>Avast Oprydning &#038; Boost<\/b> har v\u00e6ret overvejende positiv, n\u00e5r det kommer til optimering af min enhed. Den analyserer n\u00f8je apps&#8217; data for at foresl\u00e5 un\u00f8dvendige filer til fjernelse. Desuden hj\u00e6lper den med at h\u00e5ndtere apps effektivt og kan endda forbedre batteriindstillingerne.<\/p>\n<p><a href=\"https:\/\/www.avast.com\/en-us\/cleanup\" rel=\"nofollow noopener\" target=\"_blank\" class=\"ofWSite\">Officiel hjemmeside<\/a><\/p>\n<h3 class=\"prosTitle\">Fordele<\/h3>\n<ul class=\"listpc pros\">\n<li>Automatisk rensningsfunktion<\/li>\n<li>Tilpasning af batteriprofiler<\/li>\n<li>Sikker oprydning af un\u00f8dvendige filer<\/li>\n<\/ul>\n<h3 class=\"consTitle\">Ulemper<\/h3>\n<ul class=\"listpc cons\">\n<li>Indeholder reklamer<\/li>\n<li>Nogle funktioner kr\u00e6ver abonnement<\/li>\n<\/ul>\n<\/section>\n<section>\n<div class=\"medal\">\n<div>&#129353;<\/div>\n<\/div>\n<h2><a href=\"https:\/\/sdmaid.darken.eu\/\" rel=\"nofollow noopener\" target=\"_blank\">SD Maid<\/a><\/h2>\n<p><img src=\"https:\/\/www.ping.fm\/data-recovery-software\/wp-content\/uploads\/ai\/https---sdmaid-darken-eu-Danish.jpg\"><\/p>\n<p><b>SD Maid<\/b>-appen udm\u00e6rker sig med sin databaseoptimering og &#8216;Corpse Finder&#8217;-funktion, som jagter efterladte filer. Enkelheden af dette v\u00e6rkt\u00f8j kombineret med dens dybdeg\u00e5ende reng\u00f8ringsevner har gjort det mindre besv\u00e6rligt og mere til en hurtig, tilfredsstillende opgave at rense filsystemet p\u00e5 min Android-enhed.<\/p>\n<p><a href=\"https:\/\/sdmaid.darken.eu\/\" rel=\"nofollow noopener\" target=\"_blank\" class=\"ofWSite\">Officiel hjemmeside<\/a><\/p>\n<h3 class=\"prosTitle\">Fordele<\/h3>\n<ul class=\"listpc pros\">\n<li>Detaljeret rensning af filsystemet<\/li>\n<li>Nyttig &#8216;Corpse Finder&#8217;-funktion<\/li>\n<li>Databaseoptimeringsv\u00e6rkt\u00f8jer<\/li>\n<\/ul>\n<h3 class=\"consTitle\">Ulemper<\/h3>\n<ul class=\"listpc cons\">\n<li>Brugerfladen kan v\u00e6re lidt kompleks for nye brugere<\/li>\n<li>Pro-funktioner kr\u00e6ver opgradering<\/li>\n<\/ul>\n<\/section>\n<section>\n<div class=\"no-medal\">\n<div>4<\/div>\n<\/div>\n<h2>AVG Cleaner<\/h2>\n<p><b>AVG Cleaner<\/b> har v\u00e6ret praktisk, n\u00e5r jeg har haft brug for hurtigt at identificere og rydde op i d\u00e5rlige fotos og ubrugte apps. Dens enklik-analyse og reng\u00f8ringsproces er tidsbesparende. Desuden foresl\u00e5r dens &#8216;App Uninstaller&#8217; sj\u00e6ldent brugte apps til afinstallation, hvilket hj\u00e6lper med at holde min enhed slank.<\/p>\n<h3 class=\"prosTitle\">Fordele<\/h3>\n<ul class=\"listpc pros\">\n<li>Enkel reng\u00f8ring med \u00e9t klik<\/li>\n<li>Intelligent fotoanalyse<\/li>\n<li>Statistik over app-brug<\/li>\n<\/ul>\n<h3 class=\"consTitle\">Ulemper<\/h3>\n<ul class=\"listpc cons\">\n<li>Annoncer og opfordringer til andre AVG-produkter<\/li>\n<li>Nogle funktioner er l\u00e5st bag Pro-versionen<\/li>\n<\/ul>\n<\/section>\n<section>\n<div class=\"no-medal\">\n<div>5<\/div>\n<\/div>\n<h2><a href=\"https:\/\/www.cleanmasterofficial.com\/\" rel=\"nofollow noopener\" target=\"_blank\">Clean Master<\/a><\/h2>\n<p><img src=\"https:\/\/www.ping.fm\/data-recovery-software\/wp-content\/uploads\/ai\/https---www-cleanmasterofficial-com-Danish.jpg\"><\/p>\n<p>Jeg har konsekvent v\u00e6ret imponeret over <b>Clean Master&#8217;s<\/b> evne til ikke kun at rydde op i junk-filer, men ogs\u00e5 til at tilbyde en antivirus-scanning, som sikrer at min enhed forbliver beskyttet mod malware. &#8216;AppLock&#8217;-funktionen giver ogs\u00e5 en f\u00f8lelse af ekstra sikkerhed for mine personlige apps.<\/p>\n<p><a href=\"https:\/\/www.cleanmasterofficial.com\/\" rel=\"nofollow noopener\" target=\"_blank\" class=\"ofWSite\">Officiel hjemmeside<\/a><\/p>\n<h3 class=\"prosTitle\">Fordele<\/h3>\n<ul class=\"listpc pros\">\n<li>Integreret antivirus-scanning<\/li>\n<li>&#8216;AppLock&#8217; til beskyttelse af privatlivets fred<\/li>\n<li>Intuitiv brugerflade<\/li>\n<\/ul>\n<h3 class=\"consTitle\">Ulemper<\/h3>\n<ul class=\"listpc cons\">\n<li>Meget reklame<\/li>\n<li>Bliver undertiden flaget af andre sikkerhedsapps<\/li>\n<\/ul>\n<\/section>\n<section>\n<h2>Youtube-video at se<\/h2>\n<div class=\"nonp iframe\"><iframe width=\"420\" height=\"315\" src=\"\/\/www.youtube.com\/embed\/Pwj4ONDi0hk\" frameborder=\"0\" allowfullscreen><\/iframe><\/div>\n<\/section>\n<section>\n<h2>Konklusion:<\/h2>\n<div class=\"nonp\">\n<p>Mens rensningsapps kan forbedre funktionaliteten af din Android-telefon betydeligt, er der yderligere skridt, du kan tage for at <b>maksimere dit apparats potentiale<\/b>. Det er vigtigt at holde dit operativsystem og apps opdateret, da det ikke kun giver nye funktioner, men ogs\u00e5 vigtige sikkerhedsrettelser. Det er ogs\u00e5 gavnligt at administrere dine apps ved at fjerne dem, du ikke l\u00e6ngere bruger, samt deaktivere bloatware, n\u00e5r det er muligt.<\/p>\n<p>Hvis din telefon konsekvent performer d\u00e5rligt, b\u00f8r du overveje en fabriksnulstilling som en sidste udvej. Husk at tage backup af dine data, f\u00f8r du tager dette skridt. For en omfattende guide til at sikre og optimere din Android-enhed, kan du finde ressourcerne p\u00e5 <a href=\"https:\/\/support.google.com\/android\" rel=\"nofollow noopener\" target=\"_blank\">Googles Android Hj\u00e6lpcenter<\/a> s\u00e6rligt nyttige. Derudover er diskussionsfora som <a href=\"https:\/\/forum.xda-developers.com\/\" rel=\"nofollow noopener\" target=\"_blank\">XDA Developers<\/a> en guldgrube af information om brugerdefinerede ROM&#8217;er og avancerede tweaks for entusiaster.<\/p>\n<\/div>\n<\/section>\n","protected":false},"excerpt":{"rendered":"<p>Bedste GRATIS Android-telefonrensapps Med utallige apps tilg\u00e6ngelige til Android kan smartphones ofte blive overbelastet med overskydende filer og baggrundsprocesser. Det er her rensapps kommer til hj\u00e6lp, idet de hj\u00e6lper dig med at frig\u00f8re plads, forbedre ydeevnen og forl\u00e6nge batterilevetiden. Nedenfor deler jeg min oplevelse med de bedste gratis Android-telefonrensapps, som har forbedret funktionaliteten af min [&hellip;]<\/p>\n","protected":false},"author":0,"featured_media":39406,"parent":0,"menu_order":0,"comment_status":"closed","ping_status":"closed","template":"chromecast.php","meta":{"_stopmodifiedupdate":false,"_modified_date":"","_lmt_disableupdate":"","_lmt_disable":""},"acf":[],"yoast_head":"<!-- This site is optimized with the Yoast SEO plugin v20.9 - https:\/\/yoast.com\/wordpress\/plugins\/seo\/ -->\n<title>2024&#039;s bedste gratis reng\u00f8ringsapps til Android-telefoner. Fordele og ulemper!<\/title>\n<meta name=\"robots\" content=\"index, follow, max-snippet:-1, max-image-preview:large, max-video-preview:-1\" \/>\n<link rel=\"canonical\" href=\"https:\/\/datarecovery.ping.fm\/da\/best-android-cleaners\/\" \/>\n<meta property=\"og:locale\" content=\"da_DK\" \/>\n<meta property=\"og:type\" content=\"article\" \/>\n<meta property=\"og:title\" content=\"2024&#039;s bedste gratis reng\u00f8ringsapps til Android-telefoner. Fordele og ulemper!\" \/>\n<meta property=\"og:description\" content=\"Bedste GRATIS Android-telefonrensapps Med utallige apps tilg\u00e6ngelige til Android kan smartphones ofte blive overbelastet med overskydende filer og baggrundsprocesser. Det er her rensapps kommer til hj\u00e6lp, idet de hj\u00e6lper dig med at frig\u00f8re plads, forbedre ydeevnen og forl\u00e6nge batterilevetiden. Nedenfor deler jeg min oplevelse med de bedste gratis Android-telefonrensapps, som har forbedret funktionaliteten af min [&hellip;]\" \/>\n<meta property=\"og:url\" content=\"https:\/\/datarecovery.ping.fm\/da\/best-android-cleaners\/\" \/>\n<meta property=\"og:site_name\" content=\"Data Recovery Software\" \/>\n<meta property=\"article:modified_time\" content=\"2024-04-09T17:10:18+00:00\" \/>\n<meta property=\"og:image\" content=\"https:\/\/datarecovery.ping.fm\/wp-content\/uploads\/2024\/04\/Best-FREE-Android-Phone-Cleaner-Apps-Danish.jpg\" \/>\n\t<meta property=\"og:image:width\" content=\"1280\" \/>\n\t<meta property=\"og:image:height\" content=\"731\" \/>\n\t<meta property=\"og:image:type\" content=\"image\/jpeg\" \/>\n<meta name=\"twitter:card\" content=\"summary_large_image\" \/>\n<meta name=\"twitter:label1\" content=\"Est. reading time\" \/>\n\t<meta name=\"twitter:data1\" content=\"3 minutter\" \/>\n<script type=\"application\/ld+json\" class=\"yoast-schema-graph\">{\"@context\":\"https:\/\/schema.org\",\"@graph\":[{\"@type\":\"WebPage\",\"@id\":\"https:\/\/datarecovery.ping.fm\/da\/best-android-cleaners\/\",\"url\":\"https:\/\/datarecovery.ping.fm\/da\/best-android-cleaners\/\",\"name\":\"2024's bedste gratis reng\u00f8ringsapps til Android-telefoner. Fordele og ulemper!\",\"isPartOf\":{\"@id\":\"https:\/\/datarecovery.ping.fm\/da\/#website\"},\"datePublished\":\"2024-01-22T21:14:41+00:00\",\"dateModified\":\"2024-04-09T17:10:18+00:00\",\"breadcrumb\":{\"@id\":\"https:\/\/datarecovery.ping.fm\/da\/best-android-cleaners\/#breadcrumb\"},\"inLanguage\":\"da-DK\",\"potentialAction\":[{\"@type\":\"ReadAction\",\"target\":[\"https:\/\/datarecovery.ping.fm\/da\/best-android-cleaners\/\"]}]},{\"@type\":\"BreadcrumbList\",\"@id\":\"https:\/\/datarecovery.ping.fm\/da\/best-android-cleaners\/#breadcrumb\",\"itemListElement\":[{\"@type\":\"ListItem\",\"position\":1,\"name\":\"Home\",\"item\":\"https:\/\/datarecovery.ping.fm\/da\/\"},{\"@type\":\"ListItem\",\"position\":2,\"name\":\"Bedste gratis reng\u00f8ringsapp til Android-telefoner\"}]},{\"@type\":\"WebSite\",\"@id\":\"https:\/\/datarecovery.ping.fm\/da\/#website\",\"url\":\"https:\/\/datarecovery.ping.fm\/da\/\",\"name\":\"Data Recovery Software\",\"description\":\"\",\"potentialAction\":[{\"@type\":\"SearchAction\",\"target\":{\"@type\":\"EntryPoint\",\"urlTemplate\":\"https:\/\/datarecovery.ping.fm\/da\/?s={search_term_string}\"},\"query-input\":\"required name=search_term_string\"}],\"inLanguage\":\"da-DK\"}]}<\/script>\n<!-- \/ Yoast SEO plugin. -->","yoast_head_json":{"title":"2024's bedste gratis reng\u00f8ringsapps til Android-telefoner. Fordele og ulemper!","robots":{"index":"index","follow":"follow","max-snippet":"max-snippet:-1","max-image-preview":"max-image-preview:large","max-video-preview":"max-video-preview:-1"},"canonical":"https:\/\/datarecovery.ping.fm\/da\/best-android-cleaners\/","og_locale":"da_DK","og_type":"article","og_title":"2024's bedste gratis reng\u00f8ringsapps til Android-telefoner. Fordele og ulemper!","og_description":"Bedste GRATIS Android-telefonrensapps Med utallige apps tilg\u00e6ngelige til Android kan smartphones ofte blive overbelastet med overskydende filer og baggrundsprocesser. Det er her rensapps kommer til hj\u00e6lp, idet de hj\u00e6lper dig med at frig\u00f8re plads, forbedre ydeevnen og forl\u00e6nge batterilevetiden. Nedenfor deler jeg min oplevelse med de bedste gratis Android-telefonrensapps, som har forbedret funktionaliteten af min [&hellip;]","og_url":"https:\/\/datarecovery.ping.fm\/da\/best-android-cleaners\/","og_site_name":"Data Recovery Software","article_modified_time":"2024-04-09T17:10:18+00:00","og_image":[{"width":1280,"height":731,"url":"https:\/\/datarecovery.ping.fm\/wp-content\/uploads\/2024\/04\/Best-FREE-Android-Phone-Cleaner-Apps-Danish.jpg","type":"image\/jpeg"}],"twitter_card":"summary_large_image","twitter_misc":{"Est. reading time":"3 minutter"},"schema":{"@context":"https:\/\/schema.org","@graph":[{"@type":"WebPage","@id":"https:\/\/datarecovery.ping.fm\/da\/best-android-cleaners\/","url":"https:\/\/datarecovery.ping.fm\/da\/best-android-cleaners\/","name":"2024's bedste gratis reng\u00f8ringsapps til Android-telefoner. Fordele og ulemper!","isPartOf":{"@id":"https:\/\/datarecovery.ping.fm\/da\/#website"},"datePublished":"2024-01-22T21:14:41+00:00","dateModified":"2024-04-09T17:10:18+00:00","breadcrumb":{"@id":"https:\/\/datarecovery.ping.fm\/da\/best-android-cleaners\/#breadcrumb"},"inLanguage":"da-DK","potentialAction":[{"@type":"ReadAction","target":["https:\/\/datarecovery.ping.fm\/da\/best-android-cleaners\/"]}]},{"@type":"BreadcrumbList","@id":"https:\/\/datarecovery.ping.fm\/da\/best-android-cleaners\/#breadcrumb","itemListElement":[{"@type":"ListItem","position":1,"name":"Home","item":"https:\/\/datarecovery.ping.fm\/da\/"},{"@type":"ListItem","position":2,"name":"Bedste gratis reng\u00f8ringsapp til Android-telefoner"}]},{"@type":"WebSite","@id":"https:\/\/datarecovery.ping.fm\/da\/#website","url":"https:\/\/datarecovery.ping.fm\/da\/","name":"Data Recovery Software","description":"","potentialAction":[{"@type":"SearchAction","target":{"@type":"EntryPoint","urlTemplate":"https:\/\/datarecovery.ping.fm\/da\/?s={search_term_string}"},"query-input":"required name=search_term_string"}],"inLanguage":"da-DK"}]}},"_links":{"self":[{"href":"https:\/\/datarecovery.ping.fm\/da\/wp-json\/wp\/v2\/pages\/39405"}],"collection":[{"href":"https:\/\/datarecovery.ping.fm\/da\/wp-json\/wp\/v2\/pages"}],"about":[{"href":"https:\/\/datarecovery.ping.fm\/da\/wp-json\/wp\/v2\/types\/page"}],"replies":[{"embeddable":true,"href":"https:\/\/datarecovery.ping.fm\/da\/wp-json\/wp\/v2\/comments?post=39405"}],"version-history":[{"count":0,"href":"https:\/\/datarecovery.ping.fm\/da\/wp-json\/wp\/v2\/pages\/39405\/revisions"}],"wp:featuredmedia":[{"embeddable":true,"href":"https:\/\/datarecovery.ping.fm\/da\/wp-json\/wp\/v2\/media\/39406"}],"wp:attachment":[{"href":"https:\/\/datarecovery.ping.fm\/da\/wp-json\/wp\/v2\/media?parent=39405"}],"curies":[{"name":"wp","href":"https:\/\/api.w.org\/{rel}","templated":true}]}}