{"id":38976,"date":"2024-01-23T07:50:14","date_gmt":"2024-01-23T07:50:14","guid":{"rendered":"https:\/\/www.ping.fm\/data-recovery-software\/retrieve-deleted-text-messages-iphone\/"},"modified":"2024-04-09T14:05:49","modified_gmt":"2024-04-09T14:05:49","slug":"retrieve-deleted-text-messages-iphone","status":"publish","type":"page","link":"https:\/\/datarecovery.ping.fm\/da\/retrieve-deleted-text-messages-iphone\/","title":{"rendered":"S\u00e5dan gendannes slettede sms&#8217;er fra en iPhone"},"content":{"rendered":"<section>\n<h1>S\u00e5dan gendannes slettede sms-beskeder fra en iPhone<\/h1>\n<div class=\"inbrief\">\n<div>              <img decoding=\"async\" class=\"lazyload\"  srcset=\"data:image\/png;base64,iVBORw0KGgoAAAANSUhEUgAABLAAAAKkAQMAAAAqeFQ7AAAAA3NCSVQICAjb4U\/gAAAABlBMVEX\/\/\/\/\/\/\/9VfPVsAAAAAnRSTlMA\/1uRIrUAAAAJcEhZcwAACxIAAAsSAdLdfvwAAAAcdEVYdFNvZnR3YXJlAEFkb2JlIEZpcmV3b3JrcyBDUzbovLKMAAAAFnRFWHRDcmVhdGlvbiBUaW1lADAxLzI5LzE536V52wAAAHpJREFUeJztwQENAAAAwqD3T20ON6AAAAAAAAAAAAAAAAAAAAAAAAAAAAAAAAAAAAAAAAAAAAAAAAAAAAAAAAAAAAAAAAAAAAAAAAAAAAAAAAAAAAAAAAAAAAAAAAAAAAAAAAAAAAAAAAAAAAAAAAAAAAAAAAAAAIAHA47LAAHp9LjEAAAAAElFTkSuQmCC\" src=\"https:\/\/www.ping.fm\/data-recovery-software\/wp-content\/uploads\/ai\/How-to-Retrieve-Deleted-Text-Messages-from-an-iPhone-Danish.jpg\" data-srcset=\"https:\/\/www.ping.fm\/data-recovery-software\/wp-content\/uploads\/ai\/How-to-Retrieve-Deleted-Text-Messages-from-an-iPhone-Danish.jpg\" data-lazy-type=\"image\" data-original=\"https:\/\/www.ping.fm\/data-recovery-software\/wp-content\/uploads\/ai\/How-to-Retrieve-Deleted-Text-Messages-from-an-iPhone-Danish.jpg\" alt=\"S\u00e5dan gendannes slettede sms-beskeder fra en iPhone\" title=\"S\u00e5dan gendannes slettede sms-beskeder fra en iPhone\" width=\"1280\" height=\"720\">              <\/p>\n<p>Har du nogensinde ved et uheld slettet en vigtig sms-besked fra din iPhone og \u00f8nsket, at du kunne gendanne den? Det er en situation, der kan for\u00e5rsage en del stress, is\u00e6r hvis beskeden indeholdt v\u00e6rdifulde oplysninger. Heldigvis er der flere metoder til at fors\u00f8ge at <b>gendanne<\/b> de mistede beskeder. Uanset om du bruger en iPhone 14, en \u00e6ldre model eller iOS&#8217;s seneste opdatering, kan gendannelse af slettede sms-beskeder v\u00e6re en ligetil proces\u2014hvis du handler hurtigt og f\u00f8lger de rigtige trin. I denne artikel vil jeg dele min personlige erfaring og guide dig gennem forskellige metoder til at <b>gendanne slettede sms-beskeder<\/b> fra en iPhone og hj\u00e6lpe med at sikre dig, at du er forberedt p\u00e5 en s\u00e5dan h\u00e6ndelse.<\/p>\n<\/div>\n<\/div>\n<\/section>\n<section>\n<div>\n<div>1<\/div>\n<h2>Almindelige scenarier:<\/h2>\n<\/div>\n<h3>Uheldig Swipe &#128561;<\/h3>\n<ul>\n<li><b>Tryk-og-hold<\/b> g\u00e5et galt: Nogle gange, mens du fors\u00f8ger at kopiere eller videresende en besked, kan et misplaceret tryk f\u00f8re til utilsigtet sletning.<\/li>\n<li>For ivrig <b>oprydning<\/b>: I jagten p\u00e5 at rydde op, kan du have slettet samtaler, som indeholdt beskeder, du ikke mente at miste.<\/li>\n<li>B\u00f8rn p\u00e5 din telefon: Hvis du nogensinde har givet din telefon til et barn til underholdning, har du sandsynligvis oplevet overraskelsen af manglende apps eller, i dette tilf\u00e6lde, <b>slettede sms-beskeder<\/b>.<\/li>\n<\/ul>\n<h3>Opdaterings Overload &#128260;<\/h3>\n<ul>\n<li>Softwarefejl: Efter opdatering rapporterer nogle brugere om manglende data, herunder <b>sms-beskeder<\/b>, p\u00e5 grund af potentielle system<b>fejl<\/b>.<\/li>\n<li>iOS <b>opdateringsfejl<\/b>: Nogle gange g\u00e5r en opdatering ikke som planlagt, hvilket resulterer i tabt data under processen.<\/li>\n<li>Fejlagtige <b>gendannelser<\/b>: Hvis du gendanner din iPhone fra en gammel backup, kan det resultere i, at nuv\u00e6rende beskeder overskrives af \u00e6ldre.<\/li>\n<\/ul>\n<h3>Tekniske problemer &#128736;<\/h3>\n<ul>\n<li>iPhone-fejlfunktion: Pludselige nedbrud eller hardwareproblemer kan f\u00f8re til uventet datatab, inklusive dine <b>beskeder<\/b>.<\/li>\n<li>Mislykkede jailbreak-fors\u00f8g: Selvom jailbreaking kan tilbyde mere kontrol over din enhed, indeb\u00e6rer det en risiko for datatab, hvis det g\u00f8res forkert.<\/li>\n<li>Vandskader: iPhones er kendt for deres modstandsdygtighed over for vand, men ulykker sker, og skader fra v\u00e6sker kan v\u00e6re en \u00e5rsag til <b>mistede sms-beskeder<\/b>.<\/li>\n<\/ul>\n<\/section>\n<section class=\"stepByStep\">\n<div>\n<div>2<\/div>\n<h2>Trin-for-trin-guide. Gendan Slettede Sms-beskeder iPhone:<\/h2>\n<\/div>\n<h3>Metode 1: iCloud-gendannelse &#128242;<\/h3>\n<ul>\n<li>P\u00e5 din iPhone, g\u00e5 til <strong><i>Indstillinger<\/i><\/strong> > tryk p\u00e5 dit <b>Apple ID-banner<\/b> i toppen > v\u00e6lg <i><b>iCloud<\/b><\/i> > Administrer lagring > <b>Backups<\/b>.<\/li>\n<li>Tjek om der er en backup, der er \u00e6ldre end sletningen af dine sms-beskeder.<\/li>\n<li>Hvis en passende backup er tilg\u00e6ngelig, g\u00e5 tilbage til hovedindstillings siden, tryk <i><b>Generelt<\/b><\/i> > rul ned og v\u00e6lg <b>Nulstil<\/b> > derefter v\u00e6lg <i><b>Slet alt indhold og indstillinger<\/b><\/i> for at fabriksnulstille din iPhone.<\/li>\n<li>Du skal indstille din iPhone igen, som om den var ny. N\u00e5r du n\u00e5r <b>Apps &#038; Data<\/b> sk\u00e6rmen, v\u00e6lg <i><b>Gendan fra iCloud Backup<\/b><\/i>, log ind p\u00e5 iCloud og v\u00e6lg den backup, som indeholder dine <b>slettede beskeder<\/b>.<\/li>\n<\/ul>\n<p><b>Bem\u00e6rk:<\/b> Denne proces vil overskrive de data, der i \u00f8jeblikket er p\u00e5 din enhed, med data fra backup&#8217;en. S\u00f8rg for, at du har sikkerhedskopieret eventuelle nylige data, du \u00f8nsker at beholde, f\u00f8r du forts\u00e6tter.<\/p>\n<p><b>Konklusion:<\/b> Hvis backup&#8217;en indeholder de sms-beskeder, du leder efter, b\u00f8r de nu v\u00e6re gendannet p\u00e5 din iPhone.<\/p>\n<h3>Metode 2: iTunes\/Finder-gendannelse &#128187;<\/h3>\n<ul>\n<li>Forbind din iPhone til din computer og \u00e5bn <i><b>iTunes<\/b><\/i> (p\u00e5 Windows eller \u00e6ldre macOS-versioner) eller <i><b>Finder<\/b><\/i> (p\u00e5 macOS Catalina eller senere).<\/li>\n<li>V\u00e6lg din iPhone, n\u00e5r den vises i iTunes eller Finder.<\/li>\n<li>Klik p\u00e5 <i>Gendan Backup<\/i> og v\u00e6lg den mest relevante backup baseret p\u00e5 dato og st\u00f8rrelse.<\/li>\n<li>Klik <b>Gendan<\/b> og vent p\u00e5, at processen er f\u00e6rdig, f\u00f8r du frakobler din telefon.<\/li>\n<\/ul>\n<p><b>Bem\u00e6rk:<\/b> Gendannelse fra iTunes eller Finder vil overskrive de eksisterende data p\u00e5 din iPhone, s\u00e5 s\u00f8rg for at sikkerhedskopiere alle nylige data, du har brug for at beholde.<\/p>\n<p><b>Konklusion:<\/b> Denne metode bringer hele indholdet af den valgte backup tilbage, inklusive <b>slettede sms-beskeder<\/b>, hvis de var en del af backup&#8217;en.<\/p>\n<h3>Metode 3: Brug af tredjeparts software &#128190;<\/h3>\n<ul>\n<li>Download og installer en p\u00e5lidelig tredjeparts softwareapplikation som <i><b>PhoneRescue<\/b><\/i> eller <i><b>Disk Drill<\/b><\/i>.<\/li>\n<li>Forbind din iPhone til din computer og start softwaren.<\/li>\n<li>V\u00e6lg muligheden for at <b>Gendanne fra iOS-enhed<\/b> og lad softwaren scanne din iPhone.<\/li>\n<li>Efter scanningen er komplet, gennemg\u00e5 de gendannede data for dine <b>slettede sms-beskeder<\/b> og v\u00e6lg dem til gendannelse.<\/li>\n<li>V\u00e6lg at gendanne beskederne til din iPhone eller til din computer, afh\u00e6ngigt af softwarens muligheder.<\/li>\n<\/ul>\n<p><b>Bem\u00e6rk:<\/b> Tredjeparts gendannelsesv\u00e6rkt\u00f8jer er ikke altid sucessfulde, is\u00e6r hvis dataene er blevet overskrevet. De kan ogs\u00e5 v\u00e6re kostbare.<\/p>\n<p><b>Konklusion:<\/b> Brug af tredjeparts gendannelsessoftware giver en potentiel l\u00f8sning, der ikke kr\u00e6ver en tidligere backup, men der er ingen garanti for succes.<\/p>\n<h3>Metode 4: Kontakt Din Udbyder &#128222;<\/h3>\n<ul>\n<li>Kontakt din mobiludbyder for at h\u00f8re, om de opbevarer en kopi af dine sms-beskeder.<\/li>\n<li>Hvis det er tilg\u00e6ngeligt, f\u00f8lg deres proces for at anmode om adgang. Dette kan involvere at logge ind p\u00e5 din <i><b>online-konto<\/b><\/i> portal eller indsende en formel anmodning.<\/li>\n<\/ul>\n<p><b>Bem\u00e6rk:<\/b> De fleste udbydere opbevarer ikke indholdet af sms-beskeder og opbevarer typisk metadata som dato, tid og modtagernumre.<\/p>\n<p><b>Konklusion:<\/b> Selvom det er et langskud, kan det at tjekke med din udbyder give en m\u00e5de at gendanne dine <b>slettede beskeder<\/b> p\u00e5, is\u00e6r hvis de vedr\u00f8rer juridiske eller forretningsm\u00e6ssige anliggender.<\/p>\n<h3>Metode 5: Tjek Andre Enheder &#128421;<\/h3>\n<ul>\n<li>Hvis du har andre Apple-enheder logget ind med den samme <i><b>iCloud-konto<\/b><\/i>, \u00e5bn Messages-appen p\u00e5 disse enheder for at se, om de <b>slettede beskeder<\/b> stadig er der.<\/li>\n<li>Hvis fundet, kan du e-maile teksten eller tage sk\u00e6rmbilleder som en m\u00e5de at <b>bevare<\/b> oplysningerne.<\/li>\n<\/ul>\n<p><b>Bem\u00e6rk:<\/b> Denne metode virker kun, hvis beskederne ikke er blevet slettet fra de andre enheder, og at dine beskeder er indstillet til at synkronisere p\u00e5 tv\u00e6rs af dine enheder.<\/p>\n<p><b>Konklusion:<\/b> Denne uforpligtende metode kan redde dine slettede beskeder, hvis de stadig er til stede p\u00e5 andre enheder i Apple-\u00f8kosystemet.<\/p>\n<\/section>\n<section>\n<div>\n<div>3<\/div>\n<h2>Youtube video at se<\/h2>\n<\/div>\n<div class=\"iframe\"><span class=\"lazyload\" data-original_content=\"PGlmcmFtZSB3aWR0aD0iNDIwIiBoZWlnaHQ9IjMxNSIgc3JjPSIvL3d3dy55b3V0dWJlLmNvbS9lbWJlZC84WF80bHdPMUZjMCIgZnJhbWVib3JkZXI9IjAiIGFsbG93ZnVsbHNjcmVlbj48L2lmcmFtZT4=\"><\/span><\/div>\n<\/section>\n<p>&#13; <\/p>\n<section>\n<div>\n<div>4<\/div>\n<h2>Forholdsregler og Tips:<\/h2>\n<\/div>\n<h3>At beskytte dine data &#128737;<\/h3>\n<ul>\n<li>Tag regelm\u00e6ssigt backup af din iPhone til <b>iCloud<\/b> eller din computer for at bevare dine beskeder og andre data.<\/li>\n<li>Aktiver <b>iMessage-synkronisering<\/b> p\u00e5 tv\u00e6rs af dine Apple-enheder for at holde alle beskeder opdaterede og tilg\u00e6ngelige fra flere enheder.<\/li>\n<li>Gennemg\u00e5 dine beskedvaner og <b>gem<\/b> eller arkiver regelm\u00e6ssigt vigtige oplysninger uden for dine tekstbeskeder.<\/li>\n<\/ul>\n<h3>Cybersikkerhedstiltag &#128274;<\/h3>\n<ul>\n<li>V\u00e6r forsigtig, n\u00e5r du bruger tredjeparts gendannelsesv\u00e6rkt\u00f8jer. V\u00e6lg altid software med et godt omd\u00f8mme og l\u00e6s anmeldelser fra andre brugere.<\/li>\n<li>Overvej at bruge ende-til-ende krypterede messaging-apps til f\u00f8lsom kommunikation for at sikre bedre sikkerhed og privatliv.<\/li>\n<li>Hold dit iPhones operativsystem opdateret for at beskytte mod s\u00e5rbarheder, der kan f\u00f8re til datatab.<\/li>\n<\/ul>\n<\/section>\n<p>&#13; <\/p>\n<section>\n<div>\n<div>5<\/div>\n<h2>Genfinding af beskeder<\/h2>\n<\/div>\n<p>I den digitale tidsalder indeholder vores tekstbeskeder ofte en skattekiste af essentiel kommunikation, personlige minder og nogle gange kritiske beviser til retssager. At miste disse beskeder kan v\u00e6re bekymrende, men alt h\u00e5b er ikke ude. Udover de tidligere n\u00e6vnte metoder, er det nyttigt at huske p\u00e5 andre foranstaltninger og v\u00e6rkt\u00f8jer, som kan assistere i datagendannelse. For eksempel ved at tjekke for eksisterende <b>beskedtr\u00e5de<\/b> i e-mailkonti, hvor du muligvis har videresendt vigtige tekster, eller ved at bruge cloud-lagringsmuligheder som <i><b>Dropbox<\/b><\/i> eller <i><b>Google Drev<\/b><\/i>, hvor du kan have gemt backupper af dine data.<\/p>\n<p>Du undrer dig m\u00e5ske over chancerne for succesfuldt at hente slettede tekstbeskeder. Sandsynlighederne er bedst, hvis sletningen skete for nylig, og du ikke har brugt din iPhone omfattende siden da. Dette skyldes, at nye data konstant bliver skrevet over de gamle, som potentielt g\u00f8r de slettede beskeder uoprettelige. N\u00f8glen er at handle hurtigt, n\u00e5r du bem\u00e6rker, at en besked mangler.<\/p>\n<p>Husk at v\u00e6re p\u00e5 forkant med dine data.<\/p>\n<\/section>\n<section>\n<h2>Konklusion:<\/h2>\n<div class=\"nonp\">\n<p>Som afslutning er det ikke ensbetydende med, at de er tabt for evigt, hvis du ved et uheld sletter tekstbeskeder fra din iPhone. Ved at f\u00f8lge de rigtige procedurer og bruge de metoder, der er beskrevet ovenfor, kan du ofte <b>gendanne tekstbeskeder<\/b>, som du troede var tabt. Det mest kritiske skridt mod gendannelse af data er dog at v\u00e6re forberedt: at tage regelm\u00e6ssige back-ups af din iPhone og forst\u00e5 gendannelsesprocesserne, f\u00f8r du har brug for at anvende dem. Og husk, n\u00e5r du er i tvivl, s\u00e5 konsulter en professionel eller unders\u00f8g, hvad din mobiludbyder m\u00e5ske tilbyder. Tabte beskeder kan bare v\u00e6re en lille forstyrrelse i dit digitale liv, ikke et punktum.<\/p>\n<\/div>\n<\/section>\n","protected":false},"excerpt":{"rendered":"<p>S\u00e5dan gendannes slettede sms-beskeder fra en iPhone Har du nogensinde ved et uheld slettet en vigtig sms-besked fra din iPhone og \u00f8nsket, at du kunne gendanne den? Det er en situation, der kan for\u00e5rsage en del stress, is\u00e6r hvis beskeden indeholdt v\u00e6rdifulde oplysninger. Heldigvis er der flere metoder til at fors\u00f8ge at gendanne de mistede [&hellip;]<\/p>\n","protected":false},"author":0,"featured_media":38977,"parent":0,"menu_order":0,"comment_status":"closed","ping_status":"closed","template":"chromecast.php","meta":{"_stopmodifiedupdate":false,"_modified_date":"","_lmt_disableupdate":"","_lmt_disable":""},"acf":[],"yoast_head":"<!-- This site is optimized with the Yoast SEO plugin v20.9 - https:\/\/yoast.com\/wordpress\/plugins\/seo\/ -->\n<title>S\u00e5dan gendanner du slettede sms&#039;er fra en iPhone [Vejledning]<\/title>\n<meta name=\"robots\" content=\"index, follow, max-snippet:-1, max-image-preview:large, max-video-preview:-1\" \/>\n<link rel=\"canonical\" href=\"https:\/\/datarecovery.ping.fm\/da\/retrieve-deleted-text-messages-iphone\/\" \/>\n<meta property=\"og:locale\" content=\"da_DK\" \/>\n<meta property=\"og:type\" content=\"article\" \/>\n<meta property=\"og:title\" content=\"S\u00e5dan gendanner du slettede sms&#039;er fra en iPhone [Vejledning]\" \/>\n<meta property=\"og:description\" content=\"S\u00e5dan gendannes slettede sms-beskeder fra en iPhone Har du nogensinde ved et uheld slettet en vigtig sms-besked fra din iPhone og \u00f8nsket, at du kunne gendanne den? Det er en situation, der kan for\u00e5rsage en del stress, is\u00e6r hvis beskeden indeholdt v\u00e6rdifulde oplysninger. Heldigvis er der flere metoder til at fors\u00f8ge at gendanne de mistede [&hellip;]\" \/>\n<meta property=\"og:url\" content=\"https:\/\/datarecovery.ping.fm\/da\/retrieve-deleted-text-messages-iphone\/\" \/>\n<meta property=\"og:site_name\" content=\"Data Recovery Software\" \/>\n<meta property=\"article:modified_time\" content=\"2024-04-09T14:05:49+00:00\" \/>\n<meta property=\"og:image\" content=\"https:\/\/datarecovery.ping.fm\/wp-content\/uploads\/2024\/04\/How-to-Retrieve-Deleted-Text-Messages-from-an-iPhone-Danish.jpg\" \/>\n\t<meta property=\"og:image:width\" content=\"1280\" \/>\n\t<meta property=\"og:image:height\" content=\"731\" \/>\n\t<meta property=\"og:image:type\" content=\"image\/jpeg\" \/>\n<meta name=\"twitter:card\" content=\"summary_large_image\" \/>\n<meta name=\"twitter:label1\" content=\"Est. reading time\" \/>\n\t<meta name=\"twitter:data1\" content=\"7 minutter\" \/>\n<script type=\"application\/ld+json\" class=\"yoast-schema-graph\">{\"@context\":\"https:\/\/schema.org\",\"@graph\":[{\"@type\":\"WebPage\",\"@id\":\"https:\/\/datarecovery.ping.fm\/da\/retrieve-deleted-text-messages-iphone\/\",\"url\":\"https:\/\/datarecovery.ping.fm\/da\/retrieve-deleted-text-messages-iphone\/\",\"name\":\"S\u00e5dan gendanner du slettede sms'er fra en iPhone [Vejledning]\",\"isPartOf\":{\"@id\":\"https:\/\/datarecovery.ping.fm\/da\/#website\"},\"datePublished\":\"2024-01-23T07:50:14+00:00\",\"dateModified\":\"2024-04-09T14:05:49+00:00\",\"breadcrumb\":{\"@id\":\"https:\/\/datarecovery.ping.fm\/da\/retrieve-deleted-text-messages-iphone\/#breadcrumb\"},\"inLanguage\":\"da-DK\",\"potentialAction\":[{\"@type\":\"ReadAction\",\"target\":[\"https:\/\/datarecovery.ping.fm\/da\/retrieve-deleted-text-messages-iphone\/\"]}]},{\"@type\":\"BreadcrumbList\",\"@id\":\"https:\/\/datarecovery.ping.fm\/da\/retrieve-deleted-text-messages-iphone\/#breadcrumb\",\"itemListElement\":[{\"@type\":\"ListItem\",\"position\":1,\"name\":\"Home\",\"item\":\"https:\/\/datarecovery.ping.fm\/da\/\"},{\"@type\":\"ListItem\",\"position\":2,\"name\":\"S\u00e5dan gendannes slettede sms&#8217;er fra en iPhone\"}]},{\"@type\":\"WebSite\",\"@id\":\"https:\/\/datarecovery.ping.fm\/da\/#website\",\"url\":\"https:\/\/datarecovery.ping.fm\/da\/\",\"name\":\"Data Recovery Software\",\"description\":\"\",\"potentialAction\":[{\"@type\":\"SearchAction\",\"target\":{\"@type\":\"EntryPoint\",\"urlTemplate\":\"https:\/\/datarecovery.ping.fm\/da\/?s={search_term_string}\"},\"query-input\":\"required name=search_term_string\"}],\"inLanguage\":\"da-DK\"}]}<\/script>\n<!-- \/ Yoast SEO plugin. -->","yoast_head_json":{"title":"S\u00e5dan gendanner du slettede sms'er fra en iPhone [Vejledning]","robots":{"index":"index","follow":"follow","max-snippet":"max-snippet:-1","max-image-preview":"max-image-preview:large","max-video-preview":"max-video-preview:-1"},"canonical":"https:\/\/datarecovery.ping.fm\/da\/retrieve-deleted-text-messages-iphone\/","og_locale":"da_DK","og_type":"article","og_title":"S\u00e5dan gendanner du slettede sms'er fra en iPhone [Vejledning]","og_description":"S\u00e5dan gendannes slettede sms-beskeder fra en iPhone Har du nogensinde ved et uheld slettet en vigtig sms-besked fra din iPhone og \u00f8nsket, at du kunne gendanne den? Det er en situation, der kan for\u00e5rsage en del stress, is\u00e6r hvis beskeden indeholdt v\u00e6rdifulde oplysninger. Heldigvis er der flere metoder til at fors\u00f8ge at gendanne de mistede [&hellip;]","og_url":"https:\/\/datarecovery.ping.fm\/da\/retrieve-deleted-text-messages-iphone\/","og_site_name":"Data Recovery Software","article_modified_time":"2024-04-09T14:05:49+00:00","og_image":[{"width":1280,"height":731,"url":"https:\/\/datarecovery.ping.fm\/wp-content\/uploads\/2024\/04\/How-to-Retrieve-Deleted-Text-Messages-from-an-iPhone-Danish.jpg","type":"image\/jpeg"}],"twitter_card":"summary_large_image","twitter_misc":{"Est. reading time":"7 minutter"},"schema":{"@context":"https:\/\/schema.org","@graph":[{"@type":"WebPage","@id":"https:\/\/datarecovery.ping.fm\/da\/retrieve-deleted-text-messages-iphone\/","url":"https:\/\/datarecovery.ping.fm\/da\/retrieve-deleted-text-messages-iphone\/","name":"S\u00e5dan gendanner du slettede sms'er fra en iPhone [Vejledning]","isPartOf":{"@id":"https:\/\/datarecovery.ping.fm\/da\/#website"},"datePublished":"2024-01-23T07:50:14+00:00","dateModified":"2024-04-09T14:05:49+00:00","breadcrumb":{"@id":"https:\/\/datarecovery.ping.fm\/da\/retrieve-deleted-text-messages-iphone\/#breadcrumb"},"inLanguage":"da-DK","potentialAction":[{"@type":"ReadAction","target":["https:\/\/datarecovery.ping.fm\/da\/retrieve-deleted-text-messages-iphone\/"]}]},{"@type":"BreadcrumbList","@id":"https:\/\/datarecovery.ping.fm\/da\/retrieve-deleted-text-messages-iphone\/#breadcrumb","itemListElement":[{"@type":"ListItem","position":1,"name":"Home","item":"https:\/\/datarecovery.ping.fm\/da\/"},{"@type":"ListItem","position":2,"name":"S\u00e5dan gendannes slettede sms&#8217;er fra en iPhone"}]},{"@type":"WebSite","@id":"https:\/\/datarecovery.ping.fm\/da\/#website","url":"https:\/\/datarecovery.ping.fm\/da\/","name":"Data Recovery Software","description":"","potentialAction":[{"@type":"SearchAction","target":{"@type":"EntryPoint","urlTemplate":"https:\/\/datarecovery.ping.fm\/da\/?s={search_term_string}"},"query-input":"required name=search_term_string"}],"inLanguage":"da-DK"}]}},"_links":{"self":[{"href":"https:\/\/datarecovery.ping.fm\/da\/wp-json\/wp\/v2\/pages\/38976"}],"collection":[{"href":"https:\/\/datarecovery.ping.fm\/da\/wp-json\/wp\/v2\/pages"}],"about":[{"href":"https:\/\/datarecovery.ping.fm\/da\/wp-json\/wp\/v2\/types\/page"}],"replies":[{"embeddable":true,"href":"https:\/\/datarecovery.ping.fm\/da\/wp-json\/wp\/v2\/comments?post=38976"}],"version-history":[{"count":0,"href":"https:\/\/datarecovery.ping.fm\/da\/wp-json\/wp\/v2\/pages\/38976\/revisions"}],"wp:featuredmedia":[{"embeddable":true,"href":"https:\/\/datarecovery.ping.fm\/da\/wp-json\/wp\/v2\/media\/38977"}],"wp:attachment":[{"href":"https:\/\/datarecovery.ping.fm\/da\/wp-json\/wp\/v2\/media?parent=38976"}],"curies":[{"name":"wp","href":"https:\/\/api.w.org\/{rel}","templated":true}]}}