{"id":38690,"date":"2024-01-22T21:44:04","date_gmt":"2024-01-22T21:44:04","guid":{"rendered":"https:\/\/www.ping.fm\/data-recovery-software\/best-iphone-cleaners\/"},"modified":"2024-03-29T10:41:57","modified_gmt":"2024-03-29T10:41:57","slug":"best-iphone-cleaners","status":"publish","type":"page","link":"https:\/\/datarecovery.ping.fm\/da\/best-iphone-cleaners\/","title":{"rendered":"iPhone Reng\u00f8ringsapps Udv\u00e6lgelse"},"content":{"rendered":"<section>\n<h1>Bedste iPhone-rensningsapps<\/h1>\n<div class=\"inbrief\">\n<div>                     <img src=\"https:\/\/www.ping.fm\/data-recovery-software\/wp-content\/uploads\/ai\/FREE-iPhone-Cleaner-Apps-Danish.jpg\" alt=\"GRATIS iPhone-rensningsapps\" title=\"GRATIS iPhone-rensningsapps\" width=\"1280\" height=\"720\">                     <\/p>\n<p>Som en hengiven iPhone-bruger er det vigtigt for mig, at min enhed har tilstr\u00e6kkeligt med lagerplads og k\u00f8rer effektivt. For at g\u00f8re dette til virkelighed har jeg personligt udforsket forskellige <b>gratis iPhone-rensningsapps<\/b>, der h\u00e6vder at rydde op i min enhed og forbedre dens ydeevne. I denne s\u00f8gen har jeg testet en r\u00e6kke v\u00e6rkt\u00f8jer, inklusiv <a href='https:\/\/apps.apple.com\/us\/app\/cleaner-kit-clean-up-storage\/id1194582243' rel=\"nofollow noopener\" target='_blank'>Cleaner Kit<\/a>, <a href='https:\/\/apps.apple.com\/us\/app\/cleaner-guru-cleaning-app\/id1476380919' rel=\"nofollow noopener\" target='_blank'>Cleaner Guru<\/a>, <a href='https:\/\/apps.apple.com\/us\/app\/cleanup-phone-storage-cleaner\/id1510944943' rel=\"nofollow noopener\" target='_blank'>Cleanup: Phone Storage Cleaner<\/a>, og <a href='https:\/\/apps.apple.com\/ie\/app\/cleanmy-phone-careful-cleaner\/id1277110040' rel=\"nofollow noopener\" target='_blank'>CleanMy<\/a>. F\u00f8lg med mens jeg deler personlige indsigter om hver apps ydeevne, fordele og ulemper, uden brug af promoverende sprog.<\/p>\n<\/div>\n<\/div>\n<\/section>\n<section>\n<div class=\"medal\">\n<div>&#129351;<\/div>\n<\/div>\n<h2><a href='https:\/\/apps.apple.com\/us\/app\/cleaner-kit-clean-up-storage\/id1194582243' rel=\"nofollow noopener\" target='_blank'>Cleaner Kit: Ryd op i lager<\/a><\/h2>\n<p><img src=\"https:\/\/www.ping.fm\/data-recovery-software\/wp-content\/uploads\/ai\/https---apps-apple-com-us-app-cleaner-kit-clean-up-storage-id1194582243Danish.jpg\"><\/p>\n<p>Appen <b>Cleaner Kit<\/b> lover en grundig oprydning af din iPhones lagerplads. Med sit brugervenlige interface sigter den efter at g\u00f8re processen med at slette overskydende filer og rydde caches,<\/p>\n<p><a href='https:\/\/apps.apple.com\/us\/app\/cleaner-kit-clean-up-storage\/id1194582243' rel=\"nofollow noopener\" target='_blank' class='ofWSite'>Officiel hjemmeside<\/a><\/p>\n<h3 class='prosTitle'>Fordele<\/h3>\n<ul class='listpc pros'>\n<li>Intuitivt brugerinterface<\/li>\n<li>Effektiv fjernelse af u\u00f8nskede filer<\/li>\n<\/ul>\n<h3 class='consTitle'>Ulemper<\/h3>\n<ul class='listpc cons'>\n<li>Begr\u00e6nset funktionalitet i den gratis version<\/li>\n<li>Potential for at slette vigtige data, hvis man ikke er forsigtig<\/li>\n<\/ul>\n<\/section>\n<section>\n<div class=\"medal\">\n<div>&#129352;<\/div>\n<\/div>\n<h2><a href='https:\/\/apps.apple.com\/us\/app\/cleaner-guru-cleaning-app\/id1476380919' rel=\"nofollow noopener\" target='_blank'>Cleaner Guru: Rensningsapp<\/a><\/h2>\n<p><img src=\"https:\/\/www.ping.fm\/data-recovery-software\/wp-content\/uploads\/ai\/https---apps-apple-com-us-app-cleaner-guru-cleaning-app-id1476380919Danish.jpg\"><\/p>\n<p><b>Cleaner Guru<\/b> positionerer sig som en smart l\u00f8sning til at rydde op i din iPhone. Den tilbyder en blanding af rensefunktioner, s\u00e5som identifikation af dobbelte billeder og sortering af store filer.<\/p>\n<p><a href='https:\/\/apps.apple.com\/us\/app\/cleaner-guru-cleaning-app\/id1476380919' rel=\"nofollow noopener\" target='_blank' class='ofWSite'>Officiel hjemmeside<\/a><\/p>\n<h3 class='prosTitle'>Fordele<\/h3>\n<ul class='listpc pros'>\n<li>Detektion af dubletter og store filer<\/li>\n<li>Enkel kategorisering af filer<\/li>\n<\/ul>\n<h3 class='consTitle'>Ulemper<\/h3>\n<ul class='listpc cons'>\n<li>Kan lejlighedsvist opdage ikke-dubletter som dubletter<\/li>\n<li>Reklamer i den gratis version kan v\u00e6re p\u00e5tr\u00e6ngende<\/li>\n<\/ul>\n<\/section>\n<section>\n<div class=\"medal\">\n<div>&#129353;<\/div>\n<\/div>\n<h2><a href='https:\/\/apps.apple.com\/us\/app\/cleanup-phone-storage-cleaner\/id1510944943' rel=\"nofollow noopener\" target='_blank'>Cleanup: Phone Storage Cleaner<\/a><\/h2>\n<p><img src=\"https:\/\/www.ping.fm\/data-recovery-software\/wp-content\/uploads\/ai\/https---apps-apple-com-us-app-cleanup-phone-storage-cleaner-id1510944943Danish.jpg\"><\/p>\n<p>Med fokus p\u00e5 enkelthed og effektivitet fungerer <b>Cleanup: Phone Storage Cleaner<\/b> som et v\u00e6rkt\u00f8j til hurtigt at fjerne un\u00f8dvendige data, herunder midlertidige filer, og organiserer dit fotobibliotek ved at fjerne overfl\u00f8dige billeder.<\/p>\n<p><a href='https:\/\/apps.apple.com\/us\/app\/cleanup-phone-storage-cleaner\/id1510944943' rel=\"nofollow noopener\" target='_blank' class='ofWSite'>Officiel hjemmeside<\/a><\/p>\n<h3 class='prosTitle'>Fordele<\/h3>\n<ul class='listpc pros'>\n<li>Str\u00f8mlinet fotorensning<\/li>\n<li>Brugercentreret interface<\/li>\n<\/ul>\n<h3 class='consTitle'>Ulemper<\/h3>\n<ul class='listpc cons'>\n<li>Grundl\u00e6ggende funktioner i den gratis version<\/li>\n<li>Automatisk rensning kan fjerne \u00f8nskede filer<\/li>\n<\/ul>\n<\/section>\n<section>\n<div class=\"no-medal\">\n<div>4<\/div>\n<\/div>\n<h2><a href='https:\/\/apps.apple.com\/ie\/app\/cleanmy-phone-careful-cleaner\/id1277110040' rel=\"nofollow noopener\" target='_blank'>CleanMy: Careful Cleaner<\/a><\/h2>\n<p><img src=\"https:\/\/www.ping.fm\/data-recovery-software\/wp-content\/uploads\/ai\/https---apps-apple-com-ie-app-cleanmy-phone-careful-cleaner-id1277110040Danish.jpg\"><\/p>\n<p><b>CleanMy<\/b>-appen er en detaljeorienteret reng\u00f8ringsapp, som g\u00e5r ud over generiske reng\u00f8ringsopgaver. Den tilbyder n\u00f8je scanning af din enhed for at sikre, at intet un\u00f8dvendigt optager v\u00e6rdifuld lagringsplads.<\/p>\n<p><a href='https:\/\/apps.apple.com\/ie\/app\/cleanmy-phone-careful-cleaner\/id1277110040' rel=\"nofollow noopener\" target='_blank' class='ofWSite'>Officiel hjemmeside<\/a><\/p>\n<h3 class='prosTitle'>Fordele<\/h3>\n<ul class='listpc pros'>\n<li>Detaljeret scanning og reng\u00f8ring<\/li>\n<li>Nyttig kundesupport<\/li>\n<\/ul>\n<h3 class='consTitle'>Ulemper<\/h3>\n<ul class='listpc cons'>\n<li>Interfacet kan v\u00e6re overv\u00e6ldende for nye brugere<\/li>\n<li>Pr\u00f8veversionens begr\u00e6nsninger kan hindre fuld evaluering<\/li>\n<\/ul>\n<\/section>\n<section>\n<h2>Youtube-video til at se<\/h2>\n<div class=\"nonp iframe\"><iframe width=\"420\" height=\"315\" src=\"\/\/www.youtube.com\/embed\/iLmIRZypAIs\" frameborder=\"0\" allowfullscreen><\/iframe><\/div>\n<\/section>\n<section>\n<h2>Konklusion:<\/h2>\n<div class=\"nonp\">At vedligeholde dit iPhones helbred handler ikke kun om at rydde op i plads; det handler om at adoptere en omfattende tilgang til enhedsstyring. Regelm\u00e6ssige opdateringer, opm\u00e6rksomme appinstallationer og forsigtigt databrug kan forebygge rod fra starten. For yderligere l\u00e6sning om vedligeholdelse af iPhone, bes\u00f8g den <a href='https:\/\/support.apple.com\/en-us\/HT201232' rel=\"nofollow noopener\" target='_blank'>officielle Apple supportside<\/a> eller tjek tekniske fora som <a href='https:\/\/discussions.apple.com\/welcome' rel=\"nofollow noopener\" target='_blank'>Apple Discussions<\/a>, hvor du kan udveksle tips med andre brugere.<\/div>\n<\/section>\n","protected":false},"excerpt":{"rendered":"<p>Bedste iPhone-rensningsapps Som en hengiven iPhone-bruger er det vigtigt for mig, at min enhed har tilstr\u00e6kkeligt med lagerplads og k\u00f8rer effektivt. For at g\u00f8re dette til virkelighed har jeg personligt udforsket forskellige gratis iPhone-rensningsapps, der h\u00e6vder at rydde op i min enhed og forbedre dens ydeevne. I denne s\u00f8gen har jeg testet en r\u00e6kke v\u00e6rkt\u00f8jer, [&hellip;]<\/p>\n","protected":false},"author":0,"featured_media":0,"parent":0,"menu_order":0,"comment_status":"closed","ping_status":"closed","template":"chromecast.php","meta":{"_stopmodifiedupdate":false,"_modified_date":"","_lmt_disableupdate":"yes","_lmt_disable":""},"acf":[],"yoast_head":"<!-- This site is optimized with the Yoast SEO plugin v20.9 - https:\/\/yoast.com\/wordpress\/plugins\/seo\/ -->\n<title>2024 gratis iPhone-rensningsapps. Fordele og ulemper<\/title>\n<meta name=\"robots\" content=\"index, follow, max-snippet:-1, max-image-preview:large, max-video-preview:-1\" \/>\n<link rel=\"canonical\" href=\"https:\/\/datarecovery.ping.fm\/da\/best-iphone-cleaners\/\" \/>\n<meta property=\"og:locale\" content=\"da_DK\" \/>\n<meta property=\"og:type\" content=\"article\" \/>\n<meta property=\"og:title\" content=\"2024 gratis iPhone-rensningsapps. Fordele og ulemper\" \/>\n<meta property=\"og:description\" content=\"Bedste iPhone-rensningsapps Som en hengiven iPhone-bruger er det vigtigt for mig, at min enhed har tilstr\u00e6kkeligt med lagerplads og k\u00f8rer effektivt. For at g\u00f8re dette til virkelighed har jeg personligt udforsket forskellige gratis iPhone-rensningsapps, der h\u00e6vder at rydde op i min enhed og forbedre dens ydeevne. I denne s\u00f8gen har jeg testet en r\u00e6kke v\u00e6rkt\u00f8jer, [&hellip;]\" \/>\n<meta property=\"og:url\" content=\"https:\/\/datarecovery.ping.fm\/da\/best-iphone-cleaners\/\" \/>\n<meta property=\"og:site_name\" content=\"Data Recovery Software\" \/>\n<meta property=\"article:modified_time\" content=\"2024-03-29T10:41:57+00:00\" \/>\n<meta property=\"og:image\" content=\"https:\/\/www.ping.fm\/data-recovery-software\/wp-content\/uploads\/ai\/FREE-iPhone-Cleaner-Apps-Danish.jpg\" \/>\n<meta name=\"twitter:card\" content=\"summary_large_image\" \/>\n<meta name=\"twitter:label1\" content=\"Est. reading time\" \/>\n\t<meta name=\"twitter:data1\" content=\"2 minutter\" \/>\n<script type=\"application\/ld+json\" class=\"yoast-schema-graph\">{\"@context\":\"https:\/\/schema.org\",\"@graph\":[{\"@type\":\"WebPage\",\"@id\":\"https:\/\/datarecovery.ping.fm\/da\/best-iphone-cleaners\/\",\"url\":\"https:\/\/datarecovery.ping.fm\/da\/best-iphone-cleaners\/\",\"name\":\"2024 gratis iPhone-rensningsapps. Fordele og ulemper\",\"isPartOf\":{\"@id\":\"https:\/\/datarecovery.ping.fm\/da\/#website\"},\"datePublished\":\"2024-01-22T21:44:04+00:00\",\"dateModified\":\"2024-03-29T10:41:57+00:00\",\"breadcrumb\":{\"@id\":\"https:\/\/datarecovery.ping.fm\/da\/best-iphone-cleaners\/#breadcrumb\"},\"inLanguage\":\"da-DK\",\"potentialAction\":[{\"@type\":\"ReadAction\",\"target\":[\"https:\/\/datarecovery.ping.fm\/da\/best-iphone-cleaners\/\"]}]},{\"@type\":\"BreadcrumbList\",\"@id\":\"https:\/\/datarecovery.ping.fm\/da\/best-iphone-cleaners\/#breadcrumb\",\"itemListElement\":[{\"@type\":\"ListItem\",\"position\":1,\"name\":\"Home\",\"item\":\"https:\/\/datarecovery.ping.fm\/da\/\"},{\"@type\":\"ListItem\",\"position\":2,\"name\":\"iPhone Reng\u00f8ringsapps Udv\u00e6lgelse\"}]},{\"@type\":\"WebSite\",\"@id\":\"https:\/\/datarecovery.ping.fm\/da\/#website\",\"url\":\"https:\/\/datarecovery.ping.fm\/da\/\",\"name\":\"Data Recovery Software\",\"description\":\"\",\"potentialAction\":[{\"@type\":\"SearchAction\",\"target\":{\"@type\":\"EntryPoint\",\"urlTemplate\":\"https:\/\/datarecovery.ping.fm\/da\/?s={search_term_string}\"},\"query-input\":\"required name=search_term_string\"}],\"inLanguage\":\"da-DK\"}]}<\/script>\n<!-- \/ Yoast SEO plugin. -->","yoast_head_json":{"title":"2024 gratis iPhone-rensningsapps. Fordele og ulemper","robots":{"index":"index","follow":"follow","max-snippet":"max-snippet:-1","max-image-preview":"max-image-preview:large","max-video-preview":"max-video-preview:-1"},"canonical":"https:\/\/datarecovery.ping.fm\/da\/best-iphone-cleaners\/","og_locale":"da_DK","og_type":"article","og_title":"2024 gratis iPhone-rensningsapps. Fordele og ulemper","og_description":"Bedste iPhone-rensningsapps Som en hengiven iPhone-bruger er det vigtigt for mig, at min enhed har tilstr\u00e6kkeligt med lagerplads og k\u00f8rer effektivt. For at g\u00f8re dette til virkelighed har jeg personligt udforsket forskellige gratis iPhone-rensningsapps, der h\u00e6vder at rydde op i min enhed og forbedre dens ydeevne. I denne s\u00f8gen har jeg testet en r\u00e6kke v\u00e6rkt\u00f8jer, [&hellip;]","og_url":"https:\/\/datarecovery.ping.fm\/da\/best-iphone-cleaners\/","og_site_name":"Data Recovery Software","article_modified_time":"2024-03-29T10:41:57+00:00","og_image":[{"url":"https:\/\/www.ping.fm\/data-recovery-software\/wp-content\/uploads\/ai\/FREE-iPhone-Cleaner-Apps-Danish.jpg"}],"twitter_card":"summary_large_image","twitter_misc":{"Est. reading time":"2 minutter"},"schema":{"@context":"https:\/\/schema.org","@graph":[{"@type":"WebPage","@id":"https:\/\/datarecovery.ping.fm\/da\/best-iphone-cleaners\/","url":"https:\/\/datarecovery.ping.fm\/da\/best-iphone-cleaners\/","name":"2024 gratis iPhone-rensningsapps. Fordele og ulemper","isPartOf":{"@id":"https:\/\/datarecovery.ping.fm\/da\/#website"},"datePublished":"2024-01-22T21:44:04+00:00","dateModified":"2024-03-29T10:41:57+00:00","breadcrumb":{"@id":"https:\/\/datarecovery.ping.fm\/da\/best-iphone-cleaners\/#breadcrumb"},"inLanguage":"da-DK","potentialAction":[{"@type":"ReadAction","target":["https:\/\/datarecovery.ping.fm\/da\/best-iphone-cleaners\/"]}]},{"@type":"BreadcrumbList","@id":"https:\/\/datarecovery.ping.fm\/da\/best-iphone-cleaners\/#breadcrumb","itemListElement":[{"@type":"ListItem","position":1,"name":"Home","item":"https:\/\/datarecovery.ping.fm\/da\/"},{"@type":"ListItem","position":2,"name":"iPhone Reng\u00f8ringsapps Udv\u00e6lgelse"}]},{"@type":"WebSite","@id":"https:\/\/datarecovery.ping.fm\/da\/#website","url":"https:\/\/datarecovery.ping.fm\/da\/","name":"Data Recovery Software","description":"","potentialAction":[{"@type":"SearchAction","target":{"@type":"EntryPoint","urlTemplate":"https:\/\/datarecovery.ping.fm\/da\/?s={search_term_string}"},"query-input":"required name=search_term_string"}],"inLanguage":"da-DK"}]}},"_links":{"self":[{"href":"https:\/\/datarecovery.ping.fm\/da\/wp-json\/wp\/v2\/pages\/38690"}],"collection":[{"href":"https:\/\/datarecovery.ping.fm\/da\/wp-json\/wp\/v2\/pages"}],"about":[{"href":"https:\/\/datarecovery.ping.fm\/da\/wp-json\/wp\/v2\/types\/page"}],"replies":[{"embeddable":true,"href":"https:\/\/datarecovery.ping.fm\/da\/wp-json\/wp\/v2\/comments?post=38690"}],"version-history":[{"count":0,"href":"https:\/\/datarecovery.ping.fm\/da\/wp-json\/wp\/v2\/pages\/38690\/revisions"}],"wp:attachment":[{"href":"https:\/\/datarecovery.ping.fm\/da\/wp-json\/wp\/v2\/media?parent=38690"}],"curies":[{"name":"wp","href":"https:\/\/api.w.org\/{rel}","templated":true}]}}