{"id":37241,"date":"2023-07-31T13:58:28","date_gmt":"2023-07-31T13:58:28","guid":{"rendered":"https:\/\/www.ping.fm\/data-recovery-software\/?page_id=37241"},"modified":"2024-03-27T16:20:25","modified_gmt":"2024-03-27T16:20:25","slug":"danish-homepage","status":"publish","type":"page","link":"https:\/\/datarecovery.ping.fm\/da\/","title":{"rendered":"Danish Homepage"},"content":{"rendered":"<section class=\"banner\">\n<div class=\"banner--img\">\n<div class=\"banner--inner\">\n<h1>Velkommen til Data Recovery hos <a href=\"https:\/\/www.ping.fm\/\" rel=\"dofollow\">Ping.fm<\/a><\/h1>\n<p>Her tester vi den bedste data recovery-software og giver dig optimale scenarier for at gendanne slettede filer og redde tabte data. Vi anmelder forskellige metoder og data recovery-tjenester samt giver de bedste YouTube-videoer til selvstudium.<\/p>\n<p>Desuden d\u00e6kker vi mere udfordrende tilf\u00e6lde af datagendannelse, s\u00e5som gendannelse af data p\u00e5 Android og genskabelse af slettede fotos p\u00e5 iPhones.<\/p>\n<\/div>\n<\/div>\n<\/section>\n","protected":false},"excerpt":{"rendered":"<p>Velkommen til Data Recovery hos Ping.fm Her tester vi den bedste data recovery-software og giver dig optimale scenarier for at gendanne slettede filer og redde tabte data. Vi anmelder forskellige metoder og data recovery-tjenester samt giver de bedste YouTube-videoer til selvstudium. Desuden d\u00e6kker vi mere udfordrende tilf\u00e6lde af datagendannelse, s\u00e5som gendannelse af data p\u00e5 Android [&hellip;]<\/p>\n","protected":false},"author":2,"featured_media":37243,"parent":0,"menu_order":0,"comment_status":"closed","ping_status":"closed","template":"homepage.php","meta":{"_stopmodifiedupdate":false,"_modified_date":"","_lmt_disableupdate":"yes","_lmt_disable":""},"acf":[],"yoast_head":"<!-- This site is optimized with the Yoast SEO plugin v20.9 - https:\/\/yoast.com\/wordpress\/plugins\/seo\/ -->\n<title>Bedste data recovery software, tips, vejledninger. april 2026<\/title>\n<meta name=\"description\" content=\"Opdag den ultimative destination for alle dine data gendannelsesbehov hos Data Recovery Hub! Vores hjemmeside gennemg\u00e5r n\u00f8je de nyeste apps designet til at gendanne tabte &amp; slettede data. \ud83d\udcf1\ud83d\udcbb Uanset om det drejer sig om slettede filer fra forskellige enheder eller komplekse datarekonstruktionsscenarier, har vi d\u00e6kket dig ind.\" \/>\n<meta name=\"robots\" content=\"index, follow, max-snippet:-1, max-image-preview:large, max-video-preview:-1\" \/>\n<link rel=\"canonical\" href=\"https:\/\/datarecovery.ping.fm\/da\/\" \/>\n<meta property=\"og:locale\" content=\"da_DK\" \/>\n<meta property=\"og:type\" content=\"article\" \/>\n<meta property=\"og:title\" content=\"Bedste data recovery software, tips, vejledninger. april 2026\" \/>\n<meta property=\"og:description\" content=\"Opdag den ultimative destination for alle dine data gendannelsesbehov hos Data Recovery Hub! Vores hjemmeside gennemg\u00e5r n\u00f8je de nyeste apps designet til at gendanne tabte &amp; slettede data. \ud83d\udcf1\ud83d\udcbb Uanset om det drejer sig om slettede filer fra forskellige enheder eller komplekse datarekonstruktionsscenarier, har vi d\u00e6kket dig ind.\" \/>\n<meta property=\"og:url\" content=\"https:\/\/datarecovery.ping.fm\/da\/\" \/>\n<meta property=\"og:site_name\" content=\"Data Recovery Software\" \/>\n<meta property=\"article:modified_time\" content=\"2024-03-27T16:20:25+00:00\" \/>\n<meta property=\"og:image\" content=\"https:\/\/datarecovery.ping.fm\/wp-content\/uploads\/2023\/11\/data-recovery-image.png\" \/>\n\t<meta property=\"og:image:width\" content=\"1024\" \/>\n\t<meta property=\"og:image:height\" content=\"1024\" \/>\n\t<meta property=\"og:image:type\" content=\"image\/png\" \/>\n<meta name=\"twitter:card\" content=\"summary_large_image\" \/>\n<script type=\"application\/ld+json\" class=\"yoast-schema-graph\">{\"@context\":\"https:\/\/schema.org\",\"@graph\":[{\"@type\":\"WebPage\",\"@id\":\"https:\/\/datarecovery.ping.fm\/da\/\",\"url\":\"https:\/\/datarecovery.ping.fm\/da\/\",\"name\":\"Bedste data recovery software, tips, vejledninger. april 2026\",\"isPartOf\":{\"@id\":\"https:\/\/datarecovery.ping.fm\/da\/#website\"},\"datePublished\":\"2023-07-31T13:58:28+00:00\",\"dateModified\":\"2024-03-27T16:20:25+00:00\",\"description\":\"Opdag den ultimative destination for alle dine data gendannelsesbehov hos Data Recovery Hub! Vores hjemmeside gennemg\u00e5r n\u00f8je de nyeste apps designet til at gendanne tabte & slettede data. \ud83d\udcf1\ud83d\udcbb Uanset om det drejer sig om slettede filer fra forskellige enheder eller komplekse datarekonstruktionsscenarier, har vi d\u00e6kket dig ind.\",\"breadcrumb\":{\"@id\":\"https:\/\/datarecovery.ping.fm\/da\/#breadcrumb\"},\"inLanguage\":\"da-DK\",\"potentialAction\":[{\"@type\":\"ReadAction\",\"target\":[\"https:\/\/datarecovery.ping.fm\/da\/\"]}]},{\"@type\":\"BreadcrumbList\",\"@id\":\"https:\/\/datarecovery.ping.fm\/da\/#breadcrumb\",\"itemListElement\":[{\"@type\":\"ListItem\",\"position\":1,\"name\":\"Home\",\"item\":\"https:\/\/datarecovery.ping.fm\/da\/\"},{\"@type\":\"ListItem\",\"position\":2,\"name\":\"Danish Homepage\"}]},{\"@type\":\"WebSite\",\"@id\":\"https:\/\/datarecovery.ping.fm\/da\/#website\",\"url\":\"https:\/\/datarecovery.ping.fm\/da\/\",\"name\":\"Data Recovery Software\",\"description\":\"\",\"potentialAction\":[{\"@type\":\"SearchAction\",\"target\":{\"@type\":\"EntryPoint\",\"urlTemplate\":\"https:\/\/datarecovery.ping.fm\/da\/?s={search_term_string}\"},\"query-input\":\"required name=search_term_string\"}],\"inLanguage\":\"da-DK\"}]}<\/script>\n<!-- \/ Yoast SEO plugin. -->","yoast_head_json":{"title":"Bedste data recovery software, tips, vejledninger. april 2026","description":"Opdag den ultimative destination for alle dine data gendannelsesbehov hos Data Recovery Hub! Vores hjemmeside gennemg\u00e5r n\u00f8je de nyeste apps designet til at gendanne tabte & slettede data. \ud83d\udcf1\ud83d\udcbb Uanset om det drejer sig om slettede filer fra forskellige enheder eller komplekse datarekonstruktionsscenarier, har vi d\u00e6kket dig ind.","robots":{"index":"index","follow":"follow","max-snippet":"max-snippet:-1","max-image-preview":"max-image-preview:large","max-video-preview":"max-video-preview:-1"},"canonical":"https:\/\/datarecovery.ping.fm\/da\/","og_locale":"da_DK","og_type":"article","og_title":"Bedste data recovery software, tips, vejledninger. april 2026","og_description":"Opdag den ultimative destination for alle dine data gendannelsesbehov hos Data Recovery Hub! Vores hjemmeside gennemg\u00e5r n\u00f8je de nyeste apps designet til at gendanne tabte & slettede data. \ud83d\udcf1\ud83d\udcbb Uanset om det drejer sig om slettede filer fra forskellige enheder eller komplekse datarekonstruktionsscenarier, har vi d\u00e6kket dig ind.","og_url":"https:\/\/datarecovery.ping.fm\/da\/","og_site_name":"Data Recovery Software","article_modified_time":"2024-03-27T16:20:25+00:00","og_image":[{"width":1024,"height":1024,"url":"https:\/\/datarecovery.ping.fm\/wp-content\/uploads\/2023\/11\/data-recovery-image.png","type":"image\/png"}],"twitter_card":"summary_large_image","schema":{"@context":"https:\/\/schema.org","@graph":[{"@type":"WebPage","@id":"https:\/\/datarecovery.ping.fm\/da\/","url":"https:\/\/datarecovery.ping.fm\/da\/","name":"Bedste data recovery software, tips, vejledninger. april 2026","isPartOf":{"@id":"https:\/\/datarecovery.ping.fm\/da\/#website"},"datePublished":"2023-07-31T13:58:28+00:00","dateModified":"2024-03-27T16:20:25+00:00","description":"Opdag den ultimative destination for alle dine data gendannelsesbehov hos Data Recovery Hub! Vores hjemmeside gennemg\u00e5r n\u00f8je de nyeste apps designet til at gendanne tabte & slettede data. \ud83d\udcf1\ud83d\udcbb Uanset om det drejer sig om slettede filer fra forskellige enheder eller komplekse datarekonstruktionsscenarier, har vi d\u00e6kket dig ind.","breadcrumb":{"@id":"https:\/\/datarecovery.ping.fm\/da\/#breadcrumb"},"inLanguage":"da-DK","potentialAction":[{"@type":"ReadAction","target":["https:\/\/datarecovery.ping.fm\/da\/"]}]},{"@type":"BreadcrumbList","@id":"https:\/\/datarecovery.ping.fm\/da\/#breadcrumb","itemListElement":[{"@type":"ListItem","position":1,"name":"Home","item":"https:\/\/datarecovery.ping.fm\/da\/"},{"@type":"ListItem","position":2,"name":"Danish Homepage"}]},{"@type":"WebSite","@id":"https:\/\/datarecovery.ping.fm\/da\/#website","url":"https:\/\/datarecovery.ping.fm\/da\/","name":"Data Recovery Software","description":"","potentialAction":[{"@type":"SearchAction","target":{"@type":"EntryPoint","urlTemplate":"https:\/\/datarecovery.ping.fm\/da\/?s={search_term_string}"},"query-input":"required name=search_term_string"}],"inLanguage":"da-DK"}]}},"_links":{"self":[{"href":"https:\/\/datarecovery.ping.fm\/da\/wp-json\/wp\/v2\/pages\/37241"}],"collection":[{"href":"https:\/\/datarecovery.ping.fm\/da\/wp-json\/wp\/v2\/pages"}],"about":[{"href":"https:\/\/datarecovery.ping.fm\/da\/wp-json\/wp\/v2\/types\/page"}],"author":[{"embeddable":true,"href":"https:\/\/datarecovery.ping.fm\/da\/wp-json\/wp\/v2\/users\/2"}],"replies":[{"embeddable":true,"href":"https:\/\/datarecovery.ping.fm\/da\/wp-json\/wp\/v2\/comments?post=37241"}],"version-history":[{"count":1,"href":"https:\/\/datarecovery.ping.fm\/da\/wp-json\/wp\/v2\/pages\/37241\/revisions"}],"predecessor-version":[{"id":37242,"href":"https:\/\/datarecovery.ping.fm\/da\/wp-json\/wp\/v2\/pages\/37241\/revisions\/37242"}],"wp:featuredmedia":[{"embeddable":true,"href":"https:\/\/datarecovery.ping.fm\/da\/wp-json\/wp\/v2\/media\/37243"}],"wp:attachment":[{"href":"https:\/\/datarecovery.ping.fm\/da\/wp-json\/wp\/v2\/media?parent=37241"}],"curies":[{"name":"wp","href":"https:\/\/api.w.org\/{rel}","templated":true}]}}